{"id":10,"date":"2018-09-12T11:34:29","date_gmt":"2018-09-12T14:34:29","guid":{"rendered":"http:\/\/mixbrasil.org.br\/22\/?page_id=10"},"modified":"2018-09-12T15:43:45","modified_gmt":"2018-09-12T18:43:45","slug":"quem-somos","status":"publish","type":"page","link":"https:\/\/old.mixbrasil.org.br\/22\/quem-somos\/","title":{"rendered":"Quem Somos"},"content":{"rendered":"<h1><strong>Cartas na Mesa<\/strong><\/h1>\n<p>Ainda faz sentido definir g\u00eaneros em um mundo onde a fronteira entre o masculino e o feminino est\u00e3o cada vez menos claras?<\/p>\n<p>Como compreender e dar visibilidade \u00e0 crescente multiplicidade de identidades sexuais?<\/p>\n<p>Qual deve ser a rela\u00e7\u00e3o do cinema e outras manifesta\u00e7\u00f5es art\u00edsticas com a diversidade sexual?<\/p>\n<blockquote><p>Desde sua g\u00eanese, no come\u00e7o dos anos 90, o Festival MixBrasil proporciona um momento de reflex\u00e3o sobre as mudan\u00e7as, avan\u00e7os e retrocessos que a humanidade tem experimentado na maneira de viver e assumir sua diversidade.<\/p><\/blockquote>\n<p>O crescimento da produ\u00e7\u00e3o nacional de longas j\u00e1 havia sido sinalizado na ent\u00e3o in\u00e9dita cifra do Festival, ano passado. Essa tend\u00eancia consolidou-se e, pela primeira vez, dez m\u00e9dias e longas selecionados disputar\u00e3o o Trof\u00e9u Coelho de Ouro para melhor M\u00e9dia\/Longa-Metragem Nacional.<\/p>\n<p>Assim, o Panorama Internacional passa a abrigar apenas filmes estrangeiros &#8211; e esse ano s\u00e3o 30 pa\u00edses presentes no MixBrasil.<\/p>\n<p>Para mostrar a for\u00e7a desta produ\u00e7\u00e3o LGBT, est\u00e3o na programa\u00e7\u00e3o deste ano tr\u00eas filmes assumid\u00edssimos que foram indicados para representar seus pa\u00edses (Brasil, Portugal e Canad\u00e1) no Oscar.<\/p>\n<p>Entre os programas de curtas internacionais, sele\u00e7\u00f5es cl\u00e1ssicas como &#8220;Sexy Boys&#8221; (em vers\u00e3o XXX), &#8220;Girls on Film&#8221;, &#8220;Heterodoxos&#8221; e &#8220;TransRevolu\u00e7\u00e3o&#8221;, novos temas serviram de am\u00e1lgama curatorial como &#8220;DR &#8211; Discutindo Rela\u00e7\u00f5es&#8221; (para nossa surpresa, apenas com filmes gays e nenhum l\u00e9sbico!) e &#8220;Barba Rija &amp; Outros Ursos&#8221; (para abrigar a enooorme quantidade de produ\u00e7\u00f5es ursinas). E filmes de onze estados brasileiros.<\/p>\n<p>O Dram\u00e1tica Em Cena, bra\u00e7o c\u00eanico do Festival, vem crescendo em representatividade a cada edi\u00e7\u00e3o e traz sucessos da temporada nos palcos como &#8220;Ou Voc\u00ea Poderia Me Beijar&#8221; e &#8220;Genet&#8221;, a estreia mundial de &#8220;A Geladeira&#8221; e um total de 16 espet\u00e1culos, performances e leituras que apontam novos caminhos do teatro nacional.<\/p>\n<blockquote><p>A atra\u00e7\u00e3o internacional \u00e9 o espet\u00e1culo de dan\u00e7a &#8220;Blood&#8221;, baseado na obra da dupla Gilbert and George, apresentado pela companhia inglesa Jean Abreu Dance.<\/p><\/blockquote>\n<p>Como sempre, honramos o passado para entender nossa hist\u00f3ria e como viemos parar aqui. A se\u00e7\u00e3o Pioneiros do Cinema Homoer\u00f3tico faz uma homenagem aos bravos artistas que moldaram os prim\u00f3rdios de uma est\u00e9tica gay, e relembramos os 20 anos de Go Fish (com direito \u00e0 presen\u00e7a cult da gat\u00edssima Guinevere Turner).<\/p>\n<p>Neste ano, a renova\u00e7\u00e3o da parceria com a Sabesp, a Secretaria de Cultura do Estado de S\u00e3o Paulo, a Prefeitura de S\u00e3o Paulo e o Sesc permitiram uma edi\u00e7\u00e3o mais completa e corajosa, que leva mais uma vez ao p\u00fablico paulista e de todas as cidades da itiner\u00e2ncia a mensagem da cultura da toler\u00e2ncia, da paz e do amor sem medo de ser feliz .<\/p>\n<p>Fa\u00e7am suas apostas.<\/p>\n<p><b>Jo\u00e3o Federici \/ Andr\u00e9 Fischer<br \/>\n<\/b><\/p>\n<hr \/>\n<p><b><br \/>\n<i>Ficha T\u00e9cnica<\/i><br \/>\n<\/b><\/p>\n<table style=\"width: 716px; height: 3036px; border-color: #cfcccc;\">\n<tbody>\n<tr>\n<td style=\"width: 348px; border-color: #bfbfbf;\"><b>DIRETOR ART\u00cdSTICO | ARTISTIC DIRECTOR<br \/>\n<\/b>JO\u00c3O FEDERICI<b>CODIRETOR | CODIRECTOR<br \/>\n<\/b>ANDR\u00c9 FISCHER<b>COMIT\u00ca DE SELE\u00c7\u00c3O DE FILMES | FILM SELECTION COMMITTEE<br \/>\n<\/b>ANDR\u00c9 FISCHER<br \/>\nBETH S\u00c1 FREIRE<br \/>\nJO\u00c3O FEDERICI<br \/>\nMARCIO MIRANDA PEREZ<b>COORDENA\u00c7\u00c3O DE PROGRAMA\u00c7\u00c3O DE FILMES | FILM PROGRAM COORDINATOR<br \/>\n<\/b>MARCIO MIRANDA PEREZ<b>COORDENA\u00c7\u00c3O DE PRODU\u00c7\u00c3O | PRODUCTION COORDINATOR<br \/>\n<\/b>JOSI GELLER<\/p>\n<p><b>PRODU\u00c7\u00c3O | PRODUCTION<br \/>\n<\/b>CLOVYS TORRES<br \/>\nTATIANE NUNES<\/p>\n<p><b>ASSISTENTE PRODU\u00c7\u00c3O | PRODUCTION ASSISTANT<br \/>\n<\/b>ADRIANO SANTOS<br \/>\nSAMARAH KOJIMA<\/p>\n<p><b>TROF\u00c9U COELHO DE PRATA E OURO | SILVER AND GOLD RABBIT TROPHY<br \/>\n<\/b>DUILIO FERRONATO<\/p>\n<p><b>DRAM\u00c1TICA EM CENA<br \/>\n<\/b>JO\u00c3O FEDERICI<\/p>\n<p><b>MESTRE DE CERIM\u00d4NIAS | HOSTESS<br \/>\n<\/b>FAB\u00cdULA NASCIMENTO<\/p>\n<p><b>SHOW DO GONGO | THE GONG SHOW\u2019S HOSTESS<br \/>\n<\/b>MARISA ORTH<\/p>\n<p><b>RECEP\u00c7\u00c3O | DOOR WOMAN<br \/>\n<\/b>RENATA BASTOS<\/p>\n<p><b>MIX MUSIC<br \/>\n<\/b>ANDR\u00c9 POMBA CAGNI<br \/>\nHANILTON SCOFIELD<\/p>\n<p><b>PRESTA\u00c7\u00c3O DE CONTAS | ACCOUNTABILITY<br \/>\n<\/b>JOSI GELLER<\/p>\n<p><b>GER\u00caNCIA DE ESPA\u00c7O CENTRO CULTURAL S\u00c3O PAULO | SPACE MANAGER CENTRO CULTURAL S\u00c3O PAULO<br \/>\n<\/b>CLOVYS TORRES<\/p>\n<p><b>EQUIPE CENTRO CULTURAL S\u00c3O PAULO | CENTRO CULTURAL S\u00c3O PAULO TEAM<br \/>\n<\/b><br \/>\nILUMINA\u00c7\u00c3O | LIGHTING DESIGN: LUIZ AUGUSTO, MARCOS GUISELINI, MARCO VASCONCELLOS, ROBSON SANTIAGO<br \/>\nSONOPLASTIA | SOUND DESIGN: RONIVALDO RIOS, VANDERLEI CONTE<br \/>\nTERCEIRIZADOS DE SOM | OUTSOURCED TEAM: JULIO CESAR CARNEIRO, MAURIZIO BARROS DA SILVA, MIGUEL PAULO NETO, VICTOR HUGO CARDOSO DOS SANTOS<br \/>\nPROJE\u00c7\u00c3O | PROJECTION: BENEDITO OSVALDO OLIVEIRA, ISRAEL FERREIRA, RAFAEL ALONSO, VALDECIR DE SOUZA<br \/>\nCENOT\u00c9CNICA | SCENE TECHNICIANS: DENIS CHIMANSKI, OSVALDO FERREIRA, RODRIGO CABRAL, TARCIO DOS SANTOS (M\u00c3OZINHA)<br \/>\nADM. DE SALAS | ROOM MANAGEMENT: AGNALDO PAVONI, CRISPIM DE OLIVEIRA, JOS\u00c9 MAUR\u00cdCIO LANZA, PAULO JORD\u00c3O<br \/>\nCOORDENADOR DE PALCOS | STAGE COORDINATOR: PAULO ALEXANDRE POMPEO (PEPE)<br \/>\nCOORDENADOR DE PRODU\u00c7\u00c3O | PRODUCTION COORDINATOR: ARTUR GOBBI<br \/>\nASSISTENTE DE PRODU\u00c7\u00c3O | PRODUCTION ASSISTANT: ADRIANO HAIM<br \/>\nESTAGI\u00c1RIO DE PRODU\u00c7\u00c3O | PRODUCTION TRAINEE: FERNANDO STELZER<br \/>\nCOORDENADOR DE AGENDA | SCHEDULE COORDINATOR: LUIZ CARLOS VITIELLO<\/p>\n<p><b>COORDENA\u00c7\u00c3O DE TRADU\u00c7\u00c3O E LEGENDAS | TRANSLATION AND SUBTITLES COORDINATION<br \/>\n<\/b>4 ESTA\u00c7\u00d5ES<\/p>\n<p><b>TRADUTORES E OPERADORES DE LEGENDAS | TRANSLATORS AND SUBTITLE OPERATORS<br \/>\n<\/b>ANNE FRYSZMAN<br \/>\nBRUNA PEIXOTO<br \/>\nCAROL MEDEIROS<br \/>\nC\u00c9SAR ALARC\u00d3N<br \/>\nCRIS SERRA<br \/>\nCYNTHIA SOIBELMAN<br \/>\nEDUARDO RIECHE<br \/>\nELEN CONTERATTO<br \/>\nFABIO PORTO<br \/>\nFERNANDA MARTINS<br \/>\nFL\u00c1VIO MAGALH\u00c3ES<br \/>\nHELENA PRATES<br \/>\nINDIRA VENTURA<br \/>\nISA CARVALHO<br \/>\nJO ZINELL<br \/>\nLEONARDO PEREIRA<br \/>\nMA\u00cdRA LOPES<br \/>\nNAIRA ASSIS<br \/>\nRENATA PENEDO<br \/>\nSANDRA JONES<br \/>\nVINICIUS REIS<br \/>\nVLADIMIR FREIRE<br \/>\nWALCI VASCONCELOS<\/p>\n<p><b>TR\u00c1FEGO E REVIS\u00c3O DE C\u00d3PIAS | COPIES TRAFFIC AND REVIEW<br \/>\n<\/b>CESAR RAMOS<br \/>\nGUSTAVO SANNA<br \/>\nPATRICIA MARA PENHA<br \/>\nT\u00c9CNICO DE PROJE\u00c7\u00c3O<br \/>\nTECHNICAL PROJECTION<br \/>\nBABI COSTA<\/td>\n<td style=\"width: 324px; background-color: #ebebeb;\"><b>COORDENA\u00c7\u00c3O DE RECEPTIVO | HOSPITALITY COORDINATOR<br \/>\n<\/b>IGOR COSTA<b>RECEPTIVO | HOSPITALITY STAFF<br \/>\n<\/b>GIANCARLO GOZZI<br \/>\nMARCELLO GIOVANNI POCAI STELLA<br \/>\nNATHALIA DE OLIVEIRA MAIA<b>COORDENA\u00c7\u00c3O DE MONITORIA | MONITORING COORDINATION<br \/>\n<\/b>FABIANA AMORIM<b>EQUIPE DE MONITORES | MONITORS TEAM<br \/>\n<\/b>ALEXANDRE AMORIM<br \/>\nEDUARDO CARTEN<br \/>\nEDUARDO D&#8217;LUCIA<br \/>\nFERNANDA GARCIA<br \/>\nGABI OTIMA<br \/>\nGABRIELA ALQUEZAR<br \/>\nLEONARDO SOBRAL<br \/>\nMARAIZA ADAMI<br \/>\nRENATA ALBERTON<br \/>\nRODRIGO JANINI<br \/>\nTHALES M<b>ASSESSORIA DE IMPRENSA | PUBLIC RELATIONS<br \/>\n<\/b>ATTI COMUNICA\u00c7\u00c3O E IDEIAS<br \/>\nELIZ FERREIRA E VALERIA BLANCO<\/p>\n<p><b>REDES SOCIAIS | SOCIAL MEDIA<br \/>\n<\/b>ADRIANO SANTOS<\/p>\n<p><b>FOTOS | PHOTOS<br \/>\n<\/b>JESSICA DALLA TORRE<\/p>\n<p><b>WEBSITE<\/b><br \/>\nRENATO VIVEIROS<\/p>\n<p><b>VIDEOCLIPES E MAKING OF | VIDEO CLIPS AND MAKING OF<br \/>\n<\/b>GERALDO ARCANJO<\/p>\n<p><b>CAMPANHA MIXBRASIL 2014 | MIXBRASIL 2014 CAMPAIGN<br \/>\n<\/b>AG\u00caNCIA NEOGAMA\/BBH<\/p>\n<p>REDA\u00c7\u00c3O | COPYWRITER: FABIO MOZELI<br \/>\nDIRE\u00c7\u00c3O DE ARTE | ART DIRECTOR: DANIEL MARTINS E GABRIEL MARCONDES<br \/>\nDIRE\u00c7\u00c3O DE CRIA\u00c7\u00c3O | CREATION DIRECTOR: ALEXANDRE GAMA E MARCIO RIBAS<br \/>\nDIRE\u00c7\u00c3O GERAL DE CRIA\u00c7\u00c3O | GENERAL CREATION DIRECTOR: ALEXANDRE GAMA<br \/>\nATENDIMENTO | SUPPORT: SILVIA TOMMASINI, MARIANA D\u2019APRILE, FELIPE SAKAI E GABRIEL MONTEIRO<br \/>\nPLANEJAMENTO | PLANNING: EDUARDO LORENZI<br \/>\nM\u00cdDIA | MEDIA: LUIZ GINI E GIULIANA CHEKIN<br \/>\nDIRE\u00c7\u00c3O DE PRODU\u00c7\u00c3O | PRODUCTION DIRECTOR: MARIAH BAYEUX<br \/>\nRTVC: PAULA ALIMONDA E GABRIELA BARONI<br \/>\nPRODUTORA | PRODUCER: HUNGY MAN<br \/>\nDIRE\u00c7\u00c3O | DIRECTOR: AMN\u00c9SIA + JO\u00c3O CAETANO FEYER<br \/>\nFOTOGRAFIA | PHOTOGRAPHY: FERNANDO YOUNG<br \/>\nDIRE\u00c7\u00c3O DE ARTE | ART DIRECTOR: PEDRO HENRIQUE RODRIGUES<br \/>\nPRODU\u00c7\u00c3O EXECUTIVA | EXECUTIVE PRODUCER: ALEX MEHEDFF E RODRIGO CASTELLO<br \/>\nATENDIMENTO PRODUTORA: RENATA DUMONT E MARIANA BARBIELLINI<br \/>\nPRODU\u00c7\u00c3O | PRODUCTION: EQUIPE HUNGRY MAN<br \/>\nMONTAGEM | MONTAGE: AMN\u00c9SIA<br \/>\nSUPERVIS\u00c3O DE P\u00d3S PRODU\u00c7\u00c3O | POST PRODUCTION SUPERVISOR: RODRIGO OLIVEIRA<br \/>\nP\u00d3S PRODU\u00c7\u00c3O | POST PRODUCTION: EFECKTOR<br \/>\nCOLOR GRADING: PSYCO N&#8217;LOOK<br \/>\nPRODUTORA DE \u00c1UDIO | AUDIO PRODUCTION COMPANY: SAT\u00c9LITE \u00c1UDIO<br \/>\nMAESTRO \/ PRODUTOR | CONDUCTOR \/ PRODUCER: EQUIPE SAT\u00c9LITE<br \/>\nATENDIMENTO SOM | SOUND SUPPORT: FERNANDA COSTA E MARINA CASTILHO<\/p>\n<p><b>EDI\u00c7\u00c3O DE ARTE | ART EDITOR<br \/>\n<\/b>ZOOTZ COMUNICA\u00c7\u00c3O<\/p>\n<p><b>CAT\u00c1LOGO | CATALOGUE<br \/>\n<\/b><br \/>\n<b>PROJETO GR\u00c1FICO | GRAPHIC DESIGNER<br \/>\n<\/b>ZOOTZ COMUNICA\u00c7\u00c3O<\/p>\n<p><b>REDA\u00c7\u00c3O | COPYWRITERS<br \/>\n<\/b>ANDR\u00c9 FISCHER, JO\u00c3O FEDERICI, MARCIO MIRANDA PEREZ<\/p>\n<p><b>TRADU\u00c7\u00c3O E REVIS\u00c3O | TRANSLATOR AND COPYEDITOR<br \/>\n<\/b>ALINE NAOMI<\/p>\n<p><b>REALIZA\u00c7\u00c3O | REALIZATION<br \/>\n<\/b><br \/>\n<img loading=\"lazy\" decoding=\"async\" src=\"http:\/\/anteriores.mixbrasil.org.br\/2014\/images\/pa_03.gif\" alt=\"\" width=\"150\" height=\"76\" border=\"0\" \/><\/p>\n<p><b>PRESID\u00caNCIA | CHIEF OFFICER<br \/>\n<\/b>ANDR\u00c9 FISCHER<\/p>\n<p><b>VICE-PRESID\u00caNCIA | DEPUTY CHIEF OFFICER<br \/>\n<\/b>JO\u00c3O FEDERICI<\/p>\n<p><b>DIRETORIA | DIRECTORS<br \/>\n<\/b>THIAGO FERNANDES BRAZ<br \/>\nMARCO DONINI<\/p>\n<p><b>CONSELHO | COUNCIL BOARD<br \/>\n<\/b>ADRIANA RIGOLIN<br \/>\nFRANCISCO ZELESNIKAR<br \/>\nJOSELAINE FOGA\u00c7A<\/td>\n<\/tr>\n<\/tbody>\n<\/table>\n","protected":false},"excerpt":{"rendered":"<p>Cartas na Mesa Ainda faz sentido definir g\u00eaneros em um mundo onde a fronteira entre o masculino e o feminino est\u00e3o cada vez menos claras? Como compreender e dar visibilidade \u00e0 crescente multiplicidade de identidades sexuais? Qual deve ser a rela\u00e7\u00e3o do cinema e outras manifesta\u00e7\u00f5es art\u00edsticas com a diversidade sexual? Desde sua g\u00eanese, no &hellip;<\/p>\n","protected":false},"author":3,"featured_media":0,"parent":0,"menu_order":0,"comment_status":"closed","ping_status":"closed","template":"","meta":{"footnotes":""},"class_list":["post-10","page","type-page","status-publish","hentry"],"yoast_head":"<!-- This site is optimized with the Yoast SEO plugin v26.8 - https:\/\/yoast.com\/product\/yoast-seo-wordpress\/ -->\n<title>Quem Somos - 22\u00ba Festival Mix Brasil | 2014<\/title>\n<meta name=\"robots\" content=\"index, follow, max-snippet:-1, max-image-preview:large, max-video-preview:-1\" \/>\n<link rel=\"canonical\" href=\"https:\/\/old.mixbrasil.org.br\/22\/quem-somos\/\" \/>\n<meta property=\"og:locale\" content=\"pt_BR\" \/>\n<meta property=\"og:type\" content=\"article\" \/>\n<meta property=\"og:title\" content=\"Quem Somos - 22\u00ba Festival Mix Brasil | 2014\" \/>\n<meta property=\"og:description\" content=\"Cartas na Mesa Ainda faz sentido definir g\u00eaneros em um mundo onde a fronteira entre o masculino e o feminino est\u00e3o cada vez menos claras? Como compreender e dar visibilidade \u00e0 crescente multiplicidade de identidades sexuais? Qual deve ser a rela\u00e7\u00e3o do cinema e outras manifesta\u00e7\u00f5es art\u00edsticas com a diversidade sexual? Desde sua g\u00eanese, no &hellip;\" \/>\n<meta property=\"og:url\" content=\"https:\/\/old.mixbrasil.org.br\/22\/quem-somos\/\" \/>\n<meta property=\"og:site_name\" content=\"22\u00ba Festival Mix Brasil | 2014\" \/>\n<meta property=\"article:modified_time\" content=\"2018-09-12T18:43:45+00:00\" \/>\n<meta property=\"og:image\" content=\"http:\/\/anteriores.mixbrasil.org.br\/2014\/images\/pa_03.gif\" \/>\n<meta name=\"twitter:card\" content=\"summary_large_image\" \/>\n<meta name=\"twitter:label1\" content=\"Est. tempo de leitura\" \/>\n\t<meta name=\"twitter:data1\" content=\"6 minutos\" \/>\n<script type=\"application\/ld+json\" class=\"yoast-schema-graph\">{\"@context\":\"https:\/\/schema.org\",\"@graph\":[{\"@type\":\"WebPage\",\"@id\":\"https:\/\/old.mixbrasil.org.br\/22\/quem-somos\/\",\"url\":\"https:\/\/old.mixbrasil.org.br\/22\/quem-somos\/\",\"name\":\"Quem Somos - 22\u00ba Festival Mix Brasil | 2014\",\"isPartOf\":{\"@id\":\"https:\/\/old.mixbrasil.org.br\/22\/#website\"},\"primaryImageOfPage\":{\"@id\":\"https:\/\/old.mixbrasil.org.br\/22\/quem-somos\/#primaryimage\"},\"image\":{\"@id\":\"https:\/\/old.mixbrasil.org.br\/22\/quem-somos\/#primaryimage\"},\"thumbnailUrl\":\"http:\/\/anteriores.mixbrasil.org.br\/2014\/images\/pa_03.gif\",\"datePublished\":\"2018-09-12T14:34:29+00:00\",\"dateModified\":\"2018-09-12T18:43:45+00:00\",\"breadcrumb\":{\"@id\":\"https:\/\/old.mixbrasil.org.br\/22\/quem-somos\/#breadcrumb\"},\"inLanguage\":\"pt-BR\",\"potentialAction\":[{\"@type\":\"ReadAction\",\"target\":[\"https:\/\/old.mixbrasil.org.br\/22\/quem-somos\/\"]}]},{\"@type\":\"ImageObject\",\"inLanguage\":\"pt-BR\",\"@id\":\"https:\/\/old.mixbrasil.org.br\/22\/quem-somos\/#primaryimage\",\"url\":\"http:\/\/anteriores.mixbrasil.org.br\/2014\/images\/pa_03.gif\",\"contentUrl\":\"http:\/\/anteriores.mixbrasil.org.br\/2014\/images\/pa_03.gif\"},{\"@type\":\"BreadcrumbList\",\"@id\":\"https:\/\/old.mixbrasil.org.br\/22\/quem-somos\/#breadcrumb\",\"itemListElement\":[{\"@type\":\"ListItem\",\"position\":1,\"name\":\"In\u00edcio\",\"item\":\"https:\/\/old.mixbrasil.org.br\/22\/\"},{\"@type\":\"ListItem\",\"position\":2,\"name\":\"Quem Somos\"}]},{\"@type\":\"WebSite\",\"@id\":\"https:\/\/old.mixbrasil.org.br\/22\/#website\",\"url\":\"https:\/\/old.mixbrasil.org.br\/22\/\",\"name\":\"22\u00ba Festival Mix Brasil | 2014\",\"description\":\"O maior Festival LGBTQ da Am\u00e9rica Latina\",\"potentialAction\":[{\"@type\":\"SearchAction\",\"target\":{\"@type\":\"EntryPoint\",\"urlTemplate\":\"https:\/\/old.mixbrasil.org.br\/22\/?s={search_term_string}\"},\"query-input\":{\"@type\":\"PropertyValueSpecification\",\"valueRequired\":true,\"valueName\":\"search_term_string\"}}],\"inLanguage\":\"pt-BR\"}]}<\/script>\n<!-- \/ Yoast SEO plugin. -->","yoast_head_json":{"title":"Quem Somos - 22\u00ba Festival Mix Brasil | 2014","robots":{"index":"index","follow":"follow","max-snippet":"max-snippet:-1","max-image-preview":"max-image-preview:large","max-video-preview":"max-video-preview:-1"},"canonical":"https:\/\/old.mixbrasil.org.br\/22\/quem-somos\/","og_locale":"pt_BR","og_type":"article","og_title":"Quem Somos - 22\u00ba Festival Mix Brasil | 2014","og_description":"Cartas na Mesa Ainda faz sentido definir g\u00eaneros em um mundo onde a fronteira entre o masculino e o feminino est\u00e3o cada vez menos claras? Como compreender e dar visibilidade \u00e0 crescente multiplicidade de identidades sexuais? Qual deve ser a rela\u00e7\u00e3o do cinema e outras manifesta\u00e7\u00f5es art\u00edsticas com a diversidade sexual? Desde sua g\u00eanese, no &hellip;","og_url":"https:\/\/old.mixbrasil.org.br\/22\/quem-somos\/","og_site_name":"22\u00ba Festival Mix Brasil | 2014","article_modified_time":"2018-09-12T18:43:45+00:00","og_image":[{"url":"http:\/\/anteriores.mixbrasil.org.br\/2014\/images\/pa_03.gif","type":"","width":"","height":""}],"twitter_card":"summary_large_image","twitter_misc":{"Est. tempo de leitura":"6 minutos"},"schema":{"@context":"https:\/\/schema.org","@graph":[{"@type":"WebPage","@id":"https:\/\/old.mixbrasil.org.br\/22\/quem-somos\/","url":"https:\/\/old.mixbrasil.org.br\/22\/quem-somos\/","name":"Quem Somos - 22\u00ba Festival Mix Brasil | 2014","isPartOf":{"@id":"https:\/\/old.mixbrasil.org.br\/22\/#website"},"primaryImageOfPage":{"@id":"https:\/\/old.mixbrasil.org.br\/22\/quem-somos\/#primaryimage"},"image":{"@id":"https:\/\/old.mixbrasil.org.br\/22\/quem-somos\/#primaryimage"},"thumbnailUrl":"http:\/\/anteriores.mixbrasil.org.br\/2014\/images\/pa_03.gif","datePublished":"2018-09-12T14:34:29+00:00","dateModified":"2018-09-12T18:43:45+00:00","breadcrumb":{"@id":"https:\/\/old.mixbrasil.org.br\/22\/quem-somos\/#breadcrumb"},"inLanguage":"pt-BR","potentialAction":[{"@type":"ReadAction","target":["https:\/\/old.mixbrasil.org.br\/22\/quem-somos\/"]}]},{"@type":"ImageObject","inLanguage":"pt-BR","@id":"https:\/\/old.mixbrasil.org.br\/22\/quem-somos\/#primaryimage","url":"http:\/\/anteriores.mixbrasil.org.br\/2014\/images\/pa_03.gif","contentUrl":"http:\/\/anteriores.mixbrasil.org.br\/2014\/images\/pa_03.gif"},{"@type":"BreadcrumbList","@id":"https:\/\/old.mixbrasil.org.br\/22\/quem-somos\/#breadcrumb","itemListElement":[{"@type":"ListItem","position":1,"name":"In\u00edcio","item":"https:\/\/old.mixbrasil.org.br\/22\/"},{"@type":"ListItem","position":2,"name":"Quem Somos"}]},{"@type":"WebSite","@id":"https:\/\/old.mixbrasil.org.br\/22\/#website","url":"https:\/\/old.mixbrasil.org.br\/22\/","name":"22\u00ba Festival Mix Brasil | 2014","description":"O maior Festival LGBTQ da Am\u00e9rica Latina","potentialAction":[{"@type":"SearchAction","target":{"@type":"EntryPoint","urlTemplate":"https:\/\/old.mixbrasil.org.br\/22\/?s={search_term_string}"},"query-input":{"@type":"PropertyValueSpecification","valueRequired":true,"valueName":"search_term_string"}}],"inLanguage":"pt-BR"}]}},"_links":{"self":[{"href":"https:\/\/old.mixbrasil.org.br\/22\/wp-json\/wp\/v2\/pages\/10","targetHints":{"allow":["GET"]}}],"collection":[{"href":"https:\/\/old.mixbrasil.org.br\/22\/wp-json\/wp\/v2\/pages"}],"about":[{"href":"https:\/\/old.mixbrasil.org.br\/22\/wp-json\/wp\/v2\/types\/page"}],"author":[{"embeddable":true,"href":"https:\/\/old.mixbrasil.org.br\/22\/wp-json\/wp\/v2\/users\/3"}],"replies":[{"embeddable":true,"href":"https:\/\/old.mixbrasil.org.br\/22\/wp-json\/wp\/v2\/comments?post=10"}],"version-history":[{"count":9,"href":"https:\/\/old.mixbrasil.org.br\/22\/wp-json\/wp\/v2\/pages\/10\/revisions"}],"predecessor-version":[{"id":55,"href":"https:\/\/old.mixbrasil.org.br\/22\/wp-json\/wp\/v2\/pages\/10\/revisions\/55"}],"wp:attachment":[{"href":"https:\/\/old.mixbrasil.org.br\/22\/wp-json\/wp\/v2\/media?parent=10"}],"curies":[{"name":"wp","href":"https:\/\/api.w.org\/{rel}","templated":true}]}}