{"id":20,"date":"2018-09-12T13:25:55","date_gmt":"2018-09-12T16:25:55","guid":{"rendered":"http:\/\/mixbrasil.org.br\/22\/?page_id=20"},"modified":"2018-09-12T21:50:13","modified_gmt":"2018-09-13T00:50:13","slug":"juri","status":"publish","type":"page","link":"https:\/\/old.mixbrasil.org.br\/22\/juri\/","title":{"rendered":"J\u00fari"},"content":{"rendered":"<table style=\"width: 858.5px;\">\n<tbody>\n<tr>\n<td style=\"width: 413px;\">\n<table border=\"0\" cellspacing=\"0\" cellpadding=\"0\">\n<tbody>\n<tr>\n<td valign=\"top\" width=\"46%\"><img loading=\"lazy\" decoding=\"async\" src=\"http:\/\/anteriores.mixbrasil.org.br\/2014\/images\/juri\/guinevere.jpg\" alt=\"\" width=\"110\" height=\"110\" align=\"left\" border=\"0\" hspace=\"10\" vspace=\"5\" \/><strong><span class=\"men\">GUINEVERE TURNER<\/span>\u00a0<\/strong><br \/>\n<img loading=\"lazy\" decoding=\"async\" src=\"http:\/\/anteriores.mixbrasil.org.br\/2014\/images\/spacer.gif\" alt=\"\" width=\"1\" height=\"3\" border=\"0\" \/><br \/>\nEscritora, diretora e atriz que trabalha no cinema e na TV desde seu filme de estreia, de 1994, \u201cGo Fish &#8211; O Par Perfeito\u201d. Teve pap\u00e9is em \u201cThe Watermelon Woman\u201d, \u201cProcurando Amy\u201d, \u201cPsicopata Americano\u201d e \u201cTreasure Island\u201d. Ela se juntou ao diretor Mary Harron para escrever os filmes \u201cPsicopata Americano\u201d e \u201cThe Notorious Bettie Page\u201d. Foi autora e editora de \u201cThe L Word\u201d e interpretou uma personagem recorrente nessa s\u00e9rie. Escreveu e dirigiu cinco curtas-metragens, sendo que dois deles estrearam no Sundance Film Festival. Atualmente est\u00e1 trabalhando em um filme sobre Charles Manson, que ser\u00e1 dirigido por Jonas Akerlund.<\/td>\n<\/tr>\n<\/tbody>\n<\/table>\n<\/td>\n<td style=\"background-color: #f2f2f2; width: 46%;\">\n<table border=\"0\" cellspacing=\"0\" cellpadding=\"0\">\n<tbody>\n<tr>\n<td valign=\"top\" width=\"46%\"><img loading=\"lazy\" decoding=\"async\" src=\"http:\/\/anteriores.mixbrasil.org.br\/2014\/images\/juri\/bard.jpg\" alt=\"\" width=\"110\" height=\"110\" align=\"left\" border=\"0\" hspace=\"10\" vspace=\"5\" \/><strong><span class=\"men\">B\u00c5RD YD\u00c9N<\/span>\u00a0<\/strong><br \/>\n<img loading=\"lazy\" decoding=\"async\" src=\"http:\/\/anteriores.mixbrasil.org.br\/2014\/images\/spacer.gif\" alt=\"\" width=\"1\" height=\"3\" border=\"0\" \/><br \/>\nDiretor do festival e tamb\u00e9m diretor de programa\u00e7\u00e3o do Skeive Filmer Film Festival, em Oslo, agora em seu 25\u00ba ano. Uniu-se ao festival em 2003 e tem sido a for\u00e7a motriz desde 2007, colocando o festival no mapa entre alguns dos festivais de cinema de tem\u00e1tica LGBTQ mais renomados da atualidade. Foi membro de j\u00faris em v\u00e1rios festivais ao redor do mundo, \u00e9 curador para outros festivais e organiza\u00e7\u00f5es, e escreve sobre cinema e televis\u00e3o na revista LGBTQ &#8220;BLIKK&#8221; da Noruega. Ele \u00e9 bacharel em caligrafia pelo Instituto Roehampton, em Londres, mas sua paix\u00e3o \u00e9 o poder do cinema e da produ\u00e7\u00e3o de filmes, e v\u00ea a oportunidade de compartilhar hist\u00f3rias com um p\u00fablico mais amplo como um verdadeiro privil\u00e9gio. Quando n\u00e3o est\u00e1 ocupado com o festival ou com o trabalho free-lance, fuma um pouco, bebe um pouco e faz um pouco de ponto cruz. Seus prazeres com culpa incluem programas de TV como &#8220;The Golden Girls&#8221; e &#8220;Strangers with Candy&#8221;.<\/td>\n<\/tr>\n<\/tbody>\n<\/table>\n<\/td>\n<\/tr>\n<tr>\n<td style=\"width: 413px; background-color: #f2f2f2;\"><img loading=\"lazy\" decoding=\"async\" src=\"http:\/\/anteriores.mixbrasil.org.br\/2014\/images\/juri\/duda.jpg\" alt=\"\" width=\"110\" height=\"110\" align=\"left\" border=\"0\" hspace=\"10\" vspace=\"5\" \/><strong><span class=\"men\">DUDA LEITE<\/span>\u00a0<\/strong><br \/>\n<img loading=\"lazy\" decoding=\"async\" src=\"http:\/\/anteriores.mixbrasil.org.br\/2014\/images\/spacer.gif\" alt=\"\" width=\"1\" height=\"3\" border=\"0\" \/><br \/>\nCineasta, jornalista e curador, Duda Leite sempre esteve ligado a cultura pop e a produ\u00e7\u00e3o audiovisual. Em 1994 dirigiu seu primeiro curta \u201cSerial Clubber Killer\u201d, inspirado pelo cinema de John Waters e Russ Meyer, vencedor do pr\u00eamio de Melhor Curta Metragem na segunda edi\u00e7\u00e3o do Mix Brasil. Entre seus trabalhos como diretor est\u00e3o os curtas \u201cSelma &amp; Denise\u201d (1995), \u201cAfter the Fox\u201d (1999) e \u201cResmungo\u201d (2005). Em 2009, Duda lan\u00e7ou seu primeiro document\u00e1rio, \u201cTikimentary\u201d, sobre a comunidade underground norte-americana obcecada pela cultura \u201cTiki\u201d nos Estados Unidos e em 2010, seu primeiro longa-metragem, \u201cTikimentary \u2013 Em Busca do Para\u00edso Perdido\u201d, um mergulho ainda mais profundo nessa subcultura. Como jornalista, Duda colaborou com diversas revistas, como Playboy, Vogue, FFW MAG e Plastic Dreams.<\/td>\n<td style=\"width: 404.5px;\"><\/td>\n<\/tr>\n<\/tbody>\n<\/table>\n<p><strong>J\u00daRI COMPETITIVA BRASIL &#8211; M\u00c9DIAS E LONGAS<\/strong><\/p>\n<table style=\"width: 857px;\">\n<tbody>\n<tr style=\"height: 553px;\">\n<td style=\"width: 411.5px; height: 553px;\">\n<table border=\"0\" cellspacing=\"0\" cellpadding=\"0\">\n<tbody>\n<tr>\n<td valign=\"top\" width=\"46%\"><img loading=\"lazy\" decoding=\"async\" src=\"http:\/\/anteriores.mixbrasil.org.br\/2014\/images\/juri\/gilda.jpg\" alt=\"\" width=\"110\" height=\"110\" align=\"left\" border=\"0\" hspace=\"10\" vspace=\"5\" \/><strong><span class=\"men\">GILDA NOMACCE<\/span>\u00a0<\/strong><br \/>\n<img loading=\"lazy\" decoding=\"async\" src=\"http:\/\/anteriores.mixbrasil.org.br\/2014\/images\/spacer.gif\" alt=\"\" width=\"1\" height=\"3\" border=\"0\" \/><br \/>\nAtriz premiada no teatro e no cinema. No CPT(centro de pesquisa teatral) ficou 6 anos com Antunes Filho em sua pesquisa e atuou em pe\u00e7as como Fragmentos Troianos e Med\u00e9ia. Entre seus trabalhos no cinema est\u00e3o os longas-metragem Trabalhar Cansa, que estreou no Festival de Cannes em 2011, e pelo qual Gilda recebeu o pr\u00eamio de melhor atriz coadjuvante no Festival de Bras\u00edlia; Fucking Different S\u00e3o Paulo, que estreou no Festival de Berlim em 2010; Quando eu Era Vivo, exibido no Festival de Roma em 2014, Gata Velha Ainda Mia, 2014 e Aus\u00eancia, 2014. Na televis\u00e3o, Gilda trabalhou em s\u00e9ries de canais como HBO, Warner, GNT e TV Cultura. Ela \u00e9 s\u00f3cia-fundadora da Companhia da Mentira, que produziu, entre outras, a pe\u00e7a Music Hall, pela qual Gilda foi indicada ao pr\u00eamio Shell de melhor atriz em 2011. Em 2014, Gilda foi homenageada com uma retrospectiva de seu trabalho no Festival Curta Cinema.<\/td>\n<\/tr>\n<\/tbody>\n<\/table>\n<\/td>\n<td style=\"background-color: #f2f2f2; width: 46%;\">\n<table border=\"0\" cellspacing=\"0\" cellpadding=\"0\">\n<tbody>\n<tr>\n<td valign=\"top\" width=\"46%\"><img loading=\"lazy\" decoding=\"async\" src=\"http:\/\/anteriores.mixbrasil.org.br\/2014\/images\/juri\/andradina.jpg\" alt=\"\" width=\"110\" height=\"110\" align=\"left\" border=\"0\" hspace=\"10\" vspace=\"5\" \/><span class=\"men\">ANDRADINA AZEVEDO<\/span><br \/>\n<img loading=\"lazy\" decoding=\"async\" src=\"http:\/\/anteriores.mixbrasil.org.br\/2014\/images\/spacer.gif\" alt=\"\" width=\"1\" height=\"3\" border=\"0\" \/><br \/>\nCursou cinema em S\u00e3o Paulo entre 2005 e 2009. Na universidade, dirigiu, fotografou e montou alguns curtas-metragens. Em parceria com Dida Andrade, fundou a produtora Filmes da Lata e dirigiu os premiados curtas Para que n\u00e3o me ames (2008), O capit\u00e3o chamava Carlos (2010) e A triste hist\u00f3ria de Kid-Punhetinha (2012). O primeiro longa-metragem da dupla, A bruta flor do querer estreou no 41\u00ba Festival de Gramado, onde recebeu os pr\u00eamios de melhor dire\u00e7\u00e3o e melhor fotografia.<\/td>\n<\/tr>\n<\/tbody>\n<\/table>\n<\/td>\n<\/tr>\n<tr style=\"height: 440px;\">\n<td style=\"width: 411.5px; background-color: #f2f2f2; height: 440px;\"><img loading=\"lazy\" decoding=\"async\" src=\"http:\/\/anteriores.mixbrasil.org.br\/2014\/images\/juri\/milhem.jpg\" alt=\"\" width=\"110\" height=\"110\" align=\"left\" border=\"0\" hspace=\"10\" vspace=\"5\" \/><strong><span class=\"men\">MILHEM CORTAZ<\/span>\u00a0<\/strong><br \/>\n<img loading=\"lazy\" decoding=\"async\" src=\"http:\/\/anteriores.mixbrasil.org.br\/2014\/images\/spacer.gif\" alt=\"\" width=\"1\" height=\"3\" border=\"0\" \/><br \/>\nAtor paulistano, atua em cinema, televis\u00e3o e teatro. Come\u00e7ou em teatro, aos 11 anos de idade, levado pelo famoso ator Walmor Chagas. Morou na It\u00e1lia, onde estudou no &#8220;Piccolo Teatro de Milano&#8221; e fez teatro de rua, sob influ\u00eancia da &#8220;Commedie dell&#8217;Arte&#8221;. Retornou em 1990, passando a integrar o Centro de Pesquisa Teatral (CPT), quando ent\u00e3o trabalhou com os diretores Antunes Filho e Ulysses Cruz. No teatro, conquistou os pr\u00eamios APCA, Aptesp e Shell. Em cinema, Milhem Cortaz fez, entre outros filmes, &#8220;Carandiru&#8221;, &#8220;Nina&#8221;, &#8220;Tropa de Elite&#8221;, &#8220;Quer\u00f4&#8221;, &#8220;Se Nada Mais Der Certo&#8221;. Em televis\u00e3o, fez novelas e seriados, como &#8220;Cidade dos Homens&#8221;, &#8220;A Diarista&#8221;, &#8220;Carga Pesada&#8221;, &#8220;A Grande Fam\u00edlia&#8221;. Em 2007, Milhem Cortaz ganhou o pr\u00eamio Candango de melhor ator coadjuvante no Festival de Cinema de Bras\u00edlia, por &#8220;Meu Mundo em Perigo&#8221;.<\/td>\n<td style=\"width: 406.5px; height: 440px;\"><\/td>\n<\/tr>\n<\/tbody>\n<\/table>\n","protected":false},"excerpt":{"rendered":"<p>GUINEVERE TURNER\u00a0 Escritora, diretora e atriz que trabalha no cinema e na TV desde seu filme de estreia, de 1994, \u201cGo Fish &#8211; O Par Perfeito\u201d. Teve pap\u00e9is em \u201cThe Watermelon Woman\u201d, \u201cProcurando Amy\u201d, \u201cPsicopata Americano\u201d e \u201cTreasure Island\u201d. Ela se juntou ao diretor Mary Harron para escrever os filmes \u201cPsicopata Americano\u201d e \u201cThe Notorious &hellip;<\/p>\n","protected":false},"author":3,"featured_media":0,"parent":0,"menu_order":0,"comment_status":"closed","ping_status":"closed","template":"","meta":{"footnotes":""},"class_list":["post-20","page","type-page","status-publish","hentry"],"yoast_head":"<!-- This site is optimized with the Yoast SEO plugin v26.8 - https:\/\/yoast.com\/product\/yoast-seo-wordpress\/ -->\n<title>J\u00fari - 22\u00ba Festival Mix Brasil | 2014<\/title>\n<meta name=\"robots\" content=\"index, follow, max-snippet:-1, max-image-preview:large, max-video-preview:-1\" \/>\n<link rel=\"canonical\" href=\"https:\/\/old.mixbrasil.org.br\/22\/juri\/\" \/>\n<meta property=\"og:locale\" content=\"pt_BR\" \/>\n<meta property=\"og:type\" content=\"article\" \/>\n<meta property=\"og:title\" content=\"J\u00fari - 22\u00ba Festival Mix Brasil | 2014\" \/>\n<meta property=\"og:description\" content=\"GUINEVERE TURNER\u00a0 Escritora, diretora e atriz que trabalha no cinema e na TV desde seu filme de estreia, de 1994, \u201cGo Fish &#8211; O Par Perfeito\u201d. Teve pap\u00e9is em \u201cThe Watermelon Woman\u201d, \u201cProcurando Amy\u201d, \u201cPsicopata Americano\u201d e \u201cTreasure Island\u201d. Ela se juntou ao diretor Mary Harron para escrever os filmes \u201cPsicopata Americano\u201d e \u201cThe Notorious &hellip;\" \/>\n<meta property=\"og:url\" content=\"https:\/\/old.mixbrasil.org.br\/22\/juri\/\" \/>\n<meta property=\"og:site_name\" content=\"22\u00ba Festival Mix Brasil | 2014\" \/>\n<meta property=\"article:modified_time\" content=\"2018-09-13T00:50:13+00:00\" \/>\n<meta property=\"og:image\" content=\"http:\/\/anteriores.mixbrasil.org.br\/2014\/images\/juri\/guinevere.jpg\" \/>\n<meta name=\"twitter:card\" content=\"summary_large_image\" \/>\n<meta name=\"twitter:label1\" content=\"Est. tempo de leitura\" \/>\n\t<meta name=\"twitter:data1\" content=\"4 minutos\" \/>\n<script type=\"application\/ld+json\" class=\"yoast-schema-graph\">{\"@context\":\"https:\/\/schema.org\",\"@graph\":[{\"@type\":\"WebPage\",\"@id\":\"https:\/\/old.mixbrasil.org.br\/22\/juri\/\",\"url\":\"https:\/\/old.mixbrasil.org.br\/22\/juri\/\",\"name\":\"J\u00fari - 22\u00ba Festival Mix Brasil | 2014\",\"isPartOf\":{\"@id\":\"https:\/\/old.mixbrasil.org.br\/22\/#website\"},\"primaryImageOfPage\":{\"@id\":\"https:\/\/old.mixbrasil.org.br\/22\/juri\/#primaryimage\"},\"image\":{\"@id\":\"https:\/\/old.mixbrasil.org.br\/22\/juri\/#primaryimage\"},\"thumbnailUrl\":\"http:\/\/anteriores.mixbrasil.org.br\/2014\/images\/juri\/guinevere.jpg\",\"datePublished\":\"2018-09-12T16:25:55+00:00\",\"dateModified\":\"2018-09-13T00:50:13+00:00\",\"breadcrumb\":{\"@id\":\"https:\/\/old.mixbrasil.org.br\/22\/juri\/#breadcrumb\"},\"inLanguage\":\"pt-BR\",\"potentialAction\":[{\"@type\":\"ReadAction\",\"target\":[\"https:\/\/old.mixbrasil.org.br\/22\/juri\/\"]}]},{\"@type\":\"ImageObject\",\"inLanguage\":\"pt-BR\",\"@id\":\"https:\/\/old.mixbrasil.org.br\/22\/juri\/#primaryimage\",\"url\":\"http:\/\/anteriores.mixbrasil.org.br\/2014\/images\/juri\/guinevere.jpg\",\"contentUrl\":\"http:\/\/anteriores.mixbrasil.org.br\/2014\/images\/juri\/guinevere.jpg\"},{\"@type\":\"BreadcrumbList\",\"@id\":\"https:\/\/old.mixbrasil.org.br\/22\/juri\/#breadcrumb\",\"itemListElement\":[{\"@type\":\"ListItem\",\"position\":1,\"name\":\"In\u00edcio\",\"item\":\"https:\/\/old.mixbrasil.org.br\/22\/\"},{\"@type\":\"ListItem\",\"position\":2,\"name\":\"J\u00fari\"}]},{\"@type\":\"WebSite\",\"@id\":\"https:\/\/old.mixbrasil.org.br\/22\/#website\",\"url\":\"https:\/\/old.mixbrasil.org.br\/22\/\",\"name\":\"22\u00ba Festival Mix Brasil | 2014\",\"description\":\"O maior Festival LGBTQ da Am\u00e9rica Latina\",\"potentialAction\":[{\"@type\":\"SearchAction\",\"target\":{\"@type\":\"EntryPoint\",\"urlTemplate\":\"https:\/\/old.mixbrasil.org.br\/22\/?s={search_term_string}\"},\"query-input\":{\"@type\":\"PropertyValueSpecification\",\"valueRequired\":true,\"valueName\":\"search_term_string\"}}],\"inLanguage\":\"pt-BR\"}]}<\/script>\n<!-- \/ Yoast SEO plugin. -->","yoast_head_json":{"title":"J\u00fari - 22\u00ba Festival Mix Brasil | 2014","robots":{"index":"index","follow":"follow","max-snippet":"max-snippet:-1","max-image-preview":"max-image-preview:large","max-video-preview":"max-video-preview:-1"},"canonical":"https:\/\/old.mixbrasil.org.br\/22\/juri\/","og_locale":"pt_BR","og_type":"article","og_title":"J\u00fari - 22\u00ba Festival Mix Brasil | 2014","og_description":"GUINEVERE TURNER\u00a0 Escritora, diretora e atriz que trabalha no cinema e na TV desde seu filme de estreia, de 1994, \u201cGo Fish &#8211; O Par Perfeito\u201d. Teve pap\u00e9is em \u201cThe Watermelon Woman\u201d, \u201cProcurando Amy\u201d, \u201cPsicopata Americano\u201d e \u201cTreasure Island\u201d. Ela se juntou ao diretor Mary Harron para escrever os filmes \u201cPsicopata Americano\u201d e \u201cThe Notorious &hellip;","og_url":"https:\/\/old.mixbrasil.org.br\/22\/juri\/","og_site_name":"22\u00ba Festival Mix Brasil | 2014","article_modified_time":"2018-09-13T00:50:13+00:00","og_image":[{"url":"http:\/\/anteriores.mixbrasil.org.br\/2014\/images\/juri\/guinevere.jpg","type":"","width":"","height":""}],"twitter_card":"summary_large_image","twitter_misc":{"Est. tempo de leitura":"4 minutos"},"schema":{"@context":"https:\/\/schema.org","@graph":[{"@type":"WebPage","@id":"https:\/\/old.mixbrasil.org.br\/22\/juri\/","url":"https:\/\/old.mixbrasil.org.br\/22\/juri\/","name":"J\u00fari - 22\u00ba Festival Mix Brasil | 2014","isPartOf":{"@id":"https:\/\/old.mixbrasil.org.br\/22\/#website"},"primaryImageOfPage":{"@id":"https:\/\/old.mixbrasil.org.br\/22\/juri\/#primaryimage"},"image":{"@id":"https:\/\/old.mixbrasil.org.br\/22\/juri\/#primaryimage"},"thumbnailUrl":"http:\/\/anteriores.mixbrasil.org.br\/2014\/images\/juri\/guinevere.jpg","datePublished":"2018-09-12T16:25:55+00:00","dateModified":"2018-09-13T00:50:13+00:00","breadcrumb":{"@id":"https:\/\/old.mixbrasil.org.br\/22\/juri\/#breadcrumb"},"inLanguage":"pt-BR","potentialAction":[{"@type":"ReadAction","target":["https:\/\/old.mixbrasil.org.br\/22\/juri\/"]}]},{"@type":"ImageObject","inLanguage":"pt-BR","@id":"https:\/\/old.mixbrasil.org.br\/22\/juri\/#primaryimage","url":"http:\/\/anteriores.mixbrasil.org.br\/2014\/images\/juri\/guinevere.jpg","contentUrl":"http:\/\/anteriores.mixbrasil.org.br\/2014\/images\/juri\/guinevere.jpg"},{"@type":"BreadcrumbList","@id":"https:\/\/old.mixbrasil.org.br\/22\/juri\/#breadcrumb","itemListElement":[{"@type":"ListItem","position":1,"name":"In\u00edcio","item":"https:\/\/old.mixbrasil.org.br\/22\/"},{"@type":"ListItem","position":2,"name":"J\u00fari"}]},{"@type":"WebSite","@id":"https:\/\/old.mixbrasil.org.br\/22\/#website","url":"https:\/\/old.mixbrasil.org.br\/22\/","name":"22\u00ba Festival Mix Brasil | 2014","description":"O maior Festival LGBTQ da Am\u00e9rica Latina","potentialAction":[{"@type":"SearchAction","target":{"@type":"EntryPoint","urlTemplate":"https:\/\/old.mixbrasil.org.br\/22\/?s={search_term_string}"},"query-input":{"@type":"PropertyValueSpecification","valueRequired":true,"valueName":"search_term_string"}}],"inLanguage":"pt-BR"}]}},"_links":{"self":[{"href":"https:\/\/old.mixbrasil.org.br\/22\/wp-json\/wp\/v2\/pages\/20","targetHints":{"allow":["GET"]}}],"collection":[{"href":"https:\/\/old.mixbrasil.org.br\/22\/wp-json\/wp\/v2\/pages"}],"about":[{"href":"https:\/\/old.mixbrasil.org.br\/22\/wp-json\/wp\/v2\/types\/page"}],"author":[{"embeddable":true,"href":"https:\/\/old.mixbrasil.org.br\/22\/wp-json\/wp\/v2\/users\/3"}],"replies":[{"embeddable":true,"href":"https:\/\/old.mixbrasil.org.br\/22\/wp-json\/wp\/v2\/comments?post=20"}],"version-history":[{"count":4,"href":"https:\/\/old.mixbrasil.org.br\/22\/wp-json\/wp\/v2\/pages\/20\/revisions"}],"predecessor-version":[{"id":64,"href":"https:\/\/old.mixbrasil.org.br\/22\/wp-json\/wp\/v2\/pages\/20\/revisions\/64"}],"wp:attachment":[{"href":"https:\/\/old.mixbrasil.org.br\/22\/wp-json\/wp\/v2\/media?parent=20"}],"curies":[{"name":"wp","href":"https:\/\/api.w.org\/{rel}","templated":true}]}}