{"id":26,"date":"2018-09-12T13:26:35","date_gmt":"2018-09-12T16:26:35","guid":{"rendered":"http:\/\/mixbrasil.org.br\/22\/?page_id=26"},"modified":"2018-09-12T18:15:15","modified_gmt":"2018-09-12T21:15:15","slug":"imprensa","status":"publish","type":"page","link":"https:\/\/old.mixbrasil.org.br\/22\/imprensa\/","title":{"rendered":"Imprensa"},"content":{"rendered":"<table>\n<tbody>\n<tr>\n<td><span class=\"sub\">Imprensa SP<\/span><br \/>\n<b>Atti Comunica\u00e7\u00e3o e Ideias &#8211; Eliz Ferreira<\/b><br \/>\nFones: 55 (11) 3729-1455 \/ 3729-1456 \/ 9 9110-2442<br \/>\nE-mails:\u00a0<a href=\"mailto:eliz@atticomunicacao.com.br\" target=\"_blank\" rel=\"noopener\">eliz@atticomunicacao.com.br<\/a>\u00a0\/\u00a0<a href=\"mailto:atticomunicacao@gmail.com\" target=\"_blank\" rel=\"noopener\">atticomunicacao@gmail.com<\/a><br \/>\nWebsite:\u00a0<a href=\"http:\/\/www.atticomunicacao.com.br\/\" target=\"_blank\" rel=\"noopener\"><i>www.atticomunicacao.com.br<\/i><\/a><\/p>\n<table cellspacing=\"0\" cellpadding=\"0\">\n<tbody>\n<tr>\n<td valign=\"middle\"><img loading=\"lazy\" decoding=\"async\" src=\"http:\/\/anteriores.mixbrasil.org.br\/2014\/images\/hm_19.gif\" alt=\"\" width=\"14\" height=\"18\" border=\"0\" \/><\/td>\n<td class=\"sub\" valign=\"middle\">\u00a0\u00a0Release<\/td>\n<\/tr>\n<\/tbody>\n<\/table>\n<p><a class=\"fancybox\" title=\"\" href=\"http:\/\/anteriores.mixbrasil.org.br\/2014\/imprensa\/index.asp?lng=#release\"><i>Clique aqui<\/i><\/a><i>\u00a0para visualizar.<\/i><\/p>\n<p><span class=\"sub\">Clipping<\/span><\/p>\n<ul>\n<li><a class=\"rdz\" href=\"http:\/\/anteriores.mixbrasil.org.br\/2014\/imprensa\/index.asp?lng=\" target=\"_blank\" rel=\"noopener\">Festival em S\u00e3o Paulo celebra a diversidade com cinema, teatro e m\u00fasica (Blog da Beth Muniz &#8211; 10\/11\/2014 &#8211; Web)<\/a><\/li>\n<li><a class=\"rdz\" href=\"http:\/\/anteriores.mixbrasil.org.br\/2014\/imprensa\/index.asp?lng=\" target=\"_blank\" rel=\"noopener\">Festival em S\u00e3o Paulo celebra a diversidade com cinema, teatro e m\u00fasica (Aqui Acontece &#8211; 10\/11\/2014 &#8211; Web)<\/a><\/li>\n<li><a class=\"rdz\" href=\"http:\/\/anteriores.mixbrasil.org.br\/2014\/imprensa\/index.asp?lng=\" target=\"_blank\" rel=\"noopener\">Festival em S\u00e3o Paulo celebra a diversidade com cinema, teatro e m\u00fasica (Blog da Cabriola &#8211; 10\/11\/2014 &#8211; Web)<\/a><\/li>\n<li><a class=\"rdz\" href=\"http:\/\/anteriores.mixbrasil.org.br\/2014\/imprensa\/index.asp?lng=\" target=\"_blank\" rel=\"noopener\">Festival Mix Brasil (Di\u00e1rio do A\u00e7o &#8211; 10\/11\/2014 &#8211; Web)<\/a><\/li>\n<li><a class=\"rdz\" href=\"http:\/\/anteriores.mixbrasil.org.br\/2014\/imprensa\/index.asp?lng=\" target=\"_blank\" rel=\"noopener\">Festival Mix Brasil tem participa\u00e7\u00e3o de 50 filmes (Idifusora.com &#8211; 10\/11\/2014 &#8211; Web)<\/a><\/li>\n<li><a class=\"rdz\" href=\"http:\/\/anteriores.mixbrasil.org.br\/2014\/imprensa\/index.asp?lng=\" target=\"_blank\" rel=\"noopener\">22\u00ba Festival MIX Brasil apresenta shows ao p\u00fablico LGBT no CCSP (Catraca Livre &#8211; 10\/11\/2014 &#8211; Web)<\/a><\/li>\n<li><a class=\"rdz\" href=\"http:\/\/anteriores.mixbrasil.org.br\/2014\/imprensa\/index.asp?lng=\" target=\"_blank\" rel=\"noopener\">22\u00ba Festival Mix Brasil de Cultura da Diversidade (Ella FM &#8211; 10\/11\/2014 &#8211; Web)<\/a><\/li>\n<li><a class=\"rdz\" href=\"http:\/\/anteriores.mixbrasil.org.br\/2014\/imprensa\/index.asp?lng=\" target=\"_blank\" rel=\"noopener\">Festival em Mix Brasil celebra a diversidade com cinema, teatro e m\u00fasica em SP (Sul 21 &#8211; 10\/11\/2014 &#8211; Web)<\/a><\/li>\n<li><a class=\"rdz\" href=\"http:\/\/anteriores.mixbrasil.org.br\/2014\/imprensa\/index.asp?lng=\" target=\"_blank\" rel=\"noopener\">Festival em S\u00e3o Paulo celebra a diversidade com cinema, teatro e m\u00fasica (Cmais TV Cultura &#8211; 10\/11\/2014 &#8211; Web)<\/a><\/li>\n<li><a class=\"rdz\" href=\"http:\/\/anteriores.mixbrasil.org.br\/2014\/imprensa\/index.asp?lng=\" target=\"_blank\" rel=\"noopener\">Festival em S\u00e3o Paulo celebra a diversidade com cinema, teatro e m\u00fasica (Ag\u00eancia Brasil &#8211; 10\/11\/2014 &#8211; Web)<\/a><\/li>\n<li><a class=\"rdz\" href=\"http:\/\/anteriores.mixbrasil.org.br\/2014\/imprensa\/index.asp?lng=\" target=\"_blank\" rel=\"noopener\">Festival em S\u00e3o Paulo celebra a diversidade com cinema, teatro e m\u00fasica (Correio Braziliense Online &#8211; 10\/11\/2014 &#8211; Web)<\/a><\/li>\n<li><a class=\"rdz\" href=\"http:\/\/anteriores.mixbrasil.org.br\/2014\/imprensa\/index.asp?lng=\" target=\"_blank\" rel=\"noopener\">Festival em S\u00e3o Paulo celebra a diversidade com cinema, teatro e m\u00fasica (Portal Abrantes &#8211; 10\/11\/2014 &#8211; Web)<\/a><\/li>\n<li><a class=\"rdz\" href=\"http:\/\/anteriores.mixbrasil.org.br\/2014\/imprensa\/index.asp?lng=\" target=\"_blank\" rel=\"noopener\">Festival em S\u00e3o Paulo celebra a diversidade com cinema, teatro e m\u00fasica (EBC &#8211; 10\/11\/2014 &#8211; Web)<\/a><\/li>\n<li><a class=\"rdz\" href=\"http:\/\/anteriores.mixbrasil.org.br\/2014\/imprensa\/index.asp?lng=\" target=\"_blank\" rel=\"noopener\">Festival em S\u00e3o Paulo celebra a diversidade com cinema, teatro e m\u00fasica (Portal R3 &#8211; 10\/11\/2014 &#8211; Web)<\/a><\/li>\n<li><a class=\"rdz\" href=\"http:\/\/anteriores.mixbrasil.org.br\/2014\/imprensa\/index.asp?lng=\" target=\"_blank\" rel=\"noopener\">Festival em S\u00e3o Paulo celebra a diversidade com cinema, teatro e m\u00fasica (JCNET &#8211; 10\/11\/2014 &#8211; Web)<\/a><\/li>\n<li><a class=\"rdz\" href=\"http:\/\/anteriores.mixbrasil.org.br\/2014\/imprensa\/index.asp?lng=\" target=\"_blank\" rel=\"noopener\">Mix Brasil (Jornal da USP &#8211; 10\/11\/2014 &#8211; Web)<\/a><\/li>\n<li><a class=\"rdz\" href=\"http:\/\/anteriores.mixbrasil.org.br\/2014\/imprensa\/index.asp?lng=\" target=\"_blank\" rel=\"noopener\">Festival Mix Brasil exibe mais de 150 filmes com tem\u00e1tica LGBT em S\u00e3o Paulo (Blog Paradise &#8211; 08\/11\/2014 &#8211; Web)<\/a><\/li>\n<li><a class=\"rdz\" href=\"http:\/\/anteriores.mixbrasil.org.br\/2014\/imprensa\/index.asp?lng=\" target=\"_blank\" rel=\"noopener\">Presen\u00e7a portuguesa no Festival MixBrasil 2014 (Blog Split Screen &#8211; 08\/11\/2014 &#8211; Web)<\/a><\/li>\n<li><a class=\"rdz\" href=\"http:\/\/anteriores.mixbrasil.org.br\/2014\/imprensa\/index.asp?lng=\" target=\"_blank\" rel=\"noopener\">22\u00aa Edi\u00e7\u00e3o do Festival Mix Brasil de Cultura da Diversidade (Visite S\u00e3o Paulo &#8211; 07\/11\/2014 &#8211; Web)<\/a><\/li>\n<li><a class=\"rdz\" href=\"http:\/\/anteriores.mixbrasil.org.br\/2014\/imprensa\/index.asp?lng=\" target=\"_blank\" rel=\"noopener\">22\u00ba Festival Mix Brasil acontece em novembro (AR7E &#8211; 07\/11\/2014 &#8211; Web)<\/a><\/li>\n<li><a class=\"rdz\" href=\"http:\/\/anteriores.mixbrasil.org.br\/2014\/imprensa\/index.asp?lng=\" target=\"_blank\" rel=\"noopener\">Sa\u00edram os hor\u00e1rios das sess\u00f5es dos filmes l\u00e9sbicos do 22\u00ba Festival Mix Brasil da Cultura da Diversidade (Reversa Magazine &#8211; 07\/11\/2014 &#8211; Web)<\/a><\/li>\n<li><a class=\"rdz\" href=\"http:\/\/anteriores.mixbrasil.org.br\/2014\/imprensa\/index.asp?lng=\" target=\"_blank\" rel=\"noopener\">22\u00b0 Festival Mix Brasil de Cultura da Diversidade acontece de 13 a 23 de novembro em S\u00e3o Paulo (Info Cultural &#8211; 07\/11\/2014 &#8211; Web)<\/a><\/li>\n<li><a class=\"rdz\" href=\"http:\/\/anteriores.mixbrasil.org.br\/2014\/imprensa\/index.asp?lng=\" target=\"_blank\" rel=\"noopener\">22\u00ba Festival Mix Brasil de Cultura da Diversidade acontece de 13 a 23 de novembro em S\u00e3o Paulo (O Fluminense &#8211; 07\/11\/2014 &#8211; Web)<\/a><\/li>\n<li><a class=\"rdz\" href=\"http:\/\/anteriores.mixbrasil.org.br\/2014\/imprensa\/index.asp?lng=\" target=\"_blank\" rel=\"noopener\">Festival Mix Brasil chega a 22\u00aa edi\u00e7\u00e3o com filmes, teatro, m\u00fasica e outras interven\u00e7\u00f5es culturais (Oba Oba &#8211; 07\/11\/2014 &#8211; Web)<\/a><\/li>\n<li><a class=\"rdz\" href=\"http:\/\/anteriores.mixbrasil.org.br\/2014\/imprensa\/index.asp?lng=\" target=\"_blank\" rel=\"noopener\">Festival Mix Brasil De Cultura Da Diversidade come\u00e7a na pr\u00f3xima semana em S\u00e3o Paulo (Papo de Cinema &#8211; 07\/11\/2014 &#8211; Web)<\/a><\/li>\n<li><a class=\"rdz\" href=\"http:\/\/anteriores.mixbrasil.org.br\/2014\/imprensa\/index.asp?lng=\" target=\"_blank\" rel=\"noopener\">Mix Music \u2013 22\u00b0 Festival Mix Brasil de Cultura da Diversidade (Guia da Semana &#8211; 07\/11\/2014 &#8211; Web)<\/a><\/li>\n<li><a class=\"rdz\" href=\"http:\/\/anteriores.mixbrasil.org.br\/2014\/imprensa\/index.asp?lng=\" target=\"_blank\" rel=\"noopener\">S\u00e3o Paulo apresenta a nova edi\u00e7\u00e3o do Festival Mix Brasil (Gira SP &#8211; 07\/11\/2014 &#8211; Web)<\/a><\/li>\n<li><a class=\"rdz\" href=\"http:\/\/anteriores.mixbrasil.org.br\/2014\/imprensa\/index.asp?lng=\" target=\"_blank\" rel=\"noopener\">Festival Mix Brasil de Cultura abre as inscri\u00e7\u00f5es (Jornal Sumare &#8211; 01\/11\/2014 &#8211; Web)<\/a><\/li>\n<li><a class=\"rdz\" href=\"http:\/\/anteriores.mixbrasil.org.br\/2014\/imprensa\/index.asp?lng=\" target=\"_blank\" rel=\"noopener\">Festival Mix Brasil &#8211; Mais de 150 filmes com tem\u00e1tica LGBT (Sou Betina &#8211; 01\/11\/2014 &#8211; Web)<\/a><\/li>\n<li><a class=\"rdz\" href=\"http:\/\/leitor.flexinterativa.com.br\/clipping\/index\/show\/id\/450673\/tosimple\/1\" target=\"_blank\" rel=\"noopener\">Festival Mix Brasil de Cultura da Diversidade (Meio &amp; Mensagem &#8211; Sao Paulo\/SP &#8211; 10\/11\/2014 &#8211; Impresso)<\/a><\/li>\n<li><a class=\"rdz\" href=\"http:\/\/leitor.flexinterativa.com.br\/clipping\/index\/show\/id\/450841\/tosimple\/1\" target=\"_blank\" rel=\"noopener\">Mix Brasil (Folha de S. Paulo &#8211; Sao Paulo\/SP &#8211; 09\/11\/2014 &#8211; Impresso)<\/a><\/li>\n<li><a class=\"rdz\" href=\"http:\/\/leitor.flexinterativa.com.br\/clipping\/index\/show\/id\/449382\/tosimple\/1\" target=\"_blank\" rel=\"noopener\">Especial (O Estado de S. Paulo &#8211; Sao Paulo\/SP &#8211; 07\/11\/2014 &#8211; Impresso)<\/a><\/li>\n<li><a class=\"rdz\" href=\"http:\/\/leitor.flexinterativa.com.br\/clipping\/index\/show\/id\/449899\/tosimple\/1\" target=\"_blank\" rel=\"noopener\">Gazelle \u00e9 homenageada em filme no 22\u00ba Festival Mix Brasil (Deep Beep &#8211; 07\/11\/2014 &#8211; Web)<\/a><\/li>\n<li><a class=\"rdz\" href=\"http:\/\/leitor.flexinterativa.com.br\/clipping\/index\/show\/id\/449882\/tosimple\/1\" target=\"_blank\" rel=\"noopener\">22\u00ba Festival Mix Brasil de Cultura da Diversidade inicia programa\u00e7\u00e3o com tem\u00e1tica LGBT na quinta (13) (Divirta-se &#8211; 06\/11\/2014 &#8211; Web)<\/a><\/li>\n<li><a class=\"rdz\" href=\"http:\/\/leitor.flexinterativa.com.br\/clipping\/index\/show\/id\/449909\/tosimple\/1\" target=\"_blank\" rel=\"noopener\">22\u00b0 Festival Mix Brasil de Cultura da Diversidade (Time Out &#8211; 06\/11\/2014 &#8211; Web)<\/a><\/li>\n<li><a class=\"rdz\" href=\"http:\/\/leitor.flexinterativa.com.br\/clipping\/index\/show\/id\/450128\/tosimple\/1\" target=\"_blank\" rel=\"noopener\">22\u00ba Festival Mix Brasil (CTAV &#8211; 06\/11\/2014 &#8211; Web)<\/a><\/li>\n<li><a class=\"rdz\" href=\"http:\/\/leitor.flexinterativa.com.br\/clipping\/index\/show\/id\/450143\/tosimple\/1\" target=\"_blank\" rel=\"noopener\">22\u00ba Festival Mix Brasil de Cultura da Diversidade (Cinema e Pipoca &#8211; 06\/11\/2014 &#8211; Web)<\/a><\/li>\n<li><a class=\"rdz\" href=\"http:\/\/leitor.flexinterativa.com.br\/clipping\/index\/show\/id\/449873\/tosimple\/1\" target=\"_blank\" rel=\"noopener\">Confira o que vai rolar no 22\u00b0 Festival Mix Brasil de Cultura da Diversidade (Investimentos e Not\u00edcias &#8211; 06\/11\/2014 &#8211; Web)<\/a><\/li>\n<li><a class=\"rdz\" href=\"http:\/\/leitor.flexinterativa.com.br\/clipping\/index\/show\/id\/449858\/tosimple\/1\" target=\"_blank\" rel=\"noopener\">Festival Mix Brasil de Cultura da Diversidade exibe filme brasileiro indicado para o Oscar (A Cr\u00edtica &#8211; 06\/11\/2014 &#8211; Web)<\/a><\/li>\n<li><a class=\"rdz\" href=\"http:\/\/leitor.flexinterativa.com.br\/clipping\/index\/show\/id\/449851\/tosimple\/1\" target=\"_blank\" rel=\"noopener\">Festival Mix Brasil exibe mais de 150 filmes com tem\u00e1tica LGBT em S\u00e3o Paulo (IG &#8211; 06\/11\/2014 &#8211; Web)<\/a><\/li>\n<li><a class=\"rdz\" href=\"http:\/\/leitor.flexinterativa.com.br\/clipping\/index\/show\/id\/449892\/tosimple\/1\" target=\"_blank\" rel=\"noopener\">Filme indicado ao Oscar abre Festival Mix Brasil em Campo Grande (MidiaMax News &#8211; 06\/11\/2014 &#8211; Web)<\/a><\/li>\n<li><a class=\"rdz\" href=\"http:\/\/leitor.flexinterativa.com.br\/clipping\/index\/show\/id\/450130\/tosimple\/1\" target=\"_blank\" rel=\"noopener\">Mix Brasil | Festival divulga programa\u00e7\u00e3o completa (Blah Cultural &#8211; 06\/11\/2014 &#8211; Web)<\/a><\/li>\n<li><a class=\"rdz\" href=\"http:\/\/leitor.flexinterativa.com.br\/clipping\/index\/show\/id\/449870\/tosimple\/1\" target=\"_blank\" rel=\"noopener\">Na pr\u00f3xima semana, em S\u00e3o Paulo, come\u00e7a o 22\u00ba Festival Mix Brasil da Diversidade (Clic RBS &#8211; 06\/11\/2014 &#8211; Web)<\/a><\/li>\n<li><a class=\"rdz\" href=\"http:\/\/leitor.flexinterativa.com.br\/clipping\/index\/show\/id\/449934\/tosimple\/1\" target=\"_blank\" rel=\"noopener\">Programe-se! O Festival Mix Brasil traz filmes, teatro e shows. (Diversidade BR &#8211; 06\/11\/2014 &#8211; Web)<\/a><\/li>\n<li><a class=\"rdz\" href=\"http:\/\/leitor.flexinterativa.com.br\/clipping\/index\/show\/id\/450118\/tosimple\/1\" target=\"_blank\" rel=\"noopener\">22\u00b0 Festival Mix Brasil de Cultura da Diversidade acontece em S\u00e3o paulo este m\u00eas (Dois Ter\u00e7os &#8211; 05\/11\/2014 &#8211; Web)<\/a><\/li>\n<li><a class=\"rdz\" href=\"http:\/\/leitor.flexinterativa.com.br\/clipping\/index\/show\/id\/450148\/tosimple\/1\" target=\"_blank\" rel=\"noopener\">Mix Music anuncia programa\u00e7\u00e3o oficial e abre inscri\u00e7\u00e3o para novos talentos (Blog do Pomba &#8211; 05\/11\/2014 &#8211; Web)<\/a><\/li>\n<li><a class=\"rdz\" href=\"http:\/\/leitor.flexinterativa.com.br\/clipping\/index\/show\/id\/450173\/tosimple\/1\" target=\"_blank\" rel=\"noopener\">22\u00ba Festival Mix Brasil de Cultura da Diversidade acontece de 13 a 23 de novembro em S\u00e3o Paulo (Brecho Cabaret &#8211; 05\/11\/2014 &#8211; Web)<\/a><\/li>\n<li><a class=\"rdz\" href=\"http:\/\/leitor.flexinterativa.com.br\/clipping\/index\/show\/id\/450132\/tosimple\/1\" target=\"_blank\" rel=\"noopener\">Conhe\u00e7a alguns destaques da programa\u00e7\u00e3o do 22\u00ba Festival Mix Brasil (Cine Vitor &#8211; 05\/11\/2014 &#8211; Web)<\/a><\/li>\n<li><a class=\"rdz\" href=\"http:\/\/leitor.flexinterativa.com.br\/clipping\/index\/show\/id\/450126\/tosimple\/1\" target=\"_blank\" rel=\"noopener\">Festival Mix Brasil chega a sua 22\u00aa edi\u00e7\u00e3o (Seus Lindos &#8211; 05\/11\/2014 &#8211; Web)<\/a><\/li>\n<li><a class=\"rdz\" href=\"http:\/\/leitor.flexinterativa.com.br\/clipping\/index\/show\/id\/450116\/tosimple\/1\" target=\"_blank\" rel=\"noopener\">SP: 22\u00b0 Festival Mix Brasil ser\u00e1 realizado de 13 a 23 de Novembro (Ag\u00eancia LGBT &#8211; 05\/11\/2014 &#8211; Web)<\/a><\/li>\n<li><a class=\"rdz\" href=\"http:\/\/leitor.flexinterativa.com.br\/clipping\/index\/show\/id\/450115\/tosimple\/1\" target=\"_blank\" rel=\"noopener\">Tem pra todo mundo (Blog Tony Goes &#8211; 05\/11\/2014 &#8211; Web)<\/a><\/li>\n<li><a class=\"rdz\" href=\"http:\/\/leitor.flexinterativa.com.br\/clipping\/index\/show\/id\/450121\/tosimple\/1\" target=\"_blank\" rel=\"noopener\">Com 149 filmes, 22\u00ba Festival Mix Brasil divulga programa\u00e7\u00e3o (Guia Gay S\u00e3o Paulo &#8211; 04\/11\/2014 &#8211; Web)<\/a><\/li>\n<li><a class=\"rdz\" href=\"http:\/\/leitor.flexinterativa.com.br\/clipping\/index\/show\/id\/450145\/tosimple\/1\" target=\"_blank\" rel=\"noopener\">22\u00ba Festival Mix Brasil de Cultura da Diversidade (Cine Festivais &#8211; 01\/11\/2014 &#8211; Web)<\/a><\/li>\n<li><a class=\"rdz\" href=\"http:\/\/leitor.flexinterativa.com.br\/clipping\/index\/show\/id\/450150\/tosimple\/1\" target=\"_blank\" rel=\"noopener\">22\u00b0 Festival Mix Brasil de Cultura da Diversidade (Frequency &#8211; 01\/11\/2014 &#8211; Web)<\/a><\/li>\n<li><a class=\"rdz\" href=\"http:\/\/leitor.flexinterativa.com.br\/clipping\/index\/show\/id\/450166\/tosimple\/1\" target=\"_blank\" rel=\"noopener\">No dia 15 de novembro o(a) Centro Cultural De S\u00e3o Paulo &#8211; Ccsp recebe a festa Girls On Film 2014 (Enjooy &#8211; 01\/11\/2014 &#8211; Web)<\/a><\/li>\n<\/ul>\n<\/td>\n<\/tr>\n<\/tbody>\n<\/table>\n","protected":false},"excerpt":{"rendered":"<p>Imprensa SP Atti Comunica\u00e7\u00e3o e Ideias &#8211; Eliz Ferreira Fones: 55 (11) 3729-1455 \/ 3729-1456 \/ 9 9110-2442 E-mails:\u00a0eliz@atticomunicacao.com.br\u00a0\/\u00a0atticomunicacao@gmail.com Website:\u00a0www.atticomunicacao.com.br \u00a0\u00a0Release Clique aqui\u00a0para visualizar. Clipping Festival em S\u00e3o Paulo celebra a diversidade com cinema, teatro e m\u00fasica (Blog da Beth Muniz &#8211; 10\/11\/2014 &#8211; Web) Festival em S\u00e3o Paulo celebra a diversidade com cinema, teatro &hellip;<\/p>\n","protected":false},"author":3,"featured_media":0,"parent":0,"menu_order":0,"comment_status":"closed","ping_status":"closed","template":"","meta":{"footnotes":""},"class_list":["post-26","page","type-page","status-publish","hentry"],"yoast_head":"<!-- This site is optimized with the Yoast SEO plugin v26.8 - https:\/\/yoast.com\/product\/yoast-seo-wordpress\/ -->\n<title>Imprensa - 22\u00ba Festival Mix Brasil | 2014<\/title>\n<meta name=\"robots\" content=\"index, follow, max-snippet:-1, max-image-preview:large, max-video-preview:-1\" \/>\n<link rel=\"canonical\" href=\"https:\/\/old.mixbrasil.org.br\/22\/imprensa\/\" \/>\n<meta property=\"og:locale\" content=\"pt_BR\" \/>\n<meta property=\"og:type\" content=\"article\" \/>\n<meta property=\"og:title\" content=\"Imprensa - 22\u00ba Festival Mix Brasil | 2014\" \/>\n<meta property=\"og:description\" content=\"Imprensa SP Atti Comunica\u00e7\u00e3o e Ideias &#8211; Eliz Ferreira Fones: 55 (11) 3729-1455 \/ 3729-1456 \/ 9 9110-2442 E-mails:\u00a0eliz@atticomunicacao.com.br\u00a0\/\u00a0atticomunicacao@gmail.com Website:\u00a0www.atticomunicacao.com.br \u00a0\u00a0Release Clique aqui\u00a0para visualizar. Clipping Festival em S\u00e3o Paulo celebra a diversidade com cinema, teatro e m\u00fasica (Blog da Beth Muniz &#8211; 10\/11\/2014 &#8211; Web) Festival em S\u00e3o Paulo celebra a diversidade com cinema, teatro &hellip;\" \/>\n<meta property=\"og:url\" content=\"https:\/\/old.mixbrasil.org.br\/22\/imprensa\/\" \/>\n<meta property=\"og:site_name\" content=\"22\u00ba Festival Mix Brasil | 2014\" \/>\n<meta property=\"article:modified_time\" content=\"2018-09-12T21:15:15+00:00\" \/>\n<meta property=\"og:image\" content=\"http:\/\/anteriores.mixbrasil.org.br\/2014\/images\/hm_19.gif\" \/>\n<meta name=\"twitter:card\" content=\"summary_large_image\" \/>\n<meta name=\"twitter:label1\" content=\"Est. tempo de leitura\" \/>\n\t<meta name=\"twitter:data1\" content=\"5 minutos\" \/>\n<script type=\"application\/ld+json\" class=\"yoast-schema-graph\">{\"@context\":\"https:\/\/schema.org\",\"@graph\":[{\"@type\":\"WebPage\",\"@id\":\"https:\/\/old.mixbrasil.org.br\/22\/imprensa\/\",\"url\":\"https:\/\/old.mixbrasil.org.br\/22\/imprensa\/\",\"name\":\"Imprensa - 22\u00ba Festival Mix Brasil | 2014\",\"isPartOf\":{\"@id\":\"https:\/\/old.mixbrasil.org.br\/22\/#website\"},\"primaryImageOfPage\":{\"@id\":\"https:\/\/old.mixbrasil.org.br\/22\/imprensa\/#primaryimage\"},\"image\":{\"@id\":\"https:\/\/old.mixbrasil.org.br\/22\/imprensa\/#primaryimage\"},\"thumbnailUrl\":\"http:\/\/anteriores.mixbrasil.org.br\/2014\/images\/hm_19.gif\",\"datePublished\":\"2018-09-12T16:26:35+00:00\",\"dateModified\":\"2018-09-12T21:15:15+00:00\",\"breadcrumb\":{\"@id\":\"https:\/\/old.mixbrasil.org.br\/22\/imprensa\/#breadcrumb\"},\"inLanguage\":\"pt-BR\",\"potentialAction\":[{\"@type\":\"ReadAction\",\"target\":[\"https:\/\/old.mixbrasil.org.br\/22\/imprensa\/\"]}]},{\"@type\":\"ImageObject\",\"inLanguage\":\"pt-BR\",\"@id\":\"https:\/\/old.mixbrasil.org.br\/22\/imprensa\/#primaryimage\",\"url\":\"http:\/\/anteriores.mixbrasil.org.br\/2014\/images\/hm_19.gif\",\"contentUrl\":\"http:\/\/anteriores.mixbrasil.org.br\/2014\/images\/hm_19.gif\"},{\"@type\":\"BreadcrumbList\",\"@id\":\"https:\/\/old.mixbrasil.org.br\/22\/imprensa\/#breadcrumb\",\"itemListElement\":[{\"@type\":\"ListItem\",\"position\":1,\"name\":\"In\u00edcio\",\"item\":\"https:\/\/old.mixbrasil.org.br\/22\/\"},{\"@type\":\"ListItem\",\"position\":2,\"name\":\"Imprensa\"}]},{\"@type\":\"WebSite\",\"@id\":\"https:\/\/old.mixbrasil.org.br\/22\/#website\",\"url\":\"https:\/\/old.mixbrasil.org.br\/22\/\",\"name\":\"22\u00ba Festival Mix Brasil | 2014\",\"description\":\"O maior Festival LGBTQ da Am\u00e9rica Latina\",\"potentialAction\":[{\"@type\":\"SearchAction\",\"target\":{\"@type\":\"EntryPoint\",\"urlTemplate\":\"https:\/\/old.mixbrasil.org.br\/22\/?s={search_term_string}\"},\"query-input\":{\"@type\":\"PropertyValueSpecification\",\"valueRequired\":true,\"valueName\":\"search_term_string\"}}],\"inLanguage\":\"pt-BR\"}]}<\/script>\n<!-- \/ Yoast SEO plugin. -->","yoast_head_json":{"title":"Imprensa - 22\u00ba Festival Mix Brasil | 2014","robots":{"index":"index","follow":"follow","max-snippet":"max-snippet:-1","max-image-preview":"max-image-preview:large","max-video-preview":"max-video-preview:-1"},"canonical":"https:\/\/old.mixbrasil.org.br\/22\/imprensa\/","og_locale":"pt_BR","og_type":"article","og_title":"Imprensa - 22\u00ba Festival Mix Brasil | 2014","og_description":"Imprensa SP Atti Comunica\u00e7\u00e3o e Ideias &#8211; Eliz Ferreira Fones: 55 (11) 3729-1455 \/ 3729-1456 \/ 9 9110-2442 E-mails:\u00a0eliz@atticomunicacao.com.br\u00a0\/\u00a0atticomunicacao@gmail.com Website:\u00a0www.atticomunicacao.com.br \u00a0\u00a0Release Clique aqui\u00a0para visualizar. Clipping Festival em S\u00e3o Paulo celebra a diversidade com cinema, teatro e m\u00fasica (Blog da Beth Muniz &#8211; 10\/11\/2014 &#8211; Web) Festival em S\u00e3o Paulo celebra a diversidade com cinema, teatro &hellip;","og_url":"https:\/\/old.mixbrasil.org.br\/22\/imprensa\/","og_site_name":"22\u00ba Festival Mix Brasil | 2014","article_modified_time":"2018-09-12T21:15:15+00:00","og_image":[{"url":"http:\/\/anteriores.mixbrasil.org.br\/2014\/images\/hm_19.gif","type":"","width":"","height":""}],"twitter_card":"summary_large_image","twitter_misc":{"Est. tempo de leitura":"5 minutos"},"schema":{"@context":"https:\/\/schema.org","@graph":[{"@type":"WebPage","@id":"https:\/\/old.mixbrasil.org.br\/22\/imprensa\/","url":"https:\/\/old.mixbrasil.org.br\/22\/imprensa\/","name":"Imprensa - 22\u00ba Festival Mix Brasil | 2014","isPartOf":{"@id":"https:\/\/old.mixbrasil.org.br\/22\/#website"},"primaryImageOfPage":{"@id":"https:\/\/old.mixbrasil.org.br\/22\/imprensa\/#primaryimage"},"image":{"@id":"https:\/\/old.mixbrasil.org.br\/22\/imprensa\/#primaryimage"},"thumbnailUrl":"http:\/\/anteriores.mixbrasil.org.br\/2014\/images\/hm_19.gif","datePublished":"2018-09-12T16:26:35+00:00","dateModified":"2018-09-12T21:15:15+00:00","breadcrumb":{"@id":"https:\/\/old.mixbrasil.org.br\/22\/imprensa\/#breadcrumb"},"inLanguage":"pt-BR","potentialAction":[{"@type":"ReadAction","target":["https:\/\/old.mixbrasil.org.br\/22\/imprensa\/"]}]},{"@type":"ImageObject","inLanguage":"pt-BR","@id":"https:\/\/old.mixbrasil.org.br\/22\/imprensa\/#primaryimage","url":"http:\/\/anteriores.mixbrasil.org.br\/2014\/images\/hm_19.gif","contentUrl":"http:\/\/anteriores.mixbrasil.org.br\/2014\/images\/hm_19.gif"},{"@type":"BreadcrumbList","@id":"https:\/\/old.mixbrasil.org.br\/22\/imprensa\/#breadcrumb","itemListElement":[{"@type":"ListItem","position":1,"name":"In\u00edcio","item":"https:\/\/old.mixbrasil.org.br\/22\/"},{"@type":"ListItem","position":2,"name":"Imprensa"}]},{"@type":"WebSite","@id":"https:\/\/old.mixbrasil.org.br\/22\/#website","url":"https:\/\/old.mixbrasil.org.br\/22\/","name":"22\u00ba Festival Mix Brasil | 2014","description":"O maior Festival LGBTQ da Am\u00e9rica Latina","potentialAction":[{"@type":"SearchAction","target":{"@type":"EntryPoint","urlTemplate":"https:\/\/old.mixbrasil.org.br\/22\/?s={search_term_string}"},"query-input":{"@type":"PropertyValueSpecification","valueRequired":true,"valueName":"search_term_string"}}],"inLanguage":"pt-BR"}]}},"_links":{"self":[{"href":"https:\/\/old.mixbrasil.org.br\/22\/wp-json\/wp\/v2\/pages\/26","targetHints":{"allow":["GET"]}}],"collection":[{"href":"https:\/\/old.mixbrasil.org.br\/22\/wp-json\/wp\/v2\/pages"}],"about":[{"href":"https:\/\/old.mixbrasil.org.br\/22\/wp-json\/wp\/v2\/types\/page"}],"author":[{"embeddable":true,"href":"https:\/\/old.mixbrasil.org.br\/22\/wp-json\/wp\/v2\/users\/3"}],"replies":[{"embeddable":true,"href":"https:\/\/old.mixbrasil.org.br\/22\/wp-json\/wp\/v2\/comments?post=26"}],"version-history":[{"count":3,"href":"https:\/\/old.mixbrasil.org.br\/22\/wp-json\/wp\/v2\/pages\/26\/revisions"}],"predecessor-version":[{"id":61,"href":"https:\/\/old.mixbrasil.org.br\/22\/wp-json\/wp\/v2\/pages\/26\/revisions\/61"}],"wp:attachment":[{"href":"https:\/\/old.mixbrasil.org.br\/22\/wp-json\/wp\/v2\/media?parent=26"}],"curies":[{"name":"wp","href":"https:\/\/api.w.org\/{rel}","templated":true}]}}