{"id":28,"date":"2018-09-27T22:41:26","date_gmt":"2018-09-28T01:41:26","guid":{"rendered":"http:\/\/mixbrasil.org.br\/23\/?page_id=28"},"modified":"2018-09-28T00:02:48","modified_gmt":"2018-09-28T03:02:48","slug":"quem-somos","status":"publish","type":"page","link":"https:\/\/old.mixbrasil.org.br\/23\/quem-somos\/","title":{"rendered":"Quem somos"},"content":{"rendered":"<table style=\"height: 29px; width: 964.5px;\">\n<tbody>\n<tr>\n<td style=\"width: 942.5px;\">\n<table border=\"0\" width=\"580\" cellspacing=\"1\" cellpadding=\"8\" align=\"center\" bgcolor=\"#ffffff\">\n<tbody>\n<tr>\n<td class=\"tit\" valign=\"middle\" width=\"572\">\n<h1>QUEM SOMOS<\/h1>\n<\/td>\n<\/tr>\n<\/tbody>\n<\/table>\n<table border=\"0\" width=\"580\" cellspacing=\"1\" cellpadding=\"12\" align=\"center\" bgcolor=\"#fff\">\n<tbody>\n<tr>\n<td align=\"left\" valign=\"top\" bgcolor=\"#fff\" width=\"574\"><img loading=\"lazy\" decoding=\"async\" src=\"http:\/\/anteriores.mixbrasil.org.br\/2015\/images\/spacer.gif\" alt=\"\" width=\"1\" height=\"5\" border=\"0\" \/><br \/>\n<span class=\"sub\"><i>O Novo ainda mais Novo<\/i><\/span><br \/>\n<img loading=\"lazy\" decoding=\"async\" src=\"http:\/\/anteriores.mixbrasil.org.br\/2015\/images\/spacer.gif\" alt=\"\" width=\"1\" height=\"20\" border=\"0\" \/><br \/>\nTerminamos 2014 celebrando a maior edi\u00e7\u00e3o da j\u00e1 longa hist\u00f3ria do Festival MixBrasil. Maior tanto em n\u00famero de filmes, convidados e p\u00fablico quanto em qualidade de programa\u00e7\u00e3o e, para nossa grande felicidade, uma produ\u00e7\u00e3o sem grandes estresses. Tudo indicava um 2015 com c\u00e9u de brigadeiro.Durante o primeiro semestre fomos surpreendidos pelo engajamento e compreens\u00e3o de quest\u00f5es relacionadas \u00e0 diversidade sexual nas sess\u00f5es de curtas e bate-papos que apresentamos semanalmente nas F\u00e1bricas de Cultura da cidade de S\u00e3o Paulo.No decorrer do ano, no entanto, o agravamento da crise pol\u00edtica e econ\u00f4mica foi nos subtraindo boa parte dos recursos que acredit\u00e1vamos estarem garantidos para a realiza\u00e7\u00e3o de mais um MixBrasil. At\u00e9 as v\u00e9speras desta edi\u00e7\u00e3o n\u00e3o t\u00ednhamos aportes suficientes, mas n\u00e3o nos deixamos contaminar pelo medo, metemos as caras e seguimos em frente.Ainda que com cortes financeiros significativos, conseguimos reunir um evento mais uma vez maior e melhor \u2013 e com as mudan\u00e7as e evolu\u00e7\u00f5es que fazem parte do DNA de um Festival que j\u00e1 teve v\u00e1rios subt\u00edtulos diferentes (das Manifesta\u00e7\u00f5es das Sexualidades, da Diversidade Sexual, de Cinema da Diversidade Sexual, de Cultura da Diversidade).Isso s\u00f3 foi poss\u00edvel devido a uma s\u00e9rie de fatores &#8211; al\u00e9m de um aut\u00eantico milagre dos p\u00e3es. A come\u00e7ar pelo reconhecimento internacional do consistente trabalho realizado h\u00e1 mais de duas d\u00e9cadas em festivais e eventos LGBTQ no exterior, que nos permitiu desta vez, trazer filmes importantes e em mesmo n\u00famero do ano passado com custos menores. Some-se a isso o expressivo crescimento em n\u00famero e qualidade da produ\u00e7\u00e3o nacional sobre a diversidade sexual, que faz com que tenhamos mais filmes brasileiros. Uma equipe enxuta, mas extremamente dedicada, que consegue p\u00f4r o MixBrasil de p\u00e9 em tempo recorde e com um or\u00e7amento quase inacredit\u00e1vel. E claro, a mais que bem-vinda parceria com o Banco Ita\u00fa.<\/p>\n<p>O vigor dos espet\u00e1culos teatrais na programa\u00e7\u00e3o do Dram\u00e1tica Em Cena e a visceralidade dos shows do Mix Music mant\u00eam o car\u00e1ter multidisciplinar que \u00e9 marca do MixBrasil desde sua g\u00eanese. E as artes pl\u00e1sticas voltam a fazer parte do card\u00e1pio de atra\u00e7\u00f5es nesta edi\u00e7\u00e3o.<\/p>\n<p>A cereja do bolo veio com a entrada da Confer\u00eancia [SSEX BBOX] que estrutura, atrav\u00e9s de dezenas de pain\u00e9is com convidados nacionais e internacionais, a discuss\u00e3o iniciada pelas exibi\u00e7\u00f5es dos curtas metragens radicais que chocaram o p\u00fablico brasileiro e foram a base do MixBrasil no come\u00e7o dos anos 90. Conseguimos atrav\u00e9s dessa parceria implantar uma \u00e1rea que estava no projeto inicial do 23\u00ba Festival, de abrir espa\u00e7os para debates que aprofundassem e trouxessem novas perspectivas sobre g\u00eanero e sexualidade. Al\u00e9m de oferecer um \u00f3timo ponto de encontro de gente interessante e interessada.<\/p>\n<p>Reunir pessoas que querem pensar e reconhecer as m\u00faltiplas express\u00f5es do amor e do desejo sempre foi, e sempre ser\u00e1, o motivo da exist\u00eancia do Mix.<\/p>\n<p>Bem-vindos a mais um novo MixBrasil.<\/p>\n<p><b>Jo\u00e3o Federici \/ Andr\u00e9 Fischer\u00a0<\/b><\/p>\n<p><img loading=\"lazy\" decoding=\"async\" src=\"http:\/\/anteriores.mixbrasil.org.br\/2015\/images\/spacer.gif\" alt=\"\" width=\"1\" height=\"8\" border=\"0\" \/><\/p>\n<table width=\"100%\" cellspacing=\"0\" cellpadding=\"0\">\n<tbody>\n<tr>\n<td width=\"100%\" height=\"1\"><img loading=\"lazy\" decoding=\"async\" src=\"http:\/\/anteriores.mixbrasil.org.br\/2015\/images\/spacer.gif\" alt=\"\" width=\"1\" height=\"1\" border=\"0\" \/><\/td>\n<\/tr>\n<\/tbody>\n<\/table>\n<h1><span class=\"sub\"><i>Ficha T\u00e9cnica<\/i><\/span><\/h1>\n<table border=\"0\" cellspacing=\"0\" cellpadding=\"0\">\n<tbody>\n<tr>\n<td class=\"rdz\" valign=\"top\" width=\"45%\"><b>DIRETOR ART\u00cdSTICO | ARTISTIC DIRECTOR<br \/>\n<\/b>JO\u00c3O FEDERICI<b>CODIRETOR | CODIRECTOR<br \/>\n<\/b>ANDR\u00c9 FISCHER<b>COMIT\u00ca DE SELE\u00c7\u00c3O CURTA METRAGENS | SHORT FILM SELECTION COMMITTEE<br \/>\n<\/b>ANDR\u00c9 FISCHER<br \/>\nBETH S\u00c1 FREIRE<br \/>\nJO\u00c3O FEDERICI<br \/>\nMARCIO MIRANDA PEREZ<b>COORDENA\u00c7\u00c3O DE PROGRAMA\u00c7\u00c3O DE FILMES | FILM PROGRAM COORDINATOR<br \/>\n<\/b>MARCIO MIRANDA PEREZ<\/p>\n<p><b>COORDENA\u00c7\u00c3O DE PRODU\u00c7\u00c3O | PRODUCTION COORDINATOR<br \/>\n<\/b>JOSI GELLER<\/p>\n<p><b>PRODU\u00c7\u00c3O | PRODUCTION<br \/>\n<\/b>CLOVYS TORRES<br \/>\nTATIANE NUNES<\/p>\n<p><b>ASSISTENTE DE PRODU\u00c7\u00c3O | PRODUCTION ASSISTANT<br \/>\n<\/b>WASHINGTON LUIZ JR.<\/p>\n<p><b>TROF\u00c9U COELHO DE PRATA E OURO | SILVER AND GOLDEN RABBIT TROPHY<br \/>\n<\/b>DUILIO FERRONATO<\/p>\n<p><b>DRAM\u00c1TICA EM CENA<br \/>\n<\/b>JO\u00c3O FEDERICI<\/p>\n<p><b>MESTRE DE CERIM\u00d4NIAS | HOSTESS<br \/>\n<\/b>GILDA NOMACCE<\/p>\n<p><b>SHOW DO GONGO | THE GONG SHOW\u2019S HOSTESS<br \/>\n<\/b>MARISA ORTH<\/p>\n<p><b>HOSTESS<br \/>\n<\/b>RENATA BASTOS<\/p>\n<p><b>MIX MUSIC<br \/>\n<\/b>ANDR\u00c9 POMBA CAGNI<br \/>\nHANILTON SCOFIELD<\/p>\n<p><b>GER\u00caNCIA DE ESPA\u00c7O CCSP | SPACE MANAGER CCSP<br \/>\n<\/b>CLOVYS TORRES<\/p>\n<p><b>COORDENA\u00c7\u00c3O DE RECEPTIVO | HOSPITALITY COORDINATOR<br \/>\n<\/b>IGOR COSTA<\/p>\n<p><b>RECEPTIVO | HOSPITALITY STAFF<br \/>\n<\/b>GIANCARLO GOZZI<br \/>\nMARCELLO GIOVANNI POCAI STELLA<\/p>\n<p><b>ASSESSORIA DE IMPRENSA | PUBLIC RELATIONS<br \/>\n<\/b><i>ATTI COMUNICA\u00c7\u00c3O E IDEIAS<\/i><br \/>\nELIZ FERREIRA E VALERIA BLANCO<\/p>\n<p><b>REDES SOCIAIS E WEBSITE | SOCIAL MEDIA AND WEBSITE<br \/>\n<\/b>RENATO VIVEIROS<\/p>\n<p><b>FOTOS | PHOTOS<br \/>\n<\/b>JESSICA DALLA TORRE<\/p>\n<p><b>VIDEOCLIPES E MAKING OF | VIDEO CLIPS AND MAKING OF<br \/>\n<\/b>GERALDO ARCANJO<\/p>\n<p><b>COORDENA\u00c7\u00c3O DE MONITORIA | MONITORING COORDINATION<br \/>\n<\/b>FABIANA AMORIM<\/p>\n<p><b>EQUIPE DE MONITORES | MONITORS TEAM<br \/>\n<\/b>ALEXANDRE AMORIM<br \/>\nALEXANDRE JUNIOR<br \/>\nARETHUZA PORTELLA<br \/>\nARIANE CARDOSO<br \/>\nEDUARDO D\u2019LUCIA<br \/>\nENIO MARIN<br \/>\nFELIPE MORAES<br \/>\nHENRIQUE NATALIO<br \/>\nJO\u00c3O DA HORA<br \/>\nNAIARA LORENZETTI<br \/>\nNATHALIA PEIGO<br \/>\nRENATA ALBERTON<\/p>\n<p><b>COORDENA\u00c7\u00c3O DE TRADU\u00c7\u00c3O E LEGENDAS | TRANSLATION AND SUBTITLES COORDINATION<br \/>\n<\/b>4 ESTA\u00c7\u00d5ES<\/p>\n<p><b>TRADUTORES E OPERADORES DE LEGENDAS | TRANSLATORS AND SUBTITLE OPERATORS<br \/>\n<\/b>ANNA LUISA ARAUJO<br \/>\nALEXANDRE PILL<br \/>\nBRUNA PEIXOTO<br \/>\nBRUNO MURTINHO<br \/>\nCESAR ALARCON<br \/>\nEDUARDO RIECHE<br \/>\nFABIO PORTO<br \/>\nFERNANDA MARTINS<br \/>\nFLAVIO MAGALHAES<br \/>\nFLAVIO SANTIAGO<br \/>\nISA CARVALHO<br \/>\nJO CORREA<br \/>\nLEONARDO PEREIRA<br \/>\nNAIRA ASSIS<br \/>\nRENATA PENEDO<br \/>\nVLADIMIR FREIRE<br \/>\nZ\u00c9 ROBERTO VALENTE<\/td>\n<td valign=\"top\" width=\"10%\"><\/td>\n<td class=\"rdz\" valign=\"top\" width=\"45%\"><b>TR\u00c1FEGO, REVIS\u00c3O DE C\u00d3PIAS E PROJE\u00c7\u00c3O | TRAFFIC, COPIES REVIEW AND PROJECTION<br \/>\n<\/b><b>COORDENA\u00c7\u00c3O | COORDINATION:<\/b>\u00a0FELIPE ALBANIT<br \/>\n<b>MONITORES | MONITORS:<\/b>\u00a0ADRIANA SERAFIM, HYRAN DE MULA E MARINA DA SILVA<b>CAT\u00c1LOGO | CATALOGUE<br \/>\n<\/b><b>PROJETO GR\u00c1FICO | GRAPHIC DESIGNER:<\/b>ZOOTZ COMUNICA\u00c7\u00c3O<br \/>\n<b>REDA\u00c7\u00c3O | COPYWRITERS:<\/b>\u00a0ANDR\u00c9 FISCHER, JO\u00c3O FEDERICI, MARCIO MIRANDA PEREZ<br \/>\n<b>TRADU\u00c7\u00c3O E REVIS\u00c3O | TRANSLATOR AND COPYEDITOR:<\/b>\u00a0ALINE NAOMI<b>CAMPANHA MIXBRASIL 2015 | MIXBRASIL 2015 CAMPAIGN<br \/>\n<\/b>AG\u00caNCIA NEOGAMA\/BBH<b>1\u00aa CONFER\u00caNCIA INTERNACIONAL [SSEX BBOX] &amp; MIX BRASIL<br \/>\n<\/b><b>EQUIPE | TEAM<br \/>\n<\/b><b>COORDENA\u00c7\u00c3O GERAL &amp; CURADORIA | COORDINATION &amp; CURATOR:<\/b>\u00a0PRISCILLA BERTUCCI<br \/>\n<b>PRODU\u00c7\u00c3O EXECUTIVA | EXECUTIVE PRODUCTION:<\/b>\u00a0LINO REIS<br \/>\n<b>ASSESSORIA JUR\u00cdDICA | LEGAL ADVICE:\u00a0<\/b>CAROLINA GERASSI<br \/>\n<b>PROGRAMA\u00c7\u00c3O WEB SITE | WEBSITE PROGRAMMING:\u00a0<\/b>CAIO RUSSO<br \/>\n<b>PRODU\u00c7\u00c3O BRASIL | BRAZIL PRODUCTION:\u00a0<\/b>MAG\u00d4 TONHON<br \/>\n<b>ASSISTENTE DE PRODU\u00c7\u00c3O | PRODUCTION ASSISTANT:<\/b>ROSYANE SILVA<br \/>\nPARTE DA COISA| PART OF DEAL: J\u00daLIA ROSEMBERG, LAERTE COUTINHO e MARCIA ROCHA<br \/>\n<b>[PARCEIROS]<br \/>\n<\/b><b>TRADU\u00c7\u00c3O | TRANSLATION:\u00a0<\/b>CAROLINA CUNHA E EVELYN SILVA<br \/>\n<b>ILUSTRA\u00c7\u00c3O | ILUSTRATION:\u00a0<\/b>GUILHERME MARTINEZ E RAFAEL CANOBA<br \/>\n<b>INSTAGRAM | INSTAGRAM:\u00a0<\/b>JULIO CESAR CALDEIRA<\/p>\n<p><b>EQUIPE CENTRO CULTURAL S\u00c3O PAULO | CENTRO CULTURAL S\u00c3O PAULO TEAM<br \/>\n<\/b><b>DIRE\u00c7\u00c3O GERAL | GENERAL DIRECTION:\u00a0<\/b>PENA SCHMIDT<br \/>\n<b>DIVIS\u00c3O ADMINISTRATIVA| ADMINISTRATIVE DIVISION:\u00a0<\/b>DIOGO LIMA OLIVEIRA E EQUIPE<br \/>\n<b>DIVIS\u00c3O DE CURADORIA E PROGRAMA\u00c7\u00c3O | DIVISION CURATOR AND PROGRAMMING:\u00a0<\/b>LUCIANA SCHWINDEN E EQUIPE<br \/>\n<b>DIVIS\u00c3O DE ACERVO, DOCUMENTA\u00c7\u00c3O E CONSERVA\u00c7\u00c3O | COLLECTION DIVISION, DOCUMENTATION AND CONSERVATION:<\/b>ALOYSIO LAZZARINI DE ALMEIDA NOGUEIRA E EQUIPE<br \/>\n<b>DIVIS\u00c3O DE BIBLIOTECAS | DIVISION LIBRARIES:\u00a0<\/b>JULIANA LAZARIM E EQUIPE<br \/>\n<b>DIVIS\u00c3O DE PRODU\u00c7\u00c3O E APOIO A EVENTOS | PRODUCTION DIVISION AND SUPPORT EVENTS:\u00a0<\/b>LUCIANA MANTOVANI E EQUIPE<br \/>\n<b>DIVIS\u00c3O DE INFORMA\u00c7\u00c3O E COMUNICA\u00c7\u00c3O | INFORMATION AND COMMUNICATION DIVISION:\u00a0<\/b>MARCIO YONAMINE E EQUIPE<br \/>\n<b>DIVIS\u00c3O DE A\u00c7\u00c3O CULTURAL E EDUCATIVA| DIVISION OF CULTURAL ACTION AND EDUCATION:\u00a0<\/b>ALEXANDRE ARAUJO BISPO E EQUIPE<br \/>\n<b>COORDENA\u00c7\u00c3O T\u00c9CNICA DE PROJETOS | PROJECT TECHNICAL<br \/>\n<\/b><b>COORDINATION:<\/b>\u00a0PRISCILLA MARANH\u00c3O E EQUIPE<\/p>\n<p><b>PRESTA\u00c7\u00c3O DE CONTAS E FINANCEIRO | ACCOUNTABILITY AND FINANCIAL<br \/>\n<\/b>JOSI GELLER<\/p>\n<p><b>ASSESSORIA JUR\u00cdDICA | LEGAL ADVICE<br \/>\n<\/b><i>FREGNI &#8211; LOPEZ DA CRUZ &#8211; ADVOGADOS ASSOCIADOS<br \/>\n<\/i>DRA. GABRIELLA FREGNI<\/p>\n<p><b>REALIZA\u00c7\u00c3O | REALIZATION<br \/>\n<\/b><img loading=\"lazy\" decoding=\"async\" src=\"http:\/\/anteriores.mixbrasil.org.br\/2015\/images\/spacer.gif\" alt=\"\" width=\"150\" height=\"5\" border=\"0\" \/><br \/>\n<img loading=\"lazy\" decoding=\"async\" src=\"http:\/\/anteriores.mixbrasil.org.br\/2015\/images\/pa_03.gif\" alt=\"\" width=\"150\" height=\"76\" border=\"0\" \/><br \/>\n<img loading=\"lazy\" decoding=\"async\" src=\"http:\/\/anteriores.mixbrasil.org.br\/2015\/images\/spacer.gif\" alt=\"\" width=\"150\" height=\"5\" border=\"0\" \/><\/p>\n<p><b>PRESID\u00caNCIA | CHIEF OFFICER<br \/>\n<\/b>ANDR\u00c9 FISCHER<\/p>\n<p><b>VICE PRESID\u00caNCIA | DEPUTY CHIEF OFFICER<br \/>\n<\/b>JO\u00c3O FEDERICI<\/p>\n<p><b>DIRETORIA | DIRECTORS<br \/>\n<\/b>THIAGO FERNANDES BRAZ<br \/>\nMARCO DONINI<\/p>\n<p><b>CONSELHO | COUNCIL BOARD<br \/>\n<\/b>ADRIANA RIGOLIN<br \/>\nFRANCISCO ZELESNIKAR<br \/>\nJOSELAINE FOGA\u00c7A<\/td>\n<\/tr>\n<\/tbody>\n<\/table>\n<\/td>\n<\/tr>\n<\/tbody>\n<\/table>\n<\/td>\n<\/tr>\n<\/tbody>\n<\/table>\n","protected":false},"excerpt":{"rendered":"<p>QUEM SOMOS O Novo ainda mais Novo Terminamos 2014 celebrando a maior edi\u00e7\u00e3o da j\u00e1 longa hist\u00f3ria do Festival MixBrasil. Maior tanto em n\u00famero de filmes, convidados e p\u00fablico quanto em qualidade de programa\u00e7\u00e3o e, para nossa grande felicidade, uma produ\u00e7\u00e3o sem grandes estresses. Tudo indicava um 2015 com c\u00e9u de brigadeiro.Durante o primeiro semestre &hellip;<\/p>\n","protected":false},"author":3,"featured_media":0,"parent":0,"menu_order":0,"comment_status":"closed","ping_status":"closed","template":"","meta":{"footnotes":""},"class_list":["post-28","page","type-page","status-publish","hentry"],"_links":{"self":[{"href":"https:\/\/old.mixbrasil.org.br\/23\/wp-json\/wp\/v2\/pages\/28","targetHints":{"allow":["GET"]}}],"collection":[{"href":"https:\/\/old.mixbrasil.org.br\/23\/wp-json\/wp\/v2\/pages"}],"about":[{"href":"https:\/\/old.mixbrasil.org.br\/23\/wp-json\/wp\/v2\/types\/page"}],"author":[{"embeddable":true,"href":"https:\/\/old.mixbrasil.org.br\/23\/wp-json\/wp\/v2\/users\/3"}],"replies":[{"embeddable":true,"href":"https:\/\/old.mixbrasil.org.br\/23\/wp-json\/wp\/v2\/comments?post=28"}],"version-history":[{"count":4,"href":"https:\/\/old.mixbrasil.org.br\/23\/wp-json\/wp\/v2\/pages\/28\/revisions"}],"predecessor-version":[{"id":48,"href":"https:\/\/old.mixbrasil.org.br\/23\/wp-json\/wp\/v2\/pages\/28\/revisions\/48"}],"wp:attachment":[{"href":"https:\/\/old.mixbrasil.org.br\/23\/wp-json\/wp\/v2\/media?parent=28"}],"curies":[{"name":"wp","href":"https:\/\/api.w.org\/{rel}","templated":true}]}}