{"id":49,"date":"2018-09-28T00:05:26","date_gmt":"2018-09-28T03:05:26","guid":{"rendered":"http:\/\/mixbrasil.org.br\/23\/?page_id=49"},"modified":"2018-09-28T00:05:26","modified_gmt":"2018-09-28T03:05:26","slug":"programacao","status":"publish","type":"page","link":"https:\/\/old.mixbrasil.org.br\/23\/programacao\/","title":{"rendered":"Programa\u00e7\u00e3o"},"content":{"rendered":"<table>\n<tbody>\n<tr>\n<td>\n<table cellpadding=\"15\">\n<tbody>\n<tr>\n<td valign=\"top\" width=\"33%\">\n<img loading=\"lazy\" decoding=\"async\" src=\"http:\/\/anteriores.mixbrasil.org.br\/2015\/images\/logo_legal.png\" alt=\"\" width=\"250\" height=\"155\" border=\"0\" \/><\/p>\n<p><a class=\"men\" href=\"http:\/\/anteriores.mixbrasil.org.br\/2015\/programacao\/progr_23_mix_brasil_2015.pdf\" target=\"_blank\" rel=\"noopener\">Clique aqui para baixar a programa\u00e7\u00e3o em PDF.<\/a><\/p>\n<table cellpadding=\"20\" bgcolor=\"#fcf5f7\">\n<tbody>\n<tr>\n<td>\n<p class=\"prg_dia\">AVISO<\/p>\n<p>Devido a quest\u00f5es t\u00e9cnicas, algumas sess\u00f5es foram canceladas, como segue:<\/p>\n<hr noshade=\"noshade\" size=\"1\" \/>\n<p><span class=\"prg_itm\"><b>21\/11 \u2022 S\u00c1BADO \/ SATURDAY<\/b><br \/>\n<i>MINHOC\u00c3O &#8211; MARECHAL OPEN AIR<\/i><br \/>\n<b>20h<\/b>\u00a0CURTAS MIX BRASIL &#8211; Crescendo com a Diversidade (48&#8242;)<br \/>\n<\/span><\/p>\n<hr noshade=\"noshade\" size=\"1\" \/>\n<\/td>\n<\/tr>\n<\/tbody>\n<\/table>\n<p class=\"prg_dia\">11\/11 \u2022 QUARTA \/ WEDNESDAY<\/p>\n<p class=\"prg_loc\">CCSP &#8211; SALA JARDEL FILHO<\/p>\n<p class=\"prg_itm\"><b>21h<\/b>\u00a0Filme de Abertura: TE PROMETO ANARQUIA (88\u2019)\u00a0<b>(APENAS PARA CONVIDADOS)<\/b><\/p>\n<p class=\"prg_dia\">12\/11 \u2022 QUINTA \/ THURSDAY<\/p>\n<p class=\"prg_loc\">CCSP &#8211; SALA JARDEL FILHO<\/p>\n<p class=\"prg_itm\"><b>21h<\/b>\u00a0Marica (55\u2019) (TEATRO)<\/p>\n<p class=\"prg_loc\">CCSP &#8211; SALA LIMA BARRETO<\/p>\n<p class=\"prg_itm\"><b>16h30<\/b>\u00a0COMPETITIVA BRASIL &#8211; \u00c2ncora do Marujo (72\u2019)<\/p>\n<p class=\"prg_itm\"><b>18h30<\/b>\u00a0CURTAS MIX BRASIL &#8211; Segredos e Descobertas (88\u2019)<\/p>\n<p class=\"prg_itm\"><b>20h<\/b>\u00a0CURTAS MIX BRASIL &#8211; Mix Jovem (102\u2019)<\/p>\n<p class=\"prg_loc\">CCSP &#8211; SALA PAULO EMILIO<\/p>\n<p class=\"prg_itm\"><b>16h<\/b>\u00a0CURTAS MIX BRASIL &#8211; Amor Que D\u00f3i (83\u2019)<\/p>\n<p class=\"prg_itm\"><b>18h<\/b>\u00a0COMPETITIVA BRASIL &#8211; O Animal Sonhado (78\u2019)<\/p>\n<p class=\"prg_itm\"><b>20h<\/b>\u00a0CURTAS MIX BRASIL &#8211; Virado \u00e0 Paulista (86\u2019)<\/p>\n<p class=\"prg_loc\">CINE ITA\u00da AUGUSTA 3<\/p>\n<p class=\"prg_itm\"><b>16h<\/b>\u00a0PANORAMA INTERNACIONAL &#8211; Compre Um, Leve Dois (77\u2019)<\/p>\n<p class=\"prg_itm\"><b>18h<\/b>\u00a0MUNDO MIX LATINO &#8211; Mariposa (103\u2019)<\/p>\n<p class=\"prg_itm\"><b>20h<\/b>\u00a0PANORAMA INTERNACIONAL &#8211; Grandma (79\u2019)<\/p>\n<p class=\"prg_itm\"><b>22h<\/b>\u00a0MUNDO MIX LATINO &#8211; Te Prometo Anarquia (88\u2019) \/ ABRE: Ouve (7\u2019)<\/p>\n<p class=\"prg_loc\">CINESESC<\/p>\n<p class=\"prg_itm\"><b>14h45<\/b>\u00a0PANORAMA INTERNACIONAL &#8211; Hockney (112\u2019)<\/p>\n<p class=\"prg_itm\"><b>17h<\/b>\u00a0PANORAMA INTERNACIONAL &#8211; O Perfil de Amina (84\u2019)<\/p>\n<p class=\"prg_itm\"><b>19h<\/b>\u00a0COMPETITIVA BRASIL &#8211; Ral\u00e9 (73\u2019)<\/p>\n<p class=\"prg_itm\"><b>21h<\/b>\u00a0PANORAMA INTERNACIONAL &#8211; Sou Todo Teu (102\u2019)<\/p>\n<p class=\"prg_dia\">13\/11 \u2022 SEXTA \/ FRIDAY<\/p>\n<p class=\"prg_loc\">CCSP &#8211; SALA JARDEL FILHO<\/p>\n<p class=\"prg_itm\"><b>21h<\/b>\u00a0Tadzio (80\u2019) (TEATRO)<\/p>\n<p class=\"prg_loc\">CCSP &#8211; SALA ADONIRAN BARBOSA<\/p>\n<p class=\"prg_itm\"><b>19h<\/b>\u00a0Phedra Por Phedra (60&#8242;) (TEATRO)<\/p>\n<p class=\"prg_loc\">CCSP &#8211; SALA LIMA BARRETO<\/p>\n<p class=\"prg_itm\"><b>16h30<\/b>\u00a0MUNDO MIX LATINO &#8211; Juntos e Misturados (66\u2019) \/ ABRE: When I Get Home (14\u2019)<\/p>\n<p class=\"prg_itm\"><b>18h30<\/b>\u00a0CURTAS MIX BRASIL &#8211; Transa\u00e7\u00f5es (88\u2019)<\/p>\n<p class=\"prg_itm\"><b>20h30<\/b>\u00a0COMPETITIVA BRASIL &#8211; A Paix\u00e3o de JL (82\u2019)<\/p>\n<p class=\"prg_loc\">CCSP &#8211; SALA PAULO EMILIO<\/p>\n<p class=\"prg_itm\"><b>16h<\/b>\u00a0CURTAS MIX BRASIL &#8211; Queer Culture (83\u2019)<\/p>\n<p class=\"prg_itm\"><b>18h<\/b>\u00a0MUNDO MIX LATINO &#8211; Carmim Tropical (80\u2019)<\/p>\n<p class=\"prg_itm\"><b>20h<\/b>\u00a0PANORAMA INTERNACIONAL &#8211; C\u00e1rcere 4614 (60\u2019) \/ ABRE: Limanakia (11\u2019)<\/p>\n<p class=\"prg_loc\">CINE ITA\u00da AUGUSTA 3<\/p>\n<p class=\"prg_itm\"><b>16h<\/b>\u00a0PANORAMA INTERNACIONAL &#8211; O Que H\u00e1 Entre N\u00f3s? (94\u2019) \/ ABRE: Skunk (16\u2019)<\/p>\n<p class=\"prg_itm\"><b>18h<\/b>\u00a0PANORAMA INTERNACIONAL &#8211; Fassbinder &#8211; Amor Sem Cobran\u00e7as (107\u2019)<\/p>\n<p class=\"prg_itm\"><b>20h<\/b>\u00a0PANORAMA INTERNACIONAL &#8211; Como Vencer no Jogo (Sempre) (80\u2019)<\/p>\n<p class=\"prg_itm\"><b>22h<\/b>\u00a0PANORAMA INTERNACIONAL &#8211; Nasty Baby (101\u2019)<\/p>\n<p class=\"prg_itm\"><b>23h45<\/b>\u00a0PANORAMA INTERNACIONAL &#8211; Seed Money: A Hist\u00f3ria de Chuck Holmes (72\u2019)<\/p>\n<p class=\"prg_loc\">CINESESC<\/p>\n<p class=\"prg_itm\"><b>14h45<\/b>\u00a0PANORAMA INTERNACIONAL &#8211; Vivos! (80\u2019)<\/p>\n<p class=\"prg_itm\"><b>17h<\/b>\u00a0PANORAMA INTERNACIONAL &#8211; \u00c0s Escondidas (88\u2019)<\/p>\n<p class=\"prg_itm\"><b>19h<\/b>\u00a0PANORAMA INTERNACIONAL &#8211; Margarita com Canudinho (100\u2019)<\/p>\n<p class=\"prg_itm\"><b>21h<\/b>\u00a0COMPETITIVA BRASIL &#8211; Calif\u00f3rnia (90\u2019)<\/p>\n<p class=\"prg_dia\">14\/11 \u2022 S\u00c1BADO \/ SATURDAY<\/p>\n<p class=\"prg_loc\">CCSP &#8211; SALA JARDEL FILHO<\/p>\n<p class=\"prg_itm\"><b>21h<\/b>\u00a0120 Dias De Sodoma (90\u2019) (TEATRO)<\/p>\n<p class=\"prg_loc\">CCSP &#8211; SALA ADONIRAN BARBOSA<\/p>\n<p class=\"prg_itm\"><b>19h<\/b>\u00a0Xerxes | Ver\u00f4nica Decide Morrer (MIX MUSIC)<\/p>\n<p class=\"prg_loc\">CCSP &#8211; SALA LIMA BARRETO<\/p>\n<p class=\"prg_itm\"><b>16h30<\/b>\u00a0CURTAS MIX BRASIL &#8211; Viva Sapata! (85\u2019)<\/p>\n<p class=\"prg_itm\"><b>18h30<\/b>\u00a0PANORAMA INTERNACIONAL &#8211; Bem-Vinda a Esta Casa (79\u2019)<\/p>\n<p class=\"prg_itm\"><b>20h30<\/b>\u00a0MUNDO MIX LATINO &#8211; Liz em Setembro (92\u2019)<\/p>\n<p class=\"prg_loc\">CCSP &#8211; SALA PAULO EMILIO<\/p>\n<p class=\"prg_itm\"><b>16h<\/b>\u00a0PANORAMA INTERNACIONAL &#8211; A Cerim\u00f4nia (74\u2019)<\/p>\n<p class=\"prg_itm\"><b>18h<\/b>\u00a0PANORAMA INTERNACIONAL &#8211; Hist\u00f3rias de Nossas Vidas (60\u2019) \/ ABRE: Desejos (32\u2019)<\/p>\n<p class=\"prg_itm\"><b>20h<\/b>\u00a0PANORAMA INTERNACIONAL &#8211; Sentimentos S\u00e3o Fatos: A Vida de Yvonne Rainer (83\u2019)<\/p>\n<p class=\"prg_loc\">CCSP &#8211; SALA DE ENSAIO 2<\/p>\n<p class=\"prg_itm\"><b>17h<\/b>\u00a0Uma Cama Quebrada (LEITURAS DRAM\u00c1TICAS)<\/p>\n<p class=\"prg_loc\">CINE ITA\u00da AUGUSTA 3<\/p>\n<p class=\"prg_itm\"><b>16h<\/b>\u00a0PANORAMA INTERNACIONAL &#8211; Electroboy (113\u2019)<\/p>\n<p class=\"prg_itm\"><b>18h<\/b>\u00a0PANORAMA INTERNACIONAL &#8211; Amor Eterno (69\u2019)<\/p>\n<p class=\"prg_itm\"><b>20h<\/b>\u00a0MUNDO MIX LATINO &#8211; A Visita (82\u2019)<\/p>\n<p class=\"prg_itm\"><b>22h<\/b>\u00a0PANORAMA INTERNACIONAL &#8211; Sou Todo Teu (102\u2019)<\/p>\n<p class=\"prg_itm\"><b>23h45<\/b>\u00a0PANORAMA INTERNACIONAL &#8211; The Material Boy (80\u2019)<\/p>\n<p class=\"prg_loc\">CINESESC<\/p>\n<p class=\"prg_itm\"><b>14h45<\/b>\u00a0PANORAMA INTERNACIONAL &#8211; Dora ou as Neuroses Sexuais de Nossos Pais (92\u2019) \/ ABRE: Bad at Dancing (11\u2019)<\/p>\n<p class=\"prg_itm\"><b>17h<\/b>\u00a0COMPETITIVA BRASIL &#8211; Vozeria (55\u2019)<\/p>\n<p class=\"prg_itm\"><b>19h<\/b>\u00a0COMPETITIVA BRASIL &#8211; TupiniQueens (79\u2019)<\/p>\n<p class=\"prg_itm\"><b>21h<\/b>\u00a0MUNDO MIX LATINO &#8211; O Homem Novo (79\u2019)<\/p>\n<\/td>\n<td valign=\"top\" width=\"33%\">\n<p class=\"prg_dia\">15\/11 \u2022 DOMINGO \/ SUNDAY<\/p>\n<p class=\"prg_loc\">CCSP &#8211; SALA JARDEL FILHO<\/p>\n<p class=\"prg_itm\"><b>20h<\/b>\u00a0120 Dias De Sodoma (90\u2019)(TEATRO)<\/p>\n<p class=\"prg_loc\">CCSP &#8211; SALA ADONIRAN BARBOSA<\/p>\n<p class=\"prg_itm\"><b>18h<\/b>\u00a0Siso | Bears Band (MIX MUSIC)<\/p>\n<p class=\"prg_loc\">CCSP &#8211; SALA LIMA BARRETO<\/p>\n<p class=\"prg_itm\"><b>16h30<\/b>\u00a0CURTAS MIX BRASIL &#8211; Crescendo com a Diversidade (48\u2019)<\/p>\n<p class=\"prg_itm\"><b>18h30<\/b>\u00a0COMPETITIVA BRASIL &#8211; Curtas 1 (78\u2019)<\/p>\n<p class=\"prg_itm\"><b>20h<\/b>\u00a0COMPETITIVA BRASIL &#8211; Curtas 3 (71\u2019)<\/p>\n<p class=\"prg_loc\">CCSP &#8211; SALA PAULO EMILIO<\/p>\n<p class=\"prg_itm\"><b>16h<\/b>\u00a0COMPETITIVA BRASIL &#8211; Yorimat\u00e3 (116\u2019)<\/p>\n<p class=\"prg_itm\"><b>18h<\/b>\u00a0COMPETITIVA BRASIL &#8211; Curtas 2 (68\u2019)<\/p>\n<p class=\"prg_itm\"><b>20h<\/b>\u00a0COMPETITIVA BRASIL &#8211; Curtas 4 (72\u2019)<\/p>\n<p class=\"prg_loc\">CCSP &#8211; SALA DE ENSAIO 2<\/p>\n<p class=\"prg_itm\"><b>16h<\/b>\u00a040 Anos Esta Noite (LEITURAS DRAM\u00c1TICAS)<\/p>\n<p class=\"prg_loc\">CINE ITA\u00da AUGUSTA 3<\/p>\n<p class=\"prg_itm\"><b>16h<\/b>\u00a0PANORAMA INTERNACIONAL &#8211; Tab Hunter &#8211; Confidencial (90\u2019)<\/p>\n<p class=\"prg_itm\"><b>18h<\/b>\u00a0PANORAMA INTERNACIONAL &#8211; Grandma (79\u2019)<\/p>\n<p class=\"prg_itm\"><b>20h<\/b>\u00a0CURTAS MIX BRASIL &#8211; Sexy Bofes (88\u2019)<\/p>\n<p class=\"prg_itm\"><b>22h<\/b>\u00a0CURTAS MIX BRASIL &#8211; Sexy Boyz (93\u2019)<\/p>\n<p class=\"prg_loc\">CINESESC<\/p>\n<p class=\"prg_itm\"><b>14h45<\/b>\u00a0PANORAMA INTERNACIONAL &#8211; Fassbinder &#8211; Amor Sem Cobran\u00e7as (107\u2019)<\/p>\n<p class=\"prg_itm\"><b>17h<\/b>\u00a0PANORAMA INTERNACIONAL &#8211; Tab Hunter &#8211; Confidencial (90\u2019)<\/p>\n<p class=\"prg_itm\"><b>19h<\/b>\u00a0PANORAMA INTERNACIONAL &#8211; O Que H\u00e1 Entre N\u00f3s? (94\u2019) \/ ABRE: Skunk (16\u2019)<\/p>\n<p class=\"prg_itm\"><b>21h<\/b>\u00a0MUNDO MIX LATINO &#8211; Grisalhos (98\u2019)<\/p>\n<p class=\"prg_dia\">16\/11 \u2022 SEGUNDA \/ MONDAY<\/p>\n<p class=\"prg_loc\">CINE ITA\u00da AUGUSTA 3<\/p>\n<p class=\"prg_itm\"><b>16h<\/b>\u00a0COMPETITIVA BRASIL &#8211; A Seita (70\u2019)<\/p>\n<p class=\"prg_itm\"><b>18h<\/b>\u00a0PANORAMA INTERNACIONAL &#8211; Dora ou as Neuroses Sexuais de Nossos Pais (92\u2019) \/ ABRE: Bad at Dancing (11\u2019)<\/p>\n<p class=\"prg_itm\"><b>20h<\/b>\u00a0MUNDO MIX LATINO &#8211; A Visita (82\u2019)<\/p>\n<p class=\"prg_itm\"><b>22h<\/b>\u00a0PANORAMA INTERNACIONAL &#8211; O Mundo de Daniel (74\u2019)<\/p>\n<p class=\"prg_loc\">CINESESC<\/p>\n<p class=\"prg_itm\"><b>14h45<\/b>\u00a0COMPETITIVA BRASIL &#8211; Yorimat\u00e3 (116\u2019)<\/p>\n<p class=\"prg_itm\"><b>17h<\/b>\u00a0PANORAMA INTERNACIONAL &#8211; Como Vencer no Jogo (Sempre) (80\u2019)<\/p>\n<p class=\"prg_itm\"><b>19h<\/b>\u00a0PANORAMA INTERNACIONAL &#8211; The Sandwich Nazi: A Famosa Lingui\u00e7a de Salam Kahil (72\u2019)<\/p>\n<p class=\"prg_itm\"><b>21h<\/b>\u00a0PANORAMA INTERNACIONAL &#8211; Cut Snake (94\u2019)<\/p>\n<p class=\"prg_dia\">17\/11 \u2022 TER\u00c7A \/ TUESDAY<\/p>\n<p class=\"prg_loc\">CCSP &#8211; SALA JARDEL FILHO<\/p>\n<p class=\"prg_itm\"><b>10h<\/b>\u00a0Abertura Confer\u00eancia [SSEX BBOX] (20\u2019)<\/p>\n<p class=\"prg_itm\"><b>10h20<\/b>\u00a0Mesa 1 &#8211; Direitos Sexuais Humanos (100\u2019) [SSEX BBOX]<\/p>\n<p class=\"prg_itm\"><b>13h30<\/b>\u00a0Mesa 2 &#8211; Pra come\u00e7o de conversa &#8211; LGBTQIA (120\u2019) [SSEX BBOX]<\/p>\n<p class=\"prg_itm\"><b>15h40<\/b>\u00a0Mesa 3 &#8211; Pingos Nos Is: A Inclus\u00e3o Radical E A Comunica\u00e7\u00e3o N\u00e3o Violenta (120\u2019) [SSEX BBOX]<\/p>\n<p class=\"prg_itm\"><b>21h<\/b>\u00a0Show do Gongo<\/p>\n<p class=\"prg_loc\">CCSP &#8211; SALA ADONIRAN BARBOSA<\/p>\n<p class=\"prg_itm\"><b>20h<\/b>\u00a0Rol\u00ea (55\u2019) (TEATRO)<\/p>\n<p class=\"prg_loc\">CCSP &#8211; SALA LIMA BARRETO<\/p>\n<p class=\"prg_itm\"><b>16h30<\/b>\u00a0CURTAS MIX BRASIL &#8211; Amor Que D\u00f3i (83&#8242;)<\/p>\n<p class=\"prg_itm\"><b>18h30<\/b>\u00a0COMPETITIVA BRASIL &#8211; Curtas 3 (71\u2019)<\/p>\n<p class=\"prg_itm\"><b>20h<\/b>\u00a0COMPETITIVA BRASIL &#8211; Curtas 1 (78\u2019)<\/p>\n<p class=\"prg_loc\">CCSP &#8211; SALA PAULO EMILIO<\/p>\n<p class=\"prg_itm\"><b>16h<\/b>\u00a0COMPETITIVA BRASIL &#8211; A Seita (70\u2019)<\/p>\n<p class=\"prg_itm\"><b>18h<\/b>\u00a0COMPETITIVA BRASIL &#8211; Curtas 4 (72\u2019)<\/p>\n<p class=\"prg_itm\"><b>20h<\/b>\u00a0COMPETITIVA BRASIL &#8211; Curtas 2 (68\u2019)<\/p>\n<p class=\"prg_loc\">CCSP &#8211; SALA DE ENSAIO 2<\/p>\n<p class=\"prg_itm\"><b>18h30<\/b>\u00a0Roda de Conversa &#8211; Regula\u00e7\u00f5es Biom\u00e9dicas Sobre Os Corpos Fora Da Norma (120\u2019)[SSEX BBOX]<\/p>\n<p class=\"prg_loc\">CINE ITA\u00da AUGUSTA 3<\/p>\n<p class=\"prg_itm\"><b>16h<\/b>\u00a0MUNDO MIX LATINO &#8211; O Homem Novo (79\u2019)<\/p>\n<p class=\"prg_itm\"><b>18h<\/b>\u00a0CURTAS MIX BRASIL &#8211; Sexy Latinos (96\u2019)<\/p>\n<p class=\"prg_itm\"><b>20h<\/b>\u00a0CURTAS MIX BRASIL &#8211; Sexy Bofes (88\u2019)<\/p>\n<p class=\"prg_itm\"><b>22h<\/b>\u00a0CURTAS MIX BRASIL &#8211; Sexy Boyz (93\u2019)<\/p>\n<p class=\"prg_loc\">CINESESC<\/p>\n<p class=\"prg_itm\"><b>14h45<\/b>\u00a0COMPETITIVA BRASIL &#8211; Quase Samba (90\u2019)<\/p>\n<p class=\"prg_itm\"><b>17h<\/b>\u00a0MUNDO MIX LATINO &#8211; Mariposa (103\u2019)<\/p>\n<p class=\"prg_itm\"><b>19h<\/b>\u00a0PANORAMA INTERNACIONAL &#8211; O Perfil de Amina (84\u2019)<\/p>\n<p class=\"prg_itm\"><b>21h<\/b>\u00a0PANORAMA INTERNACIONAL &#8211; Seed Money: A Hist\u00f3ria de Chuck Holmes (72\u2019)<\/p>\n<p class=\"prg_dia\">18\/11 \u2022 QUARTA \/ WEDNESDAY<\/p>\n<p class=\"prg_loc\">CCSP &#8211; SALA JARDEL FILHO<\/p>\n<p class=\"prg_itm\"><b>10h<\/b>\u00a0Palestra 1 &#8211; Viol\u00eancia do Come\u00e7o ao Fim: La\u00e7os Perversos Entre Imagin\u00e1rio, Real e a Quest\u00e3o do Feminic\u00eddio (120\u2019) [SSEX BBOX]<\/p>\n<p class=\"prg_itm\"><b>21h<\/b>\u00a0Maria Que Virou Jonas Ou A For\u00e7a Da Imagina\u00e7\u00e3o (105\u2019) (TEATRO)<\/p>\n<p class=\"prg_loc\">CCSP &#8211; SALA ADONIRAN BARBOSA<\/p>\n<p class=\"prg_itm\"><b>10h<\/b>\u00a0Mesa 4 &#8211; Conex\u00e3o S\u00e3o Paulo-Bay Area (120\u2019) [SSEX BBOX]<\/p>\n<p class=\"prg_itm\"><b>13h30<\/b>\u00a0Mesa 5 &#8211; Trans Feminismo (120\u2019) [SSEX BBOX]<\/p>\n<p class=\"prg_itm\"><b>16h<\/b>\u00a0Mesa 6 &#8211; Ideologia de G\u00eanero e Estatuto da Fam\u00edlia (120\u2019) [SSEX BBOX]<\/p>\n<p class=\"prg_itm\"><b>19h<\/b>\u00a0Cerim\u00f4nia de Premia\u00e7\u00e3o<\/p>\n<p class=\"prg_itm\"><b>20h<\/b>30 Escravagina (Performance)<\/p>\n<p class=\"prg_loc\">CCSP &#8211; SALA LIMA BARRETO<\/p>\n<p class=\"prg_itm\"><b>16h30<\/b>\u00a0COMPETITIVA BRASIL &#8211; Quase Samba (90&#8242;)<\/p>\n<p class=\"prg_itm\"><b>18h30<\/b>\u00a0PANORAMA INTERNACIONAL &#8211; Amor Bruto (89\u2019)<\/p>\n<p class=\"prg_itm\"><b>20h<\/b>\u00a0PANORAMA INTERNACIONAL &#8211; Vivos! (80\u2019)<\/p>\n<p class=\"prg_loc\">CCSP &#8211; SALA PAULO EMILIO<\/p>\n<p class=\"prg_itm\"><b>16h<\/b>\u00a0COMPETITIVA BRASIL &#8211; Ral\u00e9 (73\u2019)<\/p>\n<p class=\"prg_itm\"><b>18h<\/b>\u00a0CURTAS MIX BRASIL &#8211; Virado \u00e0 Paulista (86\u2019)<\/p>\n<p class=\"prg_itm\"><b>20h<\/b>\u00a0COMPETITIVA BRASIL &#8211; O Animal Sonhado (78\u2019)<\/p>\n<p class=\"prg_loc\">CINE ITA\u00da AUGUSTA 3<\/p>\n<p class=\"prg_itm\"><b>16h<\/b>\u00a0MUNDO MIX LATINO &#8211; Grisalhos (98\u2019)<\/p>\n<p class=\"prg_itm\"><b>18h<\/b>\u00a0PANORAMA INTERNACIONAL &#8211; Electroboy (113\u2019)<\/p>\n<p class=\"prg_itm\"><b>20h<\/b>\u00a0PANORAMA INTERNACIONAL &#8211; Drown (93\u2019)<\/p>\n<p class=\"prg_itm\"><b>22h<\/b>\u00a0PANORAMA INTERNACIONAL &#8211; The Material Boy (80\u2019)<\/p>\n<p class=\"prg_loc\">CINESESC<\/p>\n<p class=\"prg_itm\"><b>14h45<\/b>\u00a0PANORAMA INTERNACIONAL &#8211; Hockney (112\u2019)<\/p>\n<p class=\"prg_itm\"><b>17h<\/b>\u00a0PANORAMA INTERNACIONAL &#8211; Margarita com Canudinho (100\u2019)<\/p>\n<p class=\"prg_itm\"><b>19h<\/b>\u00a0PANORAMA INTERNACIONAL &#8211; Cut Snake (94\u2019)<\/p>\n<p class=\"prg_itm\"><b>21h<\/b>\u00a0PANORAMA INTERNACIONAL &#8211; Nasty Baby (101\u2019)<\/p>\n<\/td>\n<td valign=\"top\" width=\"33%\">\n<p class=\"prg_dia\">19\/11 \u2022 QUINTA \/ THURSDAY<\/p>\n<p class=\"prg_loc\">CCSP &#8211; SALA JARDEL FILHO<\/p>\n<p class=\"prg_itm\"><b>10h<\/b>\u00a0Mesa 8 &#8211; Empresas Inclusivas (120\u2019) [SSEX BBOX]<\/p>\n<p class=\"prg_itm\"><b>13h30<\/b>\u00a0Palestra 2 &#8211; Dialogando com Daniela Sea (120\u2019) [SSEX BBOX]<\/p>\n<p class=\"prg_itm\"><b>21h<\/b>\u00a0Maria Que Virou Jonas Ou A For\u00e7a Da Imagina\u00e7\u00e3o (105\u2019) ( (TEATRO)<\/p>\n<p class=\"prg_loc\">CCSP &#8211; SALA ADONIRAN BARBOSA<\/p>\n<p class=\"prg_itm\"><b>10h<\/b>\u00a0Mesa 7 &#8211; Para L\u00e1 Do Binarismo (120\u2019) [SSEX BBOX]<\/p>\n<p class=\"prg_itm\"><b>13h30<\/b>\u00a0Mesa 9 &#8211; Novos paradigmas do direito brasileiro (120\u2019) [SSEX BBOX]<\/p>\n<p class=\"prg_itm\"><b>16h<\/b>\u00a0Palestra 3 &#8211; A Hist\u00f3ria E O Futuro Da Identidade Queer (120\u2019)<\/p>\n<p class=\"prg_itm\"><b>19h<\/b>\u00a0Rico Dalasan (MIX MUSIC)<\/p>\n<p class=\"prg_loc\">CCSP &#8211; SALA LIMA BARRETO<\/p>\n<p class=\"prg_itm\"><b>16h30<\/b>\u00a0COMPETITIVA BRASIL &#8211; \u00c2ncora do Marujo (72\u2019)<\/p>\n<p class=\"prg_itm\"><b>18h30<\/b>\u00a0COMPETITIVA BRASIL &#8211; TupiniQueens (79\u2019)<\/p>\n<p class=\"prg_itm\"><b>20h30<\/b>\u00a0COMPETITIVA BRASIL &#8211; Vozeria (55\u2019)<\/p>\n<p class=\"prg_loc\">CCSP &#8211; SALA PAULO EMILIO<\/p>\n<p class=\"prg_itm\"><b>16h<\/b>\u00a0CURTAS MIX BRASIL &#8211; Queer Culture (83\u2019)<\/p>\n<p class=\"prg_itm\"><b>18h<\/b>\u00a0MUNDO MIX LATINO &#8211; Carmim Tropical (80\u2019)<\/p>\n<p class=\"prg_itm\"><b>20h<\/b>\u00a0PANORAMA INTERNACIONAL &#8211; Amor Eterno (69\u2019)<\/p>\n<p class=\"prg_loc\">CCSP &#8211; SALA DE ENSAIO 2<\/p>\n<p class=\"prg_itm\"><b>18h30<\/b>\u00a0Workshop 1 &#8211; Integra\u00e7\u00e3o De Dualidades E Contradi\u00e7\u00f5es (120\u2019) [SSEX BBOX]<\/p>\n<p class=\"prg_dia\">20\/11 \u2022 SEXTA \/ FRIDAY<\/p>\n<p class=\"prg_loc\">CCSP &#8211; SALA JARDEL FILHO<\/p>\n<p class=\"prg_itm\"><b>21h<\/b>\u00a0Desamor (40&#8242;)<\/p>\n<p class=\"prg_loc\">CCSP &#8211; SALA ADONIRAN BARBOSA<\/p>\n<p class=\"prg_itm\"><b>10h<\/b>\u00a0Mesa 10 &#8211; Diversidade Na M\u00eddia: Avan\u00e7os E Desafios (120\u2019) [SSEX BBOX]<\/p>\n<p class=\"prg_itm\"><b>13h30<\/b>\u00a0Mesa 11 &#8211; Trans Dignidade E Respeito (120\u2019) [SSEX BBOX]<\/p>\n<p class=\"prg_itm\"><b>16h<\/b>\u00a0Mesa 12 \u2013 Descoloniza\u00e7\u00e3o Dos Corpos &amp; Queer Normativo (120\u2019)<\/p>\n<p class=\"prg_itm\"><b>19h<\/b>\u00a0Manifesta Kuir-Tupinikaos (PERFORMANCE)<\/p>\n<p class=\"prg_loc\">CCSP &#8211; SALA LIMA BARRETO<\/p>\n<p class=\"prg_itm\"><b>16h30<\/b>\u00a0MUNDO MIX LATINO &#8211; Juntos e Misturados (66\u2019) &#8211; ABRE: When I Get Home (14\u2019)<\/p>\n<p class=\"prg_itm\"><b>18h30<\/b>\u00a0CURTAS MIX BRASIL &#8211; Viva Sapata! (85\u2019)<\/p>\n<p class=\"prg_itm\"><b>20h30<\/b>\u00a0PANORAMA INTERNACIONAL &#8211; C\u00e1rcere 4614 (60\u2019) \/ ABRE: Limanakia (11\u2019)<\/p>\n<p class=\"prg_loc\">CCSP &#8211; SALA PAULO EMILIO<\/p>\n<p class=\"prg_itm\"><b>16h<\/b>\u00a0PANORAMA INTERNACIONAL &#8211; Hist\u00f3rias de Nossas Vidas (60\u2019) \/ ABRE: Desejos (32\u2019)<\/p>\n<p class=\"prg_itm\"><b>18h<\/b>\u00a0PAINEL: Queer City<\/p>\n<p class=\"prg_itm\"><b>20h<\/b>\u00a0PANORAMA INTERNACIONAL &#8211; \u00c0s Escondidas (88\u2019)<\/p>\n<p class=\"prg_loc\">CCSP &#8211; SALA DE ENSAIO 1<\/p>\n<p class=\"prg_itm\"><b>18h30<\/b>\u00a0Workshop 2 &#8211; Buck Angel ~ Sexing The Transman (120\u2019) [SSEX BBOX]<\/p>\n<p class=\"prg_dia\">21\/11 \u2022 S\u00c1BADO \/ SATURDAY<\/p>\n<p class=\"prg_loc\">CCSP &#8211; SALA JARDEL FILHO<\/p>\n<p class=\"prg_itm\"><b>10h<\/b>\u00a0Mesa 13 \u2013 Transmasculinidades (120\u2019) [SSEX BBOX]<\/p>\n<p class=\"prg_itm\"><b>21h<\/b>\u00a0Homens Nas Cidades (95\u2019) (TEATRO)<\/p>\n<p class=\"prg_loc\">CCSP &#8211; SALA ADONIRAN BARBOSA<\/p>\n<p class=\"prg_itm\"><b>13h30<\/b>\u00a0Palestra 04 \u2013 Dialogando Com Buck Angel (120\u2019) [SSEX BBOX]<\/p>\n<p class=\"prg_itm\"><b>16h<\/b>\u00a0Mesa 14 \u2013 An\u00e1lise Da Conjuntura Pol\u00edtica E Estrat\u00e9gias De Resist\u00eancia (120\u2019) [SSEX BBOX]<\/p>\n<p class=\"prg_itm\"><b>19h<\/b>\u00a0Novos Talentos &#8211; Cantores (MIX MUSIC)<\/p>\n<p class=\"prg_loc\">CCSP &#8211; SALA LIMA BARRETO<\/p>\n<p class=\"prg_itm\"><b>16h30<\/b>\u00a0CURTAS MIX BRASIL &#8211; Segredos e Descobertas (88\u2019)<\/p>\n<p class=\"prg_itm\"><b>18h30<\/b>\u00a0CURTAS MIX BRASIL &#8211; Sexy Latinos (96\u2019)<\/p>\n<p class=\"prg_itm\"><b>20h30<\/b>\u00a0MUNDO MIX LATINO &#8211; Liz em Setembro (92\u2019)<\/p>\n<p class=\"prg_loc\">CCSP &#8211; SALA PAULO EMILIO<\/p>\n<p class=\"prg_itm\"><b>16h<\/b>\u00a0PANORAMA INTERNACIONAL &#8211; Compre Um, Leve Dois (77\u2019)<\/p>\n<p class=\"prg_itm\"><b>18h<\/b>\u00a0PANORAMA INTERNACIONAL &#8211; Drown (93\u2019)<\/p>\n<p class=\"prg_itm\"><b>20h<\/b>\u00a0PANORAMA INTERNACIONAL &#8211; Amor Bruto (89\u2019)<\/p>\n<p class=\"prg_loc\">CCSP &#8211; SALA DE ENSAIO 2<\/p>\n<p class=\"prg_itm\"><b>10h<\/b>\u00a0Workshop 3 &#8211; Roda De Partilhas &#8211; Atividade Vivencial (120\u2019) [SSEX BBOX]<\/p>\n<p class=\"prg_itm\"><b>17h<\/b>\u00a0Sem Retorno [Leituras Dram\u00e1ticas]<\/p>\n<p class=\"prg_loc\">MINHOC\u00c3O &#8211; MARECHAL OPEN AIR<\/p>\n<p class=\"prg_itm\"><b>20h<\/b>\u00a0CURTAS MIX BRASIL &#8211; Crescendo com a Diversidade (48&#8242;)\u00a0<span style=\"color: cc0000;\"><b>SESS\u00c3O CANCELADA<\/b><\/span><\/p>\n<p class=\"prg_dia\">22\/11 \u2022 DOMINGO \/ SUNDAY<\/p>\n<p class=\"prg_loc\">CCSP &#8211; SALA JARDEL FILHO<\/p>\n<p class=\"prg_itm\"><b>10h<\/b>\u00a0Mesa 16 &#8211; Profissionais Do Sexo (120\u2019) [SSEX BBOX]<\/p>\n<p class=\"prg_itm\"><b>20h<\/b>\u00a0Homens Nas Cidades (95\u2019) (TEATRO)<\/p>\n<p class=\"prg_loc\">CCSP &#8211; SALA ADONIRAN BARBOSA<\/p>\n<p class=\"prg_itm\"><b>10h<\/b>\u00a0Mesa 15 \u2013 Sexualidade, Cultura E Religi\u00e3o (120\u2019) [SSEX BBOX]<\/p>\n<p class=\"prg_itm\"><b>13h30<\/b>\u00a0Mesa 17 \u2013 Fala Que Eu Te Escuto! (120\u2019)<\/p>\n<p class=\"prg_itm\"><b>16h<\/b>\u00a0Les Queens | Luana Hansen (MIX MUSIC)<\/p>\n<p class=\"prg_itm\"><b>18h<\/b>\u00a0Novos Talentos &#8211; Drag Queens (MIX MUSIC)<\/p>\n<p class=\"prg_loc\">CCSP &#8211; SALA LIMA BARRETO<\/p>\n<p class=\"prg_itm\"><b>16h30<\/b>\u00a0CURTAS MIX BRASIL &#8211; Mix Jovem (102\u2019)<\/p>\n<p class=\"prg_itm\"><b>18h30<\/b>\u00a0CURTAS MIX BRASIL &#8211; Transa\u00e7\u00f5es (88\u2019)<\/p>\n<p class=\"prg_itm\"><b>20h30<\/b>\u00a0MUNDO MIX LATINO &#8211; Te Prometo Anarquia (88\u2019) \/ ABRE: Ouve (7\u2019)<\/p>\n<p class=\"prg_loc\">CCSP &#8211; SALA PAULO EMILIO<\/p>\n<p class=\"prg_itm\"><b>16h<\/b>\u00a0PANORAMA INTERNACIONAL &#8211; Bem-Vinda a Esta Casa (79\u2019)<\/p>\n<p class=\"prg_itm\"><b>18h<\/b>\u00a0PANORAMA INTERNACIONAL &#8211; Sentimentos S\u00e3o Fatos: A Vida de Yvonne Rainer (83\u2019)<\/p>\n<p class=\"prg_itm\"><b>20h<\/b>\u00a0PANORAMA INTERNACIONAL &#8211; A Cerim\u00f4nia (74\u2019)<\/p>\n<p class=\"prg_loc\">CCSP &#8211; SALA DE ENSAIO 2<\/p>\n<p class=\"prg_itm\"><b>16h<\/b>\u00a0Duelo | Poesia Er\u00f3tica (LEITURAS DRAM\u00c1TICAS)<\/p>\n<\/td>\n<\/tr>\n<\/tbody>\n<\/table>\n<\/td>\n<\/tr>\n<\/tbody>\n<\/table>\n","protected":false},"excerpt":{"rendered":"<p>Clique aqui para baixar a programa\u00e7\u00e3o em PDF. AVISO Devido a quest\u00f5es t\u00e9cnicas, algumas sess\u00f5es foram canceladas, como segue: 21\/11 \u2022 S\u00c1BADO \/ SATURDAY MINHOC\u00c3O &#8211; MARECHAL OPEN AIR 20h\u00a0CURTAS MIX BRASIL &#8211; Crescendo com a Diversidade (48&#8242;) 11\/11 \u2022 QUARTA \/ WEDNESDAY CCSP &#8211; SALA JARDEL FILHO 21h\u00a0Filme de Abertura: TE PROMETO ANARQUIA (88\u2019)\u00a0(APENAS &hellip;<\/p>\n","protected":false},"author":3,"featured_media":0,"parent":0,"menu_order":0,"comment_status":"closed","ping_status":"closed","template":"","meta":{"footnotes":""},"class_list":["post-49","page","type-page","status-publish","hentry"],"_links":{"self":[{"href":"https:\/\/old.mixbrasil.org.br\/23\/wp-json\/wp\/v2\/pages\/49","targetHints":{"allow":["GET"]}}],"collection":[{"href":"https:\/\/old.mixbrasil.org.br\/23\/wp-json\/wp\/v2\/pages"}],"about":[{"href":"https:\/\/old.mixbrasil.org.br\/23\/wp-json\/wp\/v2\/types\/page"}],"author":[{"embeddable":true,"href":"https:\/\/old.mixbrasil.org.br\/23\/wp-json\/wp\/v2\/users\/3"}],"replies":[{"embeddable":true,"href":"https:\/\/old.mixbrasil.org.br\/23\/wp-json\/wp\/v2\/comments?post=49"}],"version-history":[{"count":1,"href":"https:\/\/old.mixbrasil.org.br\/23\/wp-json\/wp\/v2\/pages\/49\/revisions"}],"predecessor-version":[{"id":50,"href":"https:\/\/old.mixbrasil.org.br\/23\/wp-json\/wp\/v2\/pages\/49\/revisions\/50"}],"wp:attachment":[{"href":"https:\/\/old.mixbrasil.org.br\/23\/wp-json\/wp\/v2\/media?parent=49"}],"curies":[{"name":"wp","href":"https:\/\/api.w.org\/{rel}","templated":true}]}}