{"id":52,"date":"2018-09-28T00:12:51","date_gmt":"2018-09-28T03:12:51","guid":{"rendered":"http:\/\/mixbrasil.org.br\/23\/?page_id=52"},"modified":"2018-09-28T00:12:51","modified_gmt":"2018-09-28T03:12:51","slug":"show-do-gongo","status":"publish","type":"page","link":"https:\/\/old.mixbrasil.org.br\/23\/show-do-gongo\/","title":{"rendered":"Show do gongo"},"content":{"rendered":"<table>\n<tbody>\n<tr>\n<td><img loading=\"lazy\" decoding=\"async\" src=\"http:\/\/anteriores.mixbrasil.org.br\/2015\/images\/outros\/gongo.jpg\" alt=\"\" width=\"550\" height=\"246\" border=\"0\" \/><\/p>\n<table border=\"0\" cellspacing=\"0\" cellpadding=\"0\">\n<tbody>\n<tr>\n<td>S\u00e3o Paulo recebe mais uma edi\u00e7\u00e3o do infame Show do Gongo. Uma tradi\u00e7\u00e3o do MixBrasil desde 1999.<br \/>\nFunciona assim: desapegados realizadores submetem seus v\u00eddeos de at\u00e9 5 minutos ao julgamento do p\u00fablico do MixBrasil, cabendo \u00e0 poderosa Marisa Orth traduzir o anseio popular e tomar a decis\u00e3o se as obras ser\u00e3o exibidas at\u00e9 o final ou se ser\u00e3o sumariamente gongadas. Os sobreviventes ser\u00e3o ent\u00e3o avaliados por um luxuoso j\u00fari. O vencedor, al\u00e9m da fama internacional imediata, recebe um Coelho de Prata e um pr\u00eamio que pode mudar sua vida.<\/td>\n<\/tr>\n<\/tbody>\n<\/table>\n<p><span class=\"men\">17\/11 \u2022 TER\u00c7A \u2022 21hs<br \/>\n<\/span><b>CENTRO CULTURAL S\u00c3O PAULO &#8211; SALA JARDEL FILHO<br \/>\n<\/b>Rua Vergueiro, 1000 &#8211; Para\u00edso<br \/>\nMetr\u00f4 Vergueiro<\/p>\n<p><b>PRE\u00c7O: R$ 20 (inteira) e R$ 10 (meia-entrada, somente com carteirinha ou comprovante que d\u00ea esse direito.<\/b>\u00a0Os ingressos ser\u00e3o vendidos na bilheteria do CCSP\u00a0<b>no dia do show, duas horas antes<\/b>, por ordem de chegada. Os ingressos s\u00e3o limitados e sujeitos \u00e0 lota\u00e7\u00e3o das salas.<\/p>\n<p><b>INSTRU\u00c7\u00d5ES PARA INSCRI\u00c7\u00c3O DE V\u00cdDEOS NO SHOW DO GONGO<\/b><\/p>\n<p>O seu v\u00eddeo dever\u00e1 ser enviado em formato digital (mov, mp4 etc.), para os seguintes locais:<\/p>\n<p><b>1)<\/b>\u00a0Escrit\u00f3rio do Festival Mix Brasil (Av. Dr. Vieira de Carvalho, 192, Cj. 21) at\u00e9 o dia 16\/11, em hor\u00e1rio comercial, EXCLUSIVAMENTE SALVO EM PEN DRIVE (n\u00e3o ser\u00e3o aceitas outras m\u00eddias);<\/p>\n<p><b>2)<\/b>\u00a0Produ\u00e7\u00e3o do Festival (mixbrasil.info@gmail.com), utilizando um servi\u00e7o de compartilhamento de arquivos (WeTransfer, Google Drive etc.), at\u00e9 o dia 16\/11.<\/p>\n<p><b>3)<\/b>\u00a0Centro Cultural S\u00e3o Paulo, no dia 17\/11 (apenas no dia do evento) a partir das 14 hs AT\u00c9 UMA HORA ANTES DO SHOW, para um de nossos monitores uniformizados EXCLUSIVAMENTE SALVO EM PEN DRIVE (n\u00e3o ser\u00e3o aceitas outras m\u00eddias);<\/td>\n<\/tr>\n<\/tbody>\n<\/table>\n","protected":false},"excerpt":{"rendered":"<p>S\u00e3o Paulo recebe mais uma edi\u00e7\u00e3o do infame Show do Gongo. Uma tradi\u00e7\u00e3o do MixBrasil desde 1999. Funciona assim: desapegados realizadores submetem seus v\u00eddeos de at\u00e9 5 minutos ao julgamento do p\u00fablico do MixBrasil, cabendo \u00e0 poderosa Marisa Orth traduzir o anseio popular e tomar a decis\u00e3o se as obras ser\u00e3o exibidas at\u00e9 o final &hellip;<\/p>\n","protected":false},"author":3,"featured_media":53,"parent":0,"menu_order":0,"comment_status":"closed","ping_status":"closed","template":"","meta":{"footnotes":""},"class_list":["post-52","page","type-page","status-publish","has-post-thumbnail","hentry"],"_links":{"self":[{"href":"https:\/\/old.mixbrasil.org.br\/23\/wp-json\/wp\/v2\/pages\/52","targetHints":{"allow":["GET"]}}],"collection":[{"href":"https:\/\/old.mixbrasil.org.br\/23\/wp-json\/wp\/v2\/pages"}],"about":[{"href":"https:\/\/old.mixbrasil.org.br\/23\/wp-json\/wp\/v2\/types\/page"}],"author":[{"embeddable":true,"href":"https:\/\/old.mixbrasil.org.br\/23\/wp-json\/wp\/v2\/users\/3"}],"replies":[{"embeddable":true,"href":"https:\/\/old.mixbrasil.org.br\/23\/wp-json\/wp\/v2\/comments?post=52"}],"version-history":[{"count":1,"href":"https:\/\/old.mixbrasil.org.br\/23\/wp-json\/wp\/v2\/pages\/52\/revisions"}],"predecessor-version":[{"id":54,"href":"https:\/\/old.mixbrasil.org.br\/23\/wp-json\/wp\/v2\/pages\/52\/revisions\/54"}],"wp:featuredmedia":[{"embeddable":true,"href":"https:\/\/old.mixbrasil.org.br\/23\/wp-json\/wp\/v2\/media\/53"}],"wp:attachment":[{"href":"https:\/\/old.mixbrasil.org.br\/23\/wp-json\/wp\/v2\/media?parent=52"}],"curies":[{"name":"wp","href":"https:\/\/api.w.org\/{rel}","templated":true}]}}