{"id":56,"date":"2018-09-28T00:14:44","date_gmt":"2018-09-28T03:14:44","guid":{"rendered":"http:\/\/mixbrasil.org.br\/23\/?page_id=56"},"modified":"2018-09-28T00:14:44","modified_gmt":"2018-09-28T03:14:44","slug":"premiacao","status":"publish","type":"page","link":"https:\/\/old.mixbrasil.org.br\/23\/premiacao\/","title":{"rendered":"Premia\u00e7\u00e3o"},"content":{"rendered":"<table>\n<tbody>\n<tr>\n<td>\n<h1><span class=\"sub\">COELHOS DE OURO<\/span><\/h1>\n<p><b>Pr\u00eamio do J\u00fari da Mostra Competitiva Brasil para as seguintes categorias:<\/b><\/p>\n<ul>\n<li>Melhor Longa-Metragem Brasileiro (Fic\u00e7\u00e3o |document\u00e1rio):<br \/>\n<span class=\"dst\">&#8220;A Paix\u00e3o de JL&#8221;<\/span>\u00a0<b>de Carlos Nader<\/b><\/li>\n<li>Melhor Curta-Metragem Brasileiro (Fic\u00e7\u00e3o | document\u00e1rio), que tamb\u00e9m receber\u00e1 o Pr\u00eamio CTAV \u2013 Centro T\u00e9cnico do Audiovisual da Secretaria do Audiovisual do Minist\u00e9rio da Cultura (empr\u00e9stimo de equipamentos para realiza\u00e7\u00e3o do pr\u00f3ximo filme):<br \/>\n<span class=\"dst\">&#8220;Roupa de Baixo&#8221;<\/span>\u00a0<b>de Lara Dezan<\/b><\/li>\n<\/ul>\n<p><span class=\"sub\">COELHOS DE PRATA<\/span><br \/>\n<b>Pr\u00eamio do J\u00fari da Mostra Competitiva Brasil para curtas-metragens nas seguintes categorias:<\/b><\/p>\n<ul>\n<li>Melhor Dire\u00e7\u00e3o:<br \/>\n<b>Otavio Chamorro por<\/b>\u00a0<span class=\"dst\">&#8220;Vagabunda de Meia Tigela&#8221;<\/span><\/li>\n<li>Men\u00e7\u00e3o Honrosa de Melhor Dire\u00e7\u00e3o:<br \/>\n<span class=\"dst\">&#8220;Arianas&#8221;<\/span>\u00a0<b>de Hilnara Anny Vidal<\/b><\/li>\n<li>Melhor Roteiro:<br \/>\n<b>Bruno Roger por\u00a0<\/b><span class=\"dst\">&#8220;Ocaso \u2013 Sunset&#8221;<\/span><\/li>\n<li>Melhor Interpreta\u00e7\u00e3o:<br \/>\n<b>Castanha em<\/b>\u00a0<span class=\"dst\">&#8220;Maria Helena a Mulher de Todos&#8221;<\/span><\/li>\n<\/ul>\n<p><b>Pr\u00eamio do J\u00fari da Mostra Competitiva Brasil para Longas-metragens nas seguintes categorias:<\/b><\/p>\n<ul>\n<li>Melhor Dire\u00e7\u00e3o:<br \/>\n<b>Helena Ignez por<\/b>\u00a0<span class=\"dst\">&#8220;Ral\u00e9&#8221;<\/span><\/li>\n<li>Men\u00e7\u00e3o Honrosa de Melhor Dire\u00e7\u00e3o:<br \/>\n<span class=\"dst\">&#8220;Yorimat\u00e3&#8221;<\/span>\u00a0<b>de Rafael Saar<\/b><\/li>\n<li>Melhor Roteiro:<br \/>\n<b>Marina Person, Mariana Verissimo e Francisco Guarnieri por\u00a0<\/b><span class=\"dst\">&#8220;Calif\u00f3rnia&#8221;<\/span><\/li>\n<li>Melhor Interpreta\u00e7\u00e3o:<br \/>\n<b>Clara Gallo em\u00a0<\/b><span class=\"dst\">&#8220;Calif\u00f3rnia&#8221;<\/span><\/li>\n<\/ul>\n<p><b>Pr\u00eamio do P\u00fablico para as seguintes categorias:<\/b><\/p>\n<ul>\n<li>Melhor Curta-Metragem Nacional, que tamb\u00e9m receber\u00e1 o Pr\u00eamio DOTCINE (02 Di\u00e1rias de Corre\u00e7\u00e3o de Cor + 01 Master DCP):<br \/>\n<span class=\"dst\">&#8220;Tant Pis \u2013 Cap\u00edtulo I&#8221;<\/span>\u00a0<b>de Bruna Rodrigues<\/b><\/li>\n<li>Melhor Curta-Metragem Internacional:<br \/>\n<span class=\"dst\">&#8220;San Cristobal&#8221;<\/span>\u00a0<b>de Omar Zui\u00f1iga Hidalgo<\/b><\/li>\n<li>Melhor Longa-Metragem Brasileiro (Fic\u00e7\u00e3o | Document\u00e1rio):<br \/>\n<span class=\"dst\">&#8220;Vozeria&#8221;<\/span>\u00a0<b>de Raphaela Comisso<\/b><\/li>\n<li>Melhor Longa-Metragem Internacional (Fic\u00e7\u00e3o | Document\u00e1rio):<br \/>\n<span class=\"dst\">&#8220;A Hist\u00f3ria de Nossas Vidas&#8221;<\/span>\u00a0<b>de Jim Chuchu<\/b><\/li>\n<\/ul>\n<p><span class=\"sub\">PR\u00caMIOS ESPECIAIS<\/span><br \/>\n<b>\u2022 Pr\u00eamio Suzy Cap\u00f3<\/b><br \/>\nPela primeira vez, o filme mais inovador e transgressor do Festival MixBrasil receber\u00e1 um Coelho de Prata. Esse pr\u00eamio \u00e9 uma homenagem do Festival MixBrasil \u00e0 sua cofundadora, Suzy Cap\u00f3.<br \/>\n<span class=\"dst\">&#8220;A Seita&#8221;<\/span>\u00a0<b>de Andr\u00e9 Antonio<\/b><\/p>\n<p><b>\u2022 Pr\u00eamio Canal Brasil de Incentivo ao Curta Metragem<\/b><br \/>\nOs curtas da Mostra Competitiva Brasil concorrem tamb\u00e9m a um pr\u00eamio no valor de R$ 15 mil. A escolha \u00e9 feita por um j\u00fari do Canal Brasil e o vencedor \u00e9 indicado ao Grande Pr\u00eamio Canal Brasil com o valor de R$ 50 mil.<br \/>\n<span class=\"dst\">\u201cRoupa de Baixo\u201d<\/span>\u00a0<b>de Lara Dezam<\/b><\/p>\n<p><b>\u2022 Pr\u00eamio Show do Gongo<\/b><br \/>\nCoelho de Prata entregue ao v\u00eddeo sobrevivente \u00e0s gongadas do p\u00fablico e de Marisa Orth.<br \/>\n<span class=\"dst\">&#8220;Sofia&#8221;<\/span>\u00a0<b>de Mauricio Ferreira<\/b><\/p>\n<p><b>\u2022 Pr\u00eamio Ida Feldman<\/b><br \/>\nCoelho de Prata entregue \u00e0 pessoa que mais se destacar no Festival MixBrasil sob a \u00f3tica de Ida Feldman.<br \/>\n<span class=\"dst\">Buck Angel<\/span><\/td>\n<\/tr>\n<\/tbody>\n<\/table>\n","protected":false},"excerpt":{"rendered":"<p>COELHOS DE OURO Pr\u00eamio do J\u00fari da Mostra Competitiva Brasil para as seguintes categorias: Melhor Longa-Metragem Brasileiro (Fic\u00e7\u00e3o |document\u00e1rio): &#8220;A Paix\u00e3o de JL&#8221;\u00a0de Carlos Nader Melhor Curta-Metragem Brasileiro (Fic\u00e7\u00e3o | document\u00e1rio), que tamb\u00e9m receber\u00e1 o Pr\u00eamio CTAV \u2013 Centro T\u00e9cnico do Audiovisual da Secretaria do Audiovisual do Minist\u00e9rio da Cultura (empr\u00e9stimo de equipamentos para realiza\u00e7\u00e3o &hellip;<\/p>\n","protected":false},"author":3,"featured_media":0,"parent":0,"menu_order":0,"comment_status":"closed","ping_status":"closed","template":"","meta":{"footnotes":""},"class_list":["post-56","page","type-page","status-publish","hentry"],"_links":{"self":[{"href":"https:\/\/old.mixbrasil.org.br\/23\/wp-json\/wp\/v2\/pages\/56","targetHints":{"allow":["GET"]}}],"collection":[{"href":"https:\/\/old.mixbrasil.org.br\/23\/wp-json\/wp\/v2\/pages"}],"about":[{"href":"https:\/\/old.mixbrasil.org.br\/23\/wp-json\/wp\/v2\/types\/page"}],"author":[{"embeddable":true,"href":"https:\/\/old.mixbrasil.org.br\/23\/wp-json\/wp\/v2\/users\/3"}],"replies":[{"embeddable":true,"href":"https:\/\/old.mixbrasil.org.br\/23\/wp-json\/wp\/v2\/comments?post=56"}],"version-history":[{"count":1,"href":"https:\/\/old.mixbrasil.org.br\/23\/wp-json\/wp\/v2\/pages\/56\/revisions"}],"predecessor-version":[{"id":57,"href":"https:\/\/old.mixbrasil.org.br\/23\/wp-json\/wp\/v2\/pages\/56\/revisions\/57"}],"wp:attachment":[{"href":"https:\/\/old.mixbrasil.org.br\/23\/wp-json\/wp\/v2\/media?parent=56"}],"curies":[{"name":"wp","href":"https:\/\/api.w.org\/{rel}","templated":true}]}}