{"id":156,"date":"2018-10-19T15:06:00","date_gmt":"2018-10-19T18:06:00","guid":{"rendered":"http:\/\/mixbrasil.org.br\/24\/?page_id=156"},"modified":"2018-10-25T12:33:38","modified_gmt":"2018-10-25T14:33:38","slug":"quem-somos","status":"publish","type":"page","link":"https:\/\/old.mixbrasil.org.br\/24\/quem-somos\/","title":{"rendered":"Quem somos"},"content":{"rendered":"<table style=\"width: 859.5px;\">\n<tbody>\n<tr>\n<td style=\"width: 837.5px;\">\n<h1><span class=\"sub\"><i>Sempre um recome\u00e7o<\/i><\/span><\/h1>\n<p><img loading=\"lazy\" decoding=\"async\" src=\"http:\/\/festmixbrasil.provisorio.ws\/images\/spacer.gif\" alt=\"\" width=\"1\" height=\"20\" border=\"0\" \/><br \/>\nO Brasil tem passado por um momento muito delicado na economia e, principalmente, na pol\u00edtica. A crise afetou a produ\u00e7\u00e3o cultural e, sobretudo, os festivais espalhados por todo o pa\u00eds. Conosco n\u00e3o foi diferente.Mesmo em tempos de dinheiro curto, conseguimos manter presen\u00e7a em festivais internacionais e nacionais, buscando, mais do que nunca, fortalecer parcerias para que pud\u00e9ssemos trazer o melhor do cinema e da cultura da diversidade mundial para o p\u00fablico do Mix Brasil.<\/p>\n<p>Mais uma vez, conseguimos superar dificuldades, especialmente por conta dessas parcerias. A renova\u00e7\u00e3o do patroc\u00ednio do Banco Ita\u00fa \u2013 que se torna ainda mais pr\u00f3ximo com as atividades realizadas em conjunto com o Instituto Ita\u00fa Cultural \u2013, a Sabesp, o sempre companheiro Sesc SP, os fi\u00e9is colaboradores e nossa dedicada equipe possibilitaram a realiza\u00e7\u00e3o de uma edi\u00e7\u00e3o que se supera em qualidade de programa\u00e7\u00e3o e quantidade de trabalhos brasileiros e do exterior. Comemoramos um novo recorde de inscri\u00e7\u00f5es e a exuber\u00e2ncia da produ\u00e7\u00e3o nacional, representada em mais de 50 longas e curtas das cinco regi\u00f5es. O line up internacional vem com filmes premiados nos principais festivais (Locarno, Cannes, Berlim, Sundance, Toronto, Veneza, entre outros), assinados por diretores consagrados e por grandes apostas.<\/p>\n<p>As artes c\u00eanicas e a m\u00fasica continuam ganhando espa\u00e7o, representatividade e consist\u00eancia com Dram\u00e1tica em Cena e Mix Music, apresentando espet\u00e1culos e shows contestadores que aprofundam a discuss\u00e3o sobre identidade de g\u00eanero e sexualidade. A confer\u00eancia realizada em parceria com [SSEX BBOX] vem, mais uma vez, para quebrar paradigmas, discutir a opress\u00e3o de corpos n\u00e3o normativos e dar foco \u00e0s diferentes formas de ser, ver e reconhecer o outro.<\/p>\n<p>Sempre atentos \u00e0 forma\u00e7\u00e3o de uma sociedade mais justa e tolerante, a sele\u00e7\u00e3o de curtas \u201cCrescendo com a Diversidade\u201d ser\u00e1 exibido tamb\u00e9m na rede dos CEUs por meio do Circuito Spcine. A presen\u00e7a dessa tem\u00e1tica ser\u00e1 ampliada com a oficina \u201cFazendo Cinema \u2013 Crescendo com a Diversidade\u201d \u2013 direcionada ao p\u00fablico infantojuvenil de escolas p\u00fablicas \u2013, o espet\u00e1culo infantil \u201cA Princesa e a Costureira\u201d e dois longas-metragens.<\/p>\n<p>Esta edi\u00e7\u00e3o consolida um projeto muito caro a n\u00f3s, lan\u00e7ado ano passado, que agora ganha corpo: o MixLab. Em parceria com a Spcine ser\u00e3o dois dias de encontros entre realizadores das mostras competitivas nacionais e outros profissionais do cinema brasileiro e estrangeiro, mergulhados num riqu\u00edssimo interc\u00e2mbio de experi\u00eancias e rela\u00e7\u00f5es profissionais.<\/p>\n<p>H\u00e1 24 anos o Mix Brasil cumpre o papel de empoderar e fazer sonhar. E, assim, seguimos plenos de for\u00e7a e convic\u00e7\u00e3o.<\/p>\n<p>Bem-vindos ao 24\u00ba Festival Mix Brasil!<\/p>\n<p><b>Jo\u00e3o Federici \/ Andr\u00e9 Fischer\u00a0<\/b><\/p>\n<p>&nbsp;<\/td>\n<\/tr>\n<\/tbody>\n<\/table>\n","protected":false},"excerpt":{"rendered":"<p>Sempre um recome\u00e7o O Brasil tem passado por um momento muito delicado na economia e, principalmente, na pol\u00edtica. A crise afetou a produ\u00e7\u00e3o cultural e, sobretudo, os festivais espalhados por todo o pa\u00eds. Conosco n\u00e3o foi diferente.Mesmo em tempos de dinheiro curto, conseguimos manter presen\u00e7a em festivais internacionais e nacionais, buscando, mais do que nunca, [&hellip;]<\/p>\n","protected":false},"author":3,"featured_media":0,"parent":0,"menu_order":0,"comment_status":"closed","ping_status":"closed","template":"","meta":{"footnotes":""},"class_list":["post-156","page","type-page","status-publish","hentry"],"yoast_head":"<!-- This site is optimized with the Yoast SEO plugin v27.3 - https:\/\/yoast.com\/product\/yoast-seo-wordpress\/ -->\n<title>Quem somos - 24\u00ba Festival Mix Brasil | 2016<\/title>\n<meta name=\"robots\" content=\"index, follow, max-snippet:-1, max-image-preview:large, max-video-preview:-1\" \/>\n<link rel=\"canonical\" href=\"https:\/\/old.mixbrasil.org.br\/24\/quem-somos\/\" \/>\n<meta property=\"og:locale\" content=\"pt_BR\" \/>\n<meta property=\"og:type\" content=\"article\" \/>\n<meta property=\"og:title\" content=\"Quem somos - 24\u00ba Festival Mix Brasil | 2016\" \/>\n<meta property=\"og:description\" content=\"Sempre um recome\u00e7o O Brasil tem passado por um momento muito delicado na economia e, principalmente, na pol\u00edtica. A crise afetou a produ\u00e7\u00e3o cultural e, sobretudo, os festivais espalhados por todo o pa\u00eds. Conosco n\u00e3o foi diferente.Mesmo em tempos de dinheiro curto, conseguimos manter presen\u00e7a em festivais internacionais e nacionais, buscando, mais do que nunca, [&hellip;]\" \/>\n<meta property=\"og:url\" content=\"https:\/\/old.mixbrasil.org.br\/24\/quem-somos\/\" \/>\n<meta property=\"og:site_name\" content=\"24\u00ba Festival Mix Brasil | 2016\" \/>\n<meta property=\"article:modified_time\" content=\"2018-10-25T14:33:38+00:00\" \/>\n<meta property=\"og:image\" content=\"http:\/\/festmixbrasil.provisorio.ws\/images\/spacer.gif\" \/>\n<meta name=\"twitter:card\" content=\"summary_large_image\" \/>\n<meta name=\"twitter:label1\" content=\"Est. tempo de leitura\" \/>\n\t<meta name=\"twitter:data1\" content=\"2 minutos\" \/>\n<script type=\"application\/ld+json\" class=\"yoast-schema-graph\">{\"@context\":\"https:\\\/\\\/schema.org\",\"@graph\":[{\"@type\":\"WebPage\",\"@id\":\"https:\\\/\\\/old.mixbrasil.org.br\\\/24\\\/quem-somos\\\/\",\"url\":\"https:\\\/\\\/old.mixbrasil.org.br\\\/24\\\/quem-somos\\\/\",\"name\":\"Quem somos - 24\u00ba Festival Mix Brasil | 2016\",\"isPartOf\":{\"@id\":\"https:\\\/\\\/old.mixbrasil.org.br\\\/24\\\/#website\"},\"primaryImageOfPage\":{\"@id\":\"https:\\\/\\\/old.mixbrasil.org.br\\\/24\\\/quem-somos\\\/#primaryimage\"},\"image\":{\"@id\":\"https:\\\/\\\/old.mixbrasil.org.br\\\/24\\\/quem-somos\\\/#primaryimage\"},\"thumbnailUrl\":\"http:\\\/\\\/festmixbrasil.provisorio.ws\\\/images\\\/spacer.gif\",\"datePublished\":\"2018-10-19T18:06:00+00:00\",\"dateModified\":\"2018-10-25T14:33:38+00:00\",\"breadcrumb\":{\"@id\":\"https:\\\/\\\/old.mixbrasil.org.br\\\/24\\\/quem-somos\\\/#breadcrumb\"},\"inLanguage\":\"pt-BR\",\"potentialAction\":[{\"@type\":\"ReadAction\",\"target\":[\"https:\\\/\\\/old.mixbrasil.org.br\\\/24\\\/quem-somos\\\/\"]}]},{\"@type\":\"ImageObject\",\"inLanguage\":\"pt-BR\",\"@id\":\"https:\\\/\\\/old.mixbrasil.org.br\\\/24\\\/quem-somos\\\/#primaryimage\",\"url\":\"http:\\\/\\\/festmixbrasil.provisorio.ws\\\/images\\\/spacer.gif\",\"contentUrl\":\"http:\\\/\\\/festmixbrasil.provisorio.ws\\\/images\\\/spacer.gif\"},{\"@type\":\"BreadcrumbList\",\"@id\":\"https:\\\/\\\/old.mixbrasil.org.br\\\/24\\\/quem-somos\\\/#breadcrumb\",\"itemListElement\":[{\"@type\":\"ListItem\",\"position\":1,\"name\":\"In\u00edcio\",\"item\":\"https:\\\/\\\/old.mixbrasil.org.br\\\/24\\\/\"},{\"@type\":\"ListItem\",\"position\":2,\"name\":\"Quem somos\"}]},{\"@type\":\"WebSite\",\"@id\":\"https:\\\/\\\/old.mixbrasil.org.br\\\/24\\\/#website\",\"url\":\"https:\\\/\\\/old.mixbrasil.org.br\\\/24\\\/\",\"name\":\"24\u00ba Festival Mix Brasil | 2016\",\"description\":\"O maior Festival LGBTQ da Am\u00e9rica Latina\",\"potentialAction\":[{\"@type\":\"SearchAction\",\"target\":{\"@type\":\"EntryPoint\",\"urlTemplate\":\"https:\\\/\\\/old.mixbrasil.org.br\\\/24\\\/?s={search_term_string}\"},\"query-input\":{\"@type\":\"PropertyValueSpecification\",\"valueRequired\":true,\"valueName\":\"search_term_string\"}}],\"inLanguage\":\"pt-BR\"}]}<\/script>\n<!-- \/ Yoast SEO plugin. -->","yoast_head_json":{"title":"Quem somos - 24\u00ba Festival Mix Brasil | 2016","robots":{"index":"index","follow":"follow","max-snippet":"max-snippet:-1","max-image-preview":"max-image-preview:large","max-video-preview":"max-video-preview:-1"},"canonical":"https:\/\/old.mixbrasil.org.br\/24\/quem-somos\/","og_locale":"pt_BR","og_type":"article","og_title":"Quem somos - 24\u00ba Festival Mix Brasil | 2016","og_description":"Sempre um recome\u00e7o O Brasil tem passado por um momento muito delicado na economia e, principalmente, na pol\u00edtica. A crise afetou a produ\u00e7\u00e3o cultural e, sobretudo, os festivais espalhados por todo o pa\u00eds. Conosco n\u00e3o foi diferente.Mesmo em tempos de dinheiro curto, conseguimos manter presen\u00e7a em festivais internacionais e nacionais, buscando, mais do que nunca, [&hellip;]","og_url":"https:\/\/old.mixbrasil.org.br\/24\/quem-somos\/","og_site_name":"24\u00ba Festival Mix Brasil | 2016","article_modified_time":"2018-10-25T14:33:38+00:00","og_image":[{"url":"http:\/\/festmixbrasil.provisorio.ws\/images\/spacer.gif","type":"","width":"","height":""}],"twitter_card":"summary_large_image","twitter_misc":{"Est. tempo de leitura":"2 minutos"},"schema":{"@context":"https:\/\/schema.org","@graph":[{"@type":"WebPage","@id":"https:\/\/old.mixbrasil.org.br\/24\/quem-somos\/","url":"https:\/\/old.mixbrasil.org.br\/24\/quem-somos\/","name":"Quem somos - 24\u00ba Festival Mix Brasil | 2016","isPartOf":{"@id":"https:\/\/old.mixbrasil.org.br\/24\/#website"},"primaryImageOfPage":{"@id":"https:\/\/old.mixbrasil.org.br\/24\/quem-somos\/#primaryimage"},"image":{"@id":"https:\/\/old.mixbrasil.org.br\/24\/quem-somos\/#primaryimage"},"thumbnailUrl":"http:\/\/festmixbrasil.provisorio.ws\/images\/spacer.gif","datePublished":"2018-10-19T18:06:00+00:00","dateModified":"2018-10-25T14:33:38+00:00","breadcrumb":{"@id":"https:\/\/old.mixbrasil.org.br\/24\/quem-somos\/#breadcrumb"},"inLanguage":"pt-BR","potentialAction":[{"@type":"ReadAction","target":["https:\/\/old.mixbrasil.org.br\/24\/quem-somos\/"]}]},{"@type":"ImageObject","inLanguage":"pt-BR","@id":"https:\/\/old.mixbrasil.org.br\/24\/quem-somos\/#primaryimage","url":"http:\/\/festmixbrasil.provisorio.ws\/images\/spacer.gif","contentUrl":"http:\/\/festmixbrasil.provisorio.ws\/images\/spacer.gif"},{"@type":"BreadcrumbList","@id":"https:\/\/old.mixbrasil.org.br\/24\/quem-somos\/#breadcrumb","itemListElement":[{"@type":"ListItem","position":1,"name":"In\u00edcio","item":"https:\/\/old.mixbrasil.org.br\/24\/"},{"@type":"ListItem","position":2,"name":"Quem somos"}]},{"@type":"WebSite","@id":"https:\/\/old.mixbrasil.org.br\/24\/#website","url":"https:\/\/old.mixbrasil.org.br\/24\/","name":"24\u00ba Festival Mix Brasil | 2016","description":"O maior Festival LGBTQ da Am\u00e9rica Latina","potentialAction":[{"@type":"SearchAction","target":{"@type":"EntryPoint","urlTemplate":"https:\/\/old.mixbrasil.org.br\/24\/?s={search_term_string}"},"query-input":{"@type":"PropertyValueSpecification","valueRequired":true,"valueName":"search_term_string"}}],"inLanguage":"pt-BR"}]}},"_links":{"self":[{"href":"https:\/\/old.mixbrasil.org.br\/24\/wp-json\/wp\/v2\/pages\/156","targetHints":{"allow":["GET"]}}],"collection":[{"href":"https:\/\/old.mixbrasil.org.br\/24\/wp-json\/wp\/v2\/pages"}],"about":[{"href":"https:\/\/old.mixbrasil.org.br\/24\/wp-json\/wp\/v2\/types\/page"}],"author":[{"embeddable":true,"href":"https:\/\/old.mixbrasil.org.br\/24\/wp-json\/wp\/v2\/users\/3"}],"replies":[{"embeddable":true,"href":"https:\/\/old.mixbrasil.org.br\/24\/wp-json\/wp\/v2\/comments?post=156"}],"version-history":[{"count":4,"href":"https:\/\/old.mixbrasil.org.br\/24\/wp-json\/wp\/v2\/pages\/156\/revisions"}],"predecessor-version":[{"id":491,"href":"https:\/\/old.mixbrasil.org.br\/24\/wp-json\/wp\/v2\/pages\/156\/revisions\/491"}],"wp:attachment":[{"href":"https:\/\/old.mixbrasil.org.br\/24\/wp-json\/wp\/v2\/media?parent=156"}],"curies":[{"name":"wp","href":"https:\/\/api.w.org\/{rel}","templated":true}]}}