{"id":239,"date":"2018-10-19T17:20:45","date_gmt":"2018-10-19T20:20:45","guid":{"rendered":"http:\/\/mixbrasil.org.br\/24\/?page_id=239"},"modified":"2018-10-19T17:23:26","modified_gmt":"2018-10-19T20:23:26","slug":"premiacao","status":"publish","type":"page","link":"https:\/\/old.mixbrasil.org.br\/24\/premiacao\/","title":{"rendered":"Premia\u00e7\u00e3o"},"content":{"rendered":"<table>\n<tbody>\n<tr>\n<td>\n<h1><span class=\"sub\">COELHOS DE OURO<\/span><\/h1>\n<p><b>Pr\u00eamio do J\u00fari da Mostra Competitiva Brasil para as seguintes categorias:<\/b><\/p>\n<ul>\n<li>Melhor Longa-Metragem Brasileiro:\u00a0<strong>WAITING FOR B.<\/strong>, de\u00a0<em>Paulo Cesar Toledo e Abigail Spindel<\/em><\/li>\n<li>Melhor Curta-Metragem Brasileiro:\u00a0<strong>OS CUIDADOS QUE SE TEM COM O CUIDADO QUE OS OUTROS DEVEM TER CONSIGO MESMOS<\/strong>, de\u00a0<em>Gustavo Vinagre<\/em><\/li>\n<\/ul>\n<p><b>INCENTIVO:<\/b><br \/>\nOs ganhadores dos Coelhos de Ouro receber\u00e3o os seguintes pr\u00eamios de incentivo \u00e0 realiza\u00e7\u00f5es de seus novos projetos audiovisuais atrav\u00e9s da parceria do Festival Mix Brasil com apoiadores da \u00e1rea cinematogr\u00e1fica:<\/p>\n<ul>\n<li><i><b>PR\u00caMIO DOT CINE<\/b><\/i><br \/>\nCurta-metragem: 02 di\u00e1rias de corre\u00e7\u00e3o de cor + Master DCP<br \/>\nLonga-metragem: Master DCP<\/li>\n<li><i><b>PR\u00caMIO CTAV<\/b><\/i><br \/>\nCurta-metragem: Empr\u00e9stimo de equipamento e acess\u00f3rios (C\u00e2mera SI-2K) por duas semanas<br \/>\nLonga-metragem: Empr\u00e9stimo de equipamento e acess\u00f3rios (C\u00e2mera SI-2K) por quatro semanas<\/li>\n<li><i><b>PR\u00caMIO CINECOLOR<\/b><\/i><br \/>\nCurta-metragem: 01 di\u00e1ria de mixagem<br \/>\nLonga-metragem: 03 di\u00e1rias de mixagem<\/li>\n<\/ul>\n<p><span class=\"sub\">COELHOS DE PRATA<\/span><br \/>\n<b>Pr\u00eamio do J\u00fari da Mostra Competitiva Brasil para curtas-metragens nas seguintes categorias:<\/b><\/p>\n<ul>\n<li>Melhor Dire\u00e7\u00e3o:\u00a0<em>Filipe Matzembacher e Marcio Reolon<\/em>, por\u00a0<strong>O \u00daLTIMO DIA ANTES DE ZANZIBAR<\/strong><\/li>\n<li>Melhor Roteiro:\u00a0<em>Daniel Ribeiro e Rafael Lessa<\/em>, por\u00a0<strong>LOVE SNAPS<\/strong><\/li>\n<li>Melhor Interpreta\u00e7\u00e3o:\u00a0<em>Maria Alice Vergueiro<\/em>, por\u00a0<strong>ROSINHA<\/strong><\/li>\n<li>Men\u00e7\u00e3o Honrosa:\u00a0<strong>A GIS<\/strong>, de\u00a0<em>Thiago Carvalhaes<\/em><\/li>\n<\/ul>\n<p><b>Pr\u00eamio do J\u00fari da Mostra Competitiva Brasil para Longas-metragens nas seguintes categorias:<\/b><\/p>\n<ul>\n<li>Melhor Dire\u00e7\u00e3o:\u00a0<em>Claudia Priscila e Pedro Marques<\/em>, por\u00a0<strong>A DESTRUI\u00c7\u00c3O DE BERNARDET<\/strong><\/li>\n<li>Melhor Roteiro:\u00a0<em>Carlos Juliano Barros e Maur\u00edcio Monteiro Filho<\/em>, por\u00a0<strong>ENTRE OS HOMENS DE BEM<\/strong><\/li>\n<li>Melhor Interpreta\u00e7\u00e3o:\u00a0<em>Jean-Claude Bernardet<\/em>, por\u00a0<strong>A DESTRUI\u00c7\u00c3O DE BERNARDET<\/strong><\/li>\n<li>Men\u00e7\u00e3o Honrosa:\u00a0<strong>LAMPI\u00c3O DA ESQUINA<\/strong>, de\u00a0<em>L\u00edvia Perez<\/em><\/li>\n<\/ul>\n<p><b>Pr\u00eamio do P\u00fablico para as seguintes categorias:<\/b><\/p>\n<ul>\n<li>Melhor Curta-Metragem Nacional:\u00a0<strong>A GIS<\/strong>, de\u00a0<em>Thiago Carvalhaes<\/em><\/li>\n<li>Melhor Curta-Metragem Internacional:\u00a0<strong>TROUSER BAR<\/strong>, de\u00a0<em>Kristen Bjorn<\/em><\/li>\n<li>Melhor Longa-Metragem Nacional:\u00a0<strong>ENTRE OS HOMENS DE BEM<\/strong>, de\u00a0<em>Caio Cavechini e Carlos Juliano Barros<\/em><\/li>\n<li>Melhor Longa-Metragem Internacional:\u00a0<strong>STRIKE A POSE<\/strong>, de\u00a0<em>Ester Gould e Reijer Zwaag<\/em><\/li>\n<\/ul>\n<p><span class=\"sub\">PR\u00caMIOS ESPECIAIS<\/span><br \/>\n<b>\u2022 Pr\u00eamio Suzy Cap\u00f3:<\/b>\u00a0a pe\u00e7a\u00a0<strong>ANATOMIA DO FAUNO<\/strong>, de\u00a0<em>Marcelo D\u2019Avilla e Marcelo Denny<\/em><br \/>\nAs paix\u00f5es pelo cinema e pela transgress\u00e3o nortearam a vida de Suzy Cap\u00f3 fazendo com que deixasse sua marca pelos v\u00e1rios festivais do circuito LGBTQ em que participou ativamente, tanto no Brasil quanto no exterior. O pr\u00eamio que leva seu nome ser\u00e1 entregue ao filme mais inovador e transgressor do Festival MixBrasil.<\/p>\n<p><b>\u2022 Pr\u00eamio Canal Brasil de Incentivo ao Curta Metragem:<\/b>\u00a0<strong>PISCINA<\/strong>, de\u00a0<em>Leandro Goddinho<\/em><br \/>\nOs curtas da Mostra Competitiva Brasil concorrem tamb\u00e9m a um pr\u00eamio no valor de R$ 15 mil. A escolha \u00e9 feita por um j\u00fari do Canal Brasil e o vencedor \u00e9 indicado ao Grande Pr\u00eamio Canal Brasil com o valor de R$ 50 mil.<\/p>\n<p><b>\u2022 Pr\u00eamio Show do Gongo<\/b>:\u00a0<strong>O QUE N\u00c3O DER NA KOMBI, EU BOTO FOGO<\/strong>, de\u00a0<em>Rafael Menezes<\/em>&lt;<br \/>\nCoelho de Prata entregue ao v\u00eddeo sobrevivente \u00e0s gongadas do p\u00fablico e de Marisa Orth.<\/p>\n<p><b>\u2022 Pr\u00eamio Ida Feldman:<\/b>\u00a0<strong>Murray Bartlett<\/strong><br \/>\nCoelho de Prata entregue \u00e0 pessoa que mais se destacar no Festival MixBrasil sob a \u00f3tica de Ida Feldman.<\/td>\n<\/tr>\n<\/tbody>\n<\/table>\n","protected":false},"excerpt":{"rendered":"<p>COELHOS DE OURO Pr\u00eamio do J\u00fari da Mostra Competitiva Brasil para as seguintes categorias: Melhor Longa-Metragem Brasileiro:\u00a0WAITING FOR B., de\u00a0Paulo Cesar Toledo e Abigail Spindel Melhor Curta-Metragem Brasileiro:\u00a0OS CUIDADOS QUE SE TEM COM O CUIDADO QUE OS OUTROS DEVEM TER CONSIGO MESMOS, de\u00a0Gustavo Vinagre INCENTIVO: Os ganhadores dos Coelhos de Ouro receber\u00e3o os seguintes pr\u00eamios [&hellip;]<\/p>\n","protected":false},"author":3,"featured_media":0,"parent":0,"menu_order":0,"comment_status":"closed","ping_status":"closed","template":"","meta":{"footnotes":""},"class_list":["post-239","page","type-page","status-publish","hentry"],"yoast_head":"<!-- This site is optimized with the Yoast SEO plugin v27.3 - https:\/\/yoast.com\/product\/yoast-seo-wordpress\/ -->\n<title>Premia\u00e7\u00e3o - 24\u00ba Festival Mix Brasil | 2016<\/title>\n<meta name=\"robots\" content=\"index, follow, max-snippet:-1, max-image-preview:large, max-video-preview:-1\" \/>\n<link rel=\"canonical\" href=\"https:\/\/old.mixbrasil.org.br\/24\/premiacao\/\" \/>\n<meta property=\"og:locale\" content=\"pt_BR\" \/>\n<meta property=\"og:type\" content=\"article\" \/>\n<meta property=\"og:title\" content=\"Premia\u00e7\u00e3o - 24\u00ba Festival Mix Brasil | 2016\" \/>\n<meta property=\"og:description\" content=\"COELHOS DE OURO Pr\u00eamio do J\u00fari da Mostra Competitiva Brasil para as seguintes categorias: Melhor Longa-Metragem Brasileiro:\u00a0WAITING FOR B., de\u00a0Paulo Cesar Toledo e Abigail Spindel Melhor Curta-Metragem Brasileiro:\u00a0OS CUIDADOS QUE SE TEM COM O CUIDADO QUE OS OUTROS DEVEM TER CONSIGO MESMOS, de\u00a0Gustavo Vinagre INCENTIVO: Os ganhadores dos Coelhos de Ouro receber\u00e3o os seguintes pr\u00eamios [&hellip;]\" \/>\n<meta property=\"og:url\" content=\"https:\/\/old.mixbrasil.org.br\/24\/premiacao\/\" \/>\n<meta property=\"og:site_name\" content=\"24\u00ba Festival Mix Brasil | 2016\" \/>\n<meta property=\"article:modified_time\" content=\"2018-10-19T20:23:26+00:00\" \/>\n<meta name=\"twitter:card\" content=\"summary_large_image\" \/>\n<meta name=\"twitter:label1\" content=\"Est. tempo de leitura\" \/>\n\t<meta name=\"twitter:data1\" content=\"3 minutos\" \/>\n<script type=\"application\/ld+json\" class=\"yoast-schema-graph\">{\"@context\":\"https:\\\/\\\/schema.org\",\"@graph\":[{\"@type\":\"WebPage\",\"@id\":\"https:\\\/\\\/old.mixbrasil.org.br\\\/24\\\/premiacao\\\/\",\"url\":\"https:\\\/\\\/old.mixbrasil.org.br\\\/24\\\/premiacao\\\/\",\"name\":\"Premia\u00e7\u00e3o - 24\u00ba Festival Mix Brasil | 2016\",\"isPartOf\":{\"@id\":\"https:\\\/\\\/old.mixbrasil.org.br\\\/24\\\/#website\"},\"datePublished\":\"2018-10-19T20:20:45+00:00\",\"dateModified\":\"2018-10-19T20:23:26+00:00\",\"breadcrumb\":{\"@id\":\"https:\\\/\\\/old.mixbrasil.org.br\\\/24\\\/premiacao\\\/#breadcrumb\"},\"inLanguage\":\"pt-BR\",\"potentialAction\":[{\"@type\":\"ReadAction\",\"target\":[\"https:\\\/\\\/old.mixbrasil.org.br\\\/24\\\/premiacao\\\/\"]}]},{\"@type\":\"BreadcrumbList\",\"@id\":\"https:\\\/\\\/old.mixbrasil.org.br\\\/24\\\/premiacao\\\/#breadcrumb\",\"itemListElement\":[{\"@type\":\"ListItem\",\"position\":1,\"name\":\"In\u00edcio\",\"item\":\"https:\\\/\\\/old.mixbrasil.org.br\\\/24\\\/\"},{\"@type\":\"ListItem\",\"position\":2,\"name\":\"Premia\u00e7\u00e3o\"}]},{\"@type\":\"WebSite\",\"@id\":\"https:\\\/\\\/old.mixbrasil.org.br\\\/24\\\/#website\",\"url\":\"https:\\\/\\\/old.mixbrasil.org.br\\\/24\\\/\",\"name\":\"24\u00ba Festival Mix Brasil | 2016\",\"description\":\"O maior Festival LGBTQ da Am\u00e9rica Latina\",\"potentialAction\":[{\"@type\":\"SearchAction\",\"target\":{\"@type\":\"EntryPoint\",\"urlTemplate\":\"https:\\\/\\\/old.mixbrasil.org.br\\\/24\\\/?s={search_term_string}\"},\"query-input\":{\"@type\":\"PropertyValueSpecification\",\"valueRequired\":true,\"valueName\":\"search_term_string\"}}],\"inLanguage\":\"pt-BR\"}]}<\/script>\n<!-- \/ Yoast SEO plugin. -->","yoast_head_json":{"title":"Premia\u00e7\u00e3o - 24\u00ba Festival Mix Brasil | 2016","robots":{"index":"index","follow":"follow","max-snippet":"max-snippet:-1","max-image-preview":"max-image-preview:large","max-video-preview":"max-video-preview:-1"},"canonical":"https:\/\/old.mixbrasil.org.br\/24\/premiacao\/","og_locale":"pt_BR","og_type":"article","og_title":"Premia\u00e7\u00e3o - 24\u00ba Festival Mix Brasil | 2016","og_description":"COELHOS DE OURO Pr\u00eamio do J\u00fari da Mostra Competitiva Brasil para as seguintes categorias: Melhor Longa-Metragem Brasileiro:\u00a0WAITING FOR B., de\u00a0Paulo Cesar Toledo e Abigail Spindel Melhor Curta-Metragem Brasileiro:\u00a0OS CUIDADOS QUE SE TEM COM O CUIDADO QUE OS OUTROS DEVEM TER CONSIGO MESMOS, de\u00a0Gustavo Vinagre INCENTIVO: Os ganhadores dos Coelhos de Ouro receber\u00e3o os seguintes pr\u00eamios [&hellip;]","og_url":"https:\/\/old.mixbrasil.org.br\/24\/premiacao\/","og_site_name":"24\u00ba Festival Mix Brasil | 2016","article_modified_time":"2018-10-19T20:23:26+00:00","twitter_card":"summary_large_image","twitter_misc":{"Est. tempo de leitura":"3 minutos"},"schema":{"@context":"https:\/\/schema.org","@graph":[{"@type":"WebPage","@id":"https:\/\/old.mixbrasil.org.br\/24\/premiacao\/","url":"https:\/\/old.mixbrasil.org.br\/24\/premiacao\/","name":"Premia\u00e7\u00e3o - 24\u00ba Festival Mix Brasil | 2016","isPartOf":{"@id":"https:\/\/old.mixbrasil.org.br\/24\/#website"},"datePublished":"2018-10-19T20:20:45+00:00","dateModified":"2018-10-19T20:23:26+00:00","breadcrumb":{"@id":"https:\/\/old.mixbrasil.org.br\/24\/premiacao\/#breadcrumb"},"inLanguage":"pt-BR","potentialAction":[{"@type":"ReadAction","target":["https:\/\/old.mixbrasil.org.br\/24\/premiacao\/"]}]},{"@type":"BreadcrumbList","@id":"https:\/\/old.mixbrasil.org.br\/24\/premiacao\/#breadcrumb","itemListElement":[{"@type":"ListItem","position":1,"name":"In\u00edcio","item":"https:\/\/old.mixbrasil.org.br\/24\/"},{"@type":"ListItem","position":2,"name":"Premia\u00e7\u00e3o"}]},{"@type":"WebSite","@id":"https:\/\/old.mixbrasil.org.br\/24\/#website","url":"https:\/\/old.mixbrasil.org.br\/24\/","name":"24\u00ba Festival Mix Brasil | 2016","description":"O maior Festival LGBTQ da Am\u00e9rica Latina","potentialAction":[{"@type":"SearchAction","target":{"@type":"EntryPoint","urlTemplate":"https:\/\/old.mixbrasil.org.br\/24\/?s={search_term_string}"},"query-input":{"@type":"PropertyValueSpecification","valueRequired":true,"valueName":"search_term_string"}}],"inLanguage":"pt-BR"}]}},"_links":{"self":[{"href":"https:\/\/old.mixbrasil.org.br\/24\/wp-json\/wp\/v2\/pages\/239","targetHints":{"allow":["GET"]}}],"collection":[{"href":"https:\/\/old.mixbrasil.org.br\/24\/wp-json\/wp\/v2\/pages"}],"about":[{"href":"https:\/\/old.mixbrasil.org.br\/24\/wp-json\/wp\/v2\/types\/page"}],"author":[{"embeddable":true,"href":"https:\/\/old.mixbrasil.org.br\/24\/wp-json\/wp\/v2\/users\/3"}],"replies":[{"embeddable":true,"href":"https:\/\/old.mixbrasil.org.br\/24\/wp-json\/wp\/v2\/comments?post=239"}],"version-history":[{"count":1,"href":"https:\/\/old.mixbrasil.org.br\/24\/wp-json\/wp\/v2\/pages\/239\/revisions"}],"predecessor-version":[{"id":240,"href":"https:\/\/old.mixbrasil.org.br\/24\/wp-json\/wp\/v2\/pages\/239\/revisions\/240"}],"wp:attachment":[{"href":"https:\/\/old.mixbrasil.org.br\/24\/wp-json\/wp\/v2\/media?parent=239"}],"curies":[{"name":"wp","href":"https:\/\/api.w.org\/{rel}","templated":true}]}}