{"id":492,"date":"2018-10-25T12:34:18","date_gmt":"2018-10-25T14:34:18","guid":{"rendered":"http:\/\/mixbrasil.org.br\/24\/?page_id=492"},"modified":"2018-10-25T12:34:18","modified_gmt":"2018-10-25T14:34:18","slug":"ficha-tecnica","status":"publish","type":"page","link":"https:\/\/old.mixbrasil.org.br\/24\/ficha-tecnica\/","title":{"rendered":"Ficha t\u00e9cnica"},"content":{"rendered":"<table>\n<tbody>\n<tr>\n<td>\n<h1><span class=\"sub\"><i>Ficha T\u00e9cnica<\/i><\/span><\/h1>\n<table border=\"0\" cellspacing=\"0\" cellpadding=\"0\">\n<tbody>\n<tr>\n<td class=\"rdz\" valign=\"top\" width=\"45%\"><b>DIRETOR E CURADOR | DIRECTOR AND CURATOR<\/b><br \/>\nJO\u00c3O FEDERICI<\/p>\n<p><b>COORDENA\u00c7\u00c3O DE PRODU\u00c7\u00c3O | PRODUCTION COORDINATOR<\/b><br \/>\nJOSI GELLER<\/p>\n<p><b>COORDENA\u00c7\u00c3O DE PROGRAMA\u00c7\u00c3O DE FILMES | FILM PROGRAM COORDINATOR<\/b><br \/>\nMARCIO MIRANDA PEREZ<\/p>\n<p><b>PRODU\u00c7\u00c3O | PRODUCTION<\/b><br \/>\nTATIANE NUNES<\/p>\n<p><b>ASSISTENTE DE PRODU\u00c7\u00c3O | PRODUCTION ASSISTANT<\/b><br \/>\nMURILO ROCHA<br \/>\nVIVIAN VERGAL<\/p>\n<p><b>RESPONS\u00c1VEL T\u00c9CNICO | TECHINICAL MANAGER<\/b><br \/>\nRENATO BANTI<\/p>\n<p><b>COMIT\u00ca DE SELE\u00c7\u00c3O DE CURTA-METRAGENS | SHORT FILM SELECTION COMMITTEE<\/b><br \/>\nANDR\u00c9 FISCHER<br \/>\nBETH S\u00c1 FREIRE<br \/>\nDJIN SGANZERLA<br \/>\nDUDA LEITE<br \/>\nJO\u00c3O FEDERICI<br \/>\nMAIRA REIS<br \/>\nMARCIO MIRANDA PEREZ<br \/>\nSANDRA BROGIONI<\/p>\n<p><b>SHOW DO GONGO | THE GONG SHOW\u2019S HOSTESS<\/b><br \/>\nMARISA ORTH<\/p>\n<p><b>DRAM\u00c1TICA EM CENA<\/b><br \/>\nJO\u00c3O FEDERICI<\/p>\n<p><b>MIX MUSIC<\/b><br \/>\nANDR\u00c9 POMBA CAGNI<\/p>\n<p><b>CONFER\u00caNCIA INTERNACIONAL [SSEX BBOX] &amp; MIX BRASIL<\/b><br \/>\n<b>DIRE\u00c7\u00c3O E CURADORIA| DIRECTION AND CURATION:<\/b>\u00a0PRISCILLA BERTUCCI<br \/>\n<b>COORDENA\u00c7\u00c3O E CURADORIA | COORDINATION AND CURATION:<\/b>\u00a0J\u00daLIA ROSEMBERG<br \/>\n<b>PRODU\u00c7\u00c3O | PRODUCTION:<\/b>\u00a0GUILHERME KREBS E MAG\u00d4 TONHON<br \/>\n<b>EQUIPE | TEAM:<\/b>\u00a0\u00c1RTEMIS SCHEEPSTRA, CIRO FICO, DEBORA GEPP, LINO REIS, MARIA CAROLINA, MARTA BOTTO, ROSE CASTILHO, TIFFANY ROSSI<br \/>\n<b>VOLUNT\u00c1RIXS | VOLUNTEERS:<\/b>\u00a0CAROLINE RIBEIRO, DRIX FEITOSA, FE ALCUBILLAS, IVAN MONTEIRO, GABRIEL FRANCO RODRIGUES, GI FEITOSA, JOHANN SAINT BIRNE, LORYS VERONICA, RAFAELA AMANCIO, SOFIA RICCARDI<br \/>\n<b>CAPTA\u00c7\u00c3O DE IMAGEM | CAMERA:<\/b>\u00a0DANI VILLAR E RENATO BUENO<\/p>\n<p><b>TROF\u00c9U COELHO DE PRATA E OURO | SILVER AND GOLDEN RABBIT TROPHY<\/b><br \/>\nDUILIO FERRONATO<\/p>\n<p><b>COORDENA\u00c7\u00c3O DE RECEPTIVO | HOSPITALITY COORDINATOR<\/b><br \/>\nNATHALIA DE OLIVEIRA MAIA<\/p>\n<p><b>RECEPTIVO | HOSPITALITY STAFF<\/b><br \/>\nGIANCARLO GOZZI<br \/>\nMARCELLO GIOVANNI POCAI STELLA<\/p>\n<p><b>MESTRE DE CERIM\u00d4NIAS | HOSTESS<\/b><br \/>\nMARIA CLARA SPINELLI<\/p>\n<p><b>RECEP\u00c7\u00c3O | HOSTESS<\/b><br \/>\nRENATA BASTOS<\/p>\n<p><b>ASSESSORIA DE IMPRENSA | PUBLIC RELATIONS<\/b><br \/>\nATTI COMUNICA\u00c7\u00c3O E IDEIAS<br \/>\nELIZ FERREIRA E VALERIA BLANCO<\/p>\n<p><b>REDES SOCIAIS | SOCIAL MEDIA<\/b><br \/>\nADRIANO SANTOS<\/p>\n<p><b>WEBSITE<\/b><br \/>\nRENATO VIVEIROS<\/p>\n<p><b>VIDEOCLIPES E BASTIDORES | VIDEO CLIPS AND MAKING OF<\/b><br \/>\nGERALDO ARCANJO<\/p>\n<p><b>FOTOS | PHOTOS<\/b><br \/>\nJESSICA DALLA TORRE<\/p>\n<p><b>COORDENA\u00c7\u00c3O DE MONITORIA | MONITORING COORDINATION<\/b><br \/>\nFABIANA AMORIM<\/p>\n<p><b>EQUIPE DE MONITORES | MONITORS TEAM<\/b><br \/>\nALEXANDRE AMORIM<br \/>\nALEXANDRE JUNIOR<br \/>\nALLESSANDRA MARTINS<br \/>\nARETHUZA PORTELLA<br \/>\nARIANE CARDOSO<br \/>\nDIEGO CORREA<br \/>\nENIO MARIN<br \/>\nFELIPE MOREIRA<br \/>\nFERNANDA TORRES<br \/>\nLUIS ROMANO<br \/>\nRENATA ALBERTON<\/p>\n<p><b>COORDENA\u00c7\u00c3O DE TRADU\u00c7\u00c3O E LEGENDAS | TRANSLATION AND SUBTITLES COORDINATION<\/b><br \/>\n4 ESTA\u00c7\u00d5ES<\/p>\n<p><b>TRADUTORES E OPERADORES DE LEGENDAS |TRANSLATORS AND SUBTITLE OPERATORS<\/b><br \/>\nALEXANDRE PILL<br \/>\nBRUNA PEIXOTO<br \/>\nBRUNO MURTINHO<br \/>\nC\u00c9SAR ALARC\u00d3N<br \/>\nEDUARDO RIECHE<br \/>\nFABIO PORTO<br \/>\nFERNANDA MARTINS<br \/>\nFL\u00c1VIO MAGALH\u00c3ES<br \/>\nISA CARVALHO<br \/>\nJO CORREIA<br \/>\nLEONARDO PEREIRA<br \/>\nLUDMILA BREITMAN<br \/>\nMONICA DIAS<br \/>\nNAIRA ASSIS<br \/>\nRENATA PENEDO<\/td>\n<td valign=\"top\" width=\"10%\"><\/td>\n<td class=\"rdz\" valign=\"top\" width=\"45%\"><b>TR\u00c1FEGO, REVIS\u00c3O DE C\u00d3PIAS E PROJE\u00c7\u00c3O| TRAFFIC, COPIES REVIEW AND PROJECTION<\/b><br \/>\n<b>COORDENA\u00c7\u00c3O | COORDINATION:<\/b>\u00a0HYRAN DE MULA<br \/>\n<b>MONITORES | MONITORS:<\/b>\u00a0ADRIANA SERAFIM, ISADORA MALDONADO, FRANCISCO MIGUEZ<\/p>\n<p><b>CAT\u00c1LOGO | CATALOGUE<\/b><br \/>\n<b>PROJETO GR\u00c1FICO | GRAPHIC DESIGNER:<\/b>ZOOTZ COMUNICA\u00c7\u00c3O<br \/>\n<b>REDA\u00c7\u00c3O | COPYWRITERS:<\/b>\u00a0ANDR\u00c9 FISCHER, JO\u00c3O FEDERICI, MARCIO MIRANDA PEREZ, TATIANE NUNES<br \/>\n<b>REVIS\u00c3O | COPYEDITOR:<\/b>\u00a0LEONARDO D\u2019CARMO<br \/>\n<b>TRADU\u00c7\u00c3O | TRANSLATOR:<\/b>\u00a0MARCOS OLIVAL<\/p>\n<p><b>CAMPANHA MIX BRASIL 2016 | MIXBRASIL 2016 CAMPAIGN<\/b><br \/>\nAG\u00caNCIA NEOGAMA\/BBH<\/p>\n<p><b>FILME CAMPANHA MIX BRASIL 2016 | MIXBRASIL 2016 CAMPAIGN MOVIE<\/b><br \/>\n<b>CONFISS\u00d5ES | CONFESSIONS<\/b><br \/>\n<b>DIRETOR GERAL DE CRIA\u00c7\u00c3O | GENERAL DIRECTOR OF CREATION:<\/b>\u00a0ALEXANDRE GAMA<br \/>\n<b>DIRETOR DE CRIA\u00c7\u00c3O | CREATION DIRECTOR:<\/b>\u00a0M\u00c1RCIO RIBAS E FABIO MOZELI<br \/>\n<b>CRIA\u00c7\u00c3O | CREATION:<\/b>\u00a0WOLFGANG COVI E RICARDO SILVEIRA<br \/>\n<b>DIRE\u00c7\u00c3O DE PRODU\u00c7\u00c3O | PRODUCTION DIRECTOR:<\/b>\u00a0MARIAH BAYEUX<br \/>\n<b>RTVC:<\/b>\u00a0PAULA ALIMONDA<br \/>\n<b>PRODUTORA | PRODUCTION:<\/b>\u00a0O2 FILMES<br \/>\n<b>DIRE\u00c7\u00c3O DIRECTION:<\/b>\u00a0QUICO MEIRELLES<br \/>\n<b>DIRE\u00c7\u00c3O DE EXECUTIVA | EXECUTIVE DIRECTION:<\/b>\u00a0O2 FILMES<br \/>\n<b>DIRE\u00c7\u00c3O DE FOTOGRAFIA | PHOTOGRAPHY DIRECTION:<\/b>\u00a0ADOLPHO VELOSO<br \/>\n<b>DIRE\u00c7\u00c3O DE ARTE | ART DIRECTOR:<\/b>MARGHERITA PENNACCHI<br \/>\n<b>ATENDIMENTO | COSTUMER SERVICE:<\/b>REJANE BICCA, LUIZ BRAGA, LILI PULZ, LUIZA TEANI, RAQUEL ROCHA<br \/>\n<b>MONTAGEM | FILM EDITOR:<\/b>\u00a0ANDR\u00c9 DIB<br \/>\n<b>P\u00d3S-PRODU\u00c7\u00c3O | POST-PRODUCTION:<\/b>\u00a0O2 FILMES<br \/>\n<b>PRODUTORA DE \u00c1UDIO | AUDIO PRODUCER:<\/b>TESIS<br \/>\n<b>PRODUTOR MAESTRO | MAESTRO PRODUCER:<\/b>\u00a0HENRIQUE RACZ E SILVIO PIESCO<br \/>\n<b>ATENDIMENTO \u00c1UDIO | AUDIO SERVICE:<\/b>ALLINE PECC<\/p>\n<p><b>EQUIPE CENTRO CULTURAL S\u00c3O PAULO | CENTRO CULTURAL S\u00c3O PAULO TEAM<\/b><br \/>\n<b>DIRE\u00c7\u00c3O GERAL | GENERAL DIRECTION:<\/b>PENA SCHIMIDT<br \/>\n<b>DIVIS\u00c3O DE CURADORIA DE PROGRAMA\u00c7\u00c3O | DIVISION CURATOR AND PROGRAMMING:<\/b>LUCIANA SCHWINDEN E EQUIPE<br \/>\n<b>DIVIS\u00c3O DE ACERVO, DOCUMENTA\u00c7\u00c3O E CONSERVA\u00c7\u00c3O | COLLECTION DIVISION, DOCUMENTATION AND CONSERVATION:<\/b>EDUARDO NAVARRO NIERO FILHO E EQUIPE<br \/>\n<b>DIVIS\u00c3O DE BIBLIOTECAS | DIVISION LIBRARIES:<\/b>\u00a0JULIANA LAZARIM E EQUIPE<br \/>\n<b>DIVIS\u00c3O DE PRODU\u00c7\u00c3O E APOIO A EVENTOS|PRODUCTION DIVISION AND SUPPORT EVENTS:<\/b>\u00a0LUCIANA MANTOVANI E EQUIPE<br \/>\n<b>DIVIS\u00c3O DE INFORMA\u00c7\u00c3O E COMUNICA\u00c7\u00c3O | INFORMATION:<\/b>\u00a0MARCIO YONAMINE E EQUIPE<br \/>\n<b>DIVIS\u00c3O DE A\u00c7\u00c3O CULTURAL E EDUCATIVA | DIVISION OF CULTURAL ACTION AND EDUCATION:<\/b>\u00a0ADALGISA CAMPOS E EQUIPE<br \/>\n<b>COORDENA\u00c7\u00c3O ADMINISTRATIVA | ADMINISTRATIVE COORDINATION:<\/b>\u00a0EVERTON ALVES DE SOUZA E EQUIPE<br \/>\n<b>COORDENA\u00c7\u00c3O T\u00c9CNICA DE PROJETOS | PROJECT TECHNICAL:<\/b>\u00a0PRISCILLA MARANH\u00c3O E EQUIPE<\/p>\n<p><b>PRESTAC\u00c3O DE CONTAS E FINANCEIRO | ACCOUNTABILITY AND FINANCIAL<\/b><br \/>\nJOSI GELLER<\/p>\n<p><b>ASSESSORIA JUR\u00cdDICA | LEGAL ADVICE<\/b><br \/>\nFREGNI \u2013 LOPEZ DA CRUZ \u2013 ADVOGADOS ASSOCIADOS<br \/>\nDRA. GABRIELLA FREGNI<\/p>\n<p><b>ASSESSORIA CONT\u00c1BIL<\/b><br \/>\nSANTOS ASSESSORIA CONT\u00c1BIL<br \/>\nVALDIR CARVALHO<br \/>\nSOLANGE BALDENEBRO<br \/>\nROSANA SANTOS DA CRUZ<\/p>\n<p><b>REALIZA\u00c7\u00c3O | REALIZATION<br \/>\n<\/b><br \/>\n<img loading=\"lazy\" decoding=\"async\" src=\"http:\/\/festmixbrasil.provisorio.ws\/images\/spacer.gif\" alt=\"\" width=\"150\" height=\"5\" border=\"0\" \/><br \/>\n<img loading=\"lazy\" decoding=\"async\" src=\"http:\/\/festmixbrasil.provisorio.ws\/images\/pa_03.gif\" alt=\"\" width=\"150\" height=\"76\" border=\"0\" \/><br \/>\n<img loading=\"lazy\" decoding=\"async\" src=\"http:\/\/festmixbrasil.provisorio.ws\/images\/spacer.gif\" alt=\"\" width=\"150\" height=\"5\" border=\"0\" \/><\/p>\n<p><b>PRESID\u00caNCIA | CHIEF OFFICER<\/b><br \/>\nANDR\u00c9 FISCHER<\/p>\n<p><b>VICE PRESID\u00caNCIA | DEPUTY CHIEF OFFICER<\/b><br \/>\nJO\u00c3O FEDERICI<\/p>\n<p><b>DIRETORIA | DIRECTORS<\/b><br \/>\nTHIAGO FERNANDES BRAZ<br \/>\nMARCO DONINI<\/p>\n<p><b>CONSELHO | COUNCIL BOARD<\/b><br \/>\nADRIANA RIGOLIN<br \/>\nFRANCISCO ZELESNIKAR<br \/>\nJOSELAINE FOGA\u00c7A<\/td>\n<\/tr>\n<\/tbody>\n<\/table>\n<table border=\"0\" cellspacing=\"0\" cellpadding=\"0\" align=\"left\">\n<tbody>\n<tr>\n<td style=\"width: 627px;\">\n<img loading=\"lazy\" decoding=\"async\" src=\"http:\/\/festmixbrasil.provisorio.ws\/images\/spacer.gif\" alt=\"\" width=\"1\" height=\"25\" border=\"0\" \/><\/td>\n<td style=\"width: 10px;\"><\/td>\n<\/tr>\n<\/tbody>\n<\/table>\n<\/td>\n<\/tr>\n<\/tbody>\n<\/table>\n","protected":false},"excerpt":{"rendered":"<p>Ficha T\u00e9cnica DIRETOR E CURADOR | DIRECTOR AND CURATOR JO\u00c3O FEDERICI COORDENA\u00c7\u00c3O DE PRODU\u00c7\u00c3O | PRODUCTION COORDINATOR JOSI GELLER COORDENA\u00c7\u00c3O DE PROGRAMA\u00c7\u00c3O DE FILMES | FILM PROGRAM COORDINATOR MARCIO MIRANDA PEREZ PRODU\u00c7\u00c3O | PRODUCTION TATIANE NUNES ASSISTENTE DE PRODU\u00c7\u00c3O | PRODUCTION ASSISTANT MURILO ROCHA VIVIAN VERGAL RESPONS\u00c1VEL T\u00c9CNICO | TECHINICAL MANAGER RENATO BANTI COMIT\u00ca DE [&hellip;]<\/p>\n","protected":false},"author":3,"featured_media":0,"parent":0,"menu_order":0,"comment_status":"closed","ping_status":"closed","template":"","meta":{"footnotes":""},"class_list":["post-492","page","type-page","status-publish","hentry"],"yoast_head":"<!-- This site is optimized with the Yoast SEO plugin v27.3 - https:\/\/yoast.com\/product\/yoast-seo-wordpress\/ -->\n<title>Ficha t\u00e9cnica - 24\u00ba Festival Mix Brasil | 2016<\/title>\n<meta name=\"robots\" content=\"index, follow, max-snippet:-1, max-image-preview:large, max-video-preview:-1\" \/>\n<link rel=\"canonical\" href=\"https:\/\/old.mixbrasil.org.br\/24\/ficha-tecnica\/\" \/>\n<meta property=\"og:locale\" content=\"pt_BR\" \/>\n<meta property=\"og:type\" content=\"article\" \/>\n<meta property=\"og:title\" content=\"Ficha t\u00e9cnica - 24\u00ba Festival Mix Brasil | 2016\" \/>\n<meta property=\"og:description\" content=\"Ficha T\u00e9cnica DIRETOR E CURADOR | DIRECTOR AND CURATOR JO\u00c3O FEDERICI COORDENA\u00c7\u00c3O DE PRODU\u00c7\u00c3O | PRODUCTION COORDINATOR JOSI GELLER COORDENA\u00c7\u00c3O DE PROGRAMA\u00c7\u00c3O DE FILMES | FILM PROGRAM COORDINATOR MARCIO MIRANDA PEREZ PRODU\u00c7\u00c3O | PRODUCTION TATIANE NUNES ASSISTENTE DE PRODU\u00c7\u00c3O | PRODUCTION ASSISTANT MURILO ROCHA VIVIAN VERGAL RESPONS\u00c1VEL T\u00c9CNICO | TECHINICAL MANAGER RENATO BANTI COMIT\u00ca DE [&hellip;]\" \/>\n<meta property=\"og:url\" content=\"https:\/\/old.mixbrasil.org.br\/24\/ficha-tecnica\/\" \/>\n<meta property=\"og:site_name\" content=\"24\u00ba Festival Mix Brasil | 2016\" \/>\n<meta property=\"og:image\" content=\"http:\/\/festmixbrasil.provisorio.ws\/images\/spacer.gif\" \/>\n<meta name=\"twitter:card\" content=\"summary_large_image\" \/>\n<meta name=\"twitter:label1\" content=\"Est. tempo de leitura\" \/>\n\t<meta name=\"twitter:data1\" content=\"4 minutos\" \/>\n<script type=\"application\/ld+json\" class=\"yoast-schema-graph\">{\"@context\":\"https:\\\/\\\/schema.org\",\"@graph\":[{\"@type\":\"WebPage\",\"@id\":\"https:\\\/\\\/old.mixbrasil.org.br\\\/24\\\/ficha-tecnica\\\/\",\"url\":\"https:\\\/\\\/old.mixbrasil.org.br\\\/24\\\/ficha-tecnica\\\/\",\"name\":\"Ficha t\u00e9cnica - 24\u00ba Festival Mix Brasil | 2016\",\"isPartOf\":{\"@id\":\"https:\\\/\\\/old.mixbrasil.org.br\\\/24\\\/#website\"},\"primaryImageOfPage\":{\"@id\":\"https:\\\/\\\/old.mixbrasil.org.br\\\/24\\\/ficha-tecnica\\\/#primaryimage\"},\"image\":{\"@id\":\"https:\\\/\\\/old.mixbrasil.org.br\\\/24\\\/ficha-tecnica\\\/#primaryimage\"},\"thumbnailUrl\":\"http:\\\/\\\/festmixbrasil.provisorio.ws\\\/images\\\/spacer.gif\",\"datePublished\":\"2018-10-25T14:34:18+00:00\",\"breadcrumb\":{\"@id\":\"https:\\\/\\\/old.mixbrasil.org.br\\\/24\\\/ficha-tecnica\\\/#breadcrumb\"},\"inLanguage\":\"pt-BR\",\"potentialAction\":[{\"@type\":\"ReadAction\",\"target\":[\"https:\\\/\\\/old.mixbrasil.org.br\\\/24\\\/ficha-tecnica\\\/\"]}]},{\"@type\":\"ImageObject\",\"inLanguage\":\"pt-BR\",\"@id\":\"https:\\\/\\\/old.mixbrasil.org.br\\\/24\\\/ficha-tecnica\\\/#primaryimage\",\"url\":\"http:\\\/\\\/festmixbrasil.provisorio.ws\\\/images\\\/spacer.gif\",\"contentUrl\":\"http:\\\/\\\/festmixbrasil.provisorio.ws\\\/images\\\/spacer.gif\"},{\"@type\":\"BreadcrumbList\",\"@id\":\"https:\\\/\\\/old.mixbrasil.org.br\\\/24\\\/ficha-tecnica\\\/#breadcrumb\",\"itemListElement\":[{\"@type\":\"ListItem\",\"position\":1,\"name\":\"In\u00edcio\",\"item\":\"https:\\\/\\\/old.mixbrasil.org.br\\\/24\\\/\"},{\"@type\":\"ListItem\",\"position\":2,\"name\":\"Ficha t\u00e9cnica\"}]},{\"@type\":\"WebSite\",\"@id\":\"https:\\\/\\\/old.mixbrasil.org.br\\\/24\\\/#website\",\"url\":\"https:\\\/\\\/old.mixbrasil.org.br\\\/24\\\/\",\"name\":\"24\u00ba Festival Mix Brasil | 2016\",\"description\":\"O maior Festival LGBTQ da Am\u00e9rica Latina\",\"potentialAction\":[{\"@type\":\"SearchAction\",\"target\":{\"@type\":\"EntryPoint\",\"urlTemplate\":\"https:\\\/\\\/old.mixbrasil.org.br\\\/24\\\/?s={search_term_string}\"},\"query-input\":{\"@type\":\"PropertyValueSpecification\",\"valueRequired\":true,\"valueName\":\"search_term_string\"}}],\"inLanguage\":\"pt-BR\"}]}<\/script>\n<!-- \/ Yoast SEO plugin. -->","yoast_head_json":{"title":"Ficha t\u00e9cnica - 24\u00ba Festival Mix Brasil | 2016","robots":{"index":"index","follow":"follow","max-snippet":"max-snippet:-1","max-image-preview":"max-image-preview:large","max-video-preview":"max-video-preview:-1"},"canonical":"https:\/\/old.mixbrasil.org.br\/24\/ficha-tecnica\/","og_locale":"pt_BR","og_type":"article","og_title":"Ficha t\u00e9cnica - 24\u00ba Festival Mix Brasil | 2016","og_description":"Ficha T\u00e9cnica DIRETOR E CURADOR | DIRECTOR AND CURATOR JO\u00c3O FEDERICI COORDENA\u00c7\u00c3O DE PRODU\u00c7\u00c3O | PRODUCTION COORDINATOR JOSI GELLER COORDENA\u00c7\u00c3O DE PROGRAMA\u00c7\u00c3O DE FILMES | FILM PROGRAM COORDINATOR MARCIO MIRANDA PEREZ PRODU\u00c7\u00c3O | PRODUCTION TATIANE NUNES ASSISTENTE DE PRODU\u00c7\u00c3O | PRODUCTION ASSISTANT MURILO ROCHA VIVIAN VERGAL RESPONS\u00c1VEL T\u00c9CNICO | TECHINICAL MANAGER RENATO BANTI COMIT\u00ca DE [&hellip;]","og_url":"https:\/\/old.mixbrasil.org.br\/24\/ficha-tecnica\/","og_site_name":"24\u00ba Festival Mix Brasil | 2016","og_image":[{"url":"http:\/\/festmixbrasil.provisorio.ws\/images\/spacer.gif","type":"","width":"","height":""}],"twitter_card":"summary_large_image","twitter_misc":{"Est. tempo de leitura":"4 minutos"},"schema":{"@context":"https:\/\/schema.org","@graph":[{"@type":"WebPage","@id":"https:\/\/old.mixbrasil.org.br\/24\/ficha-tecnica\/","url":"https:\/\/old.mixbrasil.org.br\/24\/ficha-tecnica\/","name":"Ficha t\u00e9cnica - 24\u00ba Festival Mix Brasil | 2016","isPartOf":{"@id":"https:\/\/old.mixbrasil.org.br\/24\/#website"},"primaryImageOfPage":{"@id":"https:\/\/old.mixbrasil.org.br\/24\/ficha-tecnica\/#primaryimage"},"image":{"@id":"https:\/\/old.mixbrasil.org.br\/24\/ficha-tecnica\/#primaryimage"},"thumbnailUrl":"http:\/\/festmixbrasil.provisorio.ws\/images\/spacer.gif","datePublished":"2018-10-25T14:34:18+00:00","breadcrumb":{"@id":"https:\/\/old.mixbrasil.org.br\/24\/ficha-tecnica\/#breadcrumb"},"inLanguage":"pt-BR","potentialAction":[{"@type":"ReadAction","target":["https:\/\/old.mixbrasil.org.br\/24\/ficha-tecnica\/"]}]},{"@type":"ImageObject","inLanguage":"pt-BR","@id":"https:\/\/old.mixbrasil.org.br\/24\/ficha-tecnica\/#primaryimage","url":"http:\/\/festmixbrasil.provisorio.ws\/images\/spacer.gif","contentUrl":"http:\/\/festmixbrasil.provisorio.ws\/images\/spacer.gif"},{"@type":"BreadcrumbList","@id":"https:\/\/old.mixbrasil.org.br\/24\/ficha-tecnica\/#breadcrumb","itemListElement":[{"@type":"ListItem","position":1,"name":"In\u00edcio","item":"https:\/\/old.mixbrasil.org.br\/24\/"},{"@type":"ListItem","position":2,"name":"Ficha t\u00e9cnica"}]},{"@type":"WebSite","@id":"https:\/\/old.mixbrasil.org.br\/24\/#website","url":"https:\/\/old.mixbrasil.org.br\/24\/","name":"24\u00ba Festival Mix Brasil | 2016","description":"O maior Festival LGBTQ da Am\u00e9rica Latina","potentialAction":[{"@type":"SearchAction","target":{"@type":"EntryPoint","urlTemplate":"https:\/\/old.mixbrasil.org.br\/24\/?s={search_term_string}"},"query-input":{"@type":"PropertyValueSpecification","valueRequired":true,"valueName":"search_term_string"}}],"inLanguage":"pt-BR"}]}},"_links":{"self":[{"href":"https:\/\/old.mixbrasil.org.br\/24\/wp-json\/wp\/v2\/pages\/492","targetHints":{"allow":["GET"]}}],"collection":[{"href":"https:\/\/old.mixbrasil.org.br\/24\/wp-json\/wp\/v2\/pages"}],"about":[{"href":"https:\/\/old.mixbrasil.org.br\/24\/wp-json\/wp\/v2\/types\/page"}],"author":[{"embeddable":true,"href":"https:\/\/old.mixbrasil.org.br\/24\/wp-json\/wp\/v2\/users\/3"}],"replies":[{"embeddable":true,"href":"https:\/\/old.mixbrasil.org.br\/24\/wp-json\/wp\/v2\/comments?post=492"}],"version-history":[{"count":1,"href":"https:\/\/old.mixbrasil.org.br\/24\/wp-json\/wp\/v2\/pages\/492\/revisions"}],"predecessor-version":[{"id":493,"href":"https:\/\/old.mixbrasil.org.br\/24\/wp-json\/wp\/v2\/pages\/492\/revisions\/493"}],"wp:attachment":[{"href":"https:\/\/old.mixbrasil.org.br\/24\/wp-json\/wp\/v2\/media?parent=492"}],"curies":[{"name":"wp","href":"https:\/\/api.w.org\/{rel}","templated":true}]}}