{"id":2006,"date":"2017-11-15T10:25:17","date_gmt":"2017-11-15T12:25:17","guid":{"rendered":"http:\/\/mixbrasil.org.br\/?page_id=2006"},"modified":"2017-12-06T09:47:07","modified_gmt":"2017-12-06T11:47:07","slug":"programacao-cinema","status":"publish","type":"page","link":"https:\/\/old.mixbrasil.org.br\/25\/programacao-cinema\/","title":{"rendered":"PROGRAMA\u00c7\u00c3O CINEMA"},"content":{"rendered":"<p><strong>16\/11 Quinta-Feira\u00a0<\/strong><\/p>\n<p><strong>CCSP &#8211; Sala Lima Barreto<\/strong><\/p>\n<p>15h30 curtas: <a href=\"http:\/\/mixbrasil.org.br\/category\/cinema\/curtas-mix-brasil\/translucidxs\/\">TRANSL\u00daCIDXS<\/a> (80\u2019)<\/p>\n<p>17h30 curtas: <a href=\"http:\/\/mixbrasil.org.br\/category\/cinema\/curtas-mix-brasil\/over-the-top\/\">OVER THE TOP<\/a> (82\u2019)<\/p>\n<p>19h30 <a href=\"http:\/\/mixbrasil.org.br\/tamara\/\">TAMARA<\/a> (110\u2019)<\/p>\n<p><strong>CCSP &#8211; Sala Paulo Em\u00edlio<\/strong><\/p>\n<p>15h curtas: <a href=\"http:\/\/mixbrasil.org.br\/category\/cinema\/curtas-mix-brasil\/familias-contemporaneas\/\">FAM\u00cdLIAS CONTEMPOR\u00c2NEAS<\/a> (103\u2019)<\/p>\n<p>17h curtas: <a href=\"http:\/\/mixbrasil.org.br\/category\/cinema\/curtas-mix-brasil\/bi-eu-nao-sou-gay\/\">BI, EU N\u00c3O SOU GAY<\/a> (88\u2019)<\/p>\n<p>19h <a href=\"http:\/\/mixbrasil.org.br\/santa-andres\/\">SANTA &amp; ANDR\u00c9S<\/a> (105\u2019)<\/p>\n<p><strong>Cine Ita\u00fa Augusta 3<\/strong><\/p>\n<p>16h <a href=\"http:\/\/mixbrasil.org.br\/as-historias-nao-contadas-de-armistead-maupin\/\">AS HIST\u00d3RIAS N\u00c3O CONTADAS DE ARMISTEAD MAUPIN<\/a> (91\u2019)<\/p>\n<p>18h <a href=\"http:\/\/mixbrasil.org.br\/after-louie\/\">AFTER LOUIE<\/a> (100\u2019)<\/p>\n<p>20h <a href=\"http:\/\/mixbrasil.org.br\/contra-a-lei\/\">CONTRA A LEI<\/a> (84\u2019) \/ abre: <a href=\"http:\/\/mixbrasil.org.br\/cor-de-seus-cabelos\/\">A COR DE SEUS CABELOS<\/a> (23\u2019)<\/p>\n<p>22h <a href=\"http:\/\/mixbrasil.org.br\/os-objetos-amorosos\/\">OS OBJETOS AMOROSOS<\/a> (115\u2019)<\/p>\n<p><strong>CineSesc<\/strong><\/p>\n<p>15h <a href=\"http:\/\/mixbrasil.org.br\/musica-para-quando-as-luzes-se-apagam\/\">M\u00daSICA PARA QUANDO AS LUZES SE APAGAM<\/a> (70\u2019)<\/p>\n<p>17h <a href=\"http:\/\/mixbrasil.org.br\/meu-nome-e-jacque\/\">MEU NOME \u00c9 JACQUE<\/a> (72\u2019) \/ abrem: <a href=\"http:\/\/mixbrasil.org.br\/positive-youtubers\/\">POSITIVE YOUTUBERS<\/a> (15\u2019) + <a href=\"http:\/\/mixbrasil.org.br\/dia-1\/\">DIA 1<\/a> (12\u2019)<\/p>\n<p>19h30 Gus Van Sant: <a href=\"http:\/\/mixbrasil.org.br\/garotos-de-programa\/\">GAROTOS DE PROGRAMA<\/a> (105\u2019)<\/p>\n<p>21h30 <a href=\"http:\/\/mixbrasil.org.br\/alguma-coisa-assim\/\">ALGUMA COISA ASSIM<\/a> (80\u2019)<\/p>\n<p><strong>Museu da Diversidade Sexual<\/strong><\/p>\n<p>18h curtas: <a href=\"http:\/\/mixbrasil.org.br\/category\/cinema\/curtas-mix-brasil\/selec-curtas-1\/\">SELE\u00c7\u00c3O CURTAS MIX BRASIL 1<\/a> (65\u2019)<\/p>\n<p>&nbsp;<\/p>\n<p><strong>17\/11 Sexta-Feira\u00a0<\/strong><\/p>\n<p>&nbsp;<\/p>\n<p><strong>CCSP &#8211; Sala Lima Barreto<\/strong><\/p>\n<p>15h30 <a href=\"http:\/\/mixbrasil.org.br\/looping\/\">LOOPING<\/a> (106&#8242;)<\/p>\n<p>17h30 curtas: <a href=\"http:\/\/mixbrasil.org.br\/category\/cinema\/curtas-mix-brasil\/closes\/\">CLOSES<\/a> (77&#8242;)<\/p>\n<p>19h30 <a href=\"http:\/\/mixbrasil.org.br\/minha-mae-e-cor-de-rosa\/\">MINHA M\u00c3E \u00c9 COR-DE-ROSA<\/a> (75&#8242;) \/ abre: <a href=\"http:\/\/mixbrasil.org.br\/oceano\/\">OCEANO<\/a> (15&#8242;)<\/p>\n<p><strong>CCSP &#8211; Sala Paulo Em\u00edlio<\/strong><\/p>\n<p>15h <a href=\"http:\/\/mixbrasil.org.br\/conversa-fiada\/\">CONVERSA FIADA<\/a> (88&#8242;)<\/p>\n<p>17h curtas: <a href=\"http:\/\/mixbrasil.org.br\/category\/cinema\/curtas-mix-brasil\/artistas-e-criacoes\/\">ARTISTAS &amp; CRIA\u00c7\u00d5ES<\/a> (82&#8242;)<\/p>\n<p>19h <a href=\"http:\/\/mixbrasil.org.br\/close-knit\/\">CLOSE-KNIT<\/a> (127&#8242;)<\/p>\n<p><strong>Cine Ita\u00fa Augusta 3<\/strong><\/p>\n<p>16h <a href=\"http:\/\/mixbrasil.org.br\/queercore-how-to-punk-revolution\/\">QUEERCORE: HOW TO PUNK A REVOLUTION<\/a> (83&#8242;)<\/p>\n<p>18h curtas: <a href=\"http:\/\/mixbrasil.org.br\/category\/cinema\/curtas-mix-brasil\/i-lesb-you\/\">I LESB YOU<\/a> (99&#8242;)<\/p>\n<p>20h <a href=\"http:\/\/mixbrasil.org.br\/sonho-em-outro-idioma\/\">SONHO EM OUTRO IDIOMA\u00a0<\/a> (101&#8242;)<\/p>\n<p>22h <a href=\"http:\/\/mixbrasil.org.br\/aqueles-que-fazem-revolucao-pela-metade-apenas-cavam-suas-proprias-covas\/\">AQUELES QUE FAZEM A REVOLU\u00c7\u00c3O PELA METADE\u2026<\/a> (183&#8242;)<\/p>\n<p><strong>CineSesc<\/strong><\/p>\n<p>15h <a href=\"http:\/\/mixbrasil.org.br\/after-louie\/\">AFTER LOUIE<\/a> (100&#8242;)<\/p>\n<p>17h <a href=\"http:\/\/mixbrasil.org.br\/casa-da-xiclet\/\">CASA DA XICLET<\/a> (47&#8242;) \/ abre: <a href=\"http:\/\/mixbrasil.org.br\/os-humores-artificiais\/\">OS HUMORES ARTIFICIAIS<\/a> (29&#8242;)<\/p>\n<p>19h30 <a href=\"http:\/\/mixbrasil.org.br\/discreet\/\">DISCREET<\/a> (81&#8242;)<\/p>\n<p>21h30 <a href=\"http:\/\/mixbrasil.org.br\/a-filosofia-na-alcova\/\">A FILOSOFIA NA ALCOVA<\/a> (76&#8242;)<\/p>\n<p><strong>Museu da Diversidade Sexual<\/strong><\/p>\n<p>18h curtas: <a href=\"http:\/\/mixbrasil.org.br\/category\/cinema\/curtas-mix-brasil\/selec-curtas-2\/\">SELE\u00c7\u00c3O CURTAS MIX BRASIL 2<\/a> (62\u2019)<\/p>\n<p>&nbsp;<\/p>\n<p><strong>18\/11 S\u00e1bado<\/strong><\/p>\n<p><strong>CCSP &#8211; Sala Lima Barreto<\/strong><\/p>\n<p>15h30 curtas: <a href=\"http:\/\/mixbrasil.org.br\/category\/cinema\/curtas-mix-brasil\/familias-contemporaneas\/\">FAM\u00cdLIAS CONTEMPOR\u00c2NEAS<\/a> (103&#8242;)<\/p>\n<p>17h30 curtas: <a href=\"http:\/\/mixbrasil.org.br\/category\/cinema\/curtas-mix-brasil\/bi-eu-nao-sou-gay\/\">BI, EU N\u00c3O SOU GAY<\/a> (88&#8242;)<\/p>\n<p>19h30 curtas: <a href=\"http:\/\/mixbrasil.org.br\/category\/cinema\/curtas-mix-brasil\/perversxs\/\">PERVERSXS<\/a> (86&#8242;)<\/p>\n<p><strong>CCSP &#8211; Sala Paulo Em\u00edlio<\/strong><\/p>\n<p>15h curtas: <a href=\"http:\/\/mixbrasil.org.br\/category\/cinema\/curtas-mix-brasil\/over-the-top\/\">OVER THE TOP<\/a> (82&#8242;)<\/p>\n<p>17h curtas: <a href=\"http:\/\/mixbrasil.org.br\/category\/cinema\/curtas-mix-brasil\/sororidade\/\">SORORIDADE<\/a> (71&#8242;)<\/p>\n<p>19h curtas: <a href=\"http:\/\/mixbrasil.org.br\/category\/cinema\/curtas-mix-brasil\/translucidxs\/\">TRANSL\u00daCIDXS<\/a> (80&#8242;)<\/p>\n<p><strong>Cine Ita\u00fa Augusta 3<\/strong><\/p>\n<p>16h <a href=\"http:\/\/mixbrasil.org.br\/minha-maravilhosa-berlim-ocidental\/\">MINHA MARAVILHOSA BERLIM OCIDENTAL<\/a> (98&#8242;)<\/p>\n<p>18h curtas: <a href=\"http:\/\/mixbrasil.org.br\/category\/cinema\/curtas-mix-brasil\/taras-e-fetiches\/\">TARAS &amp; FETICHES<\/a> (84&#8242;)<\/p>\n<p>20h <a href=\"http:\/\/mixbrasil.org.br\/discreet\/\">DISCREET<\/a> (81&#8242;)<\/p>\n<p>22h <a href=\"http:\/\/mixbrasil.org.br\/tom-of-finland\/\">TOM OF FINLAND<\/a> (115&#8242;)<\/p>\n<p><strong>CineSesc<\/strong><\/p>\n<p>15h <a href=\"http:\/\/mixbrasil.org.br\/luana-muniz-filha-da-lua\/\">LUANA MUNIZ &#8211; FILHA DA LUA<\/a> (75&#8242;)<\/p>\n<p>17h <a href=\"http:\/\/mixbrasil.org.br\/a-moca-do-calendario\/\">A MO\u00c7A DO CALEND\u00c1RIO<\/a> (86&#8242;)<\/p>\n<p>19h30 <a href=\"http:\/\/mixbrasil.org.br\/aos-teus-olhos\/\">AOS TEUS OLHOS<\/a> (90&#8242;)<\/p>\n<p>21h30 <a href=\"http:\/\/mixbrasil.org.br\/berenice-procura\/\">BERENICE PROCURA<\/a> (89&#8242;)<\/p>\n<p><strong>Museu da Diversidade Sexual<\/strong><\/p>\n<p>18h curtas: <a href=\"http:\/\/mixbrasil.org.br\/category\/cinema\/curtas-mix-brasil\/selec-curtas-3\/\">SELE\u00c7\u00c3O CURTAS MIX BRASIL 3<\/a> (65\u2019)<\/p>\n<p>&nbsp;<\/p>\n<p><strong>19\/11 Domingo<\/strong><\/p>\n<p>&nbsp;<\/p>\n<p><strong>CCSP &#8211; Sala Lima Barreto<\/strong><\/p>\n<p>15h30 curtas: <a href=\"http:\/\/mixbrasil.org.br\/category\/cinema\/curtas\/\">COMPETITIVA BRASIL 1<\/a> (72&#8242;)<\/p>\n<p>17h30 curtas: <a href=\"http:\/\/mixbrasil.org.br\/category\/cinema\/competitiva-brasil-curtas-2\/\">COMPETITIVA BRASIL 2<\/a> (86&#8242;)<\/p>\n<p>19h30 curtas: <a href=\"http:\/\/mixbrasil.org.br\/category\/cinema\/competitiva-brasil-curtas-3\/\">COMPETITIVA BRASIL 3 <\/a>(76&#8242;)<\/p>\n<p><strong>CCSP &#8211; Sala Paulo Em\u00edlio<\/strong><\/p>\n<p>15h <a href=\"http:\/\/mixbrasil.org.br\/vergel\/\">VERGEL<\/a> (86&#8242;)<\/p>\n<p>17h recap: <a href=\"http:\/\/mixbrasil.org.br\/gloria-e-graca\/\">A GL\u00d3RIA E A GRA\u00c7A<\/a> (94&#8242;)<\/p>\n<p>19h curtas: <a href=\"http:\/\/mixbrasil.org.br\/category\/cinema\/competitiva-brasil-curtas-4\/\">COMPETITIVA BRASIL 4<\/a> (75&#8242;)<\/p>\n<p><strong>Cine Ita\u00fa Augusta 3<\/strong><\/p>\n<p>16h <a href=\"http:\/\/mixbrasil.org.br\/porcupine-lake\/\">PORCUPINE LAKE<\/a> (85&#8242;)<\/p>\n<p>18h <a href=\"http:\/\/mixbrasil.org.br\/os-iniciados\/\">OS INICIADOS<\/a> (88&#8242;)<\/p>\n<p>20h <a href=\"http:\/\/mixbrasil.org.br\/sonho-em-outro-idioma\/\">SONHO EM OUTRO IDIOMA<\/a> (101&#8242;)<\/p>\n<p>22h <a href=\"http:\/\/mixbrasil.org.br\/close-knit\/\">CLOSE-KNIT<\/a> (127&#8242;)<\/p>\n<p><strong>CineSesc<\/strong><\/p>\n<p>11h <a href=\"http:\/\/mixbrasil.org.br\/guigo-offline\/\">GUIGO OFFLINE<\/a> (52&#8242;) \/ abre: <a href=\"http:\/\/mixbrasil.org.br\/in-a-heartbeat\/\">IN A HEARTBEAT<\/a> (4&#8242;)<\/p>\n<p>15h <a href=\"http:\/\/mixbrasil.org.br\/thelma\/\">THELMA<\/a> (116&#8242;)<\/p>\n<p>17h <a href=\"http:\/\/mixbrasil.org.br\/intimidade-publica\/\">INTIMIDADE P\u00daBLICA<\/a> (70&#8242;)<\/p>\n<p>19h30 <a href=\"http:\/\/mixbrasil.org.br\/professor-marston-e-as-mulheres-maravilhas\/\">PROFESSOR MARSTON E AS MULHERES-MARAVILHAS<\/a> (108&#8242;)<\/p>\n<p>21h30 <a href=\"http:\/\/mixbrasil.org.br\/me-chame-pelo-seu-nome\/\">ME CHAME PELO SEU NOME<\/a> (132&#8242;)<\/p>\n<p><strong>Museu da Diversidade Sexual<\/strong><\/p>\n<p>18h curtas: <a href=\"http:\/\/mixbrasil.org.br\/category\/cinema\/curtas-mix-brasil\/selec-curtas-1\/\">SELE\u00c7\u00c3O CURTAS MIX BRASIL 1 <\/a>(65\u2019)<\/p>\n<p>&nbsp;<\/p>\n<p><strong>20\/11 Segunda-Feira\u00a0<\/strong><\/p>\n<p><strong>Cine Ita\u00fa Augusta 3<\/strong><\/p>\n<p>16h <a href=\"http:\/\/mixbrasil.org.br\/signature-move\/\">SIGNATURE MOVE<\/a> (82&#8242;)<\/p>\n<p>18h <a href=\"http:\/\/mixbrasil.org.br\/looping\/\">LOOPING<\/a> (106&#8242;)<\/p>\n<p>20h <a href=\"http:\/\/mixbrasil.org.br\/girl-unbound-guerra-para-ser-ela-mesma\/\">GIRL UNBOUND: A GUERRA PARA SER ELA MESMA<\/a> (86&#8242;) \/ abre: <a href=\"http:\/\/mixbrasil.org.br\/o-mundo-e-redondo-para-que-ninguem-possa-se-esconder-nos-cantos-parte-i-refugio\/\">O MUNDO \u00c9 REDONDO 1<\/a> (13&#8242;)<\/p>\n<p>22h <a href=\"http:\/\/mixbrasil.org.br\/as-misandricas\/\">AS MIS\u00c2NDRICAS<\/a> (91&#8242;)<\/p>\n<p><strong>CineSesc<\/strong><\/p>\n<p>15h <a href=\"http:\/\/mixbrasil.org.br\/conversa-fiada\/\">CONVERSA FIADA<\/a> (88&#8242;)<\/p>\n<p>17h <a href=\"http:\/\/mixbrasil.org.br\/crepusculo\/\">CREP\u00daSCULO<\/a> (111&#8242;)<\/p>\n<p>19h30 <a href=\"http:\/\/mixbrasil.org.br\/gods-own-country\/\">GOD&#8217;S OWN COUNTRY<\/a> (104&#8242;)<\/p>\n<p>21h30 <a href=\"http:\/\/mixbrasil.org.br\/how-to-talk-to-girls-at-parties\/\">HOW TO TALK TO GIRLS AT PARTIES<\/a> (102&#8242;)<\/p>\n<p>&nbsp;<\/p>\n<p><strong>21\/11 Ter\u00e7a-Feira\u00a0<\/strong><\/p>\n<p><strong>CCSP &#8211; Sala Lima Barreto<\/strong><\/p>\n<p>15h30 curtas: <a href=\"http:\/\/mixbrasil.org.br\/category\/cinema\/competitiva-brasil-curtas-3\/\">COMPETITIVA BRASIL 3<\/a> (76&#8242;)<\/p>\n<p>17h30 curtas: <a href=\"http:\/\/mixbrasil.org.br\/category\/cinema\/competitiva-brasil-curtas-2\/\">COMPETITIVA BRASIL 2<\/a> (86&#8242;)<\/p>\n<p>19h30 curtas: <a href=\"http:\/\/mixbrasil.org.br\/category\/cinema\/curtas\/\">COMPETITIVA BRASIL 1<\/a> (72&#8242;)<\/p>\n<p><strong>CCSP &#8211; Sala Paulo Em\u00edlio<\/strong><\/p>\n<p>15h curtas: <a href=\"http:\/\/mixbrasil.org.br\/category\/cinema\/competitiva-brasil-curtas-4\/\">COMPETITIVA BRASIL 4<\/a> (75&#8242;)<\/p>\n<p><strong>Cine Ita\u00fa Augusta 3<\/strong><\/p>\n<p>16h <a href=\"http:\/\/mixbrasil.org.br\/minha-maravilhosa-berlim-ocidental\/\">MINHA MARAVILHOSA BERLIM OCIDENTAL<\/a> (98&#8242;)<\/p>\n<p>18h <a href=\"http:\/\/mixbrasil.org.br\/signature-move\/\">SIGNATURE MOVE<\/a> (82&#8242;)<\/p>\n<p>20h curtas: <a href=\"http:\/\/mixbrasil.org.br\/category\/cinema\/curtas-mix-brasil\/boyz-na-mira\/\">BOYZ NA MIRA<\/a> (101&#8242;)<\/p>\n<p>22h <a href=\"http:\/\/mixbrasil.org.br\/tom-of-finland\/\">TOM OF FINLAND<\/a> (115&#8242;)<\/p>\n<p><strong>CineSesc<\/strong><\/p>\n<p>15h <a href=\"http:\/\/mixbrasil.org.br\/gods-own-country\/\">GOD&#8217;S OWN COUNTRY<\/a> (104&#8242;)<\/p>\n<p>17h <a href=\"http:\/\/mixbrasil.org.br\/serguei-o-ultimo-psicodelico\/\">SERGUEI, O \u00daLTIMO PSICOD\u00c9LICO<\/a> (115&#8242;)<\/p>\n<p>19h30 <a href=\"http:\/\/mixbrasil.org.br\/vergel\/\">VERGEL<\/a> (86&#8242;)<\/p>\n<p>21h30 <a href=\"http:\/\/mixbrasil.org.br\/centro-do-meu-mundo\/\">CENTRO DO MEU MUNDO<\/a> (111&#8242;)<\/p>\n<p><strong>Museu da Diversidade Sexual<\/strong><\/p>\n<p>18h curtas: <a href=\"http:\/\/mixbrasil.org.br\/category\/cinema\/curtas-mix-brasil\/selec-curtas-2\/\">SELE\u00c7\u00c3O CURTAS MIX BRASIL 2<\/a> (62\u2019)<\/p>\n<p>&nbsp;<\/p>\n<p><strong>22\/11 Quarta-Feira<\/strong><\/p>\n<p><strong>CCSP &#8211; Sala Jardel Filho<\/strong><\/p>\n<p>20h PREMIA\u00c7\u00c3O<\/p>\n<p><strong>CCSP &#8211; Sala Lima Barreto<\/strong><\/p>\n<p>15h30 <a href=\"http:\/\/mixbrasil.org.br\/tamara\/\">TAMARA<\/a> (110&#8242;)<\/p>\n<p>17h30 curtas: <a href=\"http:\/\/mixbrasil.org.br\/category\/cinema\/curtas-mix-brasil\/sororidade\/\">SORORIDADE<\/a> (71&#8242;)<\/p>\n<p>19h30 curtas: <a href=\"http:\/\/mixbrasil.org.br\/category\/cinema\/curtas-mix-brasil\/revry\/\">REVRY<\/a> (64&#8242;)<\/p>\n<p><strong>CCSP &#8211; Sala Paulo Em\u00edlio<\/strong><\/p>\n<p>15h <a href=\"http:\/\/mixbrasil.org.br\/as-historias-nao-contadas-de-armistead-maupin\/\">AS HIST\u00d3RIAS N\u00c3O CONTADAS DE ARMISTEAD MAUPIN<\/a> (91&#8242;)<\/p>\n<p>19h <a href=\"http:\/\/mixbrasil.org.br\/porcupine-lake\/\">PORCUPINE LAKE<\/a> (85&#8242;)<\/p>\n<p><strong>Cine Ita\u00fa Augusta 3<\/strong><\/p>\n<p>16h <a href=\"http:\/\/mixbrasil.org.br\/minha-mae-e-cor-de-rosa\/\">MINHA M\u00c3E \u00c9 COR-DE-ROSA<\/a> (75&#8242;) \/ abre: <a href=\"http:\/\/mixbrasil.org.br\/oceano\/\">OCEANO<\/a> (15\u2019)<\/p>\n<p>18h <a href=\"http:\/\/mixbrasil.org.br\/as-misandricas\/\">AS MIS\u00c2NDRICAS<\/a> (91&#8242;)<\/p>\n<p>20h <a href=\"http:\/\/mixbrasil.org.br\/santa-andres\/\">SANTA &amp; ANDR\u00c9S<\/a> (105&#8242;)<\/p>\n<p>22h <a href=\"http:\/\/mixbrasil.org.br\/crepusculo\/\">CREP\u00daSCULO<\/a> (111&#8242;)<\/p>\n<p><strong>CineSesc<\/strong><\/p>\n<p>15h <a href=\"http:\/\/mixbrasil.org.br\/how-to-talk-to-girls-at-parties\/\">HOW TO TALK TO GIRLS AT PARTIES<\/a> (102&#8242;)<\/p>\n<p>17h Gus Van Sant: <a href=\"http:\/\/mixbrasil.org.br\/mala-noche\/\">MALA NOCHE<\/a> (78&#8242;)<\/p>\n<p><strong>Museu da Diversidade Sexual<\/strong><\/p>\n<p>18h curtas: <a href=\"http:\/\/mixbrasil.org.br\/category\/cinema\/curtas-mix-brasil\/selec-curtas-3\/\">SELE\u00c7\u00c3O CURTAS MIX BRASIL 3<\/a> (65\u2019)<\/p>\n<p><strong>23\/11 Quinta-Feira\u00a0<\/strong><\/p>\n<p><strong>CCSP &#8211; Sala Lima Barreto<\/strong><\/p>\n<p>15h30 <a href=\"http:\/\/mixbrasil.org.br\/girl-unbound-guerra-para-ser-ela-mesma\/\">GIRL UNBOUND: A GUERRA PARA SER ELA MESMA<\/a> (86&#8242;) \/ abre: <a href=\"http:\/\/mixbrasil.org.br\/o-mundo-e-redondo-para-que-ninguem-possa-se-esconder-nos-cantos-parte-i-refugio\/\">O MUNDO \u00c9 REDONDO 1<\/a> (13&#8242;)<\/p>\n<p>17h30 <a href=\"http:\/\/mixbrasil.org.br\/contra-a-lei\/\">CONTRA A LEI<\/a> (84&#8242;) \/ abre: <a href=\"http:\/\/mixbrasil.org.br\/cor-de-seus-cabelos\/\">A COR DE SEUS CABELOS<\/a> (23&#8242;)<\/p>\n<p>19h30 <a href=\"http:\/\/mixbrasil.org.br\/os-objetos-amorosos\/\">OS OBJETOS AMOROSOS<\/a> (115&#8242;)<\/p>\n<p><strong>CCSP &#8211; Sala Paulo Em\u00edlio<\/strong><\/p>\n<p>15h curtas: <a href=\"http:\/\/mixbrasil.org.br\/category\/cinema\/curtas-mix-brasil\/i-lesb-you\/\">I LESB YOU<\/a> (99&#8242;)<\/p>\n<p>19h curtas: <a href=\"http:\/\/mixbrasil.org.br\/category\/cinema\/curtas-mix-brasil\/perversxs\/\">PERVERSXS<\/a> (86&#8242;)<\/p>\n<p>&nbsp;<\/p>\n<p><strong>24\/11 Sexta-Feira\u00a0<\/strong><\/p>\n<p><strong>CCSP &#8211; Sala Lima Barreto<\/strong><\/p>\n<p>15h30 Gus Van Sant: <a href=\"http:\/\/mixbrasil.org.br\/ate-as-vaqueiras-ficam-tristes\/\">AT\u00c9 AS VAQUEIRAS FICAM TRISTES<\/a> (106&#8242;)<\/p>\n<p>17h30 <a href=\"http:\/\/mixbrasil.org.br\/alguma-coisa-assim\/\">ALGUMA COISA ASSIM<\/a> (80&#8242;)<\/p>\n<p>19h30 <a href=\"http:\/\/mixbrasil.org.br\/aos-teus-olhos\/\">AOS TEUS OLHOS<\/a> (90&#8242;)<\/p>\n<p><strong>CCSP &#8211; Sala Paulo Em\u00edlio<\/strong><\/p>\n<p>15h curtas: <a href=\"http:\/\/mixbrasil.org.br\/category\/cinema\/curtas-mix-brasil\/taras-e-fetiches\/\">TARAS &amp; FETICHES<\/a> (84&#8242;)<\/p>\n<p>19h curtas: <a href=\"http:\/\/mixbrasil.org.br\/category\/cinema\/curtas-mix-brasil\/boyz-na-mira\/\">BOYZ NA MIRA<\/a> (101&#8242;)<\/p>\n<p><strong>Museu da Diversidade Sexual<\/strong><\/p>\n<p>18h curtas: <a href=\"http:\/\/mixbrasil.org.br\/category\/cinema\/curtas-mix-brasil\/selec-curtas-1\/\">SELE\u00c7\u00c3O CURTAS MIX BRASIL 1<\/a> (65\u2019)<\/p>\n<p>&nbsp;<\/p>\n<p><strong>25\/11 S\u00e1bado\u00a0<\/strong><\/p>\n<p>&nbsp;<\/p>\n<p><strong>CCSP &#8211; Sala Lima Barreto<\/strong><\/p>\n<p>15h30 curtas: <a href=\"http:\/\/mixbrasil.org.br\/category\/cinema\/curtas-mix-brasil\/artistas-e-criacoes\/\">ARTISTAS &amp; CRIA\u00c7\u00d5ES<\/a> (82&#8242;)<\/p>\n<p>17h30 curtas: <a href=\"http:\/\/mixbrasil.org.br\/category\/cinema\/curtas-mix-brasil\/closes\/\">CLOSES<\/a> (77&#8242;)<\/p>\n<p>19h30 <a href=\"http:\/\/mixbrasil.org.br\/centro-do-meu-mundo\/\">CENTRO DO MEU MUNDO<\/a> (111&#8242;)<\/p>\n<p><strong>CCSP &#8211; Sala Paulo Em\u00edlio<\/strong><\/p>\n<p>15h recap: <a href=\"http:\/\/mixbrasil.org.br\/corpo-eletrico\/\">CORPO EL\u00c9TRICO<\/a> (94&#8242;)<\/p>\n<p><strong>Museu da Diversidade Sexual<\/strong><\/p>\n<p>18h curtas: <a href=\"http:\/\/mixbrasil.org.br\/category\/cinema\/curtas-mix-brasil\/selec-curtas-2\/\">SELE\u00c7\u00c3O CURTAS MIX BRASIL 2<\/a> (62\u2019)<\/p>\n<p>&nbsp;<\/p>\n<p><strong>26\/11 Domingo\u00a0\u00a0<\/strong><\/p>\n<p><strong>CCSP &#8211; Sala Lima Barreto<\/strong><\/p>\n<p>15h30 Gus Van Sant: <a href=\"http:\/\/mixbrasil.org.br\/um-sonho-sem-limites\/\">UM SONHO SEM LIMITES<\/a> (106&#8242;)<\/p>\n<p>17h30 Gus Van Sant: <a href=\"http:\/\/mixbrasil.org.br\/elefante\/\">ELEFANTE<\/a> (81&#8242;)<\/p>\n<p>19h30 Gus Van Sant: <a href=\"http:\/\/mixbrasil.org.br\/milk-voz-da-igualdade\/\">MILK: A VOZ DA IGUALDADE<\/a> (128&#8242;)<\/p>\n<p><strong>CCSP &#8211; Sala Paulo Em\u00edlio<\/strong><\/p>\n<p>15h <a href=\"http:\/\/mixbrasil.org.br\/guigo-offline\/\">GUIGO OFFLINE<\/a> (52&#8242;) \/ abrem: <a href=\"http:\/\/mixbrasil.org.br\/sempre-fui-alex\/\">SEMPRE FUI \u00c1LEX<\/a> (6&#8242;) + <a href=\"http:\/\/mixbrasil.org.br\/in-a-heartbeat\/\">IN A HEARTBEAT<\/a> (4&#8242;)<\/p>\n<p>19h <a href=\"http:\/\/mixbrasil.org.br\/intimidade-publica\/\">INTIMIDADE P\u00daBLICA<\/a> (70&#8242;)<\/p>\n<p><strong>Museu da Diversidade Sexual<\/strong><\/p>\n<p>18h curtas: <a href=\"http:\/\/mixbrasil.org.br\/category\/cinema\/curtas-mix-brasil\/selec-curtas-3\/\">SELE\u00c7\u00c3O CURTAS MIX BRASIL 3<\/a> (65\u2019)<\/p>\n<p>&nbsp;<\/p>\n","protected":false},"excerpt":{"rendered":"<p>16\/11 Quinta-Feira\u00a0 CCSP &#8211; Sala Lima Barreto 15h30 curtas: TRANSL\u00daCIDXS (80\u2019) 17h30 curtas: OVER THE TOP (82\u2019) 19h30 TAMARA (110\u2019) CCSP &#8211; Sala Paulo Em\u00edlio 15h curtas: FAM\u00cdLIAS CONTEMPOR\u00c2NEAS (103\u2019) 17h curtas: BI, EU N\u00c3O SOU GAY (88\u2019) 19h SANTA &amp; ANDR\u00c9S (105\u2019) Cine Ita\u00fa Augusta 3 16h AS HIST\u00d3RIAS N\u00c3O CONTADAS DE ARMISTEAD MAUPIN &hellip;<\/p>\n","protected":false},"author":14,"featured_media":0,"parent":0,"menu_order":0,"comment_status":"closed","ping_status":"closed","template":"","meta":{"footnotes":""},"class_list":["post-2006","page","type-page","status-publish","hentry"],"_links":{"self":[{"href":"https:\/\/old.mixbrasil.org.br\/25\/wp-json\/wp\/v2\/pages\/2006","targetHints":{"allow":["GET"]}}],"collection":[{"href":"https:\/\/old.mixbrasil.org.br\/25\/wp-json\/wp\/v2\/pages"}],"about":[{"href":"https:\/\/old.mixbrasil.org.br\/25\/wp-json\/wp\/v2\/types\/page"}],"author":[{"embeddable":true,"href":"https:\/\/old.mixbrasil.org.br\/25\/wp-json\/wp\/v2\/users\/14"}],"replies":[{"embeddable":true,"href":"https:\/\/old.mixbrasil.org.br\/25\/wp-json\/wp\/v2\/comments?post=2006"}],"version-history":[{"count":8,"href":"https:\/\/old.mixbrasil.org.br\/25\/wp-json\/wp\/v2\/pages\/2006\/revisions"}],"predecessor-version":[{"id":3315,"href":"https:\/\/old.mixbrasil.org.br\/25\/wp-json\/wp\/v2\/pages\/2006\/revisions\/3315"}],"wp:attachment":[{"href":"https:\/\/old.mixbrasil.org.br\/25\/wp-json\/wp\/v2\/media?parent=2006"}],"curies":[{"name":"wp","href":"https:\/\/api.w.org\/{rel}","templated":true}]}}