{"id":2026,"date":"2017-11-15T11:12:22","date_gmt":"2017-11-15T13:12:22","guid":{"rendered":"http:\/\/mixbrasil.org.br\/?page_id=2026"},"modified":"2017-11-15T11:12:22","modified_gmt":"2017-11-15T13:12:22","slug":"premiados-2016","status":"publish","type":"page","link":"https:\/\/old.mixbrasil.org.br\/25\/premiados-2016\/","title":{"rendered":"Premiados 2016"},"content":{"rendered":"<p><strong>Jurados\u00a02016<\/strong><\/p>\n<p><u>Longas<\/u>:<\/p>\n<p>Desiree Buford<br \/>\nDiana Almeida<br \/>\nGustavo Scofano<\/p>\n<p><u>Curtas<\/u>:<\/p>\n<p>Ana David<br \/>\nMurray Bartlett<br \/>\nTuna Dwek<\/p>\n<p><strong><u>COELHOS DE OURO<\/u><\/strong><br \/>\n<strong>Pr\u00eamio do J\u00fari da Mostra Competitiva Brasil<\/strong><\/p>\n<ul>\n<li>Melhor Longa-Metragem Brasileiro:\u00a0<strong>WAITING FOR B.<\/strong>, de\u00a0<em>Paulo Cesar Toledo e Abigail Spindel<\/em><\/li>\n<li>Melhor Curta-Metragem Brasileiro:\u00a0<strong>OS CUIDADOS QUE SE TEM COM O CUIDADO QUE OS OUTROS DEVEM TER CONSIGO MESMOS<\/strong>, de\u00a0<em>Gustavo Vinagre<\/em><\/li>\n<\/ul>\n<p><strong>INCENTIVO:<\/strong><\/p>\n<p>O longa e o curta premiados com o Coelho de Ouro tamb\u00e9m receberam os pr\u00eamios\u00a0<strong><em>DOT CINE<\/em><\/strong>,\u00a0<strong><em>CTAV<\/em><\/strong>\u00a0e\u00a0<strong><em>CINECOLOR<\/em><\/strong>\u00a0de incentivo \u00e0 realiza\u00e7\u00e3o de seus novos projetos audiovisuais atrav\u00e9s da parceria do Festival Mix Brasil com apoiadores da \u00e1rea cinematogr\u00e1fica.<\/p>\n<p><strong><u>COELHOS DE PRATA<\/u><\/strong><br \/>\n<strong>Pr\u00eamio do J\u00fari da Mostra Competitiva Brasil para curtas-metragens<\/strong><\/p>\n<ul>\n<li>Melhor Dire\u00e7\u00e3o:\u00a0<em>Filipe Matzembacher e Marcio Reolon<\/em>, por\u00a0<strong>O \u00daLTIMO DIA ANTES DE ZANZIBAR<\/strong><\/li>\n<li>Melhor Roteiro:\u00a0<em>Daniel Ribeiro e Rafael Lessa<\/em>, por\u00a0<strong>LOVE SNAPS<\/strong><\/li>\n<li>Melhor Interpreta\u00e7\u00e3o:\u00a0<em>Maria Alice Vergueiro<\/em>, por\u00a0<strong>ROSINHA<\/strong><\/li>\n<li>Men\u00e7\u00e3o Honrosa:\u00a0<strong>A GIS<\/strong>, de\u00a0<em>Thiago Carvalhaes<\/em><\/li>\n<\/ul>\n<p><strong>Pr\u00eamio do J\u00fari da Mostra Competitiva Brasil para Longas-metragens<\/strong><\/p>\n<ul>\n<li>Melhor Dire\u00e7\u00e3o:\u00a0<em>Claudia Priscila e Pedro Marques<\/em>, por\u00a0<strong>A DESTRUI\u00c7\u00c3O DE BERNARDET<\/strong><\/li>\n<li>Melhor Roteiro:\u00a0<em>Carlos Juliano Barros e Maur\u00edcio Monteiro Filho<\/em>, por\u00a0<strong>ENTRE OS HOMENS DE BEM<\/strong><\/li>\n<li>Melhor Interpreta\u00e7\u00e3o:\u00a0<em>Jean-Claude Bernardet<\/em>, por\u00a0<strong>A DESTRUI\u00c7\u00c3O DE BERNARDET<\/strong><\/li>\n<li>Men\u00e7\u00e3o Honrosa:\u00a0<strong>LAMPI\u00c3O DA ESQUINA<\/strong>, de\u00a0<em>L\u00edvia Perez<\/em><\/li>\n<\/ul>\n<p><strong>Pr\u00eamio do P\u00fablico<\/strong><\/p>\n<ul>\n<li>Melhor Curta-Metragem Nacional:\u00a0<strong>A GIS<\/strong>, de\u00a0<em>Thiago Carvalhaes<\/em><\/li>\n<li>Melhor Curta-Metragem Internacional:\u00a0<strong>TROUSER BAR<\/strong>, de\u00a0<em>Kristen Bjorn<\/em><\/li>\n<li>Melhor Longa-Metragem Nacional:\u00a0<strong>ENTRE OS HOMENS DE BEM<\/strong>, de\u00a0<em>Caio Cavechini e Carlos Juliano Barros<\/em><\/li>\n<li>Melhor Longa-Metragem Internacional:\u00a0<strong>STRIKE A POSE<\/strong>, de\u00a0<em>Ester Gould e Reijer Zwaag<\/em><\/li>\n<\/ul>\n<p><strong><u>PR\u00caMIOS ESPECIAIS<\/u><\/strong><\/p>\n<p><strong>\u2022 Pr\u00eamio Suzy Cap\u00f3:<\/strong>\u00a0a pe\u00e7a\u00a0<strong>ANATOMIA DO FAUNO<\/strong>, de\u00a0<em>Marcelo D\u2019Avilla e Marcelo Denny<\/em><\/p>\n<ul>\n<li><strong>Pr\u00eamio Canal Brasil de Incentivo ao Curta Metragem:<\/strong><strong>PISCINA<\/strong>, de\u00a0<em>Leandro Goddinho<\/em>\n<p><strong>\u2022 Pr\u00eamio Show do Gongo<\/strong>:\u00a0<strong>O QUE N\u00c3O DER NA KOMBI, EU BOTO FOGO<\/strong>, de\u00a0<em>Rafael Menezes<\/em><\/p>\n<p><strong>\u2022 Pr\u00eamio Ida Feldman:<\/strong><strong>Murray Bartlett<\/strong><\/li>\n<\/ul>\n","protected":false},"excerpt":{"rendered":"<p>Jurados\u00a02016 Longas: Desiree Buford Diana Almeida Gustavo Scofano Curtas: Ana David Murray Bartlett Tuna Dwek COELHOS DE OURO Pr\u00eamio do J\u00fari da Mostra Competitiva Brasil Melhor Longa-Metragem Brasileiro:\u00a0WAITING FOR B., de\u00a0Paulo Cesar Toledo e Abigail Spindel Melhor Curta-Metragem Brasileiro:\u00a0OS CUIDADOS QUE SE TEM COM O CUIDADO QUE OS OUTROS DEVEM TER CONSIGO MESMOS, de\u00a0Gustavo Vinagre &hellip;<\/p>\n","protected":false},"author":14,"featured_media":0,"parent":0,"menu_order":0,"comment_status":"closed","ping_status":"closed","template":"","meta":{"footnotes":""},"class_list":["post-2026","page","type-page","status-publish","hentry"],"_links":{"self":[{"href":"https:\/\/old.mixbrasil.org.br\/25\/wp-json\/wp\/v2\/pages\/2026","targetHints":{"allow":["GET"]}}],"collection":[{"href":"https:\/\/old.mixbrasil.org.br\/25\/wp-json\/wp\/v2\/pages"}],"about":[{"href":"https:\/\/old.mixbrasil.org.br\/25\/wp-json\/wp\/v2\/types\/page"}],"author":[{"embeddable":true,"href":"https:\/\/old.mixbrasil.org.br\/25\/wp-json\/wp\/v2\/users\/14"}],"replies":[{"embeddable":true,"href":"https:\/\/old.mixbrasil.org.br\/25\/wp-json\/wp\/v2\/comments?post=2026"}],"version-history":[{"count":1,"href":"https:\/\/old.mixbrasil.org.br\/25\/wp-json\/wp\/v2\/pages\/2026\/revisions"}],"predecessor-version":[{"id":2027,"href":"https:\/\/old.mixbrasil.org.br\/25\/wp-json\/wp\/v2\/pages\/2026\/revisions\/2027"}],"wp:attachment":[{"href":"https:\/\/old.mixbrasil.org.br\/25\/wp-json\/wp\/v2\/media?parent=2026"}],"curies":[{"name":"wp","href":"https:\/\/api.w.org\/{rel}","templated":true}]}}