{"id":2028,"date":"2017-11-15T11:13:37","date_gmt":"2017-11-15T13:13:37","guid":{"rendered":"http:\/\/mixbrasil.org.br\/?page_id=2028"},"modified":"2017-11-24T09:57:24","modified_gmt":"2017-11-24T11:57:24","slug":"premiacao","status":"publish","type":"page","link":"https:\/\/old.mixbrasil.org.br\/25\/premiacao\/","title":{"rendered":"Premia\u00e7\u00e3o"},"content":{"rendered":"<p><img loading=\"lazy\" decoding=\"async\" class=\"aligncenter size-full wp-image-2360\" src=\"http:\/\/mixbrasil.org.br\/wp-content\/uploads\/2017\/11\/premiados.jpg\" alt=\"\" width=\"960\" height=\"640\" srcset=\"https:\/\/old.mixbrasil.org.br\/25\/wp-content\/uploads\/2017\/11\/premiados.jpg 960w, https:\/\/old.mixbrasil.org.br\/25\/wp-content\/uploads\/2017\/11\/premiados-300x200.jpg 300w, https:\/\/old.mixbrasil.org.br\/25\/wp-content\/uploads\/2017\/11\/premiados-768x512.jpg 768w, https:\/\/old.mixbrasil.org.br\/25\/wp-content\/uploads\/2017\/11\/premiados-60x40.jpg 60w, https:\/\/old.mixbrasil.org.br\/25\/wp-content\/uploads\/2017\/11\/premiados-144x95.jpg 144w, https:\/\/old.mixbrasil.org.br\/25\/wp-content\/uploads\/2017\/11\/premiados-210x139.jpg 210w\" sizes=\"auto, (max-width: 960px) 100vw, 960px\" \/><\/p>\n<p><b>PR\u00caMIOS &#8211; FESTIVAL MIX BRASIL 2017<\/b><strong>\u00a0<\/strong><\/p>\n<p><b>COELHOS DE OURO<\/b><\/p>\n<p><b>Pr\u00eamio do J\u00fari da Mostra Competitiva Brasil<\/b><\/p>\n<ul>\n<li style=\"font-weight: 400;\"><span style=\"font-weight: 400;\">Melhor Longa-Metragem Brasileiro: <\/span><b>GUIGO OFFLINE<\/b><span style=\"font-weight: 400;\">, de <\/span><i><span style=\"font-weight: 400;\">Ren\u00e9 Guerra<\/span><\/i><\/li>\n<li style=\"font-weight: 400;\"><span style=\"font-weight: 400;\">Melhor Curta-Metragem Brasileiro: <\/span><b>AFRONTE<\/b><span style=\"font-weight: 400;\">, de <\/span><i><span style=\"font-weight: 400;\">Bruno Victor <\/span><\/i><span style=\"font-weight: 400;\">e<\/span><i><span style=\"font-weight: 400;\"> Marcus Azevedo<\/span><\/i><\/li>\n<\/ul>\n<p><b>INCENTIVO:<\/b><span style=\"font-weight: 400;\"> O longa e o curta premiados com o Coelho de Ouro tamb\u00e9m receber\u00e3o os pr\u00eamios <\/span><b><i>DOTCINE<\/i><\/b><span style=\"font-weight: 400;\">, <\/span><b><i>CTAV<\/i><\/b><span style=\"font-weight: 400;\"> e <\/span><b><i>MISTIKA<\/i><\/b><span style=\"font-weight: 400;\"> de incentivo \u00e0 realiza\u00e7\u00e3o de seus novos projetos audiovisuais atrav\u00e9s da parceria do Festival Mix Brasil com apoiadores da \u00e1rea cinematogr\u00e1fica.<\/span><\/p>\n<p><span style=\"font-weight: 400;\"><br \/>\n<\/span><b>COELHOS DE PRATA<\/b><\/p>\n<p><b>Pr\u00eamio do J\u00fari da Mostra Competitiva Brasil para Curtas-metragens<\/b><\/p>\n<ul>\n<li style=\"font-weight: 400;\"><span style=\"font-weight: 400;\">Melhor Dire\u00e7\u00e3o: <\/span><i><span style=\"font-weight: 400;\">Andr\u00e9ia Pires <\/span><\/i><span style=\"font-weight: 400;\">e<\/span><i><span style=\"font-weight: 400;\"> Leonardo Mouramateus<\/span><\/i><span style=\"font-weight: 400;\">, por <\/span><b>VANDO VULGO VEDITA<\/b><\/li>\n<li style=\"font-weight: 400;\"><span style=\"font-weight: 400;\">Melhor Roteiro: <\/span><i><span style=\"font-weight: 400;\">Paulo Roberto<\/span><\/i><span style=\"font-weight: 400;\">, por <\/span><b>STANLEY<\/b><\/li>\n<li style=\"font-weight: 400;\"><span style=\"font-weight: 400;\">Melhor Interpreta\u00e7\u00e3o: <\/span><i><span style=\"font-weight: 400;\">Gilda Nomacce<\/span><\/i><span style=\"font-weight: 400;\">, por <\/span><b>MINHA \u00daNICA TERRA \u00c9 NA LUA<\/b><\/li>\n<li style=\"font-weight: 400;\"><span style=\"font-weight: 400;\">Men\u00e7\u00e3o Honrosa: <\/span><b>ESTAMOS TODOS AQUI<\/b><span style=\"font-weight: 400;\">, de <\/span><i><span style=\"font-weight: 400;\">Chico Santos <\/span><\/i><span style=\"font-weight: 400;\">e<\/span><i><span style=\"font-weight: 400;\"> Rafael Mellim<\/span><\/i><\/li>\n<\/ul>\n<p><b>Pr\u00eamio do J\u00fari da Mostra Competitiva Brasil para M\u00e9dias e Longas-metragens<\/b><\/p>\n<ul>\n<li style=\"font-weight: 400;\"><span style=\"font-weight: 400;\">Melhor Dire\u00e7\u00e3o: <\/span><i><span style=\"font-weight: 400;\">Carolina Jabor<\/span><\/i><span style=\"font-weight: 400;\">, por <\/span><b>AOS TEUS OLHOS<\/b><\/li>\n<li style=\"font-weight: 400;\"><span style=\"font-weight: 400;\">Melhor Roteiro: <\/span><i><span style=\"font-weight: 400;\">Esmir Filho <\/span><\/i><span style=\"font-weight: 400;\">e<\/span><i><span style=\"font-weight: 400;\"> Mariana Bastos<\/span><\/i><span style=\"font-weight: 400;\">, por <\/span><b>ALGUMA COISA ASSIM<\/b><\/li>\n<li style=\"font-weight: 400;\"><span style=\"font-weight: 400;\">Melhor Interpreta\u00e7\u00e3o: <\/span><i><span style=\"font-weight: 400;\">Caroline Abras<\/span><\/i><span style=\"font-weight: 400;\">, por <\/span><b>ALGUMA COISA ASSIM<\/b><\/li>\n<li style=\"font-weight: 400;\"><span style=\"font-weight: 400;\">Men\u00e7\u00f5es Honrosas: <\/span><b>MEU NOME \u00c9 JACQUE<\/b><span style=\"font-weight: 400;\">, de <\/span><i><span style=\"font-weight: 400;\">Angela Zo\u00e9 <\/span><\/i><span style=\"font-weight: 400;\">e<\/span> <b>SERGUEI, O \u00daLTIMO PSICOD\u00c9LICO<\/b><span style=\"font-weight: 400;\">, de <\/span><i><span style=\"font-weight: 400;\">Ching Lee <\/span><\/i><span style=\"font-weight: 400;\">e<\/span><i><span style=\"font-weight: 400;\"> Zahy Tata Pur\u2019gte<\/span><\/i><\/li>\n<\/ul>\n<p><b>Pr\u00eamio do P\u00fablico<\/b><\/p>\n<ul>\n<li style=\"font-weight: 400;\"><span style=\"font-weight: 400;\">Melhor Curta-Metragem Nacional: <\/span><b>ESTAMOS TODOS AQUI<\/b><span style=\"font-weight: 400;\">, de <\/span><i><span style=\"font-weight: 400;\">Chico Santos <\/span><\/i><span style=\"font-weight: 400;\">e<\/span><i><span style=\"font-weight: 400;\"> Rafael Mellim<\/span><\/i><\/li>\n<li style=\"font-weight: 400;\"><span style=\"font-weight: 400;\">Melhor Curta-Metragem Internacional: <\/span><b>MARIO, KIKE E DAVID<\/b><span style=\"font-weight: 400;\">, de <\/span><i><span style=\"font-weight: 400;\">Miguel Lafuente<\/span><\/i><\/li>\n<li style=\"font-weight: 400;\"><span style=\"font-weight: 400;\">Melhor Longa-Metragem Nacional: <\/span><b>LUANA MUNIZ \u2013 FILHA DA LUA<\/b><span style=\"font-weight: 400;\">, de <\/span><i><span style=\"font-weight: 400;\">Rian C\u00f3rdova <\/span><\/i><span style=\"font-weight: 400;\">e<\/span><i><span style=\"font-weight: 400;\"> Leonardo Menezes<\/span><\/i><\/li>\n<li style=\"font-weight: 400;\"><span style=\"font-weight: 400;\">Melhor Longa-Metragem Internacional: <\/span><b>CLOSE-KNIT<\/b><span style=\"font-weight: 400;\">, de <\/span><i><span style=\"font-weight: 400;\">Naoko Ogigami<\/span><\/i><\/li>\n<\/ul>\n<p><span style=\"font-weight: 400;\"><br \/>\n<\/span><b>PR\u00caMIOS ESPECIAIS<\/b><span style=\"font-weight: 400;\"><br \/>\n<\/span><span style=\"font-weight: 400;\"><br \/>\n<\/span><b>\u2022 Pr\u00eamio \u00cdcone Mix:<\/b> <i><span style=\"font-weight: 400;\">Gus Van Sant<\/span><\/i><\/p>\n<ul>\n<li><b>Pr\u00eamio Suzy Cap\u00f3:<\/b><span style=\"font-weight: 400;\"> a pe\u00e7a <\/span><b>DESMESURA<\/b><span style=\"font-weight: 400;\">, do <\/span><i><span style=\"font-weight: 400;\">Grupo Teatro Kunyn<\/span><\/i><\/li>\n<li><b>Pr\u00eamio Mix HIV:<\/b> <b>MEU NOME \u00c9 JACQUE<\/b><span style=\"font-weight: 400;\">, de <\/span><i><span style=\"font-weight: 400;\">Angela Zo\u00e9<\/span><\/i><\/li>\n<li><b>Pr\u00eamio Canal Brasil de Incentivo ao Curta Metragem:<\/b> <b>DANDARA<\/b><span style=\"font-weight: 400;\">, de <\/span><i><span style=\"font-weight: 400;\">Fl\u00e1via Ayer <\/span><\/i><span style=\"font-weight: 400;\">e<\/span><i><span style=\"font-weight: 400;\"> Fred Bottrel<\/span><\/i><\/li>\n<li><b>Pr\u00eamio SescTV:<\/b> <b>VACA PROFANA<\/b><span style=\"font-weight: 400;\">, de <\/span><i><span style=\"font-weight: 400;\">Ren\u00e9 Guerra<\/span><\/i><\/li>\n<li><b>Pr\u00eamio Show do Gongo<\/b><span style=\"font-weight: 400;\">: <\/span><b>CONFESSIONS<\/b><span style=\"font-weight: 400;\">, de <\/span><i><span style=\"font-weight: 400;\">Rafael Saparelli<\/span><\/i><\/li>\n<\/ul>\n<p><strong><b>\u2022 Pr\u00eamio Ida Feldman:<\/b> <i><span style=\"font-weight: 400;\">Maria Clara Spinelli<\/span><\/i><\/strong><\/p>\n<p>&nbsp;<\/p>\n<p><b>SAIBA MAIS SOBRE OS INCENTIVOS E PR\u00caMIOS ESPECIAIS:<\/b><\/p>\n<p><strong>INCENTIVO<\/strong><\/p>\n<p>Os ganhadores dos Coelhos De Ouro receber\u00e3o os seguintes pr\u00eamios de incentivo \u00e0 realiza\u00e7\u00f5es de seus novos projetos audiovisuais atrav\u00e9s da parceria do Festival Mix Brasil com apoiadores da \u00e1rea cinematogr\u00e1fica:<\/p>\n<ul>\n<li>PR\u00caMIO DOT CINE<\/li>\n<\/ul>\n<p>Curta-metragem : 02 di\u00e1rias de corre\u00e7\u00e3o de cor + Master DCP<\/p>\n<p>Longa-metragem: Master DCP<\/p>\n<ul>\n<li>PR\u00caMIO CTAV<\/li>\n<\/ul>\n<p>Curta-metragem : Empr\u00e9stimo de equipamento e acess\u00f3rios (C\u00e2mera SI-2K) por duas semanas<\/p>\n<p>Longa-metragem: Empr\u00e9stimo de equipamento e acess\u00f3rios (C\u00e2mera SI-2K) por quatro semanas<\/p>\n<ul>\n<li>PR\u00caMIO MISTIKA<\/li>\n<\/ul>\n<p>Curta-metragem : R$ 5 mil em servi\u00e7os de p\u00f3s-produc\u0327a\u0303o de imagem<\/p>\n<p><strong>PR\u00caMIOS ESPECIAIS<\/strong><\/p>\n<ul>\n<li>\u00cdcone Mix<\/li>\n<\/ul>\n<div class=\"page\" title=\"Page 170\">\n<div class=\"section\">\n<div class=\"layoutArea\">\n<div class=\"column\">\n<p>O Pr\u00eamio \u00cdcone Mix foi criado com a proposta de homenagear indiv\u00edduos que tenham contribu\u00eddo para o desenvolvimento e visibilidade da comunidade LGBTQ. A primeira pessoa a receber esse pr\u00eamio ser\u00e1 o cineasta Gus Van Sant, pelo conjunto de sua obra.<\/p>\n<\/div>\n<\/div>\n<\/div>\n<\/div>\n<ul>\n<li>Pr\u00eamio Suzy Cap\u00f3<\/li>\n<\/ul>\n<p>As paix\u00f5es pela arte e pela transgress\u00e3o nortearam a vida de Suzy Cap\u00f3 fazendo com que deixasse sua marca em muitos Festivais do circuito LGBTQ em que participou ativamente, tanto no Brasil quanto no exterior. A obra mais inovadora e transgressora do Festival Mix Brasil receber\u00e1 o coelho de prata que leva seu nome.<\/p>\n<ul>\n<li>Pr\u00eamio MIX HIV<\/li>\n<\/ul>\n<p>O Programa Estadual de HIV\/Aids de S\u00e3o Paulo e o Mix Brasil criaram o Pr\u00eamio Mix HIV pois acreditam na import\u00e2ncia do audiovisual na supera\u00e7\u00e3o do estigma que enfraquece nossa comunidade e compromete preven\u00e7\u00e3o e tratamento.<\/p>\n<p>Com o intuito de incentivar a produ\u00e7\u00e3o de filmes que deem representatividade \u00e0 experi\u00eancia de viver ou conviver com HIV ser\u00e3o oferecidas oficinas para os realizadores e o filme vencedor levar\u00e1 um pr\u00eamio de R$ 10 mil.<\/p>\n<p><img loading=\"lazy\" decoding=\"async\" class=\"aligncenter size-large wp-image-2112\" src=\"http:\/\/mixbrasil.org.br\/wp-content\/uploads\/2017\/11\/triologos2015-1024x158.jpg\" alt=\"\" width=\"730\" height=\"113\" srcset=\"https:\/\/old.mixbrasil.org.br\/25\/wp-content\/uploads\/2017\/11\/triologos2015-1024x158.jpg 1024w, https:\/\/old.mixbrasil.org.br\/25\/wp-content\/uploads\/2017\/11\/triologos2015-300x46.jpg 300w, https:\/\/old.mixbrasil.org.br\/25\/wp-content\/uploads\/2017\/11\/triologos2015-768x118.jpg 768w, https:\/\/old.mixbrasil.org.br\/25\/wp-content\/uploads\/2017\/11\/triologos2015.jpg 2048w\" sizes=\"auto, (max-width: 730px) 100vw, 730px\" \/><\/p>\n<p>&nbsp;<\/p>\n<ul>\n<li>Pr\u00eamio Canal Brasil De Incentivo Ao Curta-Metragem<\/li>\n<\/ul>\n<p>Os curtas da Mostra Competitiva Brasil concorrem tamb\u00e9m a um pr\u00eamio no valor de R$ 15 mil. A escolha \u00e9 feita por um j\u00fari do Canal Brasil e o vencedor \u00e9 indicado ao Grande Pr\u00eamio Canal Brasil com o valor R$ 50 mil.<\/p>\n<ul>\n<li>Pr\u00eamio SESCTV<\/li>\n<\/ul>\n<div class=\"page\" title=\"Page 170\">\n<div class=\"section\">\n<div class=\"layoutArea\">\n<div class=\"column\">\n<p>Um pr\u00eamio aquisi\u00e7\u00e3o de R$ 5 mil para o melhor filme da Mostra Competitiva de Curtas, escolhido por um j\u00fari indicado pelo Canal, e contrato de exibi\u00e7\u00e3o por dois anos na programa\u00e7\u00e3o do SescTV.<\/p>\n<\/div>\n<\/div>\n<\/div>\n<\/div>\n<ul>\n<li>Pr\u00eamio Show do Gongo<\/li>\n<\/ul>\n<p>Coelho de Prata entregue ao v\u00eddeo sobrevivente \u00e0s gongadas do p\u00fablico e de Marisa Orth.<\/p>\n<ul>\n<li>Pr\u00eamio Ida Feldman<\/li>\n<\/ul>\n<p>Coelho de Prata entregue \u00e0 pessoa que mais se destacar no Festival Mix Brasil sob a \u00f3tica de Ida Feldman.<\/p>\n","protected":false},"excerpt":{"rendered":"<p>PR\u00caMIOS &#8211; FESTIVAL MIX BRASIL 2017\u00a0 COELHOS DE OURO Pr\u00eamio do J\u00fari da Mostra Competitiva Brasil Melhor Longa-Metragem Brasileiro: GUIGO OFFLINE, de Ren\u00e9 Guerra Melhor Curta-Metragem Brasileiro: AFRONTE, de Bruno Victor e Marcus Azevedo INCENTIVO: O longa e o curta premiados com o Coelho de Ouro tamb\u00e9m receber\u00e3o os pr\u00eamios DOTCINE, CTAV e MISTIKA de &hellip;<\/p>\n","protected":false},"author":14,"featured_media":2360,"parent":0,"menu_order":0,"comment_status":"closed","ping_status":"closed","template":"","meta":{"footnotes":""},"class_list":["post-2028","page","type-page","status-publish","has-post-thumbnail","hentry"],"_links":{"self":[{"href":"https:\/\/old.mixbrasil.org.br\/25\/wp-json\/wp\/v2\/pages\/2028","targetHints":{"allow":["GET"]}}],"collection":[{"href":"https:\/\/old.mixbrasil.org.br\/25\/wp-json\/wp\/v2\/pages"}],"about":[{"href":"https:\/\/old.mixbrasil.org.br\/25\/wp-json\/wp\/v2\/types\/page"}],"author":[{"embeddable":true,"href":"https:\/\/old.mixbrasil.org.br\/25\/wp-json\/wp\/v2\/users\/14"}],"replies":[{"embeddable":true,"href":"https:\/\/old.mixbrasil.org.br\/25\/wp-json\/wp\/v2\/comments?post=2028"}],"version-history":[{"count":8,"href":"https:\/\/old.mixbrasil.org.br\/25\/wp-json\/wp\/v2\/pages\/2028\/revisions"}],"predecessor-version":[{"id":2361,"href":"https:\/\/old.mixbrasil.org.br\/25\/wp-json\/wp\/v2\/pages\/2028\/revisions\/2361"}],"wp:featuredmedia":[{"embeddable":true,"href":"https:\/\/old.mixbrasil.org.br\/25\/wp-json\/wp\/v2\/media\/2360"}],"wp:attachment":[{"href":"https:\/\/old.mixbrasil.org.br\/25\/wp-json\/wp\/v2\/media?parent=2028"}],"curies":[{"name":"wp","href":"https:\/\/api.w.org\/{rel}","templated":true}]}}