{"id":836,"date":"2017-10-27T17:43:54","date_gmt":"2017-10-27T19:43:54","guid":{"rendered":"http:\/\/2017-mixbrasil-org-br.umbler.net\/?page_id=744"},"modified":"2017-11-15T10:51:47","modified_gmt":"2017-11-15T12:51:47","slug":"sobre-o-festival","status":"publish","type":"page","link":"https:\/\/old.mixbrasil.org.br\/25\/sobre-o-festival\/","title":{"rendered":"Ato de Resist\u00eancia"},"content":{"rendered":"<p>O Brasil tem passado por um momento muito delicado na economia e, principalmente, na pol\u00edtica. A crise afetou a produ\u00e7\u00e3o cultural e, sobretudo, os festivais espalhados por todo o pa\u00eds. Conosco n\u00e3o foi diferente.<\/p>\n<p>Mesmo em tempos de dinheiro curto, conseguimos manter presen\u00e7a em festivais internacionais e nacionais, buscando, mais do que nunca, fortalecer parcerias para que pud\u00e9ssemos trazer o melhor do cinema e da cultura da diversidade mundial para o p\u00fablico do Mix Brasil.<\/p>\n<p>Mais uma vez, conseguimos superar dificuldades, especialmente por conta dessas parcerias. A renova\u00e7\u00e3o do patroc\u00ednio do Banco Ita\u00fa \u2013 que se torna ainda mais pr\u00f3ximo com as atividades realizadas em conjunto com o Instituto Ita\u00fa Cultural \u2013, a Sabesp, o sempre companheiro Sesc SP, os fi\u00e9is colaboradores e nossa dedicada equipe possibilitaram a realiza\u00e7\u00e3o de uma edi\u00e7\u00e3o que se supera em qualidade de programa\u00e7\u00e3o e quantidade de trabalhos brasileiros e do exterior. Comemoramos um novo recorde de inscri\u00e7\u00f5es e a exuber\u00e2ncia da produ\u00e7\u00e3o nacional, representada em mais de 50 longas e curtas das cinco regi\u00f5es.<\/p>\n<p>O line up internacional vem com filmes premiados nos principais festivais (Locarno, Cannes, Berlim, Sundance, Toronto, Veneza, entre outros), assinados por diretores consagrados e por grandes apostas.<\/p>\n<p>As artes c\u00eanicas e a m\u00fasica continuam ganhando espa\u00e7o, representatividade e consist\u00eancia com Dram\u00e1tica em Cena e Mix Music, apresentando espet\u00e1culos e shows contestadores que aprofundam a discuss\u00e3o sobre identidade de g\u00eanero e sexualidade. A confer\u00eancia realizada em parceria com [SSEX BBOX] vem, mais uma vez, para quebrar paradigmas, discutir a opress\u00e3o de corpos n\u00e3o normativos e dar foco \u00e0s diferentes formas de ser, ver e reconhecer o outro.<\/p>\n<p>Sempre atentos \u00e0 forma\u00e7\u00e3o de uma sociedade mais justa e tolerante, a sele\u00e7\u00e3o de curtas \u201cCrescendo com a Diversidade\u201d ser\u00e1 exibida tamb\u00e9m na rede dos CEUs por meio do Circuito Spcine. A presen\u00e7a dessa tem\u00e1tica ser\u00e1 ampliada com a oficina \u201cFazendo Cinema \u2013 Crescendo com a Diversidade\u201d \u2013 direcionada ao p\u00fablico infanto-juvenil de escolas p\u00fablicas \u2013, o espet\u00e1culo infantil \u201cA Princesa e a Costureira\u201d e dois longas-metragens.<\/p>\n<p>Esta edi\u00e7\u00e3o consolida um projeto muito caro a n\u00f3s, lan\u00e7ado ano passado, que agora ganha corpo: o MixLab. Em parceria com a Spcine ser\u00e3o dois dias de encontros entre realizadores das mostras competitivas nacionais e outros profissionais do cinema brasileiro e estrangeiro, mergulhados num riqu\u00edssimo interc\u00e2mbio de experi\u00eancias e rela\u00e7\u00f5es profissionais.<\/p>\n<p>H\u00e1 24 anos o Mix Brasil cumpre o papel de empoderar e fazer sonhar. E, assim, seguimos plenos de for\u00e7a e convic\u00e7\u00e3o.<\/p>\n<p>Bem-vindos ao 24\u00ba Festival Mix Brasil!<\/p>\n<p>Jo\u00e3o Federici e Andr\u00e9 Fischer<\/p>\n","protected":false},"excerpt":{"rendered":"<p>O Brasil tem passado por um momento muito delicado na economia e, principalmente, na pol\u00edtica. A crise afetou a produ\u00e7\u00e3o cultural e, sobretudo, os festivais espalhados por todo o pa\u00eds. Conosco n\u00e3o foi diferente. Mesmo em tempos de dinheiro curto, conseguimos manter presen\u00e7a em festivais internacionais e nacionais, buscando, mais do que nunca, fortalecer parcerias &hellip;<\/p>\n","protected":false},"author":14,"featured_media":0,"parent":0,"menu_order":0,"comment_status":"closed","ping_status":"closed","template":"","meta":{"footnotes":""},"class_list":["post-836","page","type-page","status-publish","hentry"],"_links":{"self":[{"href":"https:\/\/old.mixbrasil.org.br\/25\/wp-json\/wp\/v2\/pages\/836","targetHints":{"allow":["GET"]}}],"collection":[{"href":"https:\/\/old.mixbrasil.org.br\/25\/wp-json\/wp\/v2\/pages"}],"about":[{"href":"https:\/\/old.mixbrasil.org.br\/25\/wp-json\/wp\/v2\/types\/page"}],"author":[{"embeddable":true,"href":"https:\/\/old.mixbrasil.org.br\/25\/wp-json\/wp\/v2\/users\/14"}],"replies":[{"embeddable":true,"href":"https:\/\/old.mixbrasil.org.br\/25\/wp-json\/wp\/v2\/comments?post=836"}],"version-history":[{"count":1,"href":"https:\/\/old.mixbrasil.org.br\/25\/wp-json\/wp\/v2\/pages\/836\/revisions"}],"predecessor-version":[{"id":2019,"href":"https:\/\/old.mixbrasil.org.br\/25\/wp-json\/wp\/v2\/pages\/836\/revisions\/2019"}],"wp:attachment":[{"href":"https:\/\/old.mixbrasil.org.br\/25\/wp-json\/wp\/v2\/media?parent=836"}],"curies":[{"name":"wp","href":"https:\/\/api.w.org\/{rel}","templated":true}]}}