{"id":840,"date":"2017-10-27T17:44:36","date_gmt":"2017-10-27T19:44:36","guid":{"rendered":"http:\/\/2017-mixbrasil-org-br.umbler.net\/?page_id=750"},"modified":"2023-08-24T20:22:27","modified_gmt":"2023-08-24T23:22:27","slug":"mixlab-spcine","status":"publish","type":"page","link":"https:\/\/old.mixbrasil.org.br\/25\/mixlab-spcine\/","title":{"rendered":"2\u00ba MixLab Spcine"},"content":{"rendered":"<p style=\"text-align: justify;\">Um encontro entre realizadores das mostras competitivas e outros profissionais do cinema brasileiro e estrangeiro especialmente convidados que visa promover o interc\u00e2mbio de experi\u00eancias e rela\u00e7\u00f5es profissionais, atrav\u00e9s de apresenta\u00e7\u00f5es, palestras e debates.<\/p>\n<p style=\"text-align: justify;\"><span style=\"font-weight: 400;\">Pelo segundo ano, o Mix Brasil promove o MixLab Spcine, encontro que visa o interc\u00e2mbio de experi\u00eancias e rela\u00e7\u00f5es profissionais, atrav\u00e9s de apresenta\u00e7\u00f5es, palestras e debates. \u00a0O Centro Cultural S\u00e3o Paulo (CCSP) ser\u00e1 o palco desses encontros nos dias 17, 21 e 22 de novembro, entre realizadores selecionados para as mostras de curta e longas metragens do festival e outros profissionais do cinema brasileiro e estrangeiro.<\/span><\/p>\n<p style=\"text-align: justify;\"><span style=\"font-weight: 400;\">Veja a programa\u00e7\u00e3o <a href=\"https:\/\/old.mixbrasil.org.br\/25\/programacao-2o-mixlab-spcine\/\">aqui<\/a>.<\/span><\/p>\n<p style=\"text-align: justify;\"><span style=\"font-weight: 400;\">Confira <a href=\"http:\/\/mixbrasil.org.br\/category\/2o-mixlab-spcine\/convidados-2o-mixlab-spcine\/\">aqui<\/a> os convidados.<\/span><\/p>\n<p style=\"text-align: justify;\">As inscri\u00e7\u00f5es est\u00e3o abertas at\u00e9 o dia 13 de novembro \u00e0s 14h,\u00a0\u00a0.<\/p>\n","protected":false},"excerpt":{"rendered":"<p>Um encontro entre realizadores das mostras competitivas e outros profissionais do cinema brasileiro e estrangeiro especialmente convidados que visa promover o interc\u00e2mbio de experi\u00eancias e rela\u00e7\u00f5es profissionais, atrav\u00e9s de apresenta\u00e7\u00f5es, palestras e debates. Pelo segundo ano, o Mix Brasil promove o MixLab Spcine, encontro que visa o interc\u00e2mbio de experi\u00eancias e rela\u00e7\u00f5es profissionais, atrav\u00e9s de &hellip;<\/p>\n","protected":false},"author":14,"featured_media":0,"parent":0,"menu_order":0,"comment_status":"closed","ping_status":"closed","template":"","meta":{"footnotes":""},"class_list":["post-840","page","type-page","status-publish","hentry"],"_links":{"self":[{"href":"https:\/\/old.mixbrasil.org.br\/25\/wp-json\/wp\/v2\/pages\/840","targetHints":{"allow":["GET"]}}],"collection":[{"href":"https:\/\/old.mixbrasil.org.br\/25\/wp-json\/wp\/v2\/pages"}],"about":[{"href":"https:\/\/old.mixbrasil.org.br\/25\/wp-json\/wp\/v2\/types\/page"}],"author":[{"embeddable":true,"href":"https:\/\/old.mixbrasil.org.br\/25\/wp-json\/wp\/v2\/users\/14"}],"replies":[{"embeddable":true,"href":"https:\/\/old.mixbrasil.org.br\/25\/wp-json\/wp\/v2\/comments?post=840"}],"version-history":[{"count":6,"href":"https:\/\/old.mixbrasil.org.br\/25\/wp-json\/wp\/v2\/pages\/840\/revisions"}],"predecessor-version":[{"id":3375,"href":"https:\/\/old.mixbrasil.org.br\/25\/wp-json\/wp\/v2\/pages\/840\/revisions\/3375"}],"wp:attachment":[{"href":"https:\/\/old.mixbrasil.org.br\/25\/wp-json\/wp\/v2\/media?parent=840"}],"curies":[{"name":"wp","href":"https:\/\/api.w.org\/{rel}","templated":true}]}}