{"id":101,"date":"2018-10-05T15:42:41","date_gmt":"2018-10-05T18:42:41","guid":{"rendered":"http:\/\/www.mixbrasil.org.br\/26\/26\/?page_id=101"},"modified":"2018-11-05T16:05:12","modified_gmt":"2018-11-05T18:05:12","slug":"ficha-tecnica","status":"publish","type":"page","link":"https:\/\/old.mixbrasil.org.br\/26\/ficha-tecnica\/","title":{"rendered":"FICHA T\u00c9CNICA"},"content":{"rendered":"<p><span style=\"color: #000000; font-size: 14pt;\"><b>Ficha T\u00e9cnica | Festival Mix Brasil 2018<\/b><\/span><\/p>\n<p><span style=\"color: #000000;\"><b>DIRE\u00c7\u00c3O | DIRECTOR<br \/>\n<\/b><span style=\"font-weight: 400;\">ANDR\u00c9 FISCHER<\/span><\/span><\/p>\n<p><span style=\"color: #000000;\"><b>DIRE\u00c7\u00c3O ART\u00cdSTICA | ARTISTIC DIRECTOR<br \/>\n<\/b><span style=\"font-weight: 400;\">JO\u00c3O FEDERICI<\/span><\/span><\/p>\n<p><span style=\"color: #000000;\"><b>DIRE\u00c7\u00c3O EXECUTIVA | EXECUTIVE DIRECTOR<br \/>\n<\/b><span style=\"font-weight: 400;\">JOSI GELLER<\/span><\/span><\/p>\n<p><span style=\"color: #000000;\"><b>COORDENA\u00c7\u00c3O DE PROGRAMA\u00c7\u00c3O DE FILMES | FILM PROGRAM COORDINATOR<br \/>\n<\/b><span style=\"font-weight: 400;\">MARCIO MIRANDA PEREZ<\/span><\/span><\/p>\n<p><span style=\"color: #000000;\"><b>COORDENA\u00c7\u00c3O DE PRODU\u00c7\u00c3O | PRODUCTION COORDINATOR<br \/>\n<\/b><span style=\"font-weight: 400;\">TATI NUNES<\/span><\/span><\/p>\n<p><span style=\"color: #000000;\"><b>PRODU\u00c7\u00c3O | PRODUCTION<br \/>\n<\/b><span style=\"font-weight: 400;\">VICTOR GALLY<\/span><\/span><\/p>\n<p><span style=\"color: #000000;\"><b>ASSISTENTE DE PRODU\u00c7\u00c3O | PRODUCTION ASSISTANT<br \/>\n<\/b><span style=\"font-weight: 400;\">BRUNA LIMA<br \/>\n<\/span><span style=\"font-weight: 400;\">GABRIELLA P\u00c1SSARO<\/span><\/span><\/p>\n<p><span style=\"color: #000000;\"><b>COMIT\u00ca DE SELE\u00c7\u00c3O DE CURTA-METRAGENS | SHORT FILM SELECTION COMMITTEE<br \/>\n<\/b><span style=\"font-weight: 400;\">ANDR\u00c9 FISCHER<br \/>\n<\/span><span style=\"font-weight: 400;\">ANNE FRYSZMAN<br \/>\n<\/span><span style=\"font-weight: 400;\">BETH S\u00c1 FREIRE<br \/>\n<\/span><span style=\"font-weight: 400;\">GABRIELLA P\u00c1SSARO<br \/>\n<\/span><span style=\"font-weight: 400;\">JO\u00c3O FEDERICI<br \/>\n<\/span><span style=\"font-weight: 400;\">JOSI GELLER<br \/>\n<\/span><span style=\"font-weight: 400;\">J\u00daLIA KATHARINE<br \/>\n<\/span><span style=\"font-weight: 400;\">L\u00cdVIA PEREZ<br \/>\n<\/span><span style=\"font-weight: 400;\">M\u00c1RCIA VAZ<br \/>\n<\/span><span style=\"font-weight: 400;\">MARCIO MIRANDA PEREZ<br \/>\n<\/span><span style=\"font-weight: 400;\">PEDRO TINEN<br \/>\n<\/span><span style=\"font-weight: 400;\">SANDRA BROGIONI<\/span><\/span><\/p>\n<p><span style=\"color: #000000;\"><b>SHOW DO GONGO | THE GONG SHOW\u2019S HOSTESS<br \/>\n<\/b><span style=\"font-weight: 400;\">MARISA ORTH<\/span><\/span><\/p>\n<p><span style=\"color: #000000;\"><b>DRAM\u00c1TICA EM CENA<br \/>\n<\/b><span style=\"font-weight: 400;\">JO\u00c3O FEDERICI<\/span><\/span><\/p>\n<p><span style=\"color: #000000;\"><b>COORDENA\u00c7\u00c3O T\u00c9CNICA | TECHNICAL COORDINATOR<br \/>\n<\/b><span style=\"font-weight: 400;\">PEDRO FELIZES<br \/>\n<\/span><span style=\"font-weight: 400;\">VICTOR FONSECA<\/span><\/span><\/p>\n<p><span style=\"color: #000000;\"><b>MIX MUSIC<br \/>\n<\/b><span style=\"font-weight: 400;\">ANDR\u00c9 POMBA CAGNI<br \/>\n<\/span><span style=\"font-weight: 400;\">HANILTON MEDEIROS<\/span><\/span><\/p>\n<p><span style=\"color: #000000;\"><b>MIX LITER\u00c1RIO <\/b><\/span><\/p>\n<p><span style=\"color: #000000;\"><b>DIRE\u00c7\u00c3O E CURADORIA | DIRECTOR AND CURATOR<br \/>\n<\/b><span style=\"font-weight: 400;\">ALEXANDRE RABELO<\/span><\/span><\/p>\n<p><span style=\"color: #000000;\"><b>CO-CURADORIA | CO-CURATOR<br \/>\n<\/b><span style=\"font-weight: 400;\">CRISTINA JUDAR<\/span><\/span><\/p>\n<p><span style=\"color: #000000;\"><b>PRODU\u00c7\u00c3O | PRODUCTION<br \/>\n<\/b><span style=\"font-weight: 400;\">JOSU\u00c9 SOUZA<\/span><\/span><\/p>\n<p><span style=\"color: #000000;\"><b>MIXLAB SPCINE<\/b><\/span><\/p>\n<p><span style=\"color: #000000;\"><b>COORDENA\u00c7\u00c3O E CURADORIA | COORDINATION AND CURATOR<br \/>\n<\/b><span style=\"font-weight: 400;\">JO\u00c3O FEDERICI<\/span><\/span><\/p>\n<p><span style=\"color: #000000;\"><b>BIG DIVERSITY <\/b><\/span><\/p>\n<p><span style=\"color: #000000;\"><b>CURADORIA DOS JOGOS | GAMES CURATORSHIP<br \/>\n<\/b><span style=\"font-weight: 400;\">BIG FESTIVAL E GAMES [4DIVERSITY]<\/span><\/span><\/p>\n<p><span style=\"color: #000000;\"><b>BIG MIX JAM FOR DIVERSITY<\/b><\/span><\/p>\n<p><span style=\"color: #000000;\"><b>IDEALIZADORA | CREATOR<br \/>\n<\/b><span style=\"font-weight: 400;\">MARINA PECORARO, BIG FESTIVAL<\/span><\/span><\/p>\n<p><span style=\"color: #000000;\"><b>ORGANIZADORA DA JAM | JAM ORGANIZER<br \/>\n<\/b><span style=\"font-weight: 400;\">ELINE MUIJRES<br \/>\nGAMES [4DIVERSITY]<\/span><\/span><\/p>\n<p><span style=\"color: #000000;\"><b>CONFER\u00caNCIA MIX BRASIL 2018 FEAT PAJUB\u00c1<\/b><\/span><\/p>\n<p><span style=\"color: #000000;\"><b>COORDENA\u00c7\u00c3O E CURADORIA | COORDINATION AND CO-CURATOR<br \/>\n<\/b><span style=\"font-weight: 400;\">ANDR\u00c9 FISCHER <\/span><\/span><\/p>\n<p><span style=\"color: #000000;\"><b>CURADORIA | CURATOR<br \/>\n<\/b><span style=\"font-weight: 400;\">PAJUB\u00c1<\/span><\/span><\/p>\n<p><span style=\"color: #000000;\"><b>CO-CURADORIA | CO-CURATOR<br \/>\n<\/b>\u00c9 DE LEI<\/span><br \/>\n<span style=\"color: #000000;\">ETERNAMENTE SOU<\/span><br \/>\n<span style=\"color: #000000;\">GAMES<\/span><br \/>\n<span style=\"color: #000000;\">JULIAN RODRIGUES<\/span><br \/>\n<span style=\"color: #000000;\">MEU NOME \u00c9 TERESA<\/span><br \/>\n<span style=\"color: #000000;\">NUDHES<\/span><br \/>\n<span style=\"color: #000000;\">PERIFERIA TRANS<\/span><\/p>\n<p><span style=\"color: #000000;\"><b>TROF\u00c9U COELHO DE PRATA E OURO | SILVER AND GOLDEN RABBIT TROPHY<br \/>\n<\/b><span style=\"font-weight: 400;\">DUILIO FERRONATO<\/span><\/span><\/p>\n<p><span style=\"color: #000000;\"><b>RECEPTIVO | HOSPITALITY STAFF<br \/>\n<\/b><span style=\"font-weight: 400;\">IGOR COSTOCHKA<\/span><\/span><\/p>\n<p><span style=\"color: #000000;\"><b>ASSESSORIA DE IMPRENSA | PUBLIC\u00a0 RELATIONS<br \/>\n<\/b><span style=\"font-weight: 400;\">ATTI COMUNICA\u00c7\u00c3O E IDEIAS<br \/>\n<\/span><span style=\"font-weight: 400;\">ELIZ FERREIRA E VALERIA BLANCO<\/span><\/span><\/p>\n<p><span style=\"color: #000000;\"><b>REDES SOCIAIS | SOCIAL MEDIA<\/b><span style=\"font-weight: 400;\"><br \/>\n<\/span><span style=\"font-weight: 400;\">VIN\u00cdCIUS YAMADA<\/span><\/span><\/p>\n<p><span style=\"color: #000000;\"><b>DESENVOLVIMENTO WEB | WEB DEVELOPMENT<br \/>\n<\/b><span style=\"font-weight: 400;\">SHOWMETECH WEB<\/span><\/span><\/p>\n<p><span style=\"color: #000000;\"><b>VIDEOCLIPES E MAKING OF | VIDEO CLIPS AND MAKING OF<br \/>\n<\/b><span style=\"font-weight: 400;\">GERALDO ARCANJO<\/span><\/span><\/p>\n<p><span style=\"color: #000000;\"><b>FOTOS | PHOTOS<br \/>\n<\/b><span style=\"font-weight: 400;\">JESSICA DALLA TORRE<\/span><\/span><\/p>\n<p><span style=\"color: #000000;\"><b>HOSTESS<br \/>\n<\/b><span style=\"font-weight: 400;\">RENATA BASTOS<\/span><\/span><\/p>\n<p><span style=\"color: #000000;\"><b>COORDENA\u00c7\u00c3O DE MONITORIA | MONITORING COORDINATION<br \/>\n<\/b><span style=\"font-weight: 400;\">FABIANA AMORIM<\/span><\/span><\/p>\n<p><span style=\"color: #000000;\"><b>EQUIPE DE MONITORES | MONITORS TEAM<br \/>\n<\/b><span style=\"font-weight: 400;\">ALEXANDRE AMORIM<br \/>\n<\/span><span style=\"font-weight: 400;\">CARLA ALENDOURO<br \/>\n<\/span><span style=\"font-weight: 400;\">ERIK \u00a0MATHEUS VIANA<br \/>\n<\/span><span style=\"font-weight: 400;\">FABIANA AMORIM<br \/>\n<\/span><span style=\"font-weight: 400;\">FELIPE ASSAKAWA<br \/>\n<\/span><span style=\"font-weight: 400;\">FELIPE DAVI<br \/>\n<\/span><span style=\"font-weight: 400;\">JO\u00c3O DA HORA<br \/>\n<\/span><span style=\"font-weight: 400;\">KAREN CRISTINA<br \/>\n<\/span><span style=\"font-weight: 400;\">LUIS CORTIJO<br \/>\n<\/span><span style=\"font-weight: 400;\">MABEL MENEZES<br \/>\n<\/span><span style=\"font-weight: 400;\">SABRYNA REIS<br \/>\n<\/span><span style=\"font-weight: 400;\">STEFANO MORENO<br \/>\n<\/span><span style=\"font-weight: 400;\">THAMATA BARBOSA<\/span><\/span><\/p>\n<p><span style=\"color: #000000;\"><b>COORDENA\u00c7\u00c3O DE TRADU\u00c7\u00c3O E LEGENDAS | TRANSLATION AND SUBTITLES COORDINATION<br \/>\n<\/b><span style=\"font-weight: 400;\">4 ESTA\u00c7\u00d5ES<\/span><\/span><\/p>\n<p><span style=\"color: #000000;\"><b>TRADUTORES E OPERADORES DE LEGENDAS |TRANSLATORS AND SUBTITLE OPERATORS<br \/>\n<\/b><span style=\"font-weight: 400;\">ALEXANDRE PILL<br \/>\n<\/span><span style=\"font-weight: 400;\">ANNE FRYSZMAN<br \/>\n<\/span><span style=\"font-weight: 400;\">BRUNA PEIXOTO<br \/>\n<\/span><span style=\"font-weight: 400;\">BRUNO MURTINHO<br \/>\n<\/span><span style=\"font-weight: 400;\">CESAR ALARCON<br \/>\n<\/span><span style=\"font-weight: 400;\">EDUARDO RIECHE<br \/>\n<\/span><span style=\"font-weight: 400;\">ELEN CONTERATO<br \/>\n<\/span><span style=\"font-weight: 400;\">FABIO PORTO<br \/>\n<\/span><span style=\"font-weight: 400;\">FL\u00c1VIO MAGALH\u00c3ES<br \/>\n<\/span><span style=\"font-weight: 400;\">GABI NATALICI<br \/>\n<\/span><span style=\"font-weight: 400;\">GUSTAVO OTTO<br \/>\n<\/span><span style=\"font-weight: 400;\">HELENA PRATES<br \/>\n<\/span><span style=\"font-weight: 400;\">ISA CARVALHO<br \/>\n<\/span><span style=\"font-weight: 400;\">JO CORREIA<br \/>\n<\/span><span style=\"font-weight: 400;\">LEONARDO PEREIRA<br \/>\n<\/span><span style=\"font-weight: 400;\">MONICA DIAS<br \/>\n<\/span><span style=\"font-weight: 400;\">NAIRA ASSIS<br \/>\n<\/span><span style=\"font-weight: 400;\">RENATA PENEDO<br \/>\n<\/span><span style=\"font-weight: 400;\">SANDRA JONES<\/span><\/span><\/p>\n<p><span style=\"color: #000000;\"><b>TR\u00c1FEGO E REVIS\u00c3O DE C\u00d3PIAS | COPIES TRAFFIC AND REVIEW\u00a0COORDENA\u00c7\u00c3O | COORDINATION<br \/>\n<\/b><span style=\"font-weight: 400;\">HYRAN DE MULA<\/span><\/span><\/p>\n<p><span style=\"color: #000000;\"><b>MONITORES DE PROJE\u00c7\u00c3O |PROJECTION MONITORS<br \/>\n<\/b><span style=\"font-weight: 400;\">MARINA DA SILVA<\/span><\/span><\/p>\n<p><span style=\"color: #000000;\"><b>CAT\u00c1LOGO | CATALOGUE<\/b><\/span><\/p>\n<p><span style=\"color: #000000;\"><b>PROJETO GR\u00c1FICO | GRAPHIC DESIGNER<br \/>\n<\/b><span style=\"font-weight: 400;\">ZOOTZ COMUNICA\u00c7\u00c3O<\/span><\/span><\/p>\n<p><span style=\"color: #000000;\"><b>CONTE\u00daDO | CONTENT:<\/b><span style=\"font-weight: 400;\">\u00a0ANDR\u00c9 FISCHER, JO\u00c3O FEDERICI, MARCIO MIRANDA PEREZ, TATI NUNES<\/span><\/span><\/p>\n<p><span style=\"color: #000000;\"><b>REVIS\u00c3O | COPYEDITOR:\u00a0<\/b><span style=\"font-weight: 400;\">LEONARDO DO CARMO<\/span><\/span><\/p>\n<p><span style=\"color: #000000;\"><b>TRADU\u00c7\u00c3O| TRANSLATOR:<\/b><span style=\"font-weight: 400;\">\u00a0MARCOS OLIVAL<\/span><\/span><\/p>\n<p><span style=\"color: #000000;\"><b>CAMPANHA MIX BRASIL 2018 | MIX BRASIL\u00a0 2018 CAMPAIGN<\/b><\/span><\/p>\n<p><span style=\"font-weight: 400; color: #000000;\">MUTATO <\/span><\/p>\n<p><span style=\"color: #000000;\"><b>DIRE\u00c7\u00c3O CRIATIVA |<\/b> <b>CREATIVE DIRECTOR: <\/b><span style=\"font-weight: 400;\">EDUARDO CAMARGO<\/span><\/span><\/p>\n<p><span style=\"color: #000000;\"><b>DIRE\u00c7\u00c3O DE ARTE, CONCEPT, ROTEIRO E REDA\u00c7\u00c3O | PRODUCTION DESIGN, CONCEPT, SCRIPT AND WRITING<br \/>\n<\/b><span style=\"font-weight: 400;\">SOPHIA MONTENEGRO<br \/>\n<\/span><span style=\"font-weight: 400;\">VICTOR DI LORENZO<br \/>\n<\/span><span style=\"font-weight: 400;\">VIKKI G\u00d3IS<br \/>\n<\/span><span style=\"font-weight: 400;\">VICTOR IVANON<br \/>\n<\/span><span style=\"font-weight: 400;\">PEDRO CORTELETTI<\/span><\/span><\/p>\n<p><span style=\"color: #000000;\"><b>PLANEJAMENTO | PLANNING<br \/>\n<\/b><span style=\"font-weight: 400;\">ANNELISE CONTI<br \/>\n<\/span><span style=\"font-weight: 400;\">DANIEL GASPARETTI<br \/>\n<\/span><span style=\"font-weight: 400;\">JULIANA MORGANTI<\/span><\/span><\/p>\n<p><span style=\"color: #000000;\"><b>LOGO 26\u00ba MIXBRASIL<br \/>\n<\/b><span style=\"font-weight: 400;\">FABIO MOZELLI &amp; MARCEL LIMA (DPZ&amp;T)<\/span><\/span><\/p>\n<p><span style=\"color: #000000;\"><b>EQUIPE CENTRO CULTURAL S\u00c3O PAULO | CENTRO CULTURAL S\u00c3O PAULO TEAM<\/b><\/span><\/p>\n<p><span style=\"color: #000000;\"><b>DIRE\u00c7\u00c3O GERAL E COORDENA\u00c7\u00c3O DE CURADORIA | GENERAL DIRECTION AND CURATORIAL COORDINATION:<\/b><span style=\"font-weight: 400;\"> CAD\u00c3O VOLPATO<\/span><\/span><\/p>\n<p><span style=\"color: #000000;\"><b>SUPERVIS\u00c3O DE A\u00c7\u00c3O CULTURAL | CULTURAL ACTION SUPERVISION:<\/b><span style=\"font-weight: 400;\"> ADRIANE BERTINI E EQUIPE<\/span><\/span><\/p>\n<p><span style=\"color: #000000;\"><b>SUPERVIS\u00c3O DE ACERVO | ARCHIVE SUPERVISION:<\/b><span style=\"font-weight: 400;\"> EDUARDO NAVARRO NIERO FILHO E EQUIPE<\/span><\/span><\/p>\n<p><span style=\"color: #000000;\"><b>SUPERVIS\u00c3O DE BIBLIOTECAS | LIBRARY SUPERVISION: <\/b><span style=\"font-weight: 400;\">MARIA APARECIDA DOS REIS RIBEIRO DA SILVA E EQUIPE<\/span><\/span><\/p>\n<p><span style=\"color: #000000;\"><b>SUPERVIS\u00c3O DE INFORMA\u00c7\u00c3O | INFORMATION SUPERVISION:<\/b><span style=\"font-weight: 400;\"> ALVARO OLYNTHO E EQUIPE<\/span><\/span><\/p>\n<p><span style=\"color: #000000;\"><b>SUPERVIS\u00c3O DE PRODU\u00c7\u00c3O | PRODUCTION SUPERVISION:<\/b><span style=\"font-weight: 400;\"> LUCIANA MANTOVANI E EQUIPE<\/span><\/span><\/p>\n<p><span style=\"color: #000000;\"><b>N\u00daCLEO DE GEST\u00c3O | MANAGEMENT TEAM :<\/b><span style=\"font-weight: 400;\"> FRANCIS VIEIRA SOARES E EQUIPE<\/span><\/span><\/p>\n<p><span style=\"color: #000000;\"><b>N\u00daCLEO DE PROJETOS | PROJECTS TEAM:<\/b><span style=\"font-weight: 400;\"> KELLY SANTIAGO E WALTER TADEU HARDT DE SIQUEIRA<\/span><\/span><\/p>\n<p><span style=\"color: #000000;\"><b>PRESTA\u00c7\u00c3O DE CONTAS E FINANCEIRO | ACCOUNTABILITY AND FINANCIAL<br \/>\n<\/b><span style=\"font-weight: 400;\">JOSI GELLER<\/span><\/span><\/p>\n<p><span style=\"color: #000000;\"><b>ASSESSORIA JUR\u00cdDICA | LEGAL ADVICE<br \/>\n<\/b><span style=\"font-weight: 400;\">FREGNI \u2013 LOPEZ DA CRUZ \u2013 ADVOGADOS ASSOCIADOS<br \/>\n<\/span><span style=\"font-weight: 400;\">DRA. GABRIELLA FREGNI<\/span><\/span><\/p>\n<p><span style=\"color: #000000;\"><b>ASSESSORIA CONT\u00c1BIL | ACCOUNTING ADVICE<br \/>\n<\/b><span style=\"font-weight: 400;\">ROSANA SANTOS DA CRUZ<br \/>\n<\/span><span style=\"font-weight: 400;\">SANTOS ASSESSORIA CONT\u00c1BIL<br \/>\n<\/span><span style=\"font-weight: 400;\">SOLANGE BALDENEBRO<br \/>\n<\/span><span style=\"font-weight: 400;\">VALDIR CARVALHO<\/span><\/span><\/p>\n<p><span style=\"color: #000000;\"><b>REALIZA\u00c7\u00c3O | REALIZATION<\/b><\/span><\/p>\n<p><img loading=\"lazy\" decoding=\"async\" class=\"aligncenter wp-image-487 size-full\" src=\"http:\/\/www.mixbrasil.org.br\/26\/26\/wp-content\/uploads\/2018\/11\/associacao-mix.png\" alt=\"\" width=\"277\" height=\"161\" \/><\/p>\n<p>PRESID\u00caNCIA | CHIEF OFFICER<br \/>\n<span style=\"font-weight: 400;\">ANDR\u00c9 FISCHER<\/span><\/p>\n<p><span style=\"color: #000000;\"><b>VICE PRESID\u00caNCIA | DEPUTY CHIEF OFFICER<br \/>\n<\/b><span style=\"font-weight: 400;\">JO\u00c3O FEDERICI<\/span><\/span><\/p>\n<p><span style=\"color: #000000;\"><b>DIRETORIA | DIRECTORS<br \/>\n<\/b><span style=\"font-weight: 400;\">THIAGO FERNANDES BRAZ<br \/>\n<\/span><span style=\"font-weight: 400;\">MARCO DONINI<\/span><\/span><\/p>\n<p><span style=\"color: #000000;\"><b>CONSELHO | COUNCIL BOARD<br \/>\n<\/b><span style=\"font-weight: 400;\">ADRIANA RIGOLIN<br \/>\n<\/span><span style=\"font-weight: 400;\">FRANCISCO ZELESNIKAR<br \/>\n<\/span><span style=\"font-weight: 400;\">JOSI GELLER<\/span><\/span><\/p>\n","protected":false},"excerpt":{"rendered":"<p>Ficha T\u00e9cnica | Festival Mix Brasil 2018 DIRE\u00c7\u00c3O | DIRECTOR ANDR\u00c9 FISCHER DIRE\u00c7\u00c3O ART\u00cdSTICA | ARTISTIC DIRECTOR JO\u00c3O FEDERICI DIRE\u00c7\u00c3O EXECUTIVA | EXECUTIVE DIRECTOR JOSI GELLER COORDENA\u00c7\u00c3O DE PROGRAMA\u00c7\u00c3O DE FILMES | FILM PROGRAM COORDINATOR MARCIO MIRANDA PEREZ COORDENA\u00c7\u00c3O DE PRODU\u00c7\u00c3O | PRODUCTION COORDINATOR TATI NUNES PRODU\u00c7\u00c3O | PRODUCTION VICTOR GALLY ASSISTENTE DE PRODU\u00c7\u00c3O | &hellip;<\/p>\n","protected":false},"author":4,"featured_media":0,"parent":0,"menu_order":0,"comment_status":"closed","ping_status":"closed","template":"","meta":{"footnotes":""},"class_list":["post-101","page","type-page","status-publish","hentry"],"yoast_head":"<!-- This site is optimized with the Yoast SEO plugin v27.3 - https:\/\/yoast.com\/product\/yoast-seo-wordpress\/ -->\n<title>FICHA T\u00c9CNICA - 26\u00ba Festival Mix Brasil | 2018<\/title>\n<meta name=\"robots\" content=\"index, follow, max-snippet:-1, max-image-preview:large, max-video-preview:-1\" \/>\n<link rel=\"canonical\" href=\"https:\/\/old.mixbrasil.org.br\/26\/ficha-tecnica\/\" \/>\n<meta property=\"og:locale\" content=\"en_US\" \/>\n<meta property=\"og:type\" content=\"article\" \/>\n<meta property=\"og:title\" content=\"FICHA T\u00c9CNICA - 26\u00ba Festival Mix Brasil | 2018\" \/>\n<meta property=\"og:description\" content=\"Ficha T\u00e9cnica | Festival Mix Brasil 2018 DIRE\u00c7\u00c3O | DIRECTOR ANDR\u00c9 FISCHER DIRE\u00c7\u00c3O ART\u00cdSTICA | ARTISTIC DIRECTOR JO\u00c3O FEDERICI DIRE\u00c7\u00c3O EXECUTIVA | EXECUTIVE DIRECTOR JOSI GELLER COORDENA\u00c7\u00c3O DE PROGRAMA\u00c7\u00c3O DE FILMES | FILM PROGRAM COORDINATOR MARCIO MIRANDA PEREZ COORDENA\u00c7\u00c3O DE PRODU\u00c7\u00c3O | PRODUCTION COORDINATOR TATI NUNES PRODU\u00c7\u00c3O | PRODUCTION VICTOR GALLY ASSISTENTE DE PRODU\u00c7\u00c3O | &hellip;\" \/>\n<meta property=\"og:url\" content=\"https:\/\/old.mixbrasil.org.br\/26\/ficha-tecnica\/\" \/>\n<meta property=\"og:site_name\" content=\"26\u00ba Festival Mix Brasil | 2018\" \/>\n<meta property=\"article:modified_time\" content=\"2018-11-05T18:05:12+00:00\" \/>\n<meta property=\"og:image\" content=\"http:\/\/www.mixbrasil.org.br\/26\/26\/wp-content\/uploads\/2018\/11\/associacao-mix.png\" \/>\n<meta name=\"twitter:card\" content=\"summary_large_image\" \/>\n<meta name=\"twitter:label1\" content=\"Est. reading time\" \/>\n\t<meta name=\"twitter:data1\" content=\"4 minutes\" \/>\n<script type=\"application\/ld+json\" class=\"yoast-schema-graph\">{\"@context\":\"https:\\\/\\\/schema.org\",\"@graph\":[{\"@type\":\"WebPage\",\"@id\":\"https:\\\/\\\/old.mixbrasil.org.br\\\/26\\\/ficha-tecnica\\\/\",\"url\":\"https:\\\/\\\/old.mixbrasil.org.br\\\/26\\\/ficha-tecnica\\\/\",\"name\":\"FICHA T\u00c9CNICA - 26\u00ba Festival Mix Brasil | 2018\",\"isPartOf\":{\"@id\":\"https:\\\/\\\/old.mixbrasil.org.br\\\/26\\\/#website\"},\"primaryImageOfPage\":{\"@id\":\"https:\\\/\\\/old.mixbrasil.org.br\\\/26\\\/ficha-tecnica\\\/#primaryimage\"},\"image\":{\"@id\":\"https:\\\/\\\/old.mixbrasil.org.br\\\/26\\\/ficha-tecnica\\\/#primaryimage\"},\"thumbnailUrl\":\"http:\\\/\\\/www.mixbrasil.org.br\\\/26\\\/26\\\/wp-content\\\/uploads\\\/2018\\\/11\\\/associacao-mix.png\",\"datePublished\":\"2018-10-05T18:42:41+00:00\",\"dateModified\":\"2018-11-05T18:05:12+00:00\",\"breadcrumb\":{\"@id\":\"https:\\\/\\\/old.mixbrasil.org.br\\\/26\\\/ficha-tecnica\\\/#breadcrumb\"},\"inLanguage\":\"en-US\",\"potentialAction\":[{\"@type\":\"ReadAction\",\"target\":[\"https:\\\/\\\/old.mixbrasil.org.br\\\/26\\\/ficha-tecnica\\\/\"]}]},{\"@type\":\"ImageObject\",\"inLanguage\":\"en-US\",\"@id\":\"https:\\\/\\\/old.mixbrasil.org.br\\\/26\\\/ficha-tecnica\\\/#primaryimage\",\"url\":\"http:\\\/\\\/www.mixbrasil.org.br\\\/26\\\/26\\\/wp-content\\\/uploads\\\/2018\\\/11\\\/associacao-mix.png\",\"contentUrl\":\"http:\\\/\\\/www.mixbrasil.org.br\\\/26\\\/26\\\/wp-content\\\/uploads\\\/2018\\\/11\\\/associacao-mix.png\"},{\"@type\":\"BreadcrumbList\",\"@id\":\"https:\\\/\\\/old.mixbrasil.org.br\\\/26\\\/ficha-tecnica\\\/#breadcrumb\",\"itemListElement\":[{\"@type\":\"ListItem\",\"position\":1,\"name\":\"In\u00edcio\",\"item\":\"https:\\\/\\\/old.mixbrasil.org.br\\\/26\\\/\"},{\"@type\":\"ListItem\",\"position\":2,\"name\":\"FICHA T\u00c9CNICA\"}]},{\"@type\":\"WebSite\",\"@id\":\"https:\\\/\\\/old.mixbrasil.org.br\\\/26\\\/#website\",\"url\":\"https:\\\/\\\/old.mixbrasil.org.br\\\/26\\\/\",\"name\":\"26\u00ba Festival Mix Brasil | 2018\",\"description\":\"O maior Festival LGBTQ+ da Am\u00e9rica Latina\",\"potentialAction\":[{\"@type\":\"SearchAction\",\"target\":{\"@type\":\"EntryPoint\",\"urlTemplate\":\"https:\\\/\\\/old.mixbrasil.org.br\\\/26\\\/?s={search_term_string}\"},\"query-input\":{\"@type\":\"PropertyValueSpecification\",\"valueRequired\":true,\"valueName\":\"search_term_string\"}}],\"inLanguage\":\"en-US\"}]}<\/script>\n<!-- \/ Yoast SEO plugin. -->","yoast_head_json":{"title":"FICHA T\u00c9CNICA - 26\u00ba Festival Mix Brasil | 2018","robots":{"index":"index","follow":"follow","max-snippet":"max-snippet:-1","max-image-preview":"max-image-preview:large","max-video-preview":"max-video-preview:-1"},"canonical":"https:\/\/old.mixbrasil.org.br\/26\/ficha-tecnica\/","og_locale":"en_US","og_type":"article","og_title":"FICHA T\u00c9CNICA - 26\u00ba Festival Mix Brasil | 2018","og_description":"Ficha T\u00e9cnica | Festival Mix Brasil 2018 DIRE\u00c7\u00c3O | DIRECTOR ANDR\u00c9 FISCHER DIRE\u00c7\u00c3O ART\u00cdSTICA | ARTISTIC DIRECTOR JO\u00c3O FEDERICI DIRE\u00c7\u00c3O EXECUTIVA | EXECUTIVE DIRECTOR JOSI GELLER COORDENA\u00c7\u00c3O DE PROGRAMA\u00c7\u00c3O DE FILMES | FILM PROGRAM COORDINATOR MARCIO MIRANDA PEREZ COORDENA\u00c7\u00c3O DE PRODU\u00c7\u00c3O | PRODUCTION COORDINATOR TATI NUNES PRODU\u00c7\u00c3O | PRODUCTION VICTOR GALLY ASSISTENTE DE PRODU\u00c7\u00c3O | &hellip;","og_url":"https:\/\/old.mixbrasil.org.br\/26\/ficha-tecnica\/","og_site_name":"26\u00ba Festival Mix Brasil | 2018","article_modified_time":"2018-11-05T18:05:12+00:00","og_image":[{"url":"http:\/\/www.mixbrasil.org.br\/26\/26\/wp-content\/uploads\/2018\/11\/associacao-mix.png","type":"","width":"","height":""}],"twitter_card":"summary_large_image","twitter_misc":{"Est. reading time":"4 minutes"},"schema":{"@context":"https:\/\/schema.org","@graph":[{"@type":"WebPage","@id":"https:\/\/old.mixbrasil.org.br\/26\/ficha-tecnica\/","url":"https:\/\/old.mixbrasil.org.br\/26\/ficha-tecnica\/","name":"FICHA T\u00c9CNICA - 26\u00ba Festival Mix Brasil | 2018","isPartOf":{"@id":"https:\/\/old.mixbrasil.org.br\/26\/#website"},"primaryImageOfPage":{"@id":"https:\/\/old.mixbrasil.org.br\/26\/ficha-tecnica\/#primaryimage"},"image":{"@id":"https:\/\/old.mixbrasil.org.br\/26\/ficha-tecnica\/#primaryimage"},"thumbnailUrl":"http:\/\/www.mixbrasil.org.br\/26\/26\/wp-content\/uploads\/2018\/11\/associacao-mix.png","datePublished":"2018-10-05T18:42:41+00:00","dateModified":"2018-11-05T18:05:12+00:00","breadcrumb":{"@id":"https:\/\/old.mixbrasil.org.br\/26\/ficha-tecnica\/#breadcrumb"},"inLanguage":"en-US","potentialAction":[{"@type":"ReadAction","target":["https:\/\/old.mixbrasil.org.br\/26\/ficha-tecnica\/"]}]},{"@type":"ImageObject","inLanguage":"en-US","@id":"https:\/\/old.mixbrasil.org.br\/26\/ficha-tecnica\/#primaryimage","url":"http:\/\/www.mixbrasil.org.br\/26\/26\/wp-content\/uploads\/2018\/11\/associacao-mix.png","contentUrl":"http:\/\/www.mixbrasil.org.br\/26\/26\/wp-content\/uploads\/2018\/11\/associacao-mix.png"},{"@type":"BreadcrumbList","@id":"https:\/\/old.mixbrasil.org.br\/26\/ficha-tecnica\/#breadcrumb","itemListElement":[{"@type":"ListItem","position":1,"name":"In\u00edcio","item":"https:\/\/old.mixbrasil.org.br\/26\/"},{"@type":"ListItem","position":2,"name":"FICHA T\u00c9CNICA"}]},{"@type":"WebSite","@id":"https:\/\/old.mixbrasil.org.br\/26\/#website","url":"https:\/\/old.mixbrasil.org.br\/26\/","name":"26\u00ba Festival Mix Brasil | 2018","description":"O maior Festival LGBTQ+ da Am\u00e9rica Latina","potentialAction":[{"@type":"SearchAction","target":{"@type":"EntryPoint","urlTemplate":"https:\/\/old.mixbrasil.org.br\/26\/?s={search_term_string}"},"query-input":{"@type":"PropertyValueSpecification","valueRequired":true,"valueName":"search_term_string"}}],"inLanguage":"en-US"}]}},"_links":{"self":[{"href":"https:\/\/old.mixbrasil.org.br\/26\/wp-json\/wp\/v2\/pages\/101","targetHints":{"allow":["GET"]}}],"collection":[{"href":"https:\/\/old.mixbrasil.org.br\/26\/wp-json\/wp\/v2\/pages"}],"about":[{"href":"https:\/\/old.mixbrasil.org.br\/26\/wp-json\/wp\/v2\/types\/page"}],"author":[{"embeddable":true,"href":"https:\/\/old.mixbrasil.org.br\/26\/wp-json\/wp\/v2\/users\/4"}],"replies":[{"embeddable":true,"href":"https:\/\/old.mixbrasil.org.br\/26\/wp-json\/wp\/v2\/comments?post=101"}],"version-history":[{"count":15,"href":"https:\/\/old.mixbrasil.org.br\/26\/wp-json\/wp\/v2\/pages\/101\/revisions"}],"predecessor-version":[{"id":472,"href":"https:\/\/old.mixbrasil.org.br\/26\/wp-json\/wp\/v2\/pages\/101\/revisions\/472"}],"wp:attachment":[{"href":"https:\/\/old.mixbrasil.org.br\/26\/wp-json\/wp\/v2\/media?parent=101"}],"curies":[{"name":"wp","href":"https:\/\/api.w.org\/{rel}","templated":true}]}}