{"id":103,"date":"2018-10-05T15:44:07","date_gmt":"2018-10-05T18:44:07","guid":{"rendered":"http:\/\/www.mixbrasil.org.br\/26\/26\/?page_id=103"},"modified":"2018-11-05T11:50:12","modified_gmt":"2018-11-05T13:50:12","slug":"historico","status":"publish","type":"page","link":"https:\/\/old.mixbrasil.org.br\/26\/historico\/","title":{"rendered":"HIST\u00d3RICO"},"content":{"rendered":"<p>Realizado pela Associa\u00e7\u00e3o Cultural Mix Brasil h\u00e1 mais de duas d\u00e9cadas, o Festival Mix Brasil de Cultura da Diversidade tem por objetivo o respeito e a livre express\u00e3o da diversidade sexual, buscando novas perspectivas para a compreens\u00e3o da comunidade LGBTQ, distintas de preconceitos, fomentando o respeito, promovendo a cidadania e combate a toda e qualquer forma de homofobia\/ transfobia.<\/p>\n<p>Criado em 1993, tornou-se refer\u00eancia pol\u00edtica e cultural nacionalmente e internacionalmente de quest\u00f5es relacionadas \u00e0 cultura LGBTQ e de minorias. Com suas origens ligadas ao New York Gay and Lesbian Experimental Film Festival, o Festival Mix Brasil se tornou o maior evento cultural dirigido ao p\u00fablico LGBTQ da Am\u00e9rica Latina, ficando entre um dos maiores do mundo no segmento.<\/p>\n<p>Festival Mix Brasil de Cultura da Diversidade tem como objetivo a forma\u00e7\u00e3o intelectual e de p\u00fablico em decorr\u00eancia de sua programa\u00e7\u00e3o inovadora e das atividades sociais que permitem a intera\u00e7\u00e3o entre as mais diversas comunidades em prol da constru\u00e7\u00e3o de uma sociedade mais justa e igualit\u00e1ria. Facilitando, como instrumento social, a inclus\u00e3o de toda uma comunidade e suas perspectivas de vida e estilos, os mais diversos poss\u00edveis, para discuss\u00e3o com a sociedade como um todo, expandindo a consci\u00eancia, ajudando a desmantelar a vergonha, reduzir o isolamento e a ignor\u00e2ncia, facilitando a educa\u00e7\u00e3o e a conscientiza\u00e7\u00e3o e questionando antigos conhecimentos acerca da sexualidade.<\/p>\n<p>Como em edi\u00e7\u00f5es anteriores o festival receber\u00e1 convidados de varias partes do mundo e principalmente brasileiros que estar\u00e3o apresentado seus trabalhos em audio visual, musica, literatura, performance e teatro.<\/p>\n","protected":false},"excerpt":{"rendered":"<p>Realizado pela Associa\u00e7\u00e3o Cultural Mix Brasil h\u00e1 mais de duas d\u00e9cadas, o Festival Mix Brasil de Cultura da Diversidade tem por objetivo o respeito e a livre express\u00e3o da diversidade sexual, buscando novas perspectivas para a compreens\u00e3o da comunidade LGBTQ, distintas de preconceitos, fomentando o respeito, promovendo a cidadania e combate a toda e qualquer &hellip;<\/p>\n","protected":false},"author":4,"featured_media":0,"parent":0,"menu_order":0,"comment_status":"closed","ping_status":"closed","template":"","meta":{"footnotes":""},"class_list":["post-103","page","type-page","status-publish","hentry"],"yoast_head":"<!-- This site is optimized with the Yoast SEO plugin v27.3 - https:\/\/yoast.com\/product\/yoast-seo-wordpress\/ -->\n<title>HIST\u00d3RICO - 26\u00ba Festival Mix Brasil | 2018<\/title>\n<meta name=\"robots\" content=\"index, follow, max-snippet:-1, max-image-preview:large, max-video-preview:-1\" \/>\n<link rel=\"canonical\" href=\"https:\/\/old.mixbrasil.org.br\/26\/historico\/\" \/>\n<meta property=\"og:locale\" content=\"en_US\" \/>\n<meta property=\"og:type\" content=\"article\" \/>\n<meta property=\"og:title\" content=\"HIST\u00d3RICO - 26\u00ba Festival Mix Brasil | 2018\" \/>\n<meta property=\"og:description\" content=\"Realizado pela Associa\u00e7\u00e3o Cultural Mix Brasil h\u00e1 mais de duas d\u00e9cadas, o Festival Mix Brasil de Cultura da Diversidade tem por objetivo o respeito e a livre express\u00e3o da diversidade sexual, buscando novas perspectivas para a compreens\u00e3o da comunidade LGBTQ, distintas de preconceitos, fomentando o respeito, promovendo a cidadania e combate a toda e qualquer &hellip;\" \/>\n<meta property=\"og:url\" content=\"https:\/\/old.mixbrasil.org.br\/26\/historico\/\" \/>\n<meta property=\"og:site_name\" content=\"26\u00ba Festival Mix Brasil | 2018\" \/>\n<meta property=\"article:modified_time\" content=\"2018-11-05T13:50:12+00:00\" \/>\n<meta name=\"twitter:card\" content=\"summary_large_image\" \/>\n<meta name=\"twitter:label1\" content=\"Est. reading time\" \/>\n\t<meta name=\"twitter:data1\" content=\"1 minute\" \/>\n<script type=\"application\/ld+json\" class=\"yoast-schema-graph\">{\"@context\":\"https:\\\/\\\/schema.org\",\"@graph\":[{\"@type\":\"WebPage\",\"@id\":\"https:\\\/\\\/old.mixbrasil.org.br\\\/26\\\/historico\\\/\",\"url\":\"https:\\\/\\\/old.mixbrasil.org.br\\\/26\\\/historico\\\/\",\"name\":\"HIST\u00d3RICO - 26\u00ba Festival Mix Brasil | 2018\",\"isPartOf\":{\"@id\":\"https:\\\/\\\/old.mixbrasil.org.br\\\/26\\\/#website\"},\"datePublished\":\"2018-10-05T18:44:07+00:00\",\"dateModified\":\"2018-11-05T13:50:12+00:00\",\"breadcrumb\":{\"@id\":\"https:\\\/\\\/old.mixbrasil.org.br\\\/26\\\/historico\\\/#breadcrumb\"},\"inLanguage\":\"en-US\",\"potentialAction\":[{\"@type\":\"ReadAction\",\"target\":[\"https:\\\/\\\/old.mixbrasil.org.br\\\/26\\\/historico\\\/\"]}]},{\"@type\":\"BreadcrumbList\",\"@id\":\"https:\\\/\\\/old.mixbrasil.org.br\\\/26\\\/historico\\\/#breadcrumb\",\"itemListElement\":[{\"@type\":\"ListItem\",\"position\":1,\"name\":\"In\u00edcio\",\"item\":\"https:\\\/\\\/old.mixbrasil.org.br\\\/26\\\/\"},{\"@type\":\"ListItem\",\"position\":2,\"name\":\"HIST\u00d3RICO\"}]},{\"@type\":\"WebSite\",\"@id\":\"https:\\\/\\\/old.mixbrasil.org.br\\\/26\\\/#website\",\"url\":\"https:\\\/\\\/old.mixbrasil.org.br\\\/26\\\/\",\"name\":\"26\u00ba Festival Mix Brasil | 2018\",\"description\":\"O maior Festival LGBTQ+ da Am\u00e9rica Latina\",\"potentialAction\":[{\"@type\":\"SearchAction\",\"target\":{\"@type\":\"EntryPoint\",\"urlTemplate\":\"https:\\\/\\\/old.mixbrasil.org.br\\\/26\\\/?s={search_term_string}\"},\"query-input\":{\"@type\":\"PropertyValueSpecification\",\"valueRequired\":true,\"valueName\":\"search_term_string\"}}],\"inLanguage\":\"en-US\"}]}<\/script>\n<!-- \/ Yoast SEO plugin. -->","yoast_head_json":{"title":"HIST\u00d3RICO - 26\u00ba Festival Mix Brasil | 2018","robots":{"index":"index","follow":"follow","max-snippet":"max-snippet:-1","max-image-preview":"max-image-preview:large","max-video-preview":"max-video-preview:-1"},"canonical":"https:\/\/old.mixbrasil.org.br\/26\/historico\/","og_locale":"en_US","og_type":"article","og_title":"HIST\u00d3RICO - 26\u00ba Festival Mix Brasil | 2018","og_description":"Realizado pela Associa\u00e7\u00e3o Cultural Mix Brasil h\u00e1 mais de duas d\u00e9cadas, o Festival Mix Brasil de Cultura da Diversidade tem por objetivo o respeito e a livre express\u00e3o da diversidade sexual, buscando novas perspectivas para a compreens\u00e3o da comunidade LGBTQ, distintas de preconceitos, fomentando o respeito, promovendo a cidadania e combate a toda e qualquer &hellip;","og_url":"https:\/\/old.mixbrasil.org.br\/26\/historico\/","og_site_name":"26\u00ba Festival Mix Brasil | 2018","article_modified_time":"2018-11-05T13:50:12+00:00","twitter_card":"summary_large_image","twitter_misc":{"Est. reading time":"1 minute"},"schema":{"@context":"https:\/\/schema.org","@graph":[{"@type":"WebPage","@id":"https:\/\/old.mixbrasil.org.br\/26\/historico\/","url":"https:\/\/old.mixbrasil.org.br\/26\/historico\/","name":"HIST\u00d3RICO - 26\u00ba Festival Mix Brasil | 2018","isPartOf":{"@id":"https:\/\/old.mixbrasil.org.br\/26\/#website"},"datePublished":"2018-10-05T18:44:07+00:00","dateModified":"2018-11-05T13:50:12+00:00","breadcrumb":{"@id":"https:\/\/old.mixbrasil.org.br\/26\/historico\/#breadcrumb"},"inLanguage":"en-US","potentialAction":[{"@type":"ReadAction","target":["https:\/\/old.mixbrasil.org.br\/26\/historico\/"]}]},{"@type":"BreadcrumbList","@id":"https:\/\/old.mixbrasil.org.br\/26\/historico\/#breadcrumb","itemListElement":[{"@type":"ListItem","position":1,"name":"In\u00edcio","item":"https:\/\/old.mixbrasil.org.br\/26\/"},{"@type":"ListItem","position":2,"name":"HIST\u00d3RICO"}]},{"@type":"WebSite","@id":"https:\/\/old.mixbrasil.org.br\/26\/#website","url":"https:\/\/old.mixbrasil.org.br\/26\/","name":"26\u00ba Festival Mix Brasil | 2018","description":"O maior Festival LGBTQ+ da Am\u00e9rica Latina","potentialAction":[{"@type":"SearchAction","target":{"@type":"EntryPoint","urlTemplate":"https:\/\/old.mixbrasil.org.br\/26\/?s={search_term_string}"},"query-input":{"@type":"PropertyValueSpecification","valueRequired":true,"valueName":"search_term_string"}}],"inLanguage":"en-US"}]}},"_links":{"self":[{"href":"https:\/\/old.mixbrasil.org.br\/26\/wp-json\/wp\/v2\/pages\/103","targetHints":{"allow":["GET"]}}],"collection":[{"href":"https:\/\/old.mixbrasil.org.br\/26\/wp-json\/wp\/v2\/pages"}],"about":[{"href":"https:\/\/old.mixbrasil.org.br\/26\/wp-json\/wp\/v2\/types\/page"}],"author":[{"embeddable":true,"href":"https:\/\/old.mixbrasil.org.br\/26\/wp-json\/wp\/v2\/users\/4"}],"replies":[{"embeddable":true,"href":"https:\/\/old.mixbrasil.org.br\/26\/wp-json\/wp\/v2\/comments?post=103"}],"version-history":[{"count":2,"href":"https:\/\/old.mixbrasil.org.br\/26\/wp-json\/wp\/v2\/pages\/103\/revisions"}],"predecessor-version":[{"id":471,"href":"https:\/\/old.mixbrasil.org.br\/26\/wp-json\/wp\/v2\/pages\/103\/revisions\/471"}],"wp:attachment":[{"href":"https:\/\/old.mixbrasil.org.br\/26\/wp-json\/wp\/v2\/media?parent=103"}],"curies":[{"name":"wp","href":"https:\/\/api.w.org\/{rel}","templated":true}]}}