{"id":35,"date":"2018-10-04T16:57:56","date_gmt":"2018-10-04T19:57:56","guid":{"rendered":"http:\/\/www.mixbrasil.org.br\/26\/26\/?page_id=35"},"modified":"2023-06-14T14:50:40","modified_gmt":"2023-06-14T17:50:40","slug":"mixlab","status":"publish","type":"page","link":"https:\/\/old.mixbrasil.org.br\/26\/mixlab\/","title":{"rendered":"MIXLAB"},"content":{"rendered":"<h1 class=\"nlg-entry-title\">3\u00ba MixLab Spcine<\/h1>\n<p>Pelo terceiro ano, o Mix Brasil promove o MixLab Spcine, encontro que visa<br \/>\no interc\u00e2mbio de experi\u00eancias e rela\u00e7\u00f5es profissionais, atrav\u00e9s de<br \/>\napresenta\u00e7\u00f5es, palestras e debates.<br \/>\nA Cinemateca e o Centro CulturalS\u00e3o Paulo (CCSP) ser\u00e3o os palcos<br \/>\ndesses encontros nos dias 19 e 20 de novembro, entre realizadores<br \/>\nselecionados para as mostras de curtas e longas-metragens do festival<br \/>\ne outros profissionais do cinema brasileiro e estrangeiro.<\/p>\n<p>Veja a programa\u00e7\u00e3o <a href=\"https:\/\/www.mixbrasil.org.br\/26\/mixlab-programacao\/\">Aqui<\/a>.<\/p>\n<p>Confira <a href=\"https:\/\/www.mixbrasil.org.br\/26\/mixlab-convidados\/\">aqui<\/a> os convidados.<\/p>\n","protected":false},"excerpt":{"rendered":"<p>3\u00ba MixLab Spcine Pelo terceiro ano, o Mix Brasil promove o MixLab Spcine, encontro que visa o interc\u00e2mbio de experi\u00eancias e rela\u00e7\u00f5es profissionais, atrav\u00e9s de apresenta\u00e7\u00f5es, palestras e debates. A Cinemateca e o Centro CulturalS\u00e3o Paulo (CCSP) ser\u00e3o os palcos desses encontros nos dias 19 e 20 de novembro, entre realizadores selecionados para as mostras &hellip;<\/p>\n","protected":false},"author":4,"featured_media":0,"parent":0,"menu_order":0,"comment_status":"closed","ping_status":"closed","template":"","meta":{"footnotes":""},"class_list":["post-35","page","type-page","status-publish","hentry"],"yoast_head":"<!-- This site is optimized with the Yoast SEO plugin v27.3 - https:\/\/yoast.com\/product\/yoast-seo-wordpress\/ -->\n<title>MIXLAB - 26\u00ba Festival Mix Brasil | 2018<\/title>\n<meta name=\"robots\" content=\"index, follow, max-snippet:-1, max-image-preview:large, max-video-preview:-1\" \/>\n<link rel=\"canonical\" href=\"https:\/\/old.mixbrasil.org.br\/26\/mixlab\/\" \/>\n<meta property=\"og:locale\" content=\"en_US\" \/>\n<meta property=\"og:type\" content=\"article\" \/>\n<meta property=\"og:title\" content=\"MIXLAB - 26\u00ba Festival Mix Brasil | 2018\" \/>\n<meta property=\"og:description\" content=\"3\u00ba MixLab Spcine Pelo terceiro ano, o Mix Brasil promove o MixLab Spcine, encontro que visa o interc\u00e2mbio de experi\u00eancias e rela\u00e7\u00f5es profissionais, atrav\u00e9s de apresenta\u00e7\u00f5es, palestras e debates. A Cinemateca e o Centro CulturalS\u00e3o Paulo (CCSP) ser\u00e3o os palcos desses encontros nos dias 19 e 20 de novembro, entre realizadores selecionados para as mostras &hellip;\" \/>\n<meta property=\"og:url\" content=\"https:\/\/old.mixbrasil.org.br\/26\/mixlab\/\" \/>\n<meta property=\"og:site_name\" content=\"26\u00ba Festival Mix Brasil | 2018\" \/>\n<meta property=\"article:modified_time\" content=\"2023-06-14T17:50:40+00:00\" \/>\n<meta name=\"twitter:card\" content=\"summary_large_image\" \/>\n<script type=\"application\/ld+json\" class=\"yoast-schema-graph\">{\"@context\":\"https:\\\/\\\/schema.org\",\"@graph\":[{\"@type\":\"WebPage\",\"@id\":\"https:\\\/\\\/old.mixbrasil.org.br\\\/26\\\/mixlab\\\/\",\"url\":\"https:\\\/\\\/old.mixbrasil.org.br\\\/26\\\/mixlab\\\/\",\"name\":\"MIXLAB - 26\u00ba Festival Mix Brasil | 2018\",\"isPartOf\":{\"@id\":\"https:\\\/\\\/old.mixbrasil.org.br\\\/26\\\/#website\"},\"datePublished\":\"2018-10-04T19:57:56+00:00\",\"dateModified\":\"2023-06-14T17:50:40+00:00\",\"breadcrumb\":{\"@id\":\"https:\\\/\\\/old.mixbrasil.org.br\\\/26\\\/mixlab\\\/#breadcrumb\"},\"inLanguage\":\"en-US\",\"potentialAction\":[{\"@type\":\"ReadAction\",\"target\":[\"https:\\\/\\\/old.mixbrasil.org.br\\\/26\\\/mixlab\\\/\"]}]},{\"@type\":\"BreadcrumbList\",\"@id\":\"https:\\\/\\\/old.mixbrasil.org.br\\\/26\\\/mixlab\\\/#breadcrumb\",\"itemListElement\":[{\"@type\":\"ListItem\",\"position\":1,\"name\":\"In\u00edcio\",\"item\":\"https:\\\/\\\/old.mixbrasil.org.br\\\/26\\\/\"},{\"@type\":\"ListItem\",\"position\":2,\"name\":\"MIXLAB\"}]},{\"@type\":\"WebSite\",\"@id\":\"https:\\\/\\\/old.mixbrasil.org.br\\\/26\\\/#website\",\"url\":\"https:\\\/\\\/old.mixbrasil.org.br\\\/26\\\/\",\"name\":\"26\u00ba Festival Mix Brasil | 2018\",\"description\":\"O maior Festival LGBTQ+ da Am\u00e9rica Latina\",\"potentialAction\":[{\"@type\":\"SearchAction\",\"target\":{\"@type\":\"EntryPoint\",\"urlTemplate\":\"https:\\\/\\\/old.mixbrasil.org.br\\\/26\\\/?s={search_term_string}\"},\"query-input\":{\"@type\":\"PropertyValueSpecification\",\"valueRequired\":true,\"valueName\":\"search_term_string\"}}],\"inLanguage\":\"en-US\"}]}<\/script>\n<!-- \/ Yoast SEO plugin. -->","yoast_head_json":{"title":"MIXLAB - 26\u00ba Festival Mix Brasil | 2018","robots":{"index":"index","follow":"follow","max-snippet":"max-snippet:-1","max-image-preview":"max-image-preview:large","max-video-preview":"max-video-preview:-1"},"canonical":"https:\/\/old.mixbrasil.org.br\/26\/mixlab\/","og_locale":"en_US","og_type":"article","og_title":"MIXLAB - 26\u00ba Festival Mix Brasil | 2018","og_description":"3\u00ba MixLab Spcine Pelo terceiro ano, o Mix Brasil promove o MixLab Spcine, encontro que visa o interc\u00e2mbio de experi\u00eancias e rela\u00e7\u00f5es profissionais, atrav\u00e9s de apresenta\u00e7\u00f5es, palestras e debates. A Cinemateca e o Centro CulturalS\u00e3o Paulo (CCSP) ser\u00e3o os palcos desses encontros nos dias 19 e 20 de novembro, entre realizadores selecionados para as mostras &hellip;","og_url":"https:\/\/old.mixbrasil.org.br\/26\/mixlab\/","og_site_name":"26\u00ba Festival Mix Brasil | 2018","article_modified_time":"2023-06-14T17:50:40+00:00","twitter_card":"summary_large_image","schema":{"@context":"https:\/\/schema.org","@graph":[{"@type":"WebPage","@id":"https:\/\/old.mixbrasil.org.br\/26\/mixlab\/","url":"https:\/\/old.mixbrasil.org.br\/26\/mixlab\/","name":"MIXLAB - 26\u00ba Festival Mix Brasil | 2018","isPartOf":{"@id":"https:\/\/old.mixbrasil.org.br\/26\/#website"},"datePublished":"2018-10-04T19:57:56+00:00","dateModified":"2023-06-14T17:50:40+00:00","breadcrumb":{"@id":"https:\/\/old.mixbrasil.org.br\/26\/mixlab\/#breadcrumb"},"inLanguage":"en-US","potentialAction":[{"@type":"ReadAction","target":["https:\/\/old.mixbrasil.org.br\/26\/mixlab\/"]}]},{"@type":"BreadcrumbList","@id":"https:\/\/old.mixbrasil.org.br\/26\/mixlab\/#breadcrumb","itemListElement":[{"@type":"ListItem","position":1,"name":"In\u00edcio","item":"https:\/\/old.mixbrasil.org.br\/26\/"},{"@type":"ListItem","position":2,"name":"MIXLAB"}]},{"@type":"WebSite","@id":"https:\/\/old.mixbrasil.org.br\/26\/#website","url":"https:\/\/old.mixbrasil.org.br\/26\/","name":"26\u00ba Festival Mix Brasil | 2018","description":"O maior Festival LGBTQ+ da Am\u00e9rica Latina","potentialAction":[{"@type":"SearchAction","target":{"@type":"EntryPoint","urlTemplate":"https:\/\/old.mixbrasil.org.br\/26\/?s={search_term_string}"},"query-input":{"@type":"PropertyValueSpecification","valueRequired":true,"valueName":"search_term_string"}}],"inLanguage":"en-US"}]}},"_links":{"self":[{"href":"https:\/\/old.mixbrasil.org.br\/26\/wp-json\/wp\/v2\/pages\/35","targetHints":{"allow":["GET"]}}],"collection":[{"href":"https:\/\/old.mixbrasil.org.br\/26\/wp-json\/wp\/v2\/pages"}],"about":[{"href":"https:\/\/old.mixbrasil.org.br\/26\/wp-json\/wp\/v2\/types\/page"}],"author":[{"embeddable":true,"href":"https:\/\/old.mixbrasil.org.br\/26\/wp-json\/wp\/v2\/users\/4"}],"replies":[{"embeddable":true,"href":"https:\/\/old.mixbrasil.org.br\/26\/wp-json\/wp\/v2\/comments?post=35"}],"version-history":[{"count":6,"href":"https:\/\/old.mixbrasil.org.br\/26\/wp-json\/wp\/v2\/pages\/35\/revisions"}],"predecessor-version":[{"id":2256,"href":"https:\/\/old.mixbrasil.org.br\/26\/wp-json\/wp\/v2\/pages\/35\/revisions\/2256"}],"wp:attachment":[{"href":"https:\/\/old.mixbrasil.org.br\/26\/wp-json\/wp\/v2\/media?parent=35"}],"curies":[{"name":"wp","href":"https:\/\/api.w.org\/{rel}","templated":true}]}}