{"id":37,"date":"2018-10-04T16:58:25","date_gmt":"2018-10-04T19:58:25","guid":{"rendered":"http:\/\/www.mixbrasil.org.br\/26\/26\/?page_id=37"},"modified":"2019-09-22T00:48:09","modified_gmt":"2019-09-22T03:48:09","slug":"premios","status":"publish","type":"page","link":"https:\/\/old.mixbrasil.org.br\/26\/premios\/","title":{"rendered":"PR\u00caMIOS"},"content":{"rendered":"<p><b>\u00a0 FESTIVAL MIX BRASIL DE CULTURA DA DIVERSIDADE 2018<br \/>\n<\/b><b><br \/>\nCOELHOS DE OURO<br \/>\n<\/b><b>\u00a0 \u00a0 \u00a0 Pr\u00eamio do J\u00fari da Mostra Competitiva Brasil<\/b><\/p>\n<ul>\n<li>Melhor Longa-Metragem Brasileiro:\u00a0<b>S\u00d3CRATES<\/b>, de\u00a0<i>Alex Moratto<\/i><\/li>\n<li>Melhor Curta-Metragem Brasileiro:\u00a0<b>REFORMA<\/b>, de\u00a0<i>F\u00e1bio Leal\u00a0<\/i><b>INCENTIVO:<\/b>\u00a0O longa e o curta premiados com o Coelho de Ouro tamb\u00e9m receber\u00e3o os pr\u00eamios\u00a0<b><i>DOTCINE<\/i><\/b>,\u00a0<b><i>CTAV<\/i><\/b>\u00a0e\u00a0<b><i>MISTIKA<\/i><\/b> de incentivo \u00e0 realiza\u00e7\u00e3o de seus novos projetos audiovisuais atrav\u00e9s da parceria do Festival Mix Brasil com apoiadores da \u00e1rea cinematogr\u00e1fica.\n<p><b>COELHOS DE PRATA<br \/>\n<\/b><b>Pr\u00eamio do J\u00fari da Mostra Competitiva Brasil para Curtas-metragens<\/b><\/li>\n<li>Melhor Dire\u00e7\u00e3o:\u00a0<i>F\u00e1bio Leal<\/i>, por\u00a0<b>REFORMA<\/b><\/li>\n<li>Melhor Roteiro:\u00a0<i>F\u00e1bio Leal<\/i>, por\u00a0<b>REFORMA<\/b><\/li>\n<li>Melhor Interpreta\u00e7\u00e3o:\u00a0<i>Carol Dall Farra<\/i>, por\u00a0<b>MC JESS<\/b><\/li>\n<li>Men\u00e7\u00e3o Honrosa:\u00a0<b>KIBE LANCHES<\/b>, de\u00a0<i>Alexandre Figueir\u00f4a<\/i><b>Pr\u00eamio do J\u00fari da Mostra<br \/>\n<\/b><strong>Competitiva Brasil para Longas-metragens<\/strong><\/li>\n<li>Melhor Dire\u00e7\u00e3o:\u00a0<i>Alex Moratto<\/i>, por\u00a0<b>S\u00d3CRATES<\/b><\/li>\n<li>Melhor Roteiro:\u00a0<i>Ary Rosa<\/i>, por\u00a0<b>ILHA<\/b><\/li>\n<li>Melhor Interpreta\u00e7\u00e3o:\u00a0<i>Christian Malheiros<\/i>, por\u00a0<b>S\u00d3CRATES<\/b><\/li>\n<li>Men\u00e7\u00e3o Honrosa:\u00a0<b>LEMBRO MAIS DOS CORVOS<\/b>, de\u00a0<i>Gustavo Vinagre<\/i><b>Pr\u00eamio do P\u00fablico<\/b><\/li>\n<li>Melhor Curta-Metragem Nacional:\u00a0<b>DO LADO DILLAH<\/b>, de\u00a0<i>Washington Calegari<\/i><\/li>\n<li>Melhor Curta-Metragem Internacional:\u00a0<b>MARGUERITE<\/b>, de\u00a0<i>Marianne Farley<\/i>\u00a0(Canad\u00e1)<\/li>\n<li>Melhor Longa-Metragem Nacional:\u00a0<b>BIXA TRAVESTY<\/b>, de\u00a0<i>Claudia Priscilla\u00a0<\/i>e\u00a0<i>Kiko Goifman<\/i><\/li>\n<li>Melhor Longa-Metragem Internacional:\u00a0<b>CONQUISTAR, AMAR E VIVER INTENSAMENTE<\/b>, de\u00a0<i>Christophe Honor\u00e9\u00a0<\/i>(Fran\u00e7a)<b>PR\u00caMIOS ESPECIAIS<\/b><\/li>\n<li><b>Pr\u00eamio \u00cdcone Mix:<\/b>\u00a0<i>Jo\u00e3o W. Nery<\/i><\/li>\n<li><b>Pr\u00eamio Suzy Cap\u00f3:<\/b>\u00a0o filme\u00a0<b>ALFREDO N\u00c3O GOSTA DE DESPEDIDAS<\/b>, de\u00a0<i>Andr\u00e9 Medeiros Martins<\/i><\/li>\n<li><b>Pr\u00eamio Canal Brasil de Incentivo ao Curta Metragem:<\/b>\u00a0<b>AQUELES DOIS<\/b>, de\u00a0<i>\u00c9merson Maranh\u00e3o<\/i><\/li>\n<li><b>Pr\u00eamio SescTV:<\/b>\u00a0<b>DO OUTRO LADO<\/b><\/li>\n<li><b>Pr\u00eamio Encripta:<\/b>\u00a0<b>O SUSSURRO DO JAGUAR<\/b>, de\u00a0<i>Thais Guisasola\u00a0<\/i>e<i>\u00a0Simon(e) Jaikiriuma Paetau<\/i><\/li>\n<li><b>Pr\u00eamio Show do Gongo<\/b>:\u00a0<b>CARNAVRAU.PPT<\/b>, de\u00a0<i>Vin\u00edcius Yamada<\/i><\/li>\n<li><b>Pr\u00eamio Ida Feldman:<\/b>\u00a0<i>Julia Katharine<\/i>, atriz de\u00a0<b>LEMBRO MAIS DOS CORVOS<\/b>\u00a0e diretora de\u00a0<b>TEA FOR TWO<\/b><a href=\"https:\/\/gay.blog.br\/humor\/assista-ao-hilario-video-carnavrau-vencedor-do-show-do-gongo-do-festival-mixbrasil-2018\/\">.<\/a><\/li>\n<\/ul>\n","protected":false},"excerpt":{"rendered":"<p>\u00a0 FESTIVAL MIX BRASIL DE CULTURA DA DIVERSIDADE 2018 COELHOS DE OURO \u00a0 \u00a0 \u00a0 Pr\u00eamio do J\u00fari da Mostra Competitiva Brasil Melhor Longa-Metragem Brasileiro:\u00a0S\u00d3CRATES, de\u00a0Alex Moratto Melhor Curta-Metragem Brasileiro:\u00a0REFORMA, de\u00a0F\u00e1bio Leal\u00a0INCENTIVO:\u00a0O longa e o curta premiados com o Coelho de Ouro tamb\u00e9m receber\u00e3o os pr\u00eamios\u00a0DOTCINE,\u00a0CTAV\u00a0e\u00a0MISTIKA de incentivo \u00e0 realiza\u00e7\u00e3o de seus novos projetos audiovisuais &hellip;<\/p>\n","protected":false},"author":4,"featured_media":0,"parent":0,"menu_order":0,"comment_status":"closed","ping_status":"closed","template":"","meta":{"footnotes":""},"class_list":["post-37","page","type-page","status-publish","hentry"],"yoast_head":"<!-- This site is optimized with the Yoast SEO plugin v27.3 - https:\/\/yoast.com\/product\/yoast-seo-wordpress\/ -->\n<title>PR\u00caMIOS - 26\u00ba Festival Mix Brasil | 2018<\/title>\n<meta name=\"robots\" content=\"index, follow, max-snippet:-1, max-image-preview:large, max-video-preview:-1\" \/>\n<link rel=\"canonical\" href=\"https:\/\/old.mixbrasil.org.br\/26\/premios\/\" \/>\n<meta property=\"og:locale\" content=\"en_US\" \/>\n<meta property=\"og:type\" content=\"article\" \/>\n<meta property=\"og:title\" content=\"PR\u00caMIOS - 26\u00ba Festival Mix Brasil | 2018\" \/>\n<meta property=\"og:description\" content=\"\u00a0 FESTIVAL MIX BRASIL DE CULTURA DA DIVERSIDADE 2018 COELHOS DE OURO \u00a0 \u00a0 \u00a0 Pr\u00eamio do J\u00fari da Mostra Competitiva Brasil Melhor Longa-Metragem Brasileiro:\u00a0S\u00d3CRATES, de\u00a0Alex Moratto Melhor Curta-Metragem Brasileiro:\u00a0REFORMA, de\u00a0F\u00e1bio Leal\u00a0INCENTIVO:\u00a0O longa e o curta premiados com o Coelho de Ouro tamb\u00e9m receber\u00e3o os pr\u00eamios\u00a0DOTCINE,\u00a0CTAV\u00a0e\u00a0MISTIKA de incentivo \u00e0 realiza\u00e7\u00e3o de seus novos projetos audiovisuais &hellip;\" \/>\n<meta property=\"og:url\" content=\"https:\/\/old.mixbrasil.org.br\/26\/premios\/\" \/>\n<meta property=\"og:site_name\" content=\"26\u00ba Festival Mix Brasil | 2018\" \/>\n<meta property=\"article:modified_time\" content=\"2019-09-22T03:48:09+00:00\" \/>\n<meta name=\"twitter:card\" content=\"summary_large_image\" \/>\n<meta name=\"twitter:label1\" content=\"Est. reading time\" \/>\n\t<meta name=\"twitter:data1\" content=\"2 minutes\" \/>\n<script type=\"application\/ld+json\" class=\"yoast-schema-graph\">{\"@context\":\"https:\\\/\\\/schema.org\",\"@graph\":[{\"@type\":\"WebPage\",\"@id\":\"https:\\\/\\\/old.mixbrasil.org.br\\\/26\\\/premios\\\/\",\"url\":\"https:\\\/\\\/old.mixbrasil.org.br\\\/26\\\/premios\\\/\",\"name\":\"PR\u00caMIOS - 26\u00ba Festival Mix Brasil | 2018\",\"isPartOf\":{\"@id\":\"https:\\\/\\\/old.mixbrasil.org.br\\\/26\\\/#website\"},\"datePublished\":\"2018-10-04T19:58:25+00:00\",\"dateModified\":\"2019-09-22T03:48:09+00:00\",\"breadcrumb\":{\"@id\":\"https:\\\/\\\/old.mixbrasil.org.br\\\/26\\\/premios\\\/#breadcrumb\"},\"inLanguage\":\"en-US\",\"potentialAction\":[{\"@type\":\"ReadAction\",\"target\":[\"https:\\\/\\\/old.mixbrasil.org.br\\\/26\\\/premios\\\/\"]}]},{\"@type\":\"BreadcrumbList\",\"@id\":\"https:\\\/\\\/old.mixbrasil.org.br\\\/26\\\/premios\\\/#breadcrumb\",\"itemListElement\":[{\"@type\":\"ListItem\",\"position\":1,\"name\":\"In\u00edcio\",\"item\":\"https:\\\/\\\/old.mixbrasil.org.br\\\/26\\\/\"},{\"@type\":\"ListItem\",\"position\":2,\"name\":\"PR\u00caMIOS\"}]},{\"@type\":\"WebSite\",\"@id\":\"https:\\\/\\\/old.mixbrasil.org.br\\\/26\\\/#website\",\"url\":\"https:\\\/\\\/old.mixbrasil.org.br\\\/26\\\/\",\"name\":\"26\u00ba Festival Mix Brasil | 2018\",\"description\":\"O maior Festival LGBTQ+ da Am\u00e9rica Latina\",\"potentialAction\":[{\"@type\":\"SearchAction\",\"target\":{\"@type\":\"EntryPoint\",\"urlTemplate\":\"https:\\\/\\\/old.mixbrasil.org.br\\\/26\\\/?s={search_term_string}\"},\"query-input\":{\"@type\":\"PropertyValueSpecification\",\"valueRequired\":true,\"valueName\":\"search_term_string\"}}],\"inLanguage\":\"en-US\"}]}<\/script>\n<!-- \/ Yoast SEO plugin. -->","yoast_head_json":{"title":"PR\u00caMIOS - 26\u00ba Festival Mix Brasil | 2018","robots":{"index":"index","follow":"follow","max-snippet":"max-snippet:-1","max-image-preview":"max-image-preview:large","max-video-preview":"max-video-preview:-1"},"canonical":"https:\/\/old.mixbrasil.org.br\/26\/premios\/","og_locale":"en_US","og_type":"article","og_title":"PR\u00caMIOS - 26\u00ba Festival Mix Brasil | 2018","og_description":"\u00a0 FESTIVAL MIX BRASIL DE CULTURA DA DIVERSIDADE 2018 COELHOS DE OURO \u00a0 \u00a0 \u00a0 Pr\u00eamio do J\u00fari da Mostra Competitiva Brasil Melhor Longa-Metragem Brasileiro:\u00a0S\u00d3CRATES, de\u00a0Alex Moratto Melhor Curta-Metragem Brasileiro:\u00a0REFORMA, de\u00a0F\u00e1bio Leal\u00a0INCENTIVO:\u00a0O longa e o curta premiados com o Coelho de Ouro tamb\u00e9m receber\u00e3o os pr\u00eamios\u00a0DOTCINE,\u00a0CTAV\u00a0e\u00a0MISTIKA de incentivo \u00e0 realiza\u00e7\u00e3o de seus novos projetos audiovisuais &hellip;","og_url":"https:\/\/old.mixbrasil.org.br\/26\/premios\/","og_site_name":"26\u00ba Festival Mix Brasil | 2018","article_modified_time":"2019-09-22T03:48:09+00:00","twitter_card":"summary_large_image","twitter_misc":{"Est. reading time":"2 minutes"},"schema":{"@context":"https:\/\/schema.org","@graph":[{"@type":"WebPage","@id":"https:\/\/old.mixbrasil.org.br\/26\/premios\/","url":"https:\/\/old.mixbrasil.org.br\/26\/premios\/","name":"PR\u00caMIOS - 26\u00ba Festival Mix Brasil | 2018","isPartOf":{"@id":"https:\/\/old.mixbrasil.org.br\/26\/#website"},"datePublished":"2018-10-04T19:58:25+00:00","dateModified":"2019-09-22T03:48:09+00:00","breadcrumb":{"@id":"https:\/\/old.mixbrasil.org.br\/26\/premios\/#breadcrumb"},"inLanguage":"en-US","potentialAction":[{"@type":"ReadAction","target":["https:\/\/old.mixbrasil.org.br\/26\/premios\/"]}]},{"@type":"BreadcrumbList","@id":"https:\/\/old.mixbrasil.org.br\/26\/premios\/#breadcrumb","itemListElement":[{"@type":"ListItem","position":1,"name":"In\u00edcio","item":"https:\/\/old.mixbrasil.org.br\/26\/"},{"@type":"ListItem","position":2,"name":"PR\u00caMIOS"}]},{"@type":"WebSite","@id":"https:\/\/old.mixbrasil.org.br\/26\/#website","url":"https:\/\/old.mixbrasil.org.br\/26\/","name":"26\u00ba Festival Mix Brasil | 2018","description":"O maior Festival LGBTQ+ da Am\u00e9rica Latina","potentialAction":[{"@type":"SearchAction","target":{"@type":"EntryPoint","urlTemplate":"https:\/\/old.mixbrasil.org.br\/26\/?s={search_term_string}"},"query-input":{"@type":"PropertyValueSpecification","valueRequired":true,"valueName":"search_term_string"}}],"inLanguage":"en-US"}]}},"_links":{"self":[{"href":"https:\/\/old.mixbrasil.org.br\/26\/wp-json\/wp\/v2\/pages\/37","targetHints":{"allow":["GET"]}}],"collection":[{"href":"https:\/\/old.mixbrasil.org.br\/26\/wp-json\/wp\/v2\/pages"}],"about":[{"href":"https:\/\/old.mixbrasil.org.br\/26\/wp-json\/wp\/v2\/types\/page"}],"author":[{"embeddable":true,"href":"https:\/\/old.mixbrasil.org.br\/26\/wp-json\/wp\/v2\/users\/4"}],"replies":[{"embeddable":true,"href":"https:\/\/old.mixbrasil.org.br\/26\/wp-json\/wp\/v2\/comments?post=37"}],"version-history":[{"count":3,"href":"https:\/\/old.mixbrasil.org.br\/26\/wp-json\/wp\/v2\/pages\/37\/revisions"}],"predecessor-version":[{"id":1772,"href":"https:\/\/old.mixbrasil.org.br\/26\/wp-json\/wp\/v2\/pages\/37\/revisions\/1772"}],"wp:attachment":[{"href":"https:\/\/old.mixbrasil.org.br\/26\/wp-json\/wp\/v2\/media?parent=37"}],"curies":[{"name":"wp","href":"https:\/\/api.w.org\/{rel}","templated":true}]}}