{"id":724,"date":"2018-11-07T06:58:11","date_gmt":"2018-11-07T08:58:11","guid":{"rendered":"http:\/\/www.mixbrasil.org.br\/26\/26\/?page_id=724"},"modified":"2018-11-07T06:58:11","modified_gmt":"2018-11-07T08:58:11","slug":"conferencia-2","status":"publish","type":"page","link":"https:\/\/old.mixbrasil.org.br\/26\/conferencia-2\/","title":{"rendered":"CONFER\u00caNCIA"},"content":{"rendered":"<div>O movimento LGBTI+ brasileiro comemora 40 anos de resist\u00eancia. Resist\u00eancia que ajudou a ampliar nossas possibilidades de exist\u00eancia. Durante esses 40 anos, n\u00f3s, pessoas LGBTI+, nos espalhamos.<\/div>\n<div>\nConstru\u00edmos pencas de olhares e experi\u00eancias. Estamos em v\u00e1rios n\u00edveis na escala de privil\u00e9gio e &#8220;aceita\u00e7\u00e3o social&#8221;. Nossos outros recortes se somam e nos complexificam: ra\u00e7a, classe, lugar de origem, peso, idade, defici\u00eancia&#8230;<\/div>\n<div>Enxergamos o mundo a partir de muitos lugares: universidades, museus e galerias, esquinas, palcos, passarelas, telas, corpora\u00e7\u00f5es, (outras) fam\u00edlias, organiza\u00e7\u00f5es e sindicatos, banheir\u00f5es e darks, coletivos art\u00edsticos, grupos de zap, quebradas, assembleias, escrit\u00f3rios, templos, terreiros, espa\u00e7os de clandestinidade, supremos tribunais, cracol\u00e2ndias, pr\u00e9dios, pra\u00e7as, ruas. Estamos em todos os lugares, e de muitas formas.<\/div>\n<div>\nMas, depois de quatro d\u00e9cadas, a ascens\u00e3o do ultraconservadorismo d\u00e1 uma cara estranha de recome\u00e7o. Uma sensa\u00e7\u00e3o de n\u00e3o-acredito-que-t\u00f4-tendo-que-<wbr \/>falar-a-mesma-m*rda-h\u00e1-40-<wbr \/>anos.<\/div>\n<div>Ainda que muito plurais, o extremismo conservador relembra nosso denominador comum: todos os nossos corpos desviam da norma. Portanto, estamos sujeites \u00e0 aniquila\u00e7\u00e3o.<\/div>\n<div>Ent\u00e3o, de um lado, h\u00e1 todos os recortes que fizemos nos \u00faltimos 40 anos. Do outro, a necessidade de colar todos esses corpos numa coaliz\u00e3o antifascista. E, no meio disso, muita treta interna.<\/div>\n<div>\nTalvez um dos nossos maiores desafios seja justamente desbinarizar esses &#8220;lados&#8221; que parecem opostos.<\/div>\n<div>N\u00e3o, n\u00e3o somos iguais, nem 100% diferentes.<\/div>\n<div>D\u00e1 para falar do que nos une e tamb\u00e9m do que nos separa.<\/div>\n<div>D\u00e1 para coletivizar sem fechar os olhos para as desigualdades internas.<\/div>\n<div>D\u00e1 para ser LGBTI+ sem deixar de reconhecer o privil\u00e9gio G e lutar pela visibilidade LBTI+.<\/div>\n<div>D\u00e1 para ser sem precisar assimilar um cosplay de quem nunca seremos.<\/div>\n<div>D\u00e1 para juntar quando for preciso juntar, e tamb\u00e9m separar quando preciso.<\/div>\n<div>D\u00e1 para aprender com o passado (al\u00f4, 9inha que acha que est\u00e1 inventando a roda) e aprender tamb\u00e9m com novas formas de articula\u00e7\u00e3o (al\u00f4 decano da milit\u00e2ncia).<\/div>\n<div>\n\u00c9 hora de transformar toda essa ang\u00fastia em pot\u00eancia e organiza\u00e7\u00e3o. E n\u00e3o na perspectiva cirandeira de dar as m\u00e3os e necessariamente &#8220;fazer as pazes&#8221;, ser todo mundo migues para 100pre. Na verdade \u00e9 sobre fazer pol\u00edtica. Construir uma coaliz\u00e3o estrat\u00e9gica para lutar.<\/div>\n<div>A gente precisa se juntar para repensar nossa comunidade \u2013 aqui, agora, sem lente gringa, com foco nas nossas vidas e na nossa pot\u00eancia de transforma\u00e7\u00e3o.<\/div>\n<div>\nPara isso, a <strong>Confer\u00eancia Mix Brasil<\/strong> convidou a <strong>Pajub\u00e1<\/strong>, Diversidade em Rede + um grupo plural e interseccional para construir uma plataforma coletiva de Coaliz\u00e3o LGBTI+ em que a uni\u00e3o se d\u00ea pela diferen\u00e7a.<\/div>\n<div>\nUma programa\u00e7\u00e3o que vai misturar velhas e novas guardas, textudas e fervidas, acad\u00eamicas e colocadas, artistas e ativistas, sapas, travas, mulheres trans, boys trans, bichas, pessoas intersexo e PVHA de v\u00e1rios lugares, olhares, est\u00e9ticas, texturas, heresias e poesias, bafos superplurais e alguns megaespec\u00edficos tamb\u00e9m.<\/div>\n<div>Di\u00e1logo. Troca. Escuta. Celebra\u00e7\u00e3o. Autocr\u00edtica. Vulnerabilidade. Interseccionalidade.<\/div>\n<div>\n<strong>Vem!<\/strong><\/div>\n","protected":false},"excerpt":{"rendered":"<p>O movimento LGBTI+ brasileiro comemora 40 anos de resist\u00eancia. Resist\u00eancia que ajudou a ampliar nossas possibilidades de exist\u00eancia. Durante esses 40 anos, n\u00f3s, pessoas LGBTI+, nos espalhamos. Constru\u00edmos pencas de olhares e experi\u00eancias. Estamos em v\u00e1rios n\u00edveis na escala de privil\u00e9gio e &#8220;aceita\u00e7\u00e3o social&#8221;. Nossos outros recortes se somam e nos complexificam: ra\u00e7a, classe, lugar &hellip;<\/p>\n","protected":false},"author":4,"featured_media":0,"parent":0,"menu_order":0,"comment_status":"closed","ping_status":"closed","template":"","meta":{"footnotes":""},"class_list":["post-724","page","type-page","status-publish","hentry"],"yoast_head":"<!-- This site is optimized with the Yoast SEO plugin v27.3 - https:\/\/yoast.com\/product\/yoast-seo-wordpress\/ -->\n<title>CONFER\u00caNCIA - 26\u00ba Festival Mix Brasil | 2018<\/title>\n<meta name=\"robots\" content=\"index, follow, max-snippet:-1, max-image-preview:large, max-video-preview:-1\" \/>\n<link rel=\"canonical\" href=\"https:\/\/old.mixbrasil.org.br\/26\/conferencia-2\/\" \/>\n<meta property=\"og:locale\" content=\"en_US\" \/>\n<meta property=\"og:type\" content=\"article\" \/>\n<meta property=\"og:title\" content=\"CONFER\u00caNCIA - 26\u00ba Festival Mix Brasil | 2018\" \/>\n<meta property=\"og:description\" content=\"O movimento LGBTI+ brasileiro comemora 40 anos de resist\u00eancia. Resist\u00eancia que ajudou a ampliar nossas possibilidades de exist\u00eancia. Durante esses 40 anos, n\u00f3s, pessoas LGBTI+, nos espalhamos. Constru\u00edmos pencas de olhares e experi\u00eancias. Estamos em v\u00e1rios n\u00edveis na escala de privil\u00e9gio e &#8220;aceita\u00e7\u00e3o social&#8221;. Nossos outros recortes se somam e nos complexificam: ra\u00e7a, classe, lugar &hellip;\" \/>\n<meta property=\"og:url\" content=\"https:\/\/old.mixbrasil.org.br\/26\/conferencia-2\/\" \/>\n<meta property=\"og:site_name\" content=\"26\u00ba Festival Mix Brasil | 2018\" \/>\n<meta name=\"twitter:card\" content=\"summary_large_image\" \/>\n<meta name=\"twitter:label1\" content=\"Est. reading time\" \/>\n\t<meta name=\"twitter:data1\" content=\"3 minutes\" \/>\n<script type=\"application\/ld+json\" class=\"yoast-schema-graph\">{\"@context\":\"https:\\\/\\\/schema.org\",\"@graph\":[{\"@type\":\"WebPage\",\"@id\":\"https:\\\/\\\/old.mixbrasil.org.br\\\/26\\\/conferencia-2\\\/\",\"url\":\"https:\\\/\\\/old.mixbrasil.org.br\\\/26\\\/conferencia-2\\\/\",\"name\":\"CONFER\u00caNCIA - 26\u00ba Festival Mix Brasil | 2018\",\"isPartOf\":{\"@id\":\"https:\\\/\\\/old.mixbrasil.org.br\\\/26\\\/#website\"},\"datePublished\":\"2018-11-07T08:58:11+00:00\",\"breadcrumb\":{\"@id\":\"https:\\\/\\\/old.mixbrasil.org.br\\\/26\\\/conferencia-2\\\/#breadcrumb\"},\"inLanguage\":\"en-US\",\"potentialAction\":[{\"@type\":\"ReadAction\",\"target\":[\"https:\\\/\\\/old.mixbrasil.org.br\\\/26\\\/conferencia-2\\\/\"]}]},{\"@type\":\"BreadcrumbList\",\"@id\":\"https:\\\/\\\/old.mixbrasil.org.br\\\/26\\\/conferencia-2\\\/#breadcrumb\",\"itemListElement\":[{\"@type\":\"ListItem\",\"position\":1,\"name\":\"In\u00edcio\",\"item\":\"https:\\\/\\\/old.mixbrasil.org.br\\\/26\\\/\"},{\"@type\":\"ListItem\",\"position\":2,\"name\":\"CONFER\u00caNCIA\"}]},{\"@type\":\"WebSite\",\"@id\":\"https:\\\/\\\/old.mixbrasil.org.br\\\/26\\\/#website\",\"url\":\"https:\\\/\\\/old.mixbrasil.org.br\\\/26\\\/\",\"name\":\"26\u00ba Festival Mix Brasil | 2018\",\"description\":\"O maior Festival LGBTQ+ da Am\u00e9rica Latina\",\"potentialAction\":[{\"@type\":\"SearchAction\",\"target\":{\"@type\":\"EntryPoint\",\"urlTemplate\":\"https:\\\/\\\/old.mixbrasil.org.br\\\/26\\\/?s={search_term_string}\"},\"query-input\":{\"@type\":\"PropertyValueSpecification\",\"valueRequired\":true,\"valueName\":\"search_term_string\"}}],\"inLanguage\":\"en-US\"}]}<\/script>\n<!-- \/ Yoast SEO plugin. -->","yoast_head_json":{"title":"CONFER\u00caNCIA - 26\u00ba Festival Mix Brasil | 2018","robots":{"index":"index","follow":"follow","max-snippet":"max-snippet:-1","max-image-preview":"max-image-preview:large","max-video-preview":"max-video-preview:-1"},"canonical":"https:\/\/old.mixbrasil.org.br\/26\/conferencia-2\/","og_locale":"en_US","og_type":"article","og_title":"CONFER\u00caNCIA - 26\u00ba Festival Mix Brasil | 2018","og_description":"O movimento LGBTI+ brasileiro comemora 40 anos de resist\u00eancia. Resist\u00eancia que ajudou a ampliar nossas possibilidades de exist\u00eancia. Durante esses 40 anos, n\u00f3s, pessoas LGBTI+, nos espalhamos. Constru\u00edmos pencas de olhares e experi\u00eancias. Estamos em v\u00e1rios n\u00edveis na escala de privil\u00e9gio e &#8220;aceita\u00e7\u00e3o social&#8221;. Nossos outros recortes se somam e nos complexificam: ra\u00e7a, classe, lugar &hellip;","og_url":"https:\/\/old.mixbrasil.org.br\/26\/conferencia-2\/","og_site_name":"26\u00ba Festival Mix Brasil | 2018","twitter_card":"summary_large_image","twitter_misc":{"Est. reading time":"3 minutes"},"schema":{"@context":"https:\/\/schema.org","@graph":[{"@type":"WebPage","@id":"https:\/\/old.mixbrasil.org.br\/26\/conferencia-2\/","url":"https:\/\/old.mixbrasil.org.br\/26\/conferencia-2\/","name":"CONFER\u00caNCIA - 26\u00ba Festival Mix Brasil | 2018","isPartOf":{"@id":"https:\/\/old.mixbrasil.org.br\/26\/#website"},"datePublished":"2018-11-07T08:58:11+00:00","breadcrumb":{"@id":"https:\/\/old.mixbrasil.org.br\/26\/conferencia-2\/#breadcrumb"},"inLanguage":"en-US","potentialAction":[{"@type":"ReadAction","target":["https:\/\/old.mixbrasil.org.br\/26\/conferencia-2\/"]}]},{"@type":"BreadcrumbList","@id":"https:\/\/old.mixbrasil.org.br\/26\/conferencia-2\/#breadcrumb","itemListElement":[{"@type":"ListItem","position":1,"name":"In\u00edcio","item":"https:\/\/old.mixbrasil.org.br\/26\/"},{"@type":"ListItem","position":2,"name":"CONFER\u00caNCIA"}]},{"@type":"WebSite","@id":"https:\/\/old.mixbrasil.org.br\/26\/#website","url":"https:\/\/old.mixbrasil.org.br\/26\/","name":"26\u00ba Festival Mix Brasil | 2018","description":"O maior Festival LGBTQ+ da Am\u00e9rica Latina","potentialAction":[{"@type":"SearchAction","target":{"@type":"EntryPoint","urlTemplate":"https:\/\/old.mixbrasil.org.br\/26\/?s={search_term_string}"},"query-input":{"@type":"PropertyValueSpecification","valueRequired":true,"valueName":"search_term_string"}}],"inLanguage":"en-US"}]}},"_links":{"self":[{"href":"https:\/\/old.mixbrasil.org.br\/26\/wp-json\/wp\/v2\/pages\/724","targetHints":{"allow":["GET"]}}],"collection":[{"href":"https:\/\/old.mixbrasil.org.br\/26\/wp-json\/wp\/v2\/pages"}],"about":[{"href":"https:\/\/old.mixbrasil.org.br\/26\/wp-json\/wp\/v2\/types\/page"}],"author":[{"embeddable":true,"href":"https:\/\/old.mixbrasil.org.br\/26\/wp-json\/wp\/v2\/users\/4"}],"replies":[{"embeddable":true,"href":"https:\/\/old.mixbrasil.org.br\/26\/wp-json\/wp\/v2\/comments?post=724"}],"version-history":[{"count":1,"href":"https:\/\/old.mixbrasil.org.br\/26\/wp-json\/wp\/v2\/pages\/724\/revisions"}],"predecessor-version":[{"id":726,"href":"https:\/\/old.mixbrasil.org.br\/26\/wp-json\/wp\/v2\/pages\/724\/revisions\/726"}],"wp:attachment":[{"href":"https:\/\/old.mixbrasil.org.br\/26\/wp-json\/wp\/v2\/media?parent=724"}],"curies":[{"name":"wp","href":"https:\/\/api.w.org\/{rel}","templated":true}]}}