{"id":83,"date":"2018-10-05T13:57:46","date_gmt":"2018-10-05T16:57:46","guid":{"rendered":"http:\/\/www.mixbrasil.org.br\/26\/26\/?page_id=83"},"modified":"2018-11-05T11:46:13","modified_gmt":"2018-11-05T13:46:13","slug":"sobre-o-festival-2","status":"publish","type":"page","link":"https:\/\/old.mixbrasil.org.br\/26\/sobre-o-festival-2\/","title":{"rendered":"SOBRE O FESTIVAL"},"content":{"rendered":"<p>&nbsp;<\/p>\n<table width=\"680\">\n<tbody>\n<tr>\n<td width=\"340\"><span style=\"font-size: 18pt;\"><strong>#PensoLogoResisto<\/strong><\/span><\/p>\n<p>Ano passado comemoramos os 25 anos do Mix Brasil, e o texto de introdu\u00e7\u00e3o do cat\u00e1logo mencionava a \u201conda de obscurantismo conservador\u201d e terminava com uma frase premonit\u00f3ria, dizendo que o Festival \u201c\u00e9 e continuar\u00e1 sendo o mais consistente ato de resist\u00eancia cultural LGBT do nosso pa\u00eds\u201d. N\u00e3o era poss\u00edvel naquele momento prever que o sentimento de inseguran\u00e7a e a ret\u00f3rica LGBTf\u00f3bica escalariam e atingiriam n\u00e3o apenas os grupos da comunidade historicamente marginalizados. Nessa 26\u00aa edi\u00e7\u00e3o, est\u00e1 claro que o papel do Mix Brasil \u00e9 talvez ainda mais necess\u00e1rio do que nunca.<\/p>\n<p>A Resist\u00eancia de que falamos hoje n\u00e3o se refere apenas a Direitos Civis e Humanos, tanto os conquistados quanto os que estavam entrando em pauta. \u00c9 o pr\u00f3pria Cultura que est\u00e1 em risco.<\/p>\n<p>Mas \u00e9 para isso que estamos aqui, existindo e resistindo.<\/p>\n<p>Neste ano s\u00e3o mais de 100 filmes exibidos, com um destaque para o grande n\u00famero de diretorAs e uma retrospectiva hist\u00f3rica da cinematografia l\u00e9s. Entre os brasileiros, que v\u00eam ganhando a cada ano maior peso na programa\u00e7\u00e3o, estreamos o Panorama Nacional, que se soma \u00e0 Mostra Competitiva com um total de 20 longas, um recorde. Vale destacar a poderosa produ\u00e7\u00e3o de curtas que veio do Rio de Janeiro, prova da resist\u00eancia art\u00edstica na cidade que tem sofrido mais acentuadamente a crise econ\u00f4mica e os efeitos do ultraconservadorismo. S\u00e3o Paulo continua o maior e mais diverso polo produtor, e as regi\u00f5es Norte e Nordeste t\u00eam desenvolvido novas linguagens cinematogr\u00e1ficas muito particulares e com forte presen\u00e7a de personagens e temas LGBTQI.<\/p>\n<p>Para mostrar que somos muitos e estamos marcando presen\u00e7a em todas as \u00e1reas do audiovisual, abrimos o eixo Games em parceria com a Abragames e o BIG Festival.<\/p>\n<p>A Literatura volta com for\u00e7a total em mesas e workshops com mais de 60 nomes fundamentais do cen\u00e1rio editorial nacional.<\/p>\n<p>Mix Music e Dram\u00e1tica em Cena, como sempre, fazem um recap de espet\u00e1culos e nomes que marcaram as cenas musicais e das artes c\u00eanicas.<\/p>\n<p>E para entender melhor o momento e trocar ideias teremos a quarta edi\u00e7\u00e3o da nossa Confer\u00eancia, produzida em parceria com Pajub\u00e1 e uma s\u00e9rie de grupos para falar como ficam Pol\u00edtica, Mercado, Sa\u00fade, Identidades e Feminismo nesses tempos.<\/p>\n<p>Jo\u00e3o Nery, um s\u00edmbolo de coragem e persist\u00eancia da comunidade trans mundial que nos deixou recentemente, \u00e9 homenageado com o \u00cdcone Mix.<\/p>\n<p>2018 foi muito dif\u00edcil, e j\u00e1 sabemos que o ano que vem trar\u00e1 desafios ainda maiores. O 26\u00ba Festival Mix Brasil de Cultura da Diversidade nos proporciona onze dias para pensarmos juntos nas mais inteligentes, empoderadoras e eficazes maneiras de resistir.<\/p>\n<p>Como na m\u00fasica de Johnny Hooker, que \u00e9 tema do nosso trailer deste ano, \u201cum novo tempo h\u00e1 de vencer pra que a gente possa florescer e amar, amar sem temer\u201d.<\/p>\n<p>&nbsp;<\/p>\n<p>Jo\u00e3o Federici e Andre Fischer<\/td>\n<\/tr>\n<\/tbody>\n<\/table>\n","protected":false},"excerpt":{"rendered":"<p>&nbsp; #PensoLogoResisto Ano passado comemoramos os 25 anos do Mix Brasil, e o texto de introdu\u00e7\u00e3o do cat\u00e1logo mencionava a \u201conda de obscurantismo conservador\u201d e terminava com uma frase premonit\u00f3ria, dizendo que o Festival \u201c\u00e9 e continuar\u00e1 sendo o mais consistente ato de resist\u00eancia cultural LGBT do nosso pa\u00eds\u201d. N\u00e3o era poss\u00edvel naquele momento prever &hellip;<\/p>\n","protected":false},"author":4,"featured_media":0,"parent":0,"menu_order":0,"comment_status":"closed","ping_status":"closed","template":"","meta":{"footnotes":""},"class_list":["post-83","page","type-page","status-publish","hentry"],"yoast_head":"<!-- This site is optimized with the Yoast SEO plugin v27.3 - https:\/\/yoast.com\/product\/yoast-seo-wordpress\/ -->\n<title>SOBRE O FESTIVAL - 26\u00ba Festival Mix Brasil | 2018<\/title>\n<meta name=\"robots\" content=\"index, follow, max-snippet:-1, max-image-preview:large, max-video-preview:-1\" \/>\n<link rel=\"canonical\" href=\"https:\/\/old.mixbrasil.org.br\/26\/sobre-o-festival-2\/\" \/>\n<meta property=\"og:locale\" content=\"en_US\" \/>\n<meta property=\"og:type\" content=\"article\" \/>\n<meta property=\"og:title\" content=\"SOBRE O FESTIVAL - 26\u00ba Festival Mix Brasil | 2018\" \/>\n<meta property=\"og:description\" content=\"&nbsp; #PensoLogoResisto Ano passado comemoramos os 25 anos do Mix Brasil, e o texto de introdu\u00e7\u00e3o do cat\u00e1logo mencionava a \u201conda de obscurantismo conservador\u201d e terminava com uma frase premonit\u00f3ria, dizendo que o Festival \u201c\u00e9 e continuar\u00e1 sendo o mais consistente ato de resist\u00eancia cultural LGBT do nosso pa\u00eds\u201d. N\u00e3o era poss\u00edvel naquele momento prever &hellip;\" \/>\n<meta property=\"og:url\" content=\"https:\/\/old.mixbrasil.org.br\/26\/sobre-o-festival-2\/\" \/>\n<meta property=\"og:site_name\" content=\"26\u00ba Festival Mix Brasil | 2018\" \/>\n<meta property=\"article:modified_time\" content=\"2018-11-05T13:46:13+00:00\" \/>\n<meta name=\"twitter:card\" content=\"summary_large_image\" \/>\n<meta name=\"twitter:label1\" content=\"Est. reading time\" \/>\n\t<meta name=\"twitter:data1\" content=\"3 minutes\" \/>\n<script type=\"application\/ld+json\" class=\"yoast-schema-graph\">{\"@context\":\"https:\\\/\\\/schema.org\",\"@graph\":[{\"@type\":\"WebPage\",\"@id\":\"https:\\\/\\\/old.mixbrasil.org.br\\\/26\\\/sobre-o-festival-2\\\/\",\"url\":\"https:\\\/\\\/old.mixbrasil.org.br\\\/26\\\/sobre-o-festival-2\\\/\",\"name\":\"SOBRE O FESTIVAL - 26\u00ba Festival Mix Brasil | 2018\",\"isPartOf\":{\"@id\":\"https:\\\/\\\/old.mixbrasil.org.br\\\/26\\\/#website\"},\"datePublished\":\"2018-10-05T16:57:46+00:00\",\"dateModified\":\"2018-11-05T13:46:13+00:00\",\"breadcrumb\":{\"@id\":\"https:\\\/\\\/old.mixbrasil.org.br\\\/26\\\/sobre-o-festival-2\\\/#breadcrumb\"},\"inLanguage\":\"en-US\",\"potentialAction\":[{\"@type\":\"ReadAction\",\"target\":[\"https:\\\/\\\/old.mixbrasil.org.br\\\/26\\\/sobre-o-festival-2\\\/\"]}]},{\"@type\":\"BreadcrumbList\",\"@id\":\"https:\\\/\\\/old.mixbrasil.org.br\\\/26\\\/sobre-o-festival-2\\\/#breadcrumb\",\"itemListElement\":[{\"@type\":\"ListItem\",\"position\":1,\"name\":\"In\u00edcio\",\"item\":\"https:\\\/\\\/old.mixbrasil.org.br\\\/26\\\/\"},{\"@type\":\"ListItem\",\"position\":2,\"name\":\"SOBRE O FESTIVAL\"}]},{\"@type\":\"WebSite\",\"@id\":\"https:\\\/\\\/old.mixbrasil.org.br\\\/26\\\/#website\",\"url\":\"https:\\\/\\\/old.mixbrasil.org.br\\\/26\\\/\",\"name\":\"26\u00ba Festival Mix Brasil | 2018\",\"description\":\"O maior Festival LGBTQ+ da Am\u00e9rica Latina\",\"potentialAction\":[{\"@type\":\"SearchAction\",\"target\":{\"@type\":\"EntryPoint\",\"urlTemplate\":\"https:\\\/\\\/old.mixbrasil.org.br\\\/26\\\/?s={search_term_string}\"},\"query-input\":{\"@type\":\"PropertyValueSpecification\",\"valueRequired\":true,\"valueName\":\"search_term_string\"}}],\"inLanguage\":\"en-US\"}]}<\/script>\n<!-- \/ Yoast SEO plugin. -->","yoast_head_json":{"title":"SOBRE O FESTIVAL - 26\u00ba Festival Mix Brasil | 2018","robots":{"index":"index","follow":"follow","max-snippet":"max-snippet:-1","max-image-preview":"max-image-preview:large","max-video-preview":"max-video-preview:-1"},"canonical":"https:\/\/old.mixbrasil.org.br\/26\/sobre-o-festival-2\/","og_locale":"en_US","og_type":"article","og_title":"SOBRE O FESTIVAL - 26\u00ba Festival Mix Brasil | 2018","og_description":"&nbsp; #PensoLogoResisto Ano passado comemoramos os 25 anos do Mix Brasil, e o texto de introdu\u00e7\u00e3o do cat\u00e1logo mencionava a \u201conda de obscurantismo conservador\u201d e terminava com uma frase premonit\u00f3ria, dizendo que o Festival \u201c\u00e9 e continuar\u00e1 sendo o mais consistente ato de resist\u00eancia cultural LGBT do nosso pa\u00eds\u201d. N\u00e3o era poss\u00edvel naquele momento prever &hellip;","og_url":"https:\/\/old.mixbrasil.org.br\/26\/sobre-o-festival-2\/","og_site_name":"26\u00ba Festival Mix Brasil | 2018","article_modified_time":"2018-11-05T13:46:13+00:00","twitter_card":"summary_large_image","twitter_misc":{"Est. reading time":"3 minutes"},"schema":{"@context":"https:\/\/schema.org","@graph":[{"@type":"WebPage","@id":"https:\/\/old.mixbrasil.org.br\/26\/sobre-o-festival-2\/","url":"https:\/\/old.mixbrasil.org.br\/26\/sobre-o-festival-2\/","name":"SOBRE O FESTIVAL - 26\u00ba Festival Mix Brasil | 2018","isPartOf":{"@id":"https:\/\/old.mixbrasil.org.br\/26\/#website"},"datePublished":"2018-10-05T16:57:46+00:00","dateModified":"2018-11-05T13:46:13+00:00","breadcrumb":{"@id":"https:\/\/old.mixbrasil.org.br\/26\/sobre-o-festival-2\/#breadcrumb"},"inLanguage":"en-US","potentialAction":[{"@type":"ReadAction","target":["https:\/\/old.mixbrasil.org.br\/26\/sobre-o-festival-2\/"]}]},{"@type":"BreadcrumbList","@id":"https:\/\/old.mixbrasil.org.br\/26\/sobre-o-festival-2\/#breadcrumb","itemListElement":[{"@type":"ListItem","position":1,"name":"In\u00edcio","item":"https:\/\/old.mixbrasil.org.br\/26\/"},{"@type":"ListItem","position":2,"name":"SOBRE O FESTIVAL"}]},{"@type":"WebSite","@id":"https:\/\/old.mixbrasil.org.br\/26\/#website","url":"https:\/\/old.mixbrasil.org.br\/26\/","name":"26\u00ba Festival Mix Brasil | 2018","description":"O maior Festival LGBTQ+ da Am\u00e9rica Latina","potentialAction":[{"@type":"SearchAction","target":{"@type":"EntryPoint","urlTemplate":"https:\/\/old.mixbrasil.org.br\/26\/?s={search_term_string}"},"query-input":{"@type":"PropertyValueSpecification","valueRequired":true,"valueName":"search_term_string"}}],"inLanguage":"en-US"}]}},"_links":{"self":[{"href":"https:\/\/old.mixbrasil.org.br\/26\/wp-json\/wp\/v2\/pages\/83","targetHints":{"allow":["GET"]}}],"collection":[{"href":"https:\/\/old.mixbrasil.org.br\/26\/wp-json\/wp\/v2\/pages"}],"about":[{"href":"https:\/\/old.mixbrasil.org.br\/26\/wp-json\/wp\/v2\/types\/page"}],"author":[{"embeddable":true,"href":"https:\/\/old.mixbrasil.org.br\/26\/wp-json\/wp\/v2\/users\/4"}],"replies":[{"embeddable":true,"href":"https:\/\/old.mixbrasil.org.br\/26\/wp-json\/wp\/v2\/comments?post=83"}],"version-history":[{"count":3,"href":"https:\/\/old.mixbrasil.org.br\/26\/wp-json\/wp\/v2\/pages\/83\/revisions"}],"predecessor-version":[{"id":1769,"href":"https:\/\/old.mixbrasil.org.br\/26\/wp-json\/wp\/v2\/pages\/83\/revisions\/1769"}],"wp:attachment":[{"href":"https:\/\/old.mixbrasil.org.br\/26\/wp-json\/wp\/v2\/media?parent=83"}],"curies":[{"name":"wp","href":"https:\/\/api.w.org\/{rel}","templated":true}]}}