{"id":101,"date":"2019-10-05T15:42:41","date_gmt":"2019-10-05T18:42:41","guid":{"rendered":"http:\/\/www.mixbrasil.org.br\/27\/26\/?page_id=101"},"modified":"2023-06-14T09:44:10","modified_gmt":"2023-06-14T12:44:10","slug":"ficha-tecnica","status":"publish","type":"page","link":"https:\/\/old.mixbrasil.org.br\/27\/ficha-tecnica\/","title":{"rendered":"FICHA T\u00c9CNICA"},"content":{"rendered":"<p><span style=\"color: #000000; font-size: 14pt;\"><b> Festival Mix Brasil 2019<br \/>\n<\/b><\/span><\/p>\n<p><strong>DIRE\u00c7\u00c3O | DIRECTOR<\/strong><br \/>\nAndr\u00e9 Fischer<\/p>\n<p><strong>DIRE\u00c7\u00c3O EXECUTIVA | EXECUTIVE DIRECTOR<\/strong><br \/>\nJosi Geller<\/p>\n<p><strong>DIRE\u00c7\u00c3O DE PROGRAMA\u00c7\u00c3O DE CINEMA<\/strong><br \/>\n<strong>DIRECTOR OF PROGRAMMING &#8211; CINEMA<\/strong><br \/>\nJo\u00e3o Federici<\/p>\n<p><strong>COORDENA\u00c7\u00c3O DE PROGRAMA\u00c7\u00c3O DE CINEMA<\/strong><br \/>\n<strong>PROGRAMMING COORDINATORV &#8211; CINEMA<\/strong><br \/>\nMarcio Miranda Perez<\/p>\n<p><strong>COORDENA\u00c7\u00c3O DE PRODU\u00c7\u00c3O<\/strong><br \/>\n<strong>PRODUCTION COORDINATOR<\/strong><br \/>\nTati Nunes<\/p>\n<p><strong>PRODU\u00c7\u00c3O | PRODUCTION<\/strong><br \/>\nGabriella P\u00e1ssaro<br \/>\nVictor Gally<\/p>\n<p><strong>COMIT\u00ca DE SELE\u00c7\u00c3O DE CURTA-METRAGENS<\/strong><br \/>\n<strong>SHORT FILM SELECTION COMMITTEE<\/strong><br \/>\nAlan Oliveira<br \/>\nAndr\u00e9 Fischer<br \/>\nAnne Fryszman<br \/>\nAntoniela Canto<br \/>\nBeth S\u00e1 Freire<br \/>\nGabriella P\u00e1ssaro<br \/>\nJo\u00e3o Federici<br \/>\nJosi Geller<br \/>\nJ\u00falia Katharine<br \/>\nL\u00edvia Perez<br \/>\nM\u00e1rcia Vaz<br \/>\nMarcio Miranda Perez<br \/>\nPedro Tinen<\/p>\n<p><strong>SHOW DO GONGO | THE GONG SHOW\u2019S HOSTESS<\/strong><br \/>\nMarisa Orth<\/p>\n<p><strong>DRAM\u00c1TICA EM CENA<\/strong><br \/>\nAndr\u00e9 Fischer<br \/>\n<strong>CAMARIM | WARDROBE<\/strong><br \/>\nElizabeth Hil\u00e1rio<br \/>\n<strong>COORDENA\u00c7\u00c3O T\u00c9CNICA | TECHNICAL COORDINATOR<\/strong><br \/>\nVictor Fonseca<\/p>\n<p><strong>MIX MUSIC<\/strong><br \/>\nAndr\u00e9 Pomba Cagni<\/p>\n<p><strong>MIX LITER\u00c1RIO<br \/>\nDIRE\u00c7\u00c3O | DIRECTOR<\/strong><br \/>\nAlexandre Rabelo<br \/>\n<strong>ASSISTENTE | ASSISTANT<\/strong><br \/>\nAlexandre Willer<\/p>\n<p><strong>MIXLAB SPCINE<\/strong><br \/>\n<strong>COORDENA\u00c7\u00c3O E CURADORIA<\/strong><br \/>\n<strong>COORDINATION AND CURATOR<\/strong><br \/>\nJo\u00e3o Federici<br \/>\n<strong>COORDENA\u00c7\u00c3O T\u00c9CNICA<\/strong><br \/>\n<strong>TECHNICAL COORDINATOR<br \/>\n<\/strong>Gabriella P\u00e1ssaro<\/p>\n<p><strong>BIG MIX DIVERSITY<\/strong><br \/>\nUma a\u00e7\u00e3o do Big Festival, conselho da diversidade da<br \/>\nAbragames e Games 4 [Diversity]<br \/>\n<strong>CURADORIA DOS JOGOS DA MOSTRA BIG DIVERSITY<\/strong><br \/>\nBig Festival<br \/>\n<strong>BIG MIX JAM FOR DIVERSITY<\/strong><br \/>\nConselho da diversidade da Abragames<br \/>\ne Games 4 [Diversity]<br \/>\n<strong>IDEALIZADORA | CREATOR<\/strong><br \/>\nMarina Pecoraro, Big Festival\/Conselho<br \/>\nda diversidade de Abragame<br \/>\n<strong>ORGANIZADORA DA JAM | JAM ORGANIZER<\/strong><br \/>\nSabina Drinks , Games [4Diversity]<\/p>\n<p><strong>CONFER\u00caNCIA MIX BRASIL 2019<\/strong><br \/>\n<strong>CURADORIA | CURATOR<\/strong><br \/>\nAndr\u00e9 Fischer<br \/>\n<strong>COORDENA\u00c7\u00c3O | COORDINATION<\/strong><br \/>\nTati Nunes<br \/>\n<strong>PRODU\u00c7\u00c3O | PRODUCTION<\/strong><br \/>\nGabriella P\u00e1ssaro<br \/>\nVictor Gally<br \/>\n<strong>CURADORIA FEMINISMOS | FEMINISM CURATOR<\/strong><br \/>\nD\u00e9bora Camargo<br \/>\nJosi Geller<br \/>\nThais Bertolin<br \/>\nTati Nunes<br \/>\nVanessa Siqueira<br \/>\n<strong>CURADORIA IDENTIDADE | IDENTITY CURATOR<\/strong><br \/>\nKarin Di Monteiro Moreira<br \/>\nRico Dalasam<br \/>\nRog\u00e9rio Pedro<br \/>\n<strong>CURADORIA MERCADO | LABOR MARKET CURATOR<\/strong><br \/>\nDemetrio Teodorov<br \/>\nEduardo Santos<br \/>\nMarina Pecoraro<br \/>\nRoselli Tardelli<br \/>\n<strong>CURADORIA SA\u00daDE | HEALTH CURATOR<\/strong><br \/>\nCaru\u00e9 Contreiras<\/p>\n<p><strong>TROF\u00c9U COELHO DE PRATA E OURO<\/strong><br \/>\n<strong>SILVER AND GOLDEN RABBIT TROPHY<\/strong><br \/>\nDuilio Ferronato<br \/>\n<strong>RECEPTIVO | HOSPITALITY STAFF<\/strong><br \/>\nThais Bertolin<\/p>\n<p><strong>ASSESSORIA DE IMPRENSA | PUBLIC RELATIONS<\/strong><br \/>\nAtti Comunica\u00e7\u00e3o e Ideias<br \/>\nEliz Ferreira e Valeria Blanco<\/p>\n<p><strong>REDES SOCIAIS | SOCIAL MEDIA<\/strong><br \/>\nVin\u00edcius Yamada<br \/>\n<strong>DESENVOLVIMENTO WEB | WEB DEVELOPMENT<\/strong><br \/>\nVin\u00edcius Yamada<\/p>\n<p><strong>COORDENA\u00c7\u00c3O DE MONITORIA<\/strong><br \/>\n<strong>MONITORING COORDINATION<\/strong><br \/>\nFabiana Amorim<\/p>\n<p><strong>COORDENA\u00c7\u00c3O DE TRADU\u00c7\u00c3O E LEGENDAS<\/strong><br \/>\n<strong>TRANSLATION AND SUBTITLES COORDINATION<\/strong><br \/>\n4 Esta\u00e7\u00f5es<\/p>\n<p><strong>TR\u00c1FEGO E REVIS\u00c3O DE C\u00d3PIAS<\/strong><br \/>\n<strong>COPIES TRAFFIC AND REVIEW<\/strong><br \/>\n<strong>COORDENA\u00c7\u00c3O | COORDINATION<\/strong><br \/>\nHyran De Mula<\/p>\n<p><a href=\"http:\/\/www.mixbrasil.org.br\/27\/wp-content\/uploads\/2019\/11\/catalogomix2019.pdf\"><strong>CAT\u00c1LOGO | CATALOGUE<\/strong><\/a><br \/>\n<strong>PROJETO GR\u00c1FICO | GRAPHIC DESIGNER<\/strong><br \/>\nColecta Produ\u00e7\u00f5es<br \/>\n<a href=\"http:\/\/www.mixbrasil.org.br\/27\/wp-content\/uploads\/2019\/11\/programacaomix2019.pdf\"><strong>CONTE\u00daDO | CONTENT<\/strong><\/a><br \/>\nAndr\u00e9 Fischer, Marcio Miranda Perez, Tati Nunes<br \/>\n<strong>REVIS\u00c3O | COPYEDITOR<\/strong><br \/>\nLeonardo Do Carmo<br \/>\n<strong>TRADU\u00c7\u00c3O| TRANSLATOR<\/strong><br \/>\nCaio Alves<br \/>\nMarcos Olival<\/p>\n<p><strong>CAMPANHA MIX BRASIL 2019<\/strong><br \/>\n<strong>MIX BRASIL 2019 CAMPAIGN<\/strong><br \/>\nEquipe Mix Brasil<\/p>\n<p><strong>LOGO 27\u00ba MIXBRASIL<\/strong><br \/>\nWilson Junior<\/p>\n<p><strong>FILME MIX BRASIL 2019<\/strong><br \/>\n<strong>MIX BRASIL MOVIE 2019<\/strong><br \/>\nVetor Zero<\/p>\n<p><strong>EQUIPE CENTRO CULTURAL S\u00c3O PAULO<\/strong><br \/>\n<strong>CENTRO CULTURAL S\u00c3O PAULO TEAM<\/strong><br \/>\n<strong>DIRETORA GERAL | GENERAL DIRECTOR<\/strong><br \/>\nErika Palomino<br \/>\n<strong>DIRETOR ADJUNTO | ASSOCIATE DIRECTOR<\/strong><br \/>\nJurandy Valen\u00e7a<br \/>\n<strong>SECRET\u00c1RIA | SECRETARY<\/strong><br \/>\nVeruska Matos<br \/>\n<strong>CURADORIAS | CURATORS<\/strong><br \/>\n<strong>SUPERVISOR<\/strong><br \/>\nRodolfo Beltr\u00e3o<br \/>\n<strong>ARTES VISUAIS | VISUAL ARTS<\/strong><br \/>\nMaria Adelaide Pontes<br \/>\n<strong>CINEMA<\/strong><br \/>\nC\u00e9lio Franceschet e Carlos Gabriel Pergoraro<br \/>\n<strong>DAN\u00c7A | DANCE<\/strong><br \/>\nS\u00f4nia Sobral<br \/>\n<strong>LITERATURA | LITERATURE<\/strong><br \/>\nH\u00e9lio Menezes<br \/>\n<strong>MODA | FASHION<\/strong><br \/>\nKarlla Girotto<br \/>\n<strong>M\u00daSICA | MUSIC<\/strong><br \/>\nAlexandre Matias<br \/>\n<strong>PERFORMANCE<\/strong><br \/>\nMaur\u00edcio Ian\u00eas<br \/>\n<strong>TEATRO ADULTO | ADULT THEATER<\/strong><br \/>\nKil Abreu<br \/>\n<strong>TEATRO INFANTO JUVENIL | CHILD THEATER<\/strong><br \/>\nLizette Negreiros<\/p>\n<p><strong>SUPERVIS\u00c3O DE A\u00c7\u00c3O CULTURAL<\/strong><br \/>\n<strong>CULTURAL ACTION SUPERVISION<\/strong><br \/>\nAdriane Bertini<br \/>\n<strong>SUPERVIS\u00c3O DE ACERVO | ARCHIVE SUPERVISION<\/strong><br \/>\nEduardo Navarro<\/p>\n<p><strong>SUPERVIS\u00c3O DE BIBLIOTECAS | LIBRARY SUPERVISION<\/strong><br \/>\nJuliana Lazarim<br \/>\n<strong>SUPERVIS\u00c3O DE INFORMA\u00c7\u00c3O<\/strong><br \/>\n<strong>INFORMATION SUPERVISION<\/strong><br \/>\nF\u00e1bio Polido<br \/>\n<strong>SUPERVIS\u00c3O DE PRODU\u00c7\u00c3O<\/strong><br \/>\n<strong>PRODUCTION SUPERVISION<\/strong><br \/>\nLuciana Mantovani<br \/>\n<strong>ARTICULA\u00c7\u00c3O CULTURAL | CULTURAL JOINT<\/strong><br \/>\nJaergenton Corr\u00eaa<br \/>\n<strong>N\u00daCLEO DE GEST\u00c3O | MANAGEMENT CORE<\/strong><br \/>\nFrancis Vieira Soares<br \/>\n<strong>N\u00daCLEO DE PROJETOS | PROJECTS TEAM<\/strong><br \/>\nKelly Santiago e Walter Tadeu Siqueira<br \/>\n<strong>ASSESSORIA DE IMPRENSA | PUBLIC RELATIONS<\/strong><br \/>\nNeri\u00ea Bento<\/p>\n<p><strong>PRESTA\u00c7\u00c3O DE CONTAS E FINANCEIRO<\/strong><br \/>\n<strong>ACCOUNTABILITY AND FINANCIAL<\/strong><br \/>\nJosi Geller<\/p>\n<p><strong>ASSESSORIA JUR\u00cdDICA | LEGAL ADVICE<\/strong><br \/>\nFregni &#8211; Lopez Da Cruz &#8211; Advogados Associados<br \/>\nDra. Gabriella Fregni<br \/>\n<strong>ASSESSORIA CONT\u00c1BIL | ACCOUNTING ADVICE<\/strong><br \/>\nRosana Santos da Cruz<br \/>\nSantos Assessoria Cont\u00e1bil<br \/>\nSolange Baldenebro<br \/>\nValdir Carvalho<\/p>\n<p><span style=\"color: #000000;\"><b>REALIZA\u00c7\u00c3O | REALIZATION<\/b><\/span><\/p>\n<p><img loading=\"lazy\" decoding=\"async\" class=\"wp-image-487 size-full aligncenter\" src=\"http:\/\/www.mixbrasil.org.br\/27\/wp-content\/uploads\/2018\/11\/associacao-mix.png\" alt=\"\" width=\"277\" height=\"161\" \/><\/p>\n<p><strong>PRESID\u00caNCIA | CHIEF OFFICER<\/strong><br \/>\nJosi Geller<br \/>\n<strong>VICE PRESID\u00caNCIA | DEPUTY CHIEF OFFICER<\/strong><br \/>\nThiago Fernandes Braz<br \/>\n<strong>DIRETORIA T\u00c9CNICA | TECHNICAL DIRECTOR<\/strong><br \/>\nMarco Donini<br \/>\n<strong>CONSELHO | COUNCIL BOARD<\/strong><br \/>\nFrancisco Zelesnikar<br \/>\nGabriella P\u00e1ssaro<\/p>\n","protected":false},"excerpt":{"rendered":"<p>Festival Mix Brasil 2019 DIRE\u00c7\u00c3O | DIRECTOR Andr\u00e9 Fischer DIRE\u00c7\u00c3O EXECUTIVA | EXECUTIVE DIRECTOR Josi Geller DIRE\u00c7\u00c3O DE PROGRAMA\u00c7\u00c3O DE CINEMA DIRECTOR OF PROGRAMMING &#8211; CINEMA Jo\u00e3o Federici COORDENA\u00c7\u00c3O DE PROGRAMA\u00c7\u00c3O DE CINEMA PROGRAMMING COORDINATORV &#8211; CINEMA Marcio Miranda Perez COORDENA\u00c7\u00c3O DE PRODU\u00c7\u00c3O PRODUCTION COORDINATOR Tati Nunes PRODU\u00c7\u00c3O | PRODUCTION Gabriella P\u00e1ssaro Victor Gally COMIT\u00ca [&hellip;]<\/p>\n","protected":false},"author":4,"featured_media":2439,"parent":0,"menu_order":0,"comment_status":"closed","ping_status":"closed","template":"","meta":{"footnotes":""},"class_list":["post-101","page","type-page","status-publish","has-post-thumbnail"],"yoast_head":"<!-- This site is optimized with the Yoast SEO plugin v27.3 - https:\/\/yoast.com\/product\/yoast-seo-wordpress\/ -->\n<title>FICHA T\u00c9CNICA - 27\u00ba Festival Mix Brasil | 2019<\/title>\n<meta name=\"robots\" content=\"index, follow, max-snippet:-1, max-image-preview:large, max-video-preview:-1\" \/>\n<link rel=\"canonical\" href=\"https:\/\/old.mixbrasil.org.br\/27\/ficha-tecnica\/\" \/>\n<meta property=\"og:locale\" content=\"en_US\" \/>\n<meta property=\"og:type\" content=\"article\" \/>\n<meta property=\"og:title\" content=\"FICHA T\u00c9CNICA - 27\u00ba Festival Mix Brasil | 2019\" \/>\n<meta property=\"og:description\" content=\"Festival Mix Brasil 2019 DIRE\u00c7\u00c3O | DIRECTOR Andr\u00e9 Fischer DIRE\u00c7\u00c3O EXECUTIVA | EXECUTIVE DIRECTOR Josi Geller DIRE\u00c7\u00c3O DE PROGRAMA\u00c7\u00c3O DE CINEMA DIRECTOR OF PROGRAMMING &#8211; CINEMA Jo\u00e3o Federici COORDENA\u00c7\u00c3O DE PROGRAMA\u00c7\u00c3O DE CINEMA PROGRAMMING COORDINATORV &#8211; CINEMA Marcio Miranda Perez COORDENA\u00c7\u00c3O DE PRODU\u00c7\u00c3O PRODUCTION COORDINATOR Tati Nunes PRODU\u00c7\u00c3O | PRODUCTION Gabriella P\u00e1ssaro Victor Gally COMIT\u00ca [&hellip;]\" \/>\n<meta property=\"og:url\" content=\"https:\/\/old.mixbrasil.org.br\/27\/ficha-tecnica\/\" \/>\n<meta property=\"og:site_name\" content=\"27\u00ba Festival Mix Brasil | 2019\" \/>\n<meta property=\"article:modified_time\" content=\"2023-06-14T12:44:10+00:00\" \/>\n<meta property=\"og:image\" content=\"https:\/\/old.mixbrasil.org.br\/27\/wp-content\/uploads\/2019\/09\/60296916_1625290967605956_1030604576933281792_o-1.jpg\" \/>\n\t<meta property=\"og:image:width\" content=\"1280\" \/>\n\t<meta property=\"og:image:height\" content=\"720\" \/>\n\t<meta property=\"og:image:type\" content=\"image\/jpeg\" \/>\n<meta name=\"twitter:card\" content=\"summary_large_image\" \/>\n<meta name=\"twitter:label1\" content=\"Est. reading time\" \/>\n\t<meta name=\"twitter:data1\" content=\"3 minutes\" \/>\n<script type=\"application\/ld+json\" class=\"yoast-schema-graph\">{\"@context\":\"https:\\\/\\\/schema.org\",\"@graph\":[{\"@type\":\"WebPage\",\"@id\":\"https:\\\/\\\/old.mixbrasil.org.br\\\/27\\\/ficha-tecnica\\\/\",\"url\":\"https:\\\/\\\/old.mixbrasil.org.br\\\/27\\\/ficha-tecnica\\\/\",\"name\":\"FICHA T\u00c9CNICA - 27\u00ba Festival Mix Brasil | 2019\",\"isPartOf\":{\"@id\":\"https:\\\/\\\/old.mixbrasil.org.br\\\/27\\\/#website\"},\"primaryImageOfPage\":{\"@id\":\"https:\\\/\\\/old.mixbrasil.org.br\\\/27\\\/ficha-tecnica\\\/#primaryimage\"},\"image\":{\"@id\":\"https:\\\/\\\/old.mixbrasil.org.br\\\/27\\\/ficha-tecnica\\\/#primaryimage\"},\"thumbnailUrl\":\"https:\\\/\\\/old.mixbrasil.org.br\\\/27\\\/wp-content\\\/uploads\\\/2019\\\/09\\\/60296916_1625290967605956_1030604576933281792_o-1.jpg\",\"datePublished\":\"2019-10-05T18:42:41+00:00\",\"dateModified\":\"2023-06-14T12:44:10+00:00\",\"breadcrumb\":{\"@id\":\"https:\\\/\\\/old.mixbrasil.org.br\\\/27\\\/ficha-tecnica\\\/#breadcrumb\"},\"inLanguage\":\"en-US\",\"potentialAction\":[{\"@type\":\"ReadAction\",\"target\":[\"https:\\\/\\\/old.mixbrasil.org.br\\\/27\\\/ficha-tecnica\\\/\"]}]},{\"@type\":\"ImageObject\",\"inLanguage\":\"en-US\",\"@id\":\"https:\\\/\\\/old.mixbrasil.org.br\\\/27\\\/ficha-tecnica\\\/#primaryimage\",\"url\":\"https:\\\/\\\/old.mixbrasil.org.br\\\/27\\\/wp-content\\\/uploads\\\/2019\\\/09\\\/60296916_1625290967605956_1030604576933281792_o-1.jpg\",\"contentUrl\":\"https:\\\/\\\/old.mixbrasil.org.br\\\/27\\\/wp-content\\\/uploads\\\/2019\\\/09\\\/60296916_1625290967605956_1030604576933281792_o-1.jpg\",\"width\":1280,\"height\":720},{\"@type\":\"BreadcrumbList\",\"@id\":\"https:\\\/\\\/old.mixbrasil.org.br\\\/27\\\/ficha-tecnica\\\/#breadcrumb\",\"itemListElement\":[{\"@type\":\"ListItem\",\"position\":1,\"name\":\"In\u00edcio\",\"item\":\"https:\\\/\\\/old.mixbrasil.org.br\\\/27\\\/\"},{\"@type\":\"ListItem\",\"position\":2,\"name\":\"FICHA T\u00c9CNICA\"}]},{\"@type\":\"WebSite\",\"@id\":\"https:\\\/\\\/old.mixbrasil.org.br\\\/27\\\/#website\",\"url\":\"https:\\\/\\\/old.mixbrasil.org.br\\\/27\\\/\",\"name\":\"27\u00ba Festival Mix Brasil | 2019\",\"description\":\"O Maior Festival LGBTQ+ da Am\u00e9rica Latina\",\"potentialAction\":[{\"@type\":\"SearchAction\",\"target\":{\"@type\":\"EntryPoint\",\"urlTemplate\":\"https:\\\/\\\/old.mixbrasil.org.br\\\/27\\\/?s={search_term_string}\"},\"query-input\":{\"@type\":\"PropertyValueSpecification\",\"valueRequired\":true,\"valueName\":\"search_term_string\"}}],\"inLanguage\":\"en-US\"}]}<\/script>\n<!-- \/ Yoast SEO plugin. -->","yoast_head_json":{"title":"FICHA T\u00c9CNICA - 27\u00ba Festival Mix Brasil | 2019","robots":{"index":"index","follow":"follow","max-snippet":"max-snippet:-1","max-image-preview":"max-image-preview:large","max-video-preview":"max-video-preview:-1"},"canonical":"https:\/\/old.mixbrasil.org.br\/27\/ficha-tecnica\/","og_locale":"en_US","og_type":"article","og_title":"FICHA T\u00c9CNICA - 27\u00ba Festival Mix Brasil | 2019","og_description":"Festival Mix Brasil 2019 DIRE\u00c7\u00c3O | DIRECTOR Andr\u00e9 Fischer DIRE\u00c7\u00c3O EXECUTIVA | EXECUTIVE DIRECTOR Josi Geller DIRE\u00c7\u00c3O DE PROGRAMA\u00c7\u00c3O DE CINEMA DIRECTOR OF PROGRAMMING &#8211; CINEMA Jo\u00e3o Federici COORDENA\u00c7\u00c3O DE PROGRAMA\u00c7\u00c3O DE CINEMA PROGRAMMING COORDINATORV &#8211; CINEMA Marcio Miranda Perez COORDENA\u00c7\u00c3O DE PRODU\u00c7\u00c3O PRODUCTION COORDINATOR Tati Nunes PRODU\u00c7\u00c3O | PRODUCTION Gabriella P\u00e1ssaro Victor Gally COMIT\u00ca [&hellip;]","og_url":"https:\/\/old.mixbrasil.org.br\/27\/ficha-tecnica\/","og_site_name":"27\u00ba Festival Mix Brasil | 2019","article_modified_time":"2023-06-14T12:44:10+00:00","og_image":[{"width":1280,"height":720,"url":"https:\/\/old.mixbrasil.org.br\/27\/wp-content\/uploads\/2019\/09\/60296916_1625290967605956_1030604576933281792_o-1.jpg","type":"image\/jpeg"}],"twitter_card":"summary_large_image","twitter_misc":{"Est. reading time":"3 minutes"},"schema":{"@context":"https:\/\/schema.org","@graph":[{"@type":"WebPage","@id":"https:\/\/old.mixbrasil.org.br\/27\/ficha-tecnica\/","url":"https:\/\/old.mixbrasil.org.br\/27\/ficha-tecnica\/","name":"FICHA T\u00c9CNICA - 27\u00ba Festival Mix Brasil | 2019","isPartOf":{"@id":"https:\/\/old.mixbrasil.org.br\/27\/#website"},"primaryImageOfPage":{"@id":"https:\/\/old.mixbrasil.org.br\/27\/ficha-tecnica\/#primaryimage"},"image":{"@id":"https:\/\/old.mixbrasil.org.br\/27\/ficha-tecnica\/#primaryimage"},"thumbnailUrl":"https:\/\/old.mixbrasil.org.br\/27\/wp-content\/uploads\/2019\/09\/60296916_1625290967605956_1030604576933281792_o-1.jpg","datePublished":"2019-10-05T18:42:41+00:00","dateModified":"2023-06-14T12:44:10+00:00","breadcrumb":{"@id":"https:\/\/old.mixbrasil.org.br\/27\/ficha-tecnica\/#breadcrumb"},"inLanguage":"en-US","potentialAction":[{"@type":"ReadAction","target":["https:\/\/old.mixbrasil.org.br\/27\/ficha-tecnica\/"]}]},{"@type":"ImageObject","inLanguage":"en-US","@id":"https:\/\/old.mixbrasil.org.br\/27\/ficha-tecnica\/#primaryimage","url":"https:\/\/old.mixbrasil.org.br\/27\/wp-content\/uploads\/2019\/09\/60296916_1625290967605956_1030604576933281792_o-1.jpg","contentUrl":"https:\/\/old.mixbrasil.org.br\/27\/wp-content\/uploads\/2019\/09\/60296916_1625290967605956_1030604576933281792_o-1.jpg","width":1280,"height":720},{"@type":"BreadcrumbList","@id":"https:\/\/old.mixbrasil.org.br\/27\/ficha-tecnica\/#breadcrumb","itemListElement":[{"@type":"ListItem","position":1,"name":"In\u00edcio","item":"https:\/\/old.mixbrasil.org.br\/27\/"},{"@type":"ListItem","position":2,"name":"FICHA T\u00c9CNICA"}]},{"@type":"WebSite","@id":"https:\/\/old.mixbrasil.org.br\/27\/#website","url":"https:\/\/old.mixbrasil.org.br\/27\/","name":"27\u00ba Festival Mix Brasil | 2019","description":"O Maior Festival LGBTQ+ da Am\u00e9rica Latina","potentialAction":[{"@type":"SearchAction","target":{"@type":"EntryPoint","urlTemplate":"https:\/\/old.mixbrasil.org.br\/27\/?s={search_term_string}"},"query-input":{"@type":"PropertyValueSpecification","valueRequired":true,"valueName":"search_term_string"}}],"inLanguage":"en-US"}]}},"_links":{"self":[{"href":"https:\/\/old.mixbrasil.org.br\/27\/wp-json\/wp\/v2\/pages\/101","targetHints":{"allow":["GET"]}}],"collection":[{"href":"https:\/\/old.mixbrasil.org.br\/27\/wp-json\/wp\/v2\/pages"}],"about":[{"href":"https:\/\/old.mixbrasil.org.br\/27\/wp-json\/wp\/v2\/types\/page"}],"author":[{"embeddable":true,"href":"https:\/\/old.mixbrasil.org.br\/27\/wp-json\/wp\/v2\/users\/4"}],"replies":[{"embeddable":true,"href":"https:\/\/old.mixbrasil.org.br\/27\/wp-json\/wp\/v2\/comments?post=101"}],"version-history":[{"count":26,"href":"https:\/\/old.mixbrasil.org.br\/27\/wp-json\/wp\/v2\/pages\/101\/revisions"}],"predecessor-version":[{"id":5113,"href":"https:\/\/old.mixbrasil.org.br\/27\/wp-json\/wp\/v2\/pages\/101\/revisions\/5113"}],"wp:featuredmedia":[{"embeddable":true,"href":"https:\/\/old.mixbrasil.org.br\/27\/wp-json\/wp\/v2\/media\/2439"}],"wp:attachment":[{"href":"https:\/\/old.mixbrasil.org.br\/27\/wp-json\/wp\/v2\/media?parent=101"}],"curies":[{"name":"wp","href":"https:\/\/api.w.org\/{rel}","templated":true}]}}