{"id":105,"date":"2018-10-05T15:46:04","date_gmt":"2018-10-05T18:46:04","guid":{"rendered":"http:\/\/www.mixbrasil.org.br\/27\/26\/?page_id=105"},"modified":"2023-06-14T09:46:40","modified_gmt":"2023-06-14T12:46:40","slug":"apoiadores","status":"publish","type":"page","link":"https:\/\/old.mixbrasil.org.br\/27\/apoiadores\/","title":{"rendered":"APOIADORES"},"content":{"rendered":"<p><strong>ONDE ENCONTRAR NOSSOS CONVIDADOS<\/strong><\/p>\n<p><strong>A Casa do Porco<\/strong><br \/>\nR. Ara\u00fajo, 124 &#8211; Centro<br \/>\n(11) 3258.2578<br \/>\n<a href=\"http:\/\/acasadoporco.com.br\">acasadoporco.com.br<\/a><\/p>\n<p><strong>Alternativa Casa do Natural<\/strong><br \/>\nR. Fradique Coutinho, 910 &#8211; Vila Madalena<br \/>\n(11) 3816.0706<br \/>\n<a href=\"http:\/\/alternativacasadonatural.com.br\">alternativacasadonatural.com.br<\/a><\/p>\n<p><strong>Apfel<\/strong><br \/>\nR. Bela Cintra, 1343 &#8211; Jardins<br \/>\n(11) 3062.3727<br \/>\n<a href=\"http:\/\/apfel.com.br\">apfel.com.br<\/a><\/p>\n<p><strong>Bar da Dona On\u00e7a<\/strong><br \/>\nAv. Ipiranga, 200 &#8211; CJ 27 e 29 &#8211; Edif\u00edcio Copan<br \/>\n(11) 3257.2016<br \/>\n<a href=\"https:\/\/bardadonaonca.com.br\/\">bardadonaonca.com.br<\/a><\/p>\n<p><strong>Cantina e Pizzaria Piolin<\/strong><br \/>\nR. Augusta, 311 &#8211; Consola\u00e7\u00e3o<br \/>\n(11) 3256.9356<br \/>\n<a href=\"http:\/\/cantinaepizzariapiolin.com.br\/\">cantinaepizzariapiolin.com.br<\/a><\/p>\n<p><strong>Canto Madalena<\/strong><br \/>\nR. Medeiros de Albuquerque, 471 &#8211; Vila Madalena<br \/>\n(11) 3813.6814<br \/>\n<a href=\"http:\/\/facebook.com\/cantomadalena\">facebook.com\/cantomadalena<\/a><\/p>\n<p><strong>Casa Jaya<\/strong><br \/>\nR. Capote Valente, 305 &#8211; Pinheiros<br \/>\n(11) 2935.6987<br \/>\n<a href=\"http:\/\/casajaya.com.br\">casajaya.com.br<\/a><\/p>\n<p><strong>Castro Burger<\/strong><br \/>\nR. Joaquim T\u00e1vora, 1517 &#8211; Vila Mariana<br \/>\n(11) 5084.3241<br \/>\n<a href=\"http:\/\/castroburger.com.br\">castroburger.com.br<\/a><\/p>\n<p><strong>Esta\u00e7\u00e3o Rep\u00fablica<\/strong><br \/>\nR. Aurora, 964 &#8211; Centro<br \/>\n(11) 3331.2160<br \/>\n<a href=\"http:\/\/facebook.com\/estacaorepublica\">facebook.com\/estacaorepublica<\/a><\/p>\n<p><strong>Hot Pork<\/strong><br \/>\nR. Bento Freitas x R. Epit\u00e1cio Pessoa &#8211; Centro<br \/>\n(11) 3257.2016<br \/>\n<a href=\"http:\/\/instagram.com\/hot.pork\">instagram.com\/hot.pork<\/a><\/p>\n<p><strong>Mica<\/strong><br \/>\nR. Guaicu\u00ed, 33 &#8211; Pinheiros<br \/>\n(11) 3360.2608<br \/>\n<a href=\"http:\/\/facebook.com\/restaurantemica\">facebook.com\/restaurantemica<\/a><\/p>\n<p><strong>Mira<\/strong><br \/>\nRua Carlos Comenale, s\/n &#8211; Bela Vista<br \/>\n<a href=\"http:\/\/facebook.com\/mirante9dejulho\">facebook.com\/mirante9dejulho<\/a><\/p>\n<p><strong>P\u00e3o de Festa<\/strong><br \/>\nR. Araguari, 84 &#8211; Moema<br \/>\n(11) 5531.3823<br \/>\n<a href=\"http:\/\/paodefesta.com.br\">paodefesta.com.br<\/a><\/p>\n<p><strong>P\u00e3o de L\u00f3<\/strong><br \/>\nR. S\u00e3o Carlos do Pinhal, 451 &#8211; Bela Vista<br \/>\n(11) 3288.2949<br \/>\n<a href=\"https:\/\/paodelo.com.br\">paodelo.com.br<\/a><\/p>\n<p><strong>Picco<\/strong><br \/>\nR. Lisboa, 294 &#8211; Cerqueira C\u00e9sar<br \/>\n(11) 3081.0066<br \/>\n<a href=\"http:\/\/opicco.com.br\">opicco.com.br<\/a><\/p>\n<p><strong>Pitico<\/strong><br \/>\nR. Guaicui, 61 &#8211; Pinheiros<br \/>\n(11) 3582.7365<br \/>\n<a href=\"https:\/\/cargocollective.com\/pitico\">cargocollective.com\/pitico<\/a><\/p>\n<p><strong>Sorveteria do Centro<\/strong><br \/>\nR. Bento Freitas x R. Epit\u00e1cio Pessoa &#8211; Centro<br \/>\n(11) 3257.2016<br \/>\n<a href=\"http:\/\/facebook.com\/hot.pork\">facebook.com\/hot.pork<\/a><\/p>\n<p><strong>Ritz<\/strong><br \/>\nAl. Franca, 1088 &#8211; Jardim Paulista<br \/>\n(11) 3062.5830<br \/>\n<a href=\"http:\/\/restauranteritz.com.br\">restauranteritz.com.br<\/a><\/p>\n<p><strong>Veridiana<\/strong><br \/>\nR. Dona Veridiana, 661 &#8211; Higien\u00f3polis<br \/>\n(11) 3120.5050<br \/>\n<a href=\"http:\/\/veridiana.com.br\">veridiana.com.br<\/a><\/p>\n<p><strong>HOSPEDA NOSSOS CONVIDADOS<br \/>\nSelina &#8211; Aurora SP<br \/>\n<\/strong>Av. Vi\u00eaira de Carvalho, 99 &#8211; Rep\u00fablica, S\u00e3o Paulo &#8211; SP, 01210-010<br \/>\nTelefone: (11) 2888-2341<strong><br \/>\n<\/strong><a href=\"http:\/\/selina.com\/brazil\/aurora-sao-paulo\">selina.com\/brazil\/aurora-sao-paulo<\/a><\/p>\n<hr \/>\n<p><strong>AGRADECIMENTOS<\/strong><\/p>\n<p>Adriana Domingues Torello<br \/>\nAdriano Hain<br \/>\nAlan Oliveira<br \/>\nAlberto Lopes<br \/>\nAlexandre Sacchi di Pietro<br \/>\nAl\u00ea Youssef<br \/>\nAline Junqueira<br \/>\nAna de F\u00e1tima<br \/>\nAndr\u00e9 Lucena<br \/>\nAna L\u00facia Maluf P\u00e1ssaro<br \/>\nAndr\u00e9 Pomba<br \/>\nAndr\u00e9 Taiariol<br \/>\nAnne Fryszman<br \/>\nAnne-Laure Barbarit<br \/>\nAntoniela Canto<br \/>\nAriadne Mazzetti<br \/>\nAurora Miranda Perez<br \/>\nBarbara Trugillo<br \/>\nBeatriz Cyrineo Pereira<br \/>\nBernardo Leyte<br \/>\nBeth S\u00e1 Freire<br \/>\nBibi Fadlalla<br \/>\nBine Deutrich<br \/>\nBruno Machado<br \/>\nCamila Rinaldi<br \/>\nCarla Zoli<br \/>\nCarlota Mingolla<br \/>\nCaroline Dutra Cagnatto<br \/>\nCaru\u00e9 Contreiras<br \/>\nCecilia de Nichile<br \/>\nCintia Rodrigues<br \/>\nCosimo Santoro<br \/>\nDanilo Santos Miranda<br \/>\nDanilo Janjacomo<br \/>\nDebora Camargo<br \/>\nD\u00e9bora Lopes<br \/>\nD\u00e9bora Palmeira<br \/>\nDemetrio Teodorov<br \/>\nDu\u00edlio Ferronato<br \/>\nDylan Tonk<br \/>\nEdson Natale<br \/>\nEduardo Santos<br \/>\nEduardo Saron<br \/>\nFelipe Cabral<br \/>\nFelipe Ferraz Lucena<br \/>\nGabriella Pereira Rocha<br \/>\nGi Foga\u00e7a<br \/>\nGilson Packer<br \/>\nGraziela Marcheti Gomes<br \/>\nHanna Van Vliet<br \/>\nHumberto Mota<br \/>\nHumberto Neiva<br \/>\nIsabella Protta<br \/>\nJesse Ayala<br \/>\nJoana Lima<br \/>\nJoao Cotrim<br \/>\nJos\u00e9lia Bastos De Aguiar<br \/>\nJulia Borges<br \/>\nJulia Katharine<br \/>\nJulio Cesar Doria Alves<br \/>\nKarin Di Monteiro Moreira<br \/>\nKelly Leani Santiago<br \/>\nKelly Vaneli<br \/>\nKristin Mann<br \/>\nLais Bodanzky<br \/>\nLaura Gon\u00e7alves Orito<br \/>\nLazlo Tonk<br \/>\nLeticia Santinon<br \/>\nL\u00edvia Perez<br \/>\nLuciana Lima<br \/>\nLuciana Mantovani<br \/>\nLudmilla Cavalcante<br \/>\nLuisa Barros<br \/>\nLuma Prado Silva<br \/>\nMagali Wistefelt<br \/>\nMalu Andrade<br \/>\nMarcia Vaz<br \/>\nMarc Wagenaar<br \/>\nMaria Aparecida Da Cunha<br \/>\nMaria Beatriz Cardoso<br \/>\nMaria Jardini<br \/>\nMarina Lima<br \/>\nMarina Pecoraro<br \/>\nMarina Person<br \/>\nMarisa Orth<br \/>\nMoara Zahra Iak<br \/>\nNanna Stolze<br \/>\nPatra Spanou<br \/>\nPatricia Passos<br \/>\nPedro Granato<br \/>\nPedro Tinen<br \/>\nPhyllis Grande<br \/>\nRenan Pessanha Daniel<br \/>\nRenata Alberton<br \/>\nRenata Bastos<br \/>\nRichard Schut<br \/>\nRico Dalasam<br \/>\nRodrigo Gerace<br \/>\nRog\u00e9rio Pedro<br \/>\nRomina Escobar<br \/>\nRon Santing<br \/>\nRoseli Tardelli<br \/>\nSabina Zavala-Dirks<br \/>\nSamantha Almeida<br \/>\nSamantha Lee<br \/>\nSidney Santiago Kuanza<br \/>\nSilvane Bosch<br \/>\nSimone Yunes<br \/>\nTais Lara<br \/>\nTereza Nunes Xavier<br \/>\nThereza Pires<br \/>\nThais Bertolin<br \/>\nThiago Toledo<br \/>\nValerie Bisscheroux<br \/>\nVanessa Ferreira Da Silva<br \/>\nVanessa Siqueira<br \/>\nVania Silva<br \/>\nWerner Borkes<br \/>\nZara Dwinger<\/p>\n<p><strong>MINIST\u00c9RIO DA CIDADANIA<\/strong><br \/>\nMinistro Osmar Terra<br \/>\nSecret\u00e1ria-Executiva Ana Maria Pellini<br \/>\nSecret\u00e1rio Especial Da Cultura Ricardo Braga<\/p>\n<p><strong>SECRETARIA MUNICIPAL DE CULTURA<\/strong><br \/>\nSecret\u00e1rio Al\u00ea Youssef<\/p>\n<p><strong>INSTITUTO ITA\u00da CULTURAL<\/strong><br \/>\nPresidente Mil\u00fa Villela<br \/>\nDiretor Eduardo Saron<\/p>\n<p><strong>SESC &#8211; SERVI\u00c7O SOCIAL DO COM\u00c9RCIO (ADMINISTRA\u00c7\u00c3O REGIONAL DO ESTADO DE SP)<\/strong><br \/>\nPresidente Abram Abe Szajman<br \/>\nDiretor Regional Danilo Santos de Miranda<\/p>\n<p><strong>SPCINE<\/strong><br \/>\nPresidente La\u00eds Bodanzky<\/p>\n<p><img loading=\"lazy\" decoding=\"async\" class=\"alignnone size-full wp-image-2609\" src=\"http:\/\/www.mixbrasil.org.br\/27\/wp-content\/uploads\/2019\/10\/patrocinio.png\" alt=\"\" width=\"783\" height=\"803\" srcset=\"https:\/\/old.mixbrasil.org.br\/27\/wp-content\/uploads\/2019\/10\/patrocinio.png 783w, https:\/\/old.mixbrasil.org.br\/27\/wp-content\/uploads\/2019\/10\/patrocinio-293x300.png 293w, https:\/\/old.mixbrasil.org.br\/27\/wp-content\/uploads\/2019\/10\/patrocinio-768x788.png 768w, https:\/\/old.mixbrasil.org.br\/27\/wp-content\/uploads\/2019\/10\/patrocinio-356x364.png 356w, https:\/\/old.mixbrasil.org.br\/27\/wp-content\/uploads\/2019\/10\/patrocinio-696x714.png 696w, https:\/\/old.mixbrasil.org.br\/27\/wp-content\/uploads\/2019\/10\/patrocinio-410x420.png 410w\" sizes=\"auto, (max-width: 783px) 100vw, 783px\" \/><\/p>\n","protected":false},"excerpt":{"rendered":"<p>ONDE ENCONTRAR NOSSOS CONVIDADOS A Casa do Porco R. Ara\u00fajo, 124 &#8211; Centro (11) 3258.2578 acasadoporco.com.br Alternativa Casa do Natural R. Fradique Coutinho, 910 &#8211; Vila Madalena (11) 3816.0706 alternativacasadonatural.com.br Apfel R. Bela Cintra, 1343 &#8211; Jardins (11) 3062.3727 apfel.com.br Bar da Dona On\u00e7a Av. Ipiranga, 200 &#8211; CJ 27 e 29 &#8211; Edif\u00edcio Copan [&hellip;]<\/p>\n","protected":false},"author":4,"featured_media":0,"parent":0,"menu_order":0,"comment_status":"closed","ping_status":"closed","template":"","meta":{"footnotes":""},"class_list":["post-105","page","type-page","status-publish"],"yoast_head":"<!-- This site is optimized with the Yoast SEO plugin v27.3 - https:\/\/yoast.com\/product\/yoast-seo-wordpress\/ -->\n<title>APOIADORES - 27\u00ba Festival Mix Brasil | 2019<\/title>\n<meta name=\"robots\" content=\"index, follow, max-snippet:-1, max-image-preview:large, max-video-preview:-1\" \/>\n<link rel=\"canonical\" href=\"https:\/\/old.mixbrasil.org.br\/27\/apoiadores\/\" \/>\n<meta property=\"og:locale\" content=\"en_US\" \/>\n<meta property=\"og:type\" content=\"article\" \/>\n<meta property=\"og:title\" content=\"APOIADORES - 27\u00ba Festival Mix Brasil | 2019\" \/>\n<meta property=\"og:description\" content=\"ONDE ENCONTRAR NOSSOS CONVIDADOS A Casa do Porco R. Ara\u00fajo, 124 &#8211; Centro (11) 3258.2578 acasadoporco.com.br Alternativa Casa do Natural R. Fradique Coutinho, 910 &#8211; Vila Madalena (11) 3816.0706 alternativacasadonatural.com.br Apfel R. Bela Cintra, 1343 &#8211; Jardins (11) 3062.3727 apfel.com.br Bar da Dona On\u00e7a Av. Ipiranga, 200 &#8211; CJ 27 e 29 &#8211; Edif\u00edcio Copan [&hellip;]\" \/>\n<meta property=\"og:url\" content=\"https:\/\/old.mixbrasil.org.br\/27\/apoiadores\/\" \/>\n<meta property=\"og:site_name\" content=\"27\u00ba Festival Mix Brasil | 2019\" \/>\n<meta property=\"article:modified_time\" content=\"2023-06-14T12:46:40+00:00\" \/>\n<meta property=\"og:image\" content=\"http:\/\/www.mixbrasil.org.br\/27\/wp-content\/uploads\/2019\/10\/patrocinio.png\" \/>\n<meta name=\"twitter:card\" content=\"summary_large_image\" \/>\n<meta name=\"twitter:label1\" content=\"Est. reading time\" \/>\n\t<meta name=\"twitter:data1\" content=\"3 minutes\" \/>\n<script type=\"application\/ld+json\" class=\"yoast-schema-graph\">{\"@context\":\"https:\\\/\\\/schema.org\",\"@graph\":[{\"@type\":\"WebPage\",\"@id\":\"https:\\\/\\\/old.mixbrasil.org.br\\\/27\\\/apoiadores\\\/\",\"url\":\"https:\\\/\\\/old.mixbrasil.org.br\\\/27\\\/apoiadores\\\/\",\"name\":\"APOIADORES - 27\u00ba Festival Mix Brasil | 2019\",\"isPartOf\":{\"@id\":\"https:\\\/\\\/old.mixbrasil.org.br\\\/27\\\/#website\"},\"primaryImageOfPage\":{\"@id\":\"https:\\\/\\\/old.mixbrasil.org.br\\\/27\\\/apoiadores\\\/#primaryimage\"},\"image\":{\"@id\":\"https:\\\/\\\/old.mixbrasil.org.br\\\/27\\\/apoiadores\\\/#primaryimage\"},\"thumbnailUrl\":\"http:\\\/\\\/www.mixbrasil.org.br\\\/27\\\/wp-content\\\/uploads\\\/2019\\\/10\\\/patrocinio.png\",\"datePublished\":\"2018-10-05T18:46:04+00:00\",\"dateModified\":\"2023-06-14T12:46:40+00:00\",\"breadcrumb\":{\"@id\":\"https:\\\/\\\/old.mixbrasil.org.br\\\/27\\\/apoiadores\\\/#breadcrumb\"},\"inLanguage\":\"en-US\",\"potentialAction\":[{\"@type\":\"ReadAction\",\"target\":[\"https:\\\/\\\/old.mixbrasil.org.br\\\/27\\\/apoiadores\\\/\"]}]},{\"@type\":\"ImageObject\",\"inLanguage\":\"en-US\",\"@id\":\"https:\\\/\\\/old.mixbrasil.org.br\\\/27\\\/apoiadores\\\/#primaryimage\",\"url\":\"http:\\\/\\\/www.mixbrasil.org.br\\\/27\\\/wp-content\\\/uploads\\\/2019\\\/10\\\/patrocinio.png\",\"contentUrl\":\"http:\\\/\\\/www.mixbrasil.org.br\\\/27\\\/wp-content\\\/uploads\\\/2019\\\/10\\\/patrocinio.png\"},{\"@type\":\"BreadcrumbList\",\"@id\":\"https:\\\/\\\/old.mixbrasil.org.br\\\/27\\\/apoiadores\\\/#breadcrumb\",\"itemListElement\":[{\"@type\":\"ListItem\",\"position\":1,\"name\":\"In\u00edcio\",\"item\":\"https:\\\/\\\/old.mixbrasil.org.br\\\/27\\\/\"},{\"@type\":\"ListItem\",\"position\":2,\"name\":\"APOIADORES\"}]},{\"@type\":\"WebSite\",\"@id\":\"https:\\\/\\\/old.mixbrasil.org.br\\\/27\\\/#website\",\"url\":\"https:\\\/\\\/old.mixbrasil.org.br\\\/27\\\/\",\"name\":\"27\u00ba Festival Mix Brasil | 2019\",\"description\":\"O Maior Festival LGBTQ+ da Am\u00e9rica Latina\",\"potentialAction\":[{\"@type\":\"SearchAction\",\"target\":{\"@type\":\"EntryPoint\",\"urlTemplate\":\"https:\\\/\\\/old.mixbrasil.org.br\\\/27\\\/?s={search_term_string}\"},\"query-input\":{\"@type\":\"PropertyValueSpecification\",\"valueRequired\":true,\"valueName\":\"search_term_string\"}}],\"inLanguage\":\"en-US\"}]}<\/script>\n<!-- \/ Yoast SEO plugin. -->","yoast_head_json":{"title":"APOIADORES - 27\u00ba Festival Mix Brasil | 2019","robots":{"index":"index","follow":"follow","max-snippet":"max-snippet:-1","max-image-preview":"max-image-preview:large","max-video-preview":"max-video-preview:-1"},"canonical":"https:\/\/old.mixbrasil.org.br\/27\/apoiadores\/","og_locale":"en_US","og_type":"article","og_title":"APOIADORES - 27\u00ba Festival Mix Brasil | 2019","og_description":"ONDE ENCONTRAR NOSSOS CONVIDADOS A Casa do Porco R. Ara\u00fajo, 124 &#8211; Centro (11) 3258.2578 acasadoporco.com.br Alternativa Casa do Natural R. Fradique Coutinho, 910 &#8211; Vila Madalena (11) 3816.0706 alternativacasadonatural.com.br Apfel R. Bela Cintra, 1343 &#8211; Jardins (11) 3062.3727 apfel.com.br Bar da Dona On\u00e7a Av. Ipiranga, 200 &#8211; CJ 27 e 29 &#8211; Edif\u00edcio Copan [&hellip;]","og_url":"https:\/\/old.mixbrasil.org.br\/27\/apoiadores\/","og_site_name":"27\u00ba Festival Mix Brasil | 2019","article_modified_time":"2023-06-14T12:46:40+00:00","og_image":[{"url":"http:\/\/www.mixbrasil.org.br\/27\/wp-content\/uploads\/2019\/10\/patrocinio.png","type":"","width":"","height":""}],"twitter_card":"summary_large_image","twitter_misc":{"Est. reading time":"3 minutes"},"schema":{"@context":"https:\/\/schema.org","@graph":[{"@type":"WebPage","@id":"https:\/\/old.mixbrasil.org.br\/27\/apoiadores\/","url":"https:\/\/old.mixbrasil.org.br\/27\/apoiadores\/","name":"APOIADORES - 27\u00ba Festival Mix Brasil | 2019","isPartOf":{"@id":"https:\/\/old.mixbrasil.org.br\/27\/#website"},"primaryImageOfPage":{"@id":"https:\/\/old.mixbrasil.org.br\/27\/apoiadores\/#primaryimage"},"image":{"@id":"https:\/\/old.mixbrasil.org.br\/27\/apoiadores\/#primaryimage"},"thumbnailUrl":"http:\/\/www.mixbrasil.org.br\/27\/wp-content\/uploads\/2019\/10\/patrocinio.png","datePublished":"2018-10-05T18:46:04+00:00","dateModified":"2023-06-14T12:46:40+00:00","breadcrumb":{"@id":"https:\/\/old.mixbrasil.org.br\/27\/apoiadores\/#breadcrumb"},"inLanguage":"en-US","potentialAction":[{"@type":"ReadAction","target":["https:\/\/old.mixbrasil.org.br\/27\/apoiadores\/"]}]},{"@type":"ImageObject","inLanguage":"en-US","@id":"https:\/\/old.mixbrasil.org.br\/27\/apoiadores\/#primaryimage","url":"http:\/\/www.mixbrasil.org.br\/27\/wp-content\/uploads\/2019\/10\/patrocinio.png","contentUrl":"http:\/\/www.mixbrasil.org.br\/27\/wp-content\/uploads\/2019\/10\/patrocinio.png"},{"@type":"BreadcrumbList","@id":"https:\/\/old.mixbrasil.org.br\/27\/apoiadores\/#breadcrumb","itemListElement":[{"@type":"ListItem","position":1,"name":"In\u00edcio","item":"https:\/\/old.mixbrasil.org.br\/27\/"},{"@type":"ListItem","position":2,"name":"APOIADORES"}]},{"@type":"WebSite","@id":"https:\/\/old.mixbrasil.org.br\/27\/#website","url":"https:\/\/old.mixbrasil.org.br\/27\/","name":"27\u00ba Festival Mix Brasil | 2019","description":"O Maior Festival LGBTQ+ da Am\u00e9rica Latina","potentialAction":[{"@type":"SearchAction","target":{"@type":"EntryPoint","urlTemplate":"https:\/\/old.mixbrasil.org.br\/27\/?s={search_term_string}"},"query-input":{"@type":"PropertyValueSpecification","valueRequired":true,"valueName":"search_term_string"}}],"inLanguage":"en-US"}]}},"_links":{"self":[{"href":"https:\/\/old.mixbrasil.org.br\/27\/wp-json\/wp\/v2\/pages\/105","targetHints":{"allow":["GET"]}}],"collection":[{"href":"https:\/\/old.mixbrasil.org.br\/27\/wp-json\/wp\/v2\/pages"}],"about":[{"href":"https:\/\/old.mixbrasil.org.br\/27\/wp-json\/wp\/v2\/types\/page"}],"author":[{"embeddable":true,"href":"https:\/\/old.mixbrasil.org.br\/27\/wp-json\/wp\/v2\/users\/4"}],"replies":[{"embeddable":true,"href":"https:\/\/old.mixbrasil.org.br\/27\/wp-json\/wp\/v2\/comments?post=105"}],"version-history":[{"count":13,"href":"https:\/\/old.mixbrasil.org.br\/27\/wp-json\/wp\/v2\/pages\/105\/revisions"}],"predecessor-version":[{"id":5122,"href":"https:\/\/old.mixbrasil.org.br\/27\/wp-json\/wp\/v2\/pages\/105\/revisions\/5122"}],"wp:attachment":[{"href":"https:\/\/old.mixbrasil.org.br\/27\/wp-json\/wp\/v2\/media?parent=105"}],"curies":[{"name":"wp","href":"https:\/\/api.w.org\/{rel}","templated":true}]}}