{"id":22,"date":"2018-10-04T16:03:58","date_gmt":"2018-10-04T19:03:58","guid":{"rendered":"http:\/\/www.mixbrasil.org.br\/27\/26\/?page_id=22"},"modified":"2023-06-14T15:26:45","modified_gmt":"2023-06-14T18:26:45","slug":"apresentacao","status":"publish","type":"page","link":"https:\/\/old.mixbrasil.org.br\/27\/apresentacao\/","title":{"rendered":"APRESENTA\u00c7\u00c3O"},"content":{"rendered":"<p><img loading=\"lazy\" decoding=\"async\" class=\"size-full wp-image-2521 aligncenter\" src=\"http:\/\/www.mixbrasil.org.br\/27\/wp-content\/uploads\/2019\/10\/template-Copia.png\" alt=\"\" width=\"799\" height=\"496\" srcset=\"https:\/\/old.mixbrasil.org.br\/27\/wp-content\/uploads\/2019\/10\/template-Copia.png 799w, https:\/\/old.mixbrasil.org.br\/27\/wp-content\/uploads\/2019\/10\/template-Copia-300x186.png 300w, https:\/\/old.mixbrasil.org.br\/27\/wp-content\/uploads\/2019\/10\/template-Copia-768x477.png 768w, https:\/\/old.mixbrasil.org.br\/27\/wp-content\/uploads\/2019\/10\/template-Copia-356x220.png 356w, https:\/\/old.mixbrasil.org.br\/27\/wp-content\/uploads\/2019\/10\/template-Copia-696x432.png 696w, https:\/\/old.mixbrasil.org.br\/27\/wp-content\/uploads\/2019\/10\/template-Copia-677x420.png 677w\" sizes=\"auto, (max-width: 799px) 100vw, 799px\" \/><\/p>\n<p style=\"text-align: left;\"><strong>#PERSISTIR<\/strong><\/p>\n<p style=\"text-align: justify;\">\u00c9 2019, e tudo o que mais tem\u00edamos aconteceu. Uma guerra cultural foi declarada unilateralmente e tem como principais alvos a educa\u00e7\u00e3o, a cultura, a ci\u00eancia e as minorias, em especial a popula\u00e7\u00e3o LGBTQI+.<\/p>\n<p style=\"text-align: justify;\">Passado o primeiro momento de perplexidade, vimos a cena cultural dita \u201ctem\u00e1tica\u201d reagir com vigor. Nunca se produziu e se falou tanto sobre identidade e direitos. Foram inscritos no 27\u00ba Mix Brasil 158 curtas-metragens e 28 longas, produzidos no Brasil entre o final de 2018 e meados de 2019, tratando da diversidade sexual \u2013 destes, selecionamos 56. Assistimos e recebemos material de mais de tr\u00eas dezenas de espet\u00e1culos teatrais abordando esse tema.\u00a0Um grande n\u00famero de artistas trans, queer, gays, l\u00e9sbicas e n\u00e3o bin\u00e1rias tiveram destaque na cena musical brasileira neste ano marcado pela palavra \u201cResist\u00eancia\u201d \u2013 que foi justamente o tema do <a href=\"https:\/\/old.mixbrasil.org.br\/27\/\">Mix Brasil de 2018<\/a>.<\/p>\n<p style=\"text-align: justify;\">Esse ano mais do que resistir, devemos persistir, palavra que vem do latim e quer dizer \u2018manter com firmeza\u2019. \u00c9 importante nos mantermos unidos, buscando e compartilhando interesses e \u00e1reas comuns entre nossas diversas bolhas. Persistindo, juntos, ganhamos mais for\u00e7a.<\/p>\n<p style=\"text-align: justify;\">E sim, temos motivos para comemorar. Na <a href=\"https:\/\/www.mixbrasil.org.br\/27\/category\/cinema\/competitiva-brasil-curtas\/\">Mostra Competitiva Brasil de Curtas<\/a>, entre os 16<br \/>\nfilmes selecionados, temos 11 diretoras mulheres. Nunca houve presen\u00e7a t\u00e3o grande de pessoas negras retratadas nos filmes, nem tantos trabalhos olhando para a Amaz\u00f4nia.<\/p>\n<p style=\"text-align: justify;\">O eixo <a href=\"https:\/\/www.mixbrasil.org.br\/27\/games\/games\/\">Games<\/a> estreou no ano passado e fica mais forte a cada passo \u2013 pela primeira vez,<br \/>\norganizaremos aqui uma competi\u00e7\u00e3o.<\/p>\n<p style=\"text-align: justify;\">A quinta edi\u00e7\u00e3o da nossa <a href=\"https:\/\/www.mixbrasil.org.br\/27\/category\/conferencia\/\">Confer\u00eancia<\/a>, em 13 mesas, avan\u00e7ar\u00e1 por discuss\u00f5es sobre temas<br \/>\ncomo os caminhos da produ\u00e7\u00e3o musical negra e LGBTQI+ que saiu das periferias, mulheres<br \/>\ninvis\u00edveis no cinema, despatologiza\u00e7\u00e3o e tratamentos hormonais de pessoas trans, e o futuro das rela\u00e7\u00f5es de trabalho sob a perspectiva LGBTQI+.<\/p>\n<p style=\"text-align: justify;\">O <a href=\"https:\/\/www.mixbrasil.org.br\/27\/destaques\/show-do-gongo\/\">Show do Gongo<\/a> comemora 20 anos em uma vers\u00e3o All Stars. Por sua vez, o <a href=\"https:\/\/www.mixbrasil.org.br\/27\/literatura\/mix-literario\/\">Mix Liter\u00e1rio<\/a>, j\u00e1 estabelecido como um dos principais f\u00f3runs da produ\u00e7\u00e3o liter\u00e1ria LGBTQI+ nacional, acontece na renovada <a href=\"https:\/\/www.mixbrasil.org.br\/27\/biblioteca-mario-de-andrade\/\">Biblioteca M\u00e1rio de Andrade<\/a>.<\/p>\n<p style=\"text-align: justify;\">E por falar em espa\u00e7os, al\u00e9m das nossas tradicionais sedes \u2013 <a href=\"https:\/\/www.mixbrasil.org.br\/27\/ccsp-centro-cultural-sao-paulo\/\">Centro Cultural S\u00e3o Paulo (CCSP)<\/a>, <a href=\"https:\/\/www.mixbrasil.org.br\/27\/cinesesc\/\">CineSesc<\/a>, <a href=\"https:\/\/www.mixbrasil.org.br\/27\/itau-augusta-4\/\">Espa\u00e7o Ita\u00fa de Cinema<\/a> e <a href=\"https:\/\/www.mixbrasil.org.br\/27\/spcine-olido\/\">Cine Olido<\/a> \u2013, voltamos neste ano para o <a href=\"https:\/\/www.mixbrasil.org.br\/27\/mis-museu-da-imagem-e-do-som\/\">Museu da Imagem e do Som (MIS)<\/a>, nossa primeira casa, e participamos da programa\u00e7\u00e3o do novo <a href=\"https:\/\/www.mixbrasil.org.br\/27\/centro-cultural-da-diversidade\/\">Centro Cultural da Diversidade<\/a>, da Secretaria Municipal de Cultura. Marina Lima, diva cool absoluta da m\u00fasica brasileira que sempre questionou r\u00f3tulos, \u00e9 a homenageada com o pr\u00eamio <a href=\"http:\/\/www.mixbrasil.org.br\/27\/destaques\/icone-mix-2019\/\">\u00cdcone Mix<\/a>.<\/p>\n<p style=\"text-align: justify;\">N\u00f3s do <a href=\"http:\/\/www.mixbrasil.org.br\/27\/ficha-tecnica\/\">Festival Mix Brasil de Cultura da Diversidade<\/a> nos orgulhamos de ser parte do movimento que est\u00e1 fazendo de S\u00e3o Paulo um farol na escurid\u00e3o que amea\u00e7a avan\u00e7ar sobre o Brasil.<\/p>\n<p style=\"text-align: justify;\"><em><strong>Andr\u00e9 Fischer, Josi Geller e equipe do Mix Brasil<\/strong><\/em><\/p>\n","protected":false},"excerpt":{"rendered":"<p>#PERSISTIR \u00c9 2019, e tudo o que mais tem\u00edamos aconteceu. Uma guerra cultural foi declarada unilateralmente e tem como principais alvos a educa\u00e7\u00e3o, a cultura, a ci\u00eancia e as minorias, em especial a popula\u00e7\u00e3o LGBTQI+. Passado o primeiro momento de perplexidade, vimos a cena cultural dita \u201ctem\u00e1tica\u201d reagir com vigor. Nunca se produziu e se [&hellip;]<\/p>\n","protected":false},"author":4,"featured_media":2521,"parent":0,"menu_order":0,"comment_status":"closed","ping_status":"closed","template":"","meta":{"footnotes":""},"class_list":["post-22","page","type-page","status-publish","has-post-thumbnail"],"yoast_head":"<!-- This site is optimized with the Yoast SEO plugin v27.3 - https:\/\/yoast.com\/product\/yoast-seo-wordpress\/ -->\n<title>APRESENTA\u00c7\u00c3O - 27\u00ba Festival Mix Brasil | 2019<\/title>\n<meta name=\"robots\" content=\"index, follow, max-snippet:-1, max-image-preview:large, max-video-preview:-1\" \/>\n<link rel=\"canonical\" href=\"https:\/\/old.mixbrasil.org.br\/27\/apresentacao\/\" \/>\n<meta property=\"og:locale\" content=\"en_US\" \/>\n<meta property=\"og:type\" content=\"article\" \/>\n<meta property=\"og:title\" content=\"APRESENTA\u00c7\u00c3O - 27\u00ba Festival Mix Brasil | 2019\" \/>\n<meta property=\"og:description\" content=\"#PERSISTIR \u00c9 2019, e tudo o que mais tem\u00edamos aconteceu. Uma guerra cultural foi declarada unilateralmente e tem como principais alvos a educa\u00e7\u00e3o, a cultura, a ci\u00eancia e as minorias, em especial a popula\u00e7\u00e3o LGBTQI+. Passado o primeiro momento de perplexidade, vimos a cena cultural dita \u201ctem\u00e1tica\u201d reagir com vigor. Nunca se produziu e se [&hellip;]\" \/>\n<meta property=\"og:url\" content=\"https:\/\/old.mixbrasil.org.br\/27\/apresentacao\/\" \/>\n<meta property=\"og:site_name\" content=\"27\u00ba Festival Mix Brasil | 2019\" \/>\n<meta property=\"article:modified_time\" content=\"2023-06-14T18:26:45+00:00\" \/>\n<meta property=\"og:image\" content=\"https:\/\/old.mixbrasil.org.br\/27\/wp-content\/uploads\/2019\/10\/template-Copia.png\" \/>\n\t<meta property=\"og:image:width\" content=\"799\" \/>\n\t<meta property=\"og:image:height\" content=\"496\" \/>\n\t<meta property=\"og:image:type\" content=\"image\/png\" \/>\n<meta name=\"twitter:card\" content=\"summary_large_image\" \/>\n<meta name=\"twitter:label1\" content=\"Est. reading time\" \/>\n\t<meta name=\"twitter:data1\" content=\"2 minutes\" \/>\n<script type=\"application\/ld+json\" class=\"yoast-schema-graph\">{\"@context\":\"https:\\\/\\\/schema.org\",\"@graph\":[{\"@type\":\"WebPage\",\"@id\":\"https:\\\/\\\/old.mixbrasil.org.br\\\/27\\\/apresentacao\\\/\",\"url\":\"https:\\\/\\\/old.mixbrasil.org.br\\\/27\\\/apresentacao\\\/\",\"name\":\"APRESENTA\u00c7\u00c3O - 27\u00ba Festival Mix Brasil | 2019\",\"isPartOf\":{\"@id\":\"https:\\\/\\\/old.mixbrasil.org.br\\\/27\\\/#website\"},\"primaryImageOfPage\":{\"@id\":\"https:\\\/\\\/old.mixbrasil.org.br\\\/27\\\/apresentacao\\\/#primaryimage\"},\"image\":{\"@id\":\"https:\\\/\\\/old.mixbrasil.org.br\\\/27\\\/apresentacao\\\/#primaryimage\"},\"thumbnailUrl\":\"https:\\\/\\\/old.mixbrasil.org.br\\\/27\\\/wp-content\\\/uploads\\\/2019\\\/10\\\/template-Copia.png\",\"datePublished\":\"2018-10-04T19:03:58+00:00\",\"dateModified\":\"2023-06-14T18:26:45+00:00\",\"breadcrumb\":{\"@id\":\"https:\\\/\\\/old.mixbrasil.org.br\\\/27\\\/apresentacao\\\/#breadcrumb\"},\"inLanguage\":\"en-US\",\"potentialAction\":[{\"@type\":\"ReadAction\",\"target\":[\"https:\\\/\\\/old.mixbrasil.org.br\\\/27\\\/apresentacao\\\/\"]}]},{\"@type\":\"ImageObject\",\"inLanguage\":\"en-US\",\"@id\":\"https:\\\/\\\/old.mixbrasil.org.br\\\/27\\\/apresentacao\\\/#primaryimage\",\"url\":\"https:\\\/\\\/old.mixbrasil.org.br\\\/27\\\/wp-content\\\/uploads\\\/2019\\\/10\\\/template-Copia.png\",\"contentUrl\":\"https:\\\/\\\/old.mixbrasil.org.br\\\/27\\\/wp-content\\\/uploads\\\/2019\\\/10\\\/template-Copia.png\",\"width\":799,\"height\":496},{\"@type\":\"BreadcrumbList\",\"@id\":\"https:\\\/\\\/old.mixbrasil.org.br\\\/27\\\/apresentacao\\\/#breadcrumb\",\"itemListElement\":[{\"@type\":\"ListItem\",\"position\":1,\"name\":\"In\u00edcio\",\"item\":\"https:\\\/\\\/old.mixbrasil.org.br\\\/27\\\/\"},{\"@type\":\"ListItem\",\"position\":2,\"name\":\"APRESENTA\u00c7\u00c3O\"}]},{\"@type\":\"WebSite\",\"@id\":\"https:\\\/\\\/old.mixbrasil.org.br\\\/27\\\/#website\",\"url\":\"https:\\\/\\\/old.mixbrasil.org.br\\\/27\\\/\",\"name\":\"27\u00ba Festival Mix Brasil | 2019\",\"description\":\"O Maior Festival LGBTQ+ da Am\u00e9rica Latina\",\"potentialAction\":[{\"@type\":\"SearchAction\",\"target\":{\"@type\":\"EntryPoint\",\"urlTemplate\":\"https:\\\/\\\/old.mixbrasil.org.br\\\/27\\\/?s={search_term_string}\"},\"query-input\":{\"@type\":\"PropertyValueSpecification\",\"valueRequired\":true,\"valueName\":\"search_term_string\"}}],\"inLanguage\":\"en-US\"}]}<\/script>\n<!-- \/ Yoast SEO plugin. -->","yoast_head_json":{"title":"APRESENTA\u00c7\u00c3O - 27\u00ba Festival Mix Brasil | 2019","robots":{"index":"index","follow":"follow","max-snippet":"max-snippet:-1","max-image-preview":"max-image-preview:large","max-video-preview":"max-video-preview:-1"},"canonical":"https:\/\/old.mixbrasil.org.br\/27\/apresentacao\/","og_locale":"en_US","og_type":"article","og_title":"APRESENTA\u00c7\u00c3O - 27\u00ba Festival Mix Brasil | 2019","og_description":"#PERSISTIR \u00c9 2019, e tudo o que mais tem\u00edamos aconteceu. Uma guerra cultural foi declarada unilateralmente e tem como principais alvos a educa\u00e7\u00e3o, a cultura, a ci\u00eancia e as minorias, em especial a popula\u00e7\u00e3o LGBTQI+. Passado o primeiro momento de perplexidade, vimos a cena cultural dita \u201ctem\u00e1tica\u201d reagir com vigor. Nunca se produziu e se [&hellip;]","og_url":"https:\/\/old.mixbrasil.org.br\/27\/apresentacao\/","og_site_name":"27\u00ba Festival Mix Brasil | 2019","article_modified_time":"2023-06-14T18:26:45+00:00","og_image":[{"width":799,"height":496,"url":"https:\/\/old.mixbrasil.org.br\/27\/wp-content\/uploads\/2019\/10\/template-Copia.png","type":"image\/png"}],"twitter_card":"summary_large_image","twitter_misc":{"Est. reading time":"2 minutes"},"schema":{"@context":"https:\/\/schema.org","@graph":[{"@type":"WebPage","@id":"https:\/\/old.mixbrasil.org.br\/27\/apresentacao\/","url":"https:\/\/old.mixbrasil.org.br\/27\/apresentacao\/","name":"APRESENTA\u00c7\u00c3O - 27\u00ba Festival Mix Brasil | 2019","isPartOf":{"@id":"https:\/\/old.mixbrasil.org.br\/27\/#website"},"primaryImageOfPage":{"@id":"https:\/\/old.mixbrasil.org.br\/27\/apresentacao\/#primaryimage"},"image":{"@id":"https:\/\/old.mixbrasil.org.br\/27\/apresentacao\/#primaryimage"},"thumbnailUrl":"https:\/\/old.mixbrasil.org.br\/27\/wp-content\/uploads\/2019\/10\/template-Copia.png","datePublished":"2018-10-04T19:03:58+00:00","dateModified":"2023-06-14T18:26:45+00:00","breadcrumb":{"@id":"https:\/\/old.mixbrasil.org.br\/27\/apresentacao\/#breadcrumb"},"inLanguage":"en-US","potentialAction":[{"@type":"ReadAction","target":["https:\/\/old.mixbrasil.org.br\/27\/apresentacao\/"]}]},{"@type":"ImageObject","inLanguage":"en-US","@id":"https:\/\/old.mixbrasil.org.br\/27\/apresentacao\/#primaryimage","url":"https:\/\/old.mixbrasil.org.br\/27\/wp-content\/uploads\/2019\/10\/template-Copia.png","contentUrl":"https:\/\/old.mixbrasil.org.br\/27\/wp-content\/uploads\/2019\/10\/template-Copia.png","width":799,"height":496},{"@type":"BreadcrumbList","@id":"https:\/\/old.mixbrasil.org.br\/27\/apresentacao\/#breadcrumb","itemListElement":[{"@type":"ListItem","position":1,"name":"In\u00edcio","item":"https:\/\/old.mixbrasil.org.br\/27\/"},{"@type":"ListItem","position":2,"name":"APRESENTA\u00c7\u00c3O"}]},{"@type":"WebSite","@id":"https:\/\/old.mixbrasil.org.br\/27\/#website","url":"https:\/\/old.mixbrasil.org.br\/27\/","name":"27\u00ba Festival Mix Brasil | 2019","description":"O Maior Festival LGBTQ+ da Am\u00e9rica Latina","potentialAction":[{"@type":"SearchAction","target":{"@type":"EntryPoint","urlTemplate":"https:\/\/old.mixbrasil.org.br\/27\/?s={search_term_string}"},"query-input":{"@type":"PropertyValueSpecification","valueRequired":true,"valueName":"search_term_string"}}],"inLanguage":"en-US"}]}},"_links":{"self":[{"href":"https:\/\/old.mixbrasil.org.br\/27\/wp-json\/wp\/v2\/pages\/22","targetHints":{"allow":["GET"]}}],"collection":[{"href":"https:\/\/old.mixbrasil.org.br\/27\/wp-json\/wp\/v2\/pages"}],"about":[{"href":"https:\/\/old.mixbrasil.org.br\/27\/wp-json\/wp\/v2\/types\/page"}],"author":[{"embeddable":true,"href":"https:\/\/old.mixbrasil.org.br\/27\/wp-json\/wp\/v2\/users\/4"}],"replies":[{"embeddable":true,"href":"https:\/\/old.mixbrasil.org.br\/27\/wp-json\/wp\/v2\/comments?post=22"}],"version-history":[{"count":20,"href":"https:\/\/old.mixbrasil.org.br\/27\/wp-json\/wp\/v2\/pages\/22\/revisions"}],"predecessor-version":[{"id":5159,"href":"https:\/\/old.mixbrasil.org.br\/27\/wp-json\/wp\/v2\/pages\/22\/revisions\/5159"}],"wp:featuredmedia":[{"embeddable":true,"href":"https:\/\/old.mixbrasil.org.br\/27\/wp-json\/wp\/v2\/media\/2521"}],"wp:attachment":[{"href":"https:\/\/old.mixbrasil.org.br\/27\/wp-json\/wp\/v2\/media?parent=22"}],"curies":[{"name":"wp","href":"https:\/\/api.w.org\/{rel}","templated":true}]}}